{"id":23757,"date":"2024-03-04T19:53:08","date_gmt":"2024-03-04T22:53:08","guid":{"rendered":"https:\/\/sitenovo.wingsltda.com.br\/?page_id=23757"},"modified":"2024-05-18T18:01:31","modified_gmt":"2024-05-18T21:01:31","slug":"tyson-foods-eua","status":"publish","type":"page","link":"https:\/\/sitenovo.wingsltda.com.br\/en\/projetos-clientes-moegas-despoeiramento-meio-ambiente-2\/tyson-foods-eua\/","title":{"rendered":"TYSON FOODS EUA"},"content":{"rendered":"<div data-elementor-type=\"wp-page\" data-elementor-id=\"23757\" class=\"elementor elementor-23757\">\n\t\t\t\t<div class=\"elementor-element elementor-element-4c52c38 e-flex e-con-boxed e-con e-parent\" data-id=\"4c52c38\" data-element_type=\"container\" data-e-type=\"container\">\n\t\t\t\t\t<div class=\"e-con-inner\">\n\t\t<div class=\"elementor-element elementor-element-ca120bc e-con-full e-flex e-con e-child\" data-id=\"ca120bc\" data-element_type=\"container\" data-e-type=\"container\">\n\t\t\t\t<div class=\"elementor-element elementor-element-1315248 elementor-widget elementor-widget-heading\" data-id=\"1315248\" data-element_type=\"widget\" data-e-type=\"widget\" data-widget_type=\"heading.default\">\n\t\t\t\t<div class=\"elementor-widget-container\">\n\t\t\t\t\t<h2 class=\"elementor-heading-title elementor-size-default\">TYSON FOODS EUA | INSTALA DUSTCONTROL DA WINGS EM SUAS F\u00c1BRICAS DE RA\u00c7\u00c3O<\/h2>\t\t\t\t<\/div>\n\t\t\t\t<\/div>\n\t\t\t\t<div class=\"elementor-element elementor-element-bf1e35d elementor-widget elementor-widget-text-editor\" data-id=\"bf1e35d\" data-element_type=\"widget\" data-e-type=\"widget\" data-widget_type=\"text-editor.default\">\n\t\t\t\t<div class=\"elementor-widget-container\">\n\t\t\t\t\t\t\t\t\t<p style=\"text-align: justify;\" class=\"translation-block\"><em><strong>Tyson Foods, Inc. <\/strong>is an American multinational founded by John W. Tyson in 1931 with its headquarters located in Springdale, Arkansas. The company is the world\u2019s second largest processor and marketer of chicken, beef, and pork and annually exports the largest percentage of beef out of the United States.<\/em><\/p>\t\t\t\t\t\t\t\t<\/div>\n\t\t\t\t<\/div>\n\t\t\t\t<div class=\"elementor-element elementor-element-8e9ea3c elementor-widget elementor-widget-image\" data-id=\"8e9ea3c\" data-element_type=\"widget\" data-e-type=\"widget\" data-widget_type=\"image.default\">\n\t\t\t\t<div class=\"elementor-widget-container\">\n\t\t\t\t\t\t\t\t\t\t\t\t\t\t\t\t<a href=\"https:\/\/www.tysonfoods.com\/\" target=\"_blank\">\n\t\t\t\t\t\t\t<img decoding=\"async\" width=\"260\" height=\"120\" src=\"https:\/\/sitenovo.wingsltda.com.br\/wp-content\/uploads\/2024\/02\/tyson-foods-jpg.webp\" class=\"attachment-large size-large wp-image-24043\" alt=\"\" srcset=\"https:\/\/sitenovo.wingsltda.com.br\/wp-content\/uploads\/2024\/02\/tyson-foods-jpg.webp 260w, https:\/\/sitenovo.wingsltda.com.br\/wp-content\/uploads\/2024\/02\/tyson-foods-150x69.webp 150w, https:\/\/sitenovo.wingsltda.com.br\/wp-content\/uploads\/2024\/02\/tyson-foods-18x8.webp 18w\" sizes=\"(max-width: 260px) 100vw, 260px\" \/>\t\t\t\t\t\t\t\t<\/a>\n\t\t\t\t\t\t\t\t\t\t\t\t\t\t\t<\/div>\n\t\t\t\t<\/div>\n\t\t\t\t<\/div>\n\t\t<div class=\"elementor-element elementor-element-f37b28e e-con-full e-flex e-con e-child\" data-id=\"f37b28e\" data-element_type=\"container\" data-e-type=\"container\">\n\t\t\t\t<div class=\"elementor-element elementor-element-3b598c2 elementor-widget elementor-widget-text-editor\" data-id=\"3b598c2\" data-element_type=\"widget\" data-e-type=\"widget\" data-widget_type=\"text-editor.default\">\n\t\t\t\t<div class=\"elementor-widget-container\">\n\t\t\t\t\t\t\t\t\t<div class=\"wp-block-column\" style=\"flex-basis: 33.33%;\">\n<figure class=\"wp-block-image aligncenter size-full is-resized\"><\/figure>\n<!-- \/wp:image --><\/div>\n<p><!-- \/wp:column --><!-- wp:column {\"width\":\"66.66%\"} --><\/p>\n<div class=\"wp-block-column\" style=\"flex-basis: 66.66%;\"><!-- wp:table {\"align\":\"center\",\"className\":\"is-style-stripes\"} -->\n<figure class=\"wp-block-table aligncenter is-style-stripes\">\n<table>\n<tbody>\n<tr>\n<td><strong>Location<\/strong><\/td>\n<td><strong>Installation Year<\/strong><\/td>\n<td><strong>Number of Systems<\/strong><\/td>\n<td><strong>Contractor<\/strong><\/td>\n<\/tr>\n<tr>\n<td>Storm Lake, IA<\/td>\n<td>2016 &amp; 2021<\/td>\n<td>3<\/td>\n<td><a href=\"https:\/\/younglovellc.com\/\">Younglove Construction<\/a><\/td>\n<\/tr>\n<tr>\n<td>Roaring River, NC<\/td>\n<td>2017<\/td>\n<td>1<\/td>\n<td>Davis Mechanical<\/td>\n<\/tr>\n<tr>\n<td>Elizabeth City, NC<\/td>\n<td>2018<\/td>\n<td>2<\/td>\n<td><a href=\"https:\/\/kbmis.com\/\">KBM Industrial Services<\/a><\/td>\n<\/tr>\n<tr>\n<td>Holdenville, OK<\/td>\n<td>2020<\/td>\n<td>1<\/td>\n<td><a href=\"https:\/\/mtaweighing.com\/\">Memphis Scale Works<\/a><\/td>\n<\/tr>\n<tr>\n<td>Humboldt, TN<\/td>\n<td>2019<\/td>\n<td>1<\/td>\n<td><a href=\"https:\/\/www.weitz.com\/\">Weitz Company<\/a><\/td>\n<\/tr>\n<tr>\n<td>Mountain View, AR<\/td>\n<td>2015<\/td>\n<td>2<\/td>\n<td><a href=\"https:\/\/www.weitz.com\/\">Weitz Company<\/a><\/td>\n<\/tr>\n<tr>\n<td>Pine Bluff, AR<\/td>\n<td>2017<\/td>\n<td>1<\/td>\n<td><a href=\"https:\/\/kbmis.com\/\">KBM Industrial Services<\/a><\/td>\n<\/tr>\n<tr>\n<td>Broken Bow, OK<\/td>\n<td>2017<\/td>\n<td>1<\/td>\n<td><a href=\"https:\/\/siiusa.com\/\">Specialty Industries<\/a><\/td>\n<\/tr>\n<tr>\n<td>Jetersville, VA<\/td>\n<td>2017<\/td>\n<td>1<\/td>\n<td><a href=\"https:\/\/kbmis.com\/\">KBM Industrial Services<\/a><\/td>\n<\/tr>\n<tr>\n<td>Fulton, AR<\/td>\n<td>2021<\/td>\n<td>2<\/td>\n<td><a href=\"https:\/\/www.weitz.com\/\">Weitz Company<\/a><\/td>\n<\/tr>\n<tr>\n<td>Center, TX<\/td>\n<td>2021<\/td>\n<td>2<\/td>\n<\/tr>\n<\/tbody>\n<\/table>\n<\/figure>\n<\/div>\t\t\t\t\t\t\t\t<\/div>\n\t\t\t\t<\/div>\n\t\t\t\t<div class=\"elementor-element elementor-element-4e7b503 elementor-widget elementor-widget-text-editor\" data-id=\"4e7b503\" data-element_type=\"widget\" data-e-type=\"widget\" data-widget_type=\"text-editor.default\">\n\t\t\t\t<div class=\"elementor-widget-container\">\n\t\t\t\t\t\t\t\t\t<p style=\"text-align: justify;\">O <strong>DustControl<\/strong> \u00e9 um sistema mec\u00e2nico para controlar o p\u00f3 disperso nas moegas de recebimento no momento da descarga de gr\u00e3os. Elimina a necessidade de enclausuramento para controlar a poeira em moegas de recebimento de gr\u00e3os.<\/p>\t\t\t\t\t\t\t\t<\/div>\n\t\t\t\t<\/div>\n\t\t\t\t<\/div>\n\t\t\t\t\t<\/div>\n\t\t\t\t<\/div>\n\t\t\t\t<\/div>","protected":false},"excerpt":{"rendered":"<p>TYSON FOODS EUA | INSTALA DUSTCONTROL DA WINGS EM SUAS F\u00c1BRICAS DE RA\u00c7\u00c3O A Tyson Foods, Inc. \u00e9 uma multinacional americana fundada por John W. Tyson em 1931, com sede em Springdale, Arkansas. A empresa \u00e9 a segunda maior processadora e comercializadora de frango, carne bovina e su\u00edna do mundo e exporta anualmente o maior [&hellip;]<\/p>\n","protected":false},"author":1,"featured_media":24283,"parent":55,"menu_order":0,"comment_status":"open","ping_status":"closed","template":"","meta":{"footnotes":""},"class_list":["post-23757","page","type-page","status-publish","has-post-thumbnail","hentry"],"yoast_head":"<!-- This site is optimized with the Yoast SEO plugin v27.3 - https:\/\/yoast.com\/product\/yoast-seo-wordpress\/ -->\n<title>TYSON FOODS EUA - Wings Ltda |<\/title>\n<meta name=\"description\" content=\"A Tyson Foods, Inc. \u00e9 uma multinacional americana fundada por John W. Tyson em 1931, com sede em Springdale, Arkansas. A empresa \u00e9 a segunda maior processadora e comercializadora de frango, carne bovina e su\u00edna do mundo e exporta anualmente o maior percentual de carne bovina dos Estados Unidos.\" \/>\n<meta name=\"robots\" content=\"index, follow, max-snippet:-1, max-image-preview:large, max-video-preview:-1\" \/>\n<link rel=\"canonical\" href=\"https:\/\/sitenovo.wingsltda.com.br\/en\/projetos-clientes-moegas-despoeiramento-meio-ambiente-2\/tyson-foods-eua\/\" \/>\n<meta property=\"og:locale\" content=\"en_US\" \/>\n<meta property=\"og:type\" content=\"article\" \/>\n<meta property=\"og:title\" content=\"TYSON FOODS EUA - Wings Ltda |\" \/>\n<meta property=\"og:description\" content=\"A Tyson Foods, Inc. \u00e9 uma multinacional americana fundada por John W. Tyson em 1931, com sede em Springdale, Arkansas. A empresa \u00e9 a segunda maior processadora e comercializadora de frango, carne bovina e su\u00edna do mundo e exporta anualmente o maior percentual de carne bovina dos Estados Unidos.\" \/>\n<meta property=\"og:url\" content=\"https:\/\/sitenovo.wingsltda.com.br\/en\/projetos-clientes-moegas-despoeiramento-meio-ambiente-2\/tyson-foods-eua\/\" \/>\n<meta property=\"og:site_name\" content=\"Wings Ltda |\" \/>\n<meta property=\"article:publisher\" content=\"https:\/\/www.facebook.com\/wingsltda\/\" \/>\n<meta property=\"article:modified_time\" content=\"2024-05-18T21:01:31+00:00\" \/>\n<meta property=\"og:image\" content=\"https:\/\/sitenovo.wingsltda.com.br\/wp-content\/uploads\/2024\/03\/tyson-foods-instala-wings-dustcontrol.png\" \/>\n\t<meta property=\"og:image:width\" content=\"516\" \/>\n\t<meta property=\"og:image:height\" content=\"400\" \/>\n\t<meta property=\"og:image:type\" content=\"image\/png\" \/>\n<meta name=\"twitter:card\" content=\"summary_large_image\" \/>\n<meta name=\"twitter:label1\" content=\"Est. reading time\" \/>\n\t<meta name=\"twitter:data1\" content=\"1 minute\" \/>\n<script type=\"application\/ld+json\" class=\"yoast-schema-graph\">{\"@context\":\"https:\\\/\\\/schema.org\",\"@graph\":[{\"@type\":\"WebPage\",\"@id\":\"https:\\\/\\\/sitenovo.wingsltda.com.br\\\/pt\\\/projetos-clientes-moegas-despoeiramento-meio-ambiente-2\\\/tyson-foods-eua\\\/\",\"url\":\"https:\\\/\\\/sitenovo.wingsltda.com.br\\\/pt\\\/projetos-clientes-moegas-despoeiramento-meio-ambiente-2\\\/tyson-foods-eua\\\/\",\"name\":\"TYSON FOODS EUA - Wings Ltda |\",\"isPartOf\":{\"@id\":\"https:\\\/\\\/sitenovo.wingsltda.com.br\\\/en\\\/#website\"},\"primaryImageOfPage\":{\"@id\":\"https:\\\/\\\/sitenovo.wingsltda.com.br\\\/pt\\\/projetos-clientes-moegas-despoeiramento-meio-ambiente-2\\\/tyson-foods-eua\\\/#primaryimage\"},\"image\":{\"@id\":\"https:\\\/\\\/sitenovo.wingsltda.com.br\\\/pt\\\/projetos-clientes-moegas-despoeiramento-meio-ambiente-2\\\/tyson-foods-eua\\\/#primaryimage\"},\"thumbnailUrl\":\"https:\\\/\\\/sitenovo.wingsltda.com.br\\\/wp-content\\\/uploads\\\/2024\\\/03\\\/tyson-foods-instala-wings-dustcontrol.png\",\"datePublished\":\"2024-03-04T22:53:08+00:00\",\"dateModified\":\"2024-05-18T21:01:31+00:00\",\"description\":\"A Tyson Foods, Inc. \u00e9 uma multinacional americana fundada por John W. Tyson em 1931, com sede em Springdale, Arkansas. A empresa \u00e9 a segunda maior processadora e comercializadora de frango, carne bovina e su\u00edna do mundo e exporta anualmente o maior percentual de carne bovina dos Estados Unidos.\",\"breadcrumb\":{\"@id\":\"https:\\\/\\\/sitenovo.wingsltda.com.br\\\/pt\\\/projetos-clientes-moegas-despoeiramento-meio-ambiente-2\\\/tyson-foods-eua\\\/#breadcrumb\"},\"inLanguage\":\"en-US\",\"potentialAction\":[{\"@type\":\"ReadAction\",\"target\":[\"https:\\\/\\\/sitenovo.wingsltda.com.br\\\/pt\\\/projetos-clientes-moegas-despoeiramento-meio-ambiente-2\\\/tyson-foods-eua\\\/\"]}]},{\"@type\":\"ImageObject\",\"inLanguage\":\"en-US\",\"@id\":\"https:\\\/\\\/sitenovo.wingsltda.com.br\\\/pt\\\/projetos-clientes-moegas-despoeiramento-meio-ambiente-2\\\/tyson-foods-eua\\\/#primaryimage\",\"url\":\"https:\\\/\\\/sitenovo.wingsltda.com.br\\\/wp-content\\\/uploads\\\/2024\\\/03\\\/tyson-foods-instala-wings-dustcontrol.png\",\"contentUrl\":\"https:\\\/\\\/sitenovo.wingsltda.com.br\\\/wp-content\\\/uploads\\\/2024\\\/03\\\/tyson-foods-instala-wings-dustcontrol.png\",\"width\":516,\"height\":400},{\"@type\":\"BreadcrumbList\",\"@id\":\"https:\\\/\\\/sitenovo.wingsltda.com.br\\\/pt\\\/projetos-clientes-moegas-despoeiramento-meio-ambiente-2\\\/tyson-foods-eua\\\/#breadcrumb\",\"itemListElement\":[{\"@type\":\"ListItem\",\"position\":1,\"name\":\"In\u00edcio\",\"item\":\"https:\\\/\\\/sitenovo.wingsltda.com.br\\\/\"},{\"@type\":\"ListItem\",\"position\":2,\"name\":\"Conhe\u00e7a Alguns dos nossos Projetos\",\"item\":\"https:\\\/\\\/sitenovo.wingsltda.com.br\\\/pt\\\/projetos-clientes-moegas-despoeiramento-meio-ambiente-2\\\/\"},{\"@type\":\"ListItem\",\"position\":3,\"name\":\"TYSON FOODS EUA\"}]},{\"@type\":\"WebSite\",\"@id\":\"https:\\\/\\\/sitenovo.wingsltda.com.br\\\/en\\\/#website\",\"url\":\"https:\\\/\\\/sitenovo.wingsltda.com.br\\\/en\\\/\",\"name\":\"Wings Ltda |\",\"description\":\"Transformando sua opera\u00e7\u00e3o no agro.\",\"publisher\":{\"@id\":\"https:\\\/\\\/sitenovo.wingsltda.com.br\\\/en\\\/#organization\"},\"potentialAction\":[{\"@type\":\"SearchAction\",\"target\":{\"@type\":\"EntryPoint\",\"urlTemplate\":\"https:\\\/\\\/sitenovo.wingsltda.com.br\\\/en\\\/?s={search_term_string}\"},\"query-input\":{\"@type\":\"PropertyValueSpecification\",\"valueRequired\":true,\"valueName\":\"search_term_string\"}}],\"inLanguage\":\"en-US\"},{\"@type\":\"Organization\",\"@id\":\"https:\\\/\\\/sitenovo.wingsltda.com.br\\\/en\\\/#organization\",\"name\":\"Wings Ltda\",\"url\":\"https:\\\/\\\/sitenovo.wingsltda.com.br\\\/en\\\/\",\"logo\":{\"@type\":\"ImageObject\",\"inLanguage\":\"en-US\",\"@id\":\"https:\\\/\\\/sitenovo.wingsltda.com.br\\\/en\\\/#\\\/schema\\\/logo\\\/image\\\/\",\"url\":\"https:\\\/\\\/sitenovo.wingsltda.com.br\\\/wp-content\\\/uploads\\\/2024\\\/03\\\/Wings-Logo-Novo-DustControl.png\",\"contentUrl\":\"https:\\\/\\\/sitenovo.wingsltda.com.br\\\/wp-content\\\/uploads\\\/2024\\\/03\\\/Wings-Logo-Novo-DustControl.png\",\"width\":1090,\"height\":410,\"caption\":\"Wings Ltda\"},\"image\":{\"@id\":\"https:\\\/\\\/sitenovo.wingsltda.com.br\\\/en\\\/#\\\/schema\\\/logo\\\/image\\\/\"},\"sameAs\":[\"https:\\\/\\\/www.facebook.com\\\/wingsltda\\\/\",\"https:\\\/\\\/www.linkedin.com\\\/company\\\/wingsltda\\\/\",\"https:\\\/\\\/www.youtube.com\\\/channel\\\/UC2XSL5EljSgDh-pwalcPLLA\"]}]}<\/script>\n<!-- \/ Yoast SEO plugin. -->","yoast_head_json":{"title":"TYSON FOODS EUA - Wings Ltda |","description":"A Tyson Foods, Inc. \u00e9 uma multinacional americana fundada por John W. Tyson em 1931, com sede em Springdale, Arkansas. A empresa \u00e9 a segunda maior processadora e comercializadora de frango, carne bovina e su\u00edna do mundo e exporta anualmente o maior percentual de carne bovina dos Estados Unidos.","robots":{"index":"index","follow":"follow","max-snippet":"max-snippet:-1","max-image-preview":"max-image-preview:large","max-video-preview":"max-video-preview:-1"},"canonical":"https:\/\/sitenovo.wingsltda.com.br\/en\/projetos-clientes-moegas-despoeiramento-meio-ambiente-2\/tyson-foods-eua\/","og_locale":"en_US","og_type":"article","og_title":"TYSON FOODS EUA - Wings Ltda |","og_description":"A Tyson Foods, Inc. \u00e9 uma multinacional americana fundada por John W. Tyson em 1931, com sede em Springdale, Arkansas. A empresa \u00e9 a segunda maior processadora e comercializadora de frango, carne bovina e su\u00edna do mundo e exporta anualmente o maior percentual de carne bovina dos Estados Unidos.","og_url":"https:\/\/sitenovo.wingsltda.com.br\/en\/projetos-clientes-moegas-despoeiramento-meio-ambiente-2\/tyson-foods-eua\/","og_site_name":"Wings Ltda |","article_publisher":"https:\/\/www.facebook.com\/wingsltda\/","article_modified_time":"2024-05-18T21:01:31+00:00","og_image":[{"width":516,"height":400,"url":"https:\/\/sitenovo.wingsltda.com.br\/wp-content\/uploads\/2024\/03\/tyson-foods-instala-wings-dustcontrol.png","type":"image\/png"}],"twitter_card":"summary_large_image","twitter_misc":{"Est. reading time":"1 minute"},"schema":{"@context":"https:\/\/schema.org","@graph":[{"@type":"WebPage","@id":"https:\/\/sitenovo.wingsltda.com.br\/pt\/projetos-clientes-moegas-despoeiramento-meio-ambiente-2\/tyson-foods-eua\/","url":"https:\/\/sitenovo.wingsltda.com.br\/pt\/projetos-clientes-moegas-despoeiramento-meio-ambiente-2\/tyson-foods-eua\/","name":"TYSON FOODS EUA - Wings Ltda |","isPartOf":{"@id":"https:\/\/sitenovo.wingsltda.com.br\/en\/#website"},"primaryImageOfPage":{"@id":"https:\/\/sitenovo.wingsltda.com.br\/pt\/projetos-clientes-moegas-despoeiramento-meio-ambiente-2\/tyson-foods-eua\/#primaryimage"},"image":{"@id":"https:\/\/sitenovo.wingsltda.com.br\/pt\/projetos-clientes-moegas-despoeiramento-meio-ambiente-2\/tyson-foods-eua\/#primaryimage"},"thumbnailUrl":"https:\/\/sitenovo.wingsltda.com.br\/wp-content\/uploads\/2024\/03\/tyson-foods-instala-wings-dustcontrol.png","datePublished":"2024-03-04T22:53:08+00:00","dateModified":"2024-05-18T21:01:31+00:00","description":"A Tyson Foods, Inc. \u00e9 uma multinacional americana fundada por John W. Tyson em 1931, com sede em Springdale, Arkansas. A empresa \u00e9 a segunda maior processadora e comercializadora de frango, carne bovina e su\u00edna do mundo e exporta anualmente o maior percentual de carne bovina dos Estados Unidos.","breadcrumb":{"@id":"https:\/\/sitenovo.wingsltda.com.br\/pt\/projetos-clientes-moegas-despoeiramento-meio-ambiente-2\/tyson-foods-eua\/#breadcrumb"},"inLanguage":"en-US","potentialAction":[{"@type":"ReadAction","target":["https:\/\/sitenovo.wingsltda.com.br\/pt\/projetos-clientes-moegas-despoeiramento-meio-ambiente-2\/tyson-foods-eua\/"]}]},{"@type":"ImageObject","inLanguage":"en-US","@id":"https:\/\/sitenovo.wingsltda.com.br\/pt\/projetos-clientes-moegas-despoeiramento-meio-ambiente-2\/tyson-foods-eua\/#primaryimage","url":"https:\/\/sitenovo.wingsltda.com.br\/wp-content\/uploads\/2024\/03\/tyson-foods-instala-wings-dustcontrol.png","contentUrl":"https:\/\/sitenovo.wingsltda.com.br\/wp-content\/uploads\/2024\/03\/tyson-foods-instala-wings-dustcontrol.png","width":516,"height":400},{"@type":"BreadcrumbList","@id":"https:\/\/sitenovo.wingsltda.com.br\/pt\/projetos-clientes-moegas-despoeiramento-meio-ambiente-2\/tyson-foods-eua\/#breadcrumb","itemListElement":[{"@type":"ListItem","position":1,"name":"In\u00edcio","item":"https:\/\/sitenovo.wingsltda.com.br\/"},{"@type":"ListItem","position":2,"name":"Conhe\u00e7a Alguns dos nossos Projetos","item":"https:\/\/sitenovo.wingsltda.com.br\/pt\/projetos-clientes-moegas-despoeiramento-meio-ambiente-2\/"},{"@type":"ListItem","position":3,"name":"TYSON FOODS EUA"}]},{"@type":"WebSite","@id":"https:\/\/sitenovo.wingsltda.com.br\/en\/#website","url":"https:\/\/sitenovo.wingsltda.com.br\/en\/","name":"Wings Ltda |","description":"Transformando sua opera\u00e7\u00e3o no agro.","publisher":{"@id":"https:\/\/sitenovo.wingsltda.com.br\/en\/#organization"},"potentialAction":[{"@type":"SearchAction","target":{"@type":"EntryPoint","urlTemplate":"https:\/\/sitenovo.wingsltda.com.br\/en\/?s={search_term_string}"},"query-input":{"@type":"PropertyValueSpecification","valueRequired":true,"valueName":"search_term_string"}}],"inLanguage":"en-US"},{"@type":"Organization","@id":"https:\/\/sitenovo.wingsltda.com.br\/en\/#organization","name":"Wings Ltda","url":"https:\/\/sitenovo.wingsltda.com.br\/en\/","logo":{"@type":"ImageObject","inLanguage":"en-US","@id":"https:\/\/sitenovo.wingsltda.com.br\/en\/#\/schema\/logo\/image\/","url":"https:\/\/sitenovo.wingsltda.com.br\/wp-content\/uploads\/2024\/03\/Wings-Logo-Novo-DustControl.png","contentUrl":"https:\/\/sitenovo.wingsltda.com.br\/wp-content\/uploads\/2024\/03\/Wings-Logo-Novo-DustControl.png","width":1090,"height":410,"caption":"Wings Ltda"},"image":{"@id":"https:\/\/sitenovo.wingsltda.com.br\/en\/#\/schema\/logo\/image\/"},"sameAs":["https:\/\/www.facebook.com\/wingsltda\/","https:\/\/www.linkedin.com\/company\/wingsltda\/","https:\/\/www.youtube.com\/channel\/UC2XSL5EljSgDh-pwalcPLLA"]}]}},"_links":{"self":[{"href":"https:\/\/sitenovo.wingsltda.com.br\/en\/wp-json\/wp\/v2\/pages\/23757","targetHints":{"allow":["GET"]}}],"collection":[{"href":"https:\/\/sitenovo.wingsltda.com.br\/en\/wp-json\/wp\/v2\/pages"}],"about":[{"href":"https:\/\/sitenovo.wingsltda.com.br\/en\/wp-json\/wp\/v2\/types\/page"}],"author":[{"embeddable":true,"href":"https:\/\/sitenovo.wingsltda.com.br\/en\/wp-json\/wp\/v2\/users\/1"}],"replies":[{"embeddable":true,"href":"https:\/\/sitenovo.wingsltda.com.br\/en\/wp-json\/wp\/v2\/comments?post=23757"}],"version-history":[{"count":6,"href":"https:\/\/sitenovo.wingsltda.com.br\/en\/wp-json\/wp\/v2\/pages\/23757\/revisions"}],"predecessor-version":[{"id":24765,"href":"https:\/\/sitenovo.wingsltda.com.br\/en\/wp-json\/wp\/v2\/pages\/23757\/revisions\/24765"}],"up":[{"embeddable":true,"href":"https:\/\/sitenovo.wingsltda.com.br\/en\/wp-json\/wp\/v2\/pages\/55"}],"wp:featuredmedia":[{"embeddable":true,"href":"https:\/\/sitenovo.wingsltda.com.br\/en\/wp-json\/wp\/v2\/media\/24283"}],"wp:attachment":[{"href":"https:\/\/sitenovo.wingsltda.com.br\/en\/wp-json\/wp\/v2\/media?parent=23757"}],"curies":[{"name":"wp","href":"https:\/\/api.w.org\/{rel}","templated":true}]}}