{"id":23780,"date":"2024-03-04T20:43:35","date_gmt":"2024-03-04T23:43:35","guid":{"rendered":"https:\/\/sitenovo.wingsltda.com.br\/?page_id=23780"},"modified":"2024-05-18T19:13:58","modified_gmt":"2024-05-18T22:13:58","slug":"ozark-mountain-poultry-eua-instalou-o-dustcontrol-da-wings","status":"publish","type":"page","link":"https:\/\/sitenovo.wingsltda.com.br\/en\/projetos-clientes-moegas-despoeiramento-meio-ambiente-2\/ozark-mountain-poultry-eua-instalou-o-dustcontrol-da-wings\/","title":{"rendered":"OZARK MOUNTAIN POULTRY USES THE WINGS DUSTCONTROL"},"content":{"rendered":"<div data-elementor-type=\"wp-page\" data-elementor-id=\"23780\" class=\"elementor elementor-23780\">\n\t\t\t\t<div class=\"elementor-element elementor-element-fc34118 e-flex e-con-boxed e-con e-parent\" data-id=\"fc34118\" data-element_type=\"container\" data-e-type=\"container\">\n\t\t\t\t\t<div class=\"e-con-inner\">\n\t\t<div class=\"elementor-element elementor-element-4125650 e-con-full e-flex e-con e-child\" data-id=\"4125650\" data-element_type=\"container\" data-e-type=\"container\">\n\t\t\t\t<div class=\"elementor-element elementor-element-90ad6cf elementor-widget elementor-widget-heading\" data-id=\"90ad6cf\" data-element_type=\"widget\" data-e-type=\"widget\" data-widget_type=\"heading.default\">\n\t\t\t\t<div class=\"elementor-widget-container\">\n\t\t\t\t\t<h2 class=\"elementor-heading-title elementor-size-default\">OZARK MOUNTAIN POULTRY USES THE WINGS DUSTCONTROL<\/h2>\t\t\t\t<\/div>\n\t\t\t\t<\/div>\n\t\t\t\t<div class=\"elementor-element elementor-element-40b12b1 elementor-widget elementor-widget-image\" data-id=\"40b12b1\" data-element_type=\"widget\" data-e-type=\"widget\" data-widget_type=\"image.default\">\n\t\t\t\t<div class=\"elementor-widget-container\">\n\t\t\t\t\t\t\t\t\t\t\t\t\t\t\t\t<a href=\"https:\/\/www.ozarkmountainpoultry.com\/\" target=\"_blank\">\n\t\t\t\t\t\t\t<img decoding=\"async\" width=\"260\" height=\"120\" src=\"https:\/\/sitenovo.wingsltda.com.br\/wp-content\/uploads\/2024\/05\/Logo-Ozark-Mountain-Poultry-Cliente-Wings.jpg\" class=\"attachment-large size-large wp-image-24552\" alt=\"\" srcset=\"https:\/\/sitenovo.wingsltda.com.br\/wp-content\/uploads\/2024\/05\/Logo-Ozark-Mountain-Poultry-Cliente-Wings.jpg 260w, https:\/\/sitenovo.wingsltda.com.br\/wp-content\/uploads\/2024\/05\/Logo-Ozark-Mountain-Poultry-Cliente-Wings-150x69.jpg 150w, https:\/\/sitenovo.wingsltda.com.br\/wp-content\/uploads\/2024\/05\/Logo-Ozark-Mountain-Poultry-Cliente-Wings-18x8.jpg 18w\" sizes=\"(max-width: 260px) 100vw, 260px\" \/>\t\t\t\t\t\t\t\t<\/a>\n\t\t\t\t\t\t\t\t\t\t\t\t\t\t\t<\/div>\n\t\t\t\t<\/div>\n\t\t\t\t<\/div>\n\t\t<div class=\"elementor-element elementor-element-fc98188 e-con-full e-flex e-con e-child\" data-id=\"fc98188\" data-element_type=\"container\" data-e-type=\"container\">\n\t\t\t\t<div class=\"elementor-element elementor-element-312e8e7 elementor-widget elementor-widget-text-editor\" data-id=\"312e8e7\" data-element_type=\"widget\" data-e-type=\"widget\" data-widget_type=\"text-editor.default\">\n\t\t\t\t<div class=\"elementor-widget-container\">\n\t\t\t\t\t\t\t\t\t<p style=\"text-align: justify;\"><em>Based in Rogers, Arkansas, OMP was founded in 2001 and is a 100% vertically integrated poultry company. It has production complexes in both Rogers and Batesville, AR, which process, package, and distribute over 5,000,000 pounds of fresh chicken products every week.<\/em><\/p>\n<table>\n<tbody>\n<tr>\n<td><strong>Location<\/strong><\/td>\n<td><strong>Installation Year<\/strong><\/td>\n<td><strong>Number of Systems\u00a0<\/strong><\/td>\n<td><strong>Contractor<\/strong><\/td>\n<\/tr>\n<tr>\n<td>Bateville, AR<\/td>\n<td>2016<\/td>\n<td>1<\/td>\n<td><a href=\"https:\/\/www.weitz.com\/\">Weitz Company<\/a><\/td>\n<\/tr>\n<\/tbody>\n<\/table>\t\t\t\t\t\t\t\t<\/div>\n\t\t\t\t<\/div>\n\t\t\t\t<\/div>\n\t\t\t\t\t<\/div>\n\t\t\t\t<\/div>\n\t\t<div class=\"elementor-element elementor-element-7101a71 e-flex e-con-boxed e-con e-parent\" data-id=\"7101a71\" data-element_type=\"container\" data-e-type=\"container\">\n\t\t\t\t\t<div class=\"e-con-inner\">\n\t\t<div class=\"elementor-element elementor-element-3a19de0 e-con-full e-flex e-con e-child\" data-id=\"3a19de0\" data-element_type=\"container\" data-e-type=\"container\">\n\t\t\t\t<div class=\"elementor-element elementor-element-404e473 elementor-widget elementor-widget-text-editor\" data-id=\"404e473\" data-element_type=\"widget\" data-e-type=\"widget\" data-widget_type=\"text-editor.default\">\n\t\t\t\t<div class=\"elementor-widget-container\">\n\t\t\t\t\t\t\t\t\t<p style=\"text-align: justify;\">At a low cost, the DustControl protects the health of people working around the pit and the environment, allows your company to comply with environmental regulations and keeps the dust (shrink), which can represent 0.02% of the weight.<\/p>\n<p style=\"text-align: justify;\">The DustControl is superior to a baffle system for suppressing dust in bulk-product receiving pits. It has been on the market for over 20 years, with more than 250 units installed in Brazil and abroad, and tops the list of equipment in terms of the cost-benefit ratio.  The DustControl system is installed under the pit grate and does not take up space on the pit\u2019s surface.  It is completely automatic and does not use electrical energy, and, it is maintenance-free. The DustControl system is composed of modules that cover the entire surface area below the pit grate.  The modules have small chutes that regulate the flow of the product into the pit to maintain the modules with enough product to filter the exiting dust-laden air.  The DustControl controls the dust emission without slowing the unloading process.  That is why Alian\u00e7a installed the Wings DustControl!<\/br>\n<\/br>\nfonte: https:\/\/sodrugestvo.com.br\/originacao\/<\/p>\t\t\t\t\t\t\t\t<\/div>\n\t\t\t\t<\/div>\n\t\t\t\t<\/div>\n\t\t<div class=\"elementor-element elementor-element-433a4c1 e-con-full e-flex e-con e-child\" data-id=\"433a4c1\" data-element_type=\"container\" data-e-type=\"container\">\n\t\t\t\t<div class=\"elementor-element elementor-element-adc2982 elementor-widget elementor-widget-video\" data-id=\"adc2982\" data-element_type=\"widget\" data-e-type=\"widget\" data-settings=\"{&quot;youtube_url&quot;:&quot;https:\\\/\\\/youtu.be\\\/pfEBGUoMK3U&quot;,&quot;video_type&quot;:&quot;youtube&quot;,&quot;controls&quot;:&quot;yes&quot;}\" data-widget_type=\"video.default\">\n\t\t\t\t<div class=\"elementor-widget-container\">\n\t\t\t\t\t\t\t<div class=\"elementor-wrapper elementor-open-inline\">\n\t\t\t<div class=\"elementor-video\"><\/div>\t\t<\/div>\n\t\t\t\t\t\t<\/div>\n\t\t\t\t<\/div>\n\t\t\t\t<\/div>\n\t\t\t\t\t<\/div>\n\t\t\t\t<\/div>\n\t\t\t\t<\/div>","protected":false},"excerpt":{"rendered":"<p>OZARK MOUNTAIN POULTRY EUA INSTALOU O DUSTCONTROL DA WINGS Com sede em Rogers, Arkansas, a OMP foi fundada em 2001 e \u00e9 uma empresa av\u00edcola 100% integrada verticalmente. Possui complexos de produ\u00e7\u00e3o em Rogers e Batesville, AR, que processam, embalam e distribuem mais de 5.000.000 libras de produtos de frango fresco todas as semanas. Local [&hellip;]<\/p>\n","protected":false},"author":1,"featured_media":24285,"parent":55,"menu_order":0,"comment_status":"open","ping_status":"closed","template":"","meta":{"footnotes":""},"class_list":["post-23780","page","type-page","status-publish","has-post-thumbnail","hentry"],"yoast_head":"<!-- This site is optimized with the Yoast SEO plugin v27.3 - https:\/\/yoast.com\/product\/yoast-seo-wordpress\/ -->\n<title>OZARK MOUNTAIN POULTRY EUA INSTALOU O DUSTCONTROL DA WINGS - Wings Ltda |<\/title>\n<meta name=\"description\" content=\"Com sede em Rogers, Arkansas, a OMP foi fundada em 2001 e \u00e9 uma empresa av\u00edcola 100% integrada verticalmente. Possui complexos de produ\u00e7\u00e3o em Rogers e Batesville, AR, que processam, embalam e distribuem mais de 5.000.000 libras de produtos de frango fresco todas as semanas.\" \/>\n<meta name=\"robots\" content=\"index, follow, max-snippet:-1, max-image-preview:large, max-video-preview:-1\" \/>\n<link rel=\"canonical\" href=\"https:\/\/sitenovo.wingsltda.com.br\/en\/projetos-clientes-moegas-despoeiramento-meio-ambiente-2\/ozark-mountain-poultry-eua-instalou-o-dustcontrol-da-wings\/\" \/>\n<meta property=\"og:locale\" content=\"en_US\" \/>\n<meta property=\"og:type\" content=\"article\" \/>\n<meta property=\"og:title\" content=\"OZARK MOUNTAIN POULTRY EUA INSTALOU O DUSTCONTROL DA WINGS - Wings Ltda |\" \/>\n<meta property=\"og:description\" content=\"Com sede em Rogers, Arkansas, a OMP foi fundada em 2001 e \u00e9 uma empresa av\u00edcola 100% integrada verticalmente. Possui complexos de produ\u00e7\u00e3o em Rogers e Batesville, AR, que processam, embalam e distribuem mais de 5.000.000 libras de produtos de frango fresco todas as semanas.\" \/>\n<meta property=\"og:url\" content=\"https:\/\/sitenovo.wingsltda.com.br\/en\/projetos-clientes-moegas-despoeiramento-meio-ambiente-2\/ozark-mountain-poultry-eua-instalou-o-dustcontrol-da-wings\/\" \/>\n<meta property=\"og:site_name\" content=\"Wings Ltda |\" \/>\n<meta property=\"article:publisher\" content=\"https:\/\/www.facebook.com\/wingsltda\/\" \/>\n<meta property=\"article:modified_time\" content=\"2024-05-18T22:13:58+00:00\" \/>\n<meta property=\"og:image\" content=\"https:\/\/sitenovo.wingsltda.com.br\/wp-content\/uploads\/2024\/03\/Ozark-Mountain-Poultry-Rogers-Arkansas-wings-dustcontrol-280x280-1.png\" \/>\n\t<meta property=\"og:image:width\" content=\"280\" \/>\n\t<meta property=\"og:image:height\" content=\"280\" \/>\n\t<meta property=\"og:image:type\" content=\"image\/png\" \/>\n<meta name=\"twitter:card\" content=\"summary_large_image\" \/>\n<meta name=\"twitter:label1\" content=\"Est. reading time\" \/>\n\t<meta name=\"twitter:data1\" content=\"2 minutes\" \/>\n<script type=\"application\/ld+json\" class=\"yoast-schema-graph\">{\"@context\":\"https:\\\/\\\/schema.org\",\"@graph\":[{\"@type\":\"WebPage\",\"@id\":\"https:\\\/\\\/sitenovo.wingsltda.com.br\\\/pt\\\/projetos-clientes-moegas-despoeiramento-meio-ambiente-2\\\/ozark-mountain-poultry-eua-instalou-o-dustcontrol-da-wings\\\/\",\"url\":\"https:\\\/\\\/sitenovo.wingsltda.com.br\\\/pt\\\/projetos-clientes-moegas-despoeiramento-meio-ambiente-2\\\/ozark-mountain-poultry-eua-instalou-o-dustcontrol-da-wings\\\/\",\"name\":\"OZARK MOUNTAIN POULTRY EUA INSTALOU O DUSTCONTROL DA WINGS - Wings Ltda |\",\"isPartOf\":{\"@id\":\"https:\\\/\\\/sitenovo.wingsltda.com.br\\\/en\\\/#website\"},\"primaryImageOfPage\":{\"@id\":\"https:\\\/\\\/sitenovo.wingsltda.com.br\\\/pt\\\/projetos-clientes-moegas-despoeiramento-meio-ambiente-2\\\/ozark-mountain-poultry-eua-instalou-o-dustcontrol-da-wings\\\/#primaryimage\"},\"image\":{\"@id\":\"https:\\\/\\\/sitenovo.wingsltda.com.br\\\/pt\\\/projetos-clientes-moegas-despoeiramento-meio-ambiente-2\\\/ozark-mountain-poultry-eua-instalou-o-dustcontrol-da-wings\\\/#primaryimage\"},\"thumbnailUrl\":\"https:\\\/\\\/sitenovo.wingsltda.com.br\\\/wp-content\\\/uploads\\\/2024\\\/03\\\/Ozark-Mountain-Poultry-Rogers-Arkansas-wings-dustcontrol-280x280-1.png\",\"datePublished\":\"2024-03-04T23:43:35+00:00\",\"dateModified\":\"2024-05-18T22:13:58+00:00\",\"description\":\"Com sede em Rogers, Arkansas, a OMP foi fundada em 2001 e \u00e9 uma empresa av\u00edcola 100% integrada verticalmente. Possui complexos de produ\u00e7\u00e3o em Rogers e Batesville, AR, que processam, embalam e distribuem mais de 5.000.000 libras de produtos de frango fresco todas as semanas.\",\"breadcrumb\":{\"@id\":\"https:\\\/\\\/sitenovo.wingsltda.com.br\\\/pt\\\/projetos-clientes-moegas-despoeiramento-meio-ambiente-2\\\/ozark-mountain-poultry-eua-instalou-o-dustcontrol-da-wings\\\/#breadcrumb\"},\"inLanguage\":\"en-US\",\"potentialAction\":[{\"@type\":\"ReadAction\",\"target\":[\"https:\\\/\\\/sitenovo.wingsltda.com.br\\\/pt\\\/projetos-clientes-moegas-despoeiramento-meio-ambiente-2\\\/ozark-mountain-poultry-eua-instalou-o-dustcontrol-da-wings\\\/\"]}]},{\"@type\":\"ImageObject\",\"inLanguage\":\"en-US\",\"@id\":\"https:\\\/\\\/sitenovo.wingsltda.com.br\\\/pt\\\/projetos-clientes-moegas-despoeiramento-meio-ambiente-2\\\/ozark-mountain-poultry-eua-instalou-o-dustcontrol-da-wings\\\/#primaryimage\",\"url\":\"https:\\\/\\\/sitenovo.wingsltda.com.br\\\/wp-content\\\/uploads\\\/2024\\\/03\\\/Ozark-Mountain-Poultry-Rogers-Arkansas-wings-dustcontrol-280x280-1.png\",\"contentUrl\":\"https:\\\/\\\/sitenovo.wingsltda.com.br\\\/wp-content\\\/uploads\\\/2024\\\/03\\\/Ozark-Mountain-Poultry-Rogers-Arkansas-wings-dustcontrol-280x280-1.png\",\"width\":280,\"height\":280},{\"@type\":\"BreadcrumbList\",\"@id\":\"https:\\\/\\\/sitenovo.wingsltda.com.br\\\/pt\\\/projetos-clientes-moegas-despoeiramento-meio-ambiente-2\\\/ozark-mountain-poultry-eua-instalou-o-dustcontrol-da-wings\\\/#breadcrumb\",\"itemListElement\":[{\"@type\":\"ListItem\",\"position\":1,\"name\":\"In\u00edcio\",\"item\":\"https:\\\/\\\/sitenovo.wingsltda.com.br\\\/\"},{\"@type\":\"ListItem\",\"position\":2,\"name\":\"Conhe\u00e7a Alguns dos nossos Projetos\",\"item\":\"https:\\\/\\\/sitenovo.wingsltda.com.br\\\/pt\\\/projetos-clientes-moegas-despoeiramento-meio-ambiente-2\\\/\"},{\"@type\":\"ListItem\",\"position\":3,\"name\":\"OZARK MOUNTAIN POULTRY EUA INSTALOU O DUSTCONTROL DA WINGS\"}]},{\"@type\":\"WebSite\",\"@id\":\"https:\\\/\\\/sitenovo.wingsltda.com.br\\\/en\\\/#website\",\"url\":\"https:\\\/\\\/sitenovo.wingsltda.com.br\\\/en\\\/\",\"name\":\"Wings Ltda |\",\"description\":\"Transformando sua opera\u00e7\u00e3o no agro.\",\"publisher\":{\"@id\":\"https:\\\/\\\/sitenovo.wingsltda.com.br\\\/en\\\/#organization\"},\"potentialAction\":[{\"@type\":\"SearchAction\",\"target\":{\"@type\":\"EntryPoint\",\"urlTemplate\":\"https:\\\/\\\/sitenovo.wingsltda.com.br\\\/en\\\/?s={search_term_string}\"},\"query-input\":{\"@type\":\"PropertyValueSpecification\",\"valueRequired\":true,\"valueName\":\"search_term_string\"}}],\"inLanguage\":\"en-US\"},{\"@type\":\"Organization\",\"@id\":\"https:\\\/\\\/sitenovo.wingsltda.com.br\\\/en\\\/#organization\",\"name\":\"Wings Ltda\",\"url\":\"https:\\\/\\\/sitenovo.wingsltda.com.br\\\/en\\\/\",\"logo\":{\"@type\":\"ImageObject\",\"inLanguage\":\"en-US\",\"@id\":\"https:\\\/\\\/sitenovo.wingsltda.com.br\\\/en\\\/#\\\/schema\\\/logo\\\/image\\\/\",\"url\":\"https:\\\/\\\/sitenovo.wingsltda.com.br\\\/wp-content\\\/uploads\\\/2024\\\/03\\\/Wings-Logo-Novo-DustControl.png\",\"contentUrl\":\"https:\\\/\\\/sitenovo.wingsltda.com.br\\\/wp-content\\\/uploads\\\/2024\\\/03\\\/Wings-Logo-Novo-DustControl.png\",\"width\":1090,\"height\":410,\"caption\":\"Wings Ltda\"},\"image\":{\"@id\":\"https:\\\/\\\/sitenovo.wingsltda.com.br\\\/en\\\/#\\\/schema\\\/logo\\\/image\\\/\"},\"sameAs\":[\"https:\\\/\\\/www.facebook.com\\\/wingsltda\\\/\",\"https:\\\/\\\/www.linkedin.com\\\/company\\\/wingsltda\\\/\",\"https:\\\/\\\/www.youtube.com\\\/channel\\\/UC2XSL5EljSgDh-pwalcPLLA\"]}]}<\/script>\n<!-- \/ Yoast SEO plugin. -->","yoast_head_json":{"title":"OZARK MOUNTAIN POULTRY EUA INSTALOU O DUSTCONTROL DA WINGS - Wings Ltda |","description":"Based in Rogers, Arkansas, OMP was founded in 2001 and is a 100% vertically integrated poultry company. It has production complexes in both Rogers and Batesville, AR, which process, package, and distribute over 5,000,000 pounds of fresh chicken products every week.","robots":{"index":"index","follow":"follow","max-snippet":"max-snippet:-1","max-image-preview":"max-image-preview:large","max-video-preview":"max-video-preview:-1"},"canonical":"https:\/\/sitenovo.wingsltda.com.br\/en\/projetos-clientes-moegas-despoeiramento-meio-ambiente-2\/ozark-mountain-poultry-eua-instalou-o-dustcontrol-da-wings\/","og_locale":"en_US","og_type":"article","og_title":"OZARK MOUNTAIN POULTRY EUA INSTALOU O DUSTCONTROL DA WINGS - Wings Ltda |","og_description":"Com sede em Rogers, Arkansas, a OMP foi fundada em 2001 e \u00e9 uma empresa av\u00edcola 100% integrada verticalmente. Possui complexos de produ\u00e7\u00e3o em Rogers e Batesville, AR, que processam, embalam e distribuem mais de 5.000.000 libras de produtos de frango fresco todas as semanas.","og_url":"https:\/\/sitenovo.wingsltda.com.br\/en\/projetos-clientes-moegas-despoeiramento-meio-ambiente-2\/ozark-mountain-poultry-eua-instalou-o-dustcontrol-da-wings\/","og_site_name":"Wings Ltda |","article_publisher":"https:\/\/www.facebook.com\/wingsltda\/","article_modified_time":"2024-05-18T22:13:58+00:00","og_image":[{"width":280,"height":280,"url":"https:\/\/sitenovo.wingsltda.com.br\/wp-content\/uploads\/2024\/03\/Ozark-Mountain-Poultry-Rogers-Arkansas-wings-dustcontrol-280x280-1.png","type":"image\/png"}],"twitter_card":"summary_large_image","twitter_misc":{"Est. reading time":"2 minutes"},"schema":{"@context":"https:\/\/schema.org","@graph":[{"@type":"WebPage","@id":"https:\/\/sitenovo.wingsltda.com.br\/pt\/projetos-clientes-moegas-despoeiramento-meio-ambiente-2\/ozark-mountain-poultry-eua-instalou-o-dustcontrol-da-wings\/","url":"https:\/\/sitenovo.wingsltda.com.br\/pt\/projetos-clientes-moegas-despoeiramento-meio-ambiente-2\/ozark-mountain-poultry-eua-instalou-o-dustcontrol-da-wings\/","name":"OZARK MOUNTAIN POULTRY EUA INSTALOU O DUSTCONTROL DA WINGS - Wings Ltda |","isPartOf":{"@id":"https:\/\/sitenovo.wingsltda.com.br\/en\/#website"},"primaryImageOfPage":{"@id":"https:\/\/sitenovo.wingsltda.com.br\/pt\/projetos-clientes-moegas-despoeiramento-meio-ambiente-2\/ozark-mountain-poultry-eua-instalou-o-dustcontrol-da-wings\/#primaryimage"},"image":{"@id":"https:\/\/sitenovo.wingsltda.com.br\/pt\/projetos-clientes-moegas-despoeiramento-meio-ambiente-2\/ozark-mountain-poultry-eua-instalou-o-dustcontrol-da-wings\/#primaryimage"},"thumbnailUrl":"https:\/\/sitenovo.wingsltda.com.br\/wp-content\/uploads\/2024\/03\/Ozark-Mountain-Poultry-Rogers-Arkansas-wings-dustcontrol-280x280-1.png","datePublished":"2024-03-04T23:43:35+00:00","dateModified":"2024-05-18T22:13:58+00:00","description":"Based in Rogers, Arkansas, OMP was founded in 2001 and is a 100% vertically integrated poultry company. It has production complexes in both Rogers and Batesville, AR, which process, package, and distribute over 5,000,000 pounds of fresh chicken products every week.","breadcrumb":{"@id":"https:\/\/sitenovo.wingsltda.com.br\/pt\/projetos-clientes-moegas-despoeiramento-meio-ambiente-2\/ozark-mountain-poultry-eua-instalou-o-dustcontrol-da-wings\/#breadcrumb"},"inLanguage":"en-US","potentialAction":[{"@type":"ReadAction","target":["https:\/\/sitenovo.wingsltda.com.br\/pt\/projetos-clientes-moegas-despoeiramento-meio-ambiente-2\/ozark-mountain-poultry-eua-instalou-o-dustcontrol-da-wings\/"]}]},{"@type":"ImageObject","inLanguage":"en-US","@id":"https:\/\/sitenovo.wingsltda.com.br\/pt\/projetos-clientes-moegas-despoeiramento-meio-ambiente-2\/ozark-mountain-poultry-eua-instalou-o-dustcontrol-da-wings\/#primaryimage","url":"https:\/\/sitenovo.wingsltda.com.br\/wp-content\/uploads\/2024\/03\/Ozark-Mountain-Poultry-Rogers-Arkansas-wings-dustcontrol-280x280-1.png","contentUrl":"https:\/\/sitenovo.wingsltda.com.br\/wp-content\/uploads\/2024\/03\/Ozark-Mountain-Poultry-Rogers-Arkansas-wings-dustcontrol-280x280-1.png","width":280,"height":280},{"@type":"BreadcrumbList","@id":"https:\/\/sitenovo.wingsltda.com.br\/pt\/projetos-clientes-moegas-despoeiramento-meio-ambiente-2\/ozark-mountain-poultry-eua-instalou-o-dustcontrol-da-wings\/#breadcrumb","itemListElement":[{"@type":"ListItem","position":1,"name":"In\u00edcio","item":"https:\/\/sitenovo.wingsltda.com.br\/"},{"@type":"ListItem","position":2,"name":"Conhe\u00e7a Alguns dos nossos Projetos","item":"https:\/\/sitenovo.wingsltda.com.br\/pt\/projetos-clientes-moegas-despoeiramento-meio-ambiente-2\/"},{"@type":"ListItem","position":3,"name":"OZARK MOUNTAIN POULTRY EUA INSTALOU O DUSTCONTROL DA WINGS"}]},{"@type":"WebSite","@id":"https:\/\/sitenovo.wingsltda.com.br\/en\/#website","url":"https:\/\/sitenovo.wingsltda.com.br\/en\/","name":"Wings Ltda |","description":"Transformando sua opera\u00e7\u00e3o no agro.","publisher":{"@id":"https:\/\/sitenovo.wingsltda.com.br\/en\/#organization"},"potentialAction":[{"@type":"SearchAction","target":{"@type":"EntryPoint","urlTemplate":"https:\/\/sitenovo.wingsltda.com.br\/en\/?s={search_term_string}"},"query-input":{"@type":"PropertyValueSpecification","valueRequired":true,"valueName":"search_term_string"}}],"inLanguage":"en-US"},{"@type":"Organization","@id":"https:\/\/sitenovo.wingsltda.com.br\/en\/#organization","name":"Wings Ltda","url":"https:\/\/sitenovo.wingsltda.com.br\/en\/","logo":{"@type":"ImageObject","inLanguage":"en-US","@id":"https:\/\/sitenovo.wingsltda.com.br\/en\/#\/schema\/logo\/image\/","url":"https:\/\/sitenovo.wingsltda.com.br\/wp-content\/uploads\/2024\/03\/Wings-Logo-Novo-DustControl.png","contentUrl":"https:\/\/sitenovo.wingsltda.com.br\/wp-content\/uploads\/2024\/03\/Wings-Logo-Novo-DustControl.png","width":1090,"height":410,"caption":"Wings Ltda"},"image":{"@id":"https:\/\/sitenovo.wingsltda.com.br\/en\/#\/schema\/logo\/image\/"},"sameAs":["https:\/\/www.facebook.com\/wingsltda\/","https:\/\/www.linkedin.com\/company\/wingsltda\/","https:\/\/www.youtube.com\/channel\/UC2XSL5EljSgDh-pwalcPLLA"]}]}},"_links":{"self":[{"href":"https:\/\/sitenovo.wingsltda.com.br\/en\/wp-json\/wp\/v2\/pages\/23780","targetHints":{"allow":["GET"]}}],"collection":[{"href":"https:\/\/sitenovo.wingsltda.com.br\/en\/wp-json\/wp\/v2\/pages"}],"about":[{"href":"https:\/\/sitenovo.wingsltda.com.br\/en\/wp-json\/wp\/v2\/types\/page"}],"author":[{"embeddable":true,"href":"https:\/\/sitenovo.wingsltda.com.br\/en\/wp-json\/wp\/v2\/users\/1"}],"replies":[{"embeddable":true,"href":"https:\/\/sitenovo.wingsltda.com.br\/en\/wp-json\/wp\/v2\/comments?post=23780"}],"version-history":[{"count":9,"href":"https:\/\/sitenovo.wingsltda.com.br\/en\/wp-json\/wp\/v2\/pages\/23780\/revisions"}],"predecessor-version":[{"id":24800,"href":"https:\/\/sitenovo.wingsltda.com.br\/en\/wp-json\/wp\/v2\/pages\/23780\/revisions\/24800"}],"up":[{"embeddable":true,"href":"https:\/\/sitenovo.wingsltda.com.br\/en\/wp-json\/wp\/v2\/pages\/55"}],"wp:featuredmedia":[{"embeddable":true,"href":"https:\/\/sitenovo.wingsltda.com.br\/en\/wp-json\/wp\/v2\/media\/24285"}],"wp:attachment":[{"href":"https:\/\/sitenovo.wingsltda.com.br\/en\/wp-json\/wp\/v2\/media?parent=23780"}],"curies":[{"name":"wp","href":"https:\/\/api.w.org\/{rel}","templated":true}]}}