{"id":23832,"date":"2024-03-05T08:23:55","date_gmt":"2024-03-05T11:23:55","guid":{"rendered":"https:\/\/sitenovo.wingsltda.com.br\/?page_id=23832"},"modified":"2024-05-19T10:09:52","modified_gmt":"2024-05-19T13:09:52","slug":"cobb-vantress-eua","status":"publish","type":"page","link":"https:\/\/sitenovo.wingsltda.com.br\/en\/projetos-clientes-moegas-despoeiramento-meio-ambiente-2\/cobb-vantress-eua\/","title":{"rendered":"COBB \u2013 VANTRESS, EUA"},"content":{"rendered":"<div data-elementor-type=\"wp-page\" data-elementor-id=\"23832\" class=\"elementor elementor-23832\">\n\t\t\t\t<div class=\"elementor-element elementor-element-5c21d0b e-flex e-con-boxed e-con e-parent\" data-id=\"5c21d0b\" data-element_type=\"container\" data-e-type=\"container\">\n\t\t\t\t\t<div class=\"e-con-inner\">\n\t\t<div class=\"elementor-element elementor-element-f9096cc e-con-full e-flex e-con e-child\" data-id=\"f9096cc\" data-element_type=\"container\" data-e-type=\"container\">\n\t\t\t\t<div class=\"elementor-element elementor-element-caf0ff7 elementor-widget elementor-widget-heading\" data-id=\"caf0ff7\" data-element_type=\"widget\" data-e-type=\"widget\" data-widget_type=\"heading.default\">\n\t\t\t\t<div class=\"elementor-widget-container\">\n\t\t\t\t\t<h2 class=\"elementor-heading-title elementor-size-default\">COBB \u2013 VANTRESS, EUA | TEM DUSTCONTROL DA WINGS\n<\/h2>\t\t\t\t<\/div>\n\t\t\t\t<\/div>\n\t\t\t\t<div class=\"elementor-element elementor-element-b867316 elementor-widget elementor-widget-image\" data-id=\"b867316\" data-element_type=\"widget\" data-e-type=\"widget\" data-widget_type=\"image.default\">\n\t\t\t\t<div class=\"elementor-widget-container\">\n\t\t\t\t\t\t\t\t\t\t\t\t\t\t\t\t<a href=\"https:\/\/cobbgenetics.com\/\" target=\"_blank\">\n\t\t\t\t\t\t\t<img decoding=\"async\" width=\"260\" height=\"120\" src=\"https:\/\/sitenovo.wingsltda.com.br\/wp-content\/uploads\/2024\/03\/cobb-jpg.webp\" class=\"attachment-large size-large wp-image-24037\" alt=\"\" srcset=\"https:\/\/sitenovo.wingsltda.com.br\/wp-content\/uploads\/2024\/03\/cobb-jpg.webp 260w, https:\/\/sitenovo.wingsltda.com.br\/wp-content\/uploads\/2024\/03\/cobb-150x69.webp 150w, https:\/\/sitenovo.wingsltda.com.br\/wp-content\/uploads\/2024\/03\/cobb-18x8.webp 18w\" sizes=\"(max-width: 260px) 100vw, 260px\" \/>\t\t\t\t\t\t\t\t<\/a>\n\t\t\t\t\t\t\t\t\t\t\t\t\t\t\t<\/div>\n\t\t\t\t<\/div>\n\t\t\t\t<\/div>\n\t\t<div class=\"elementor-element elementor-element-507cdde e-con-full e-flex e-con e-child\" data-id=\"507cdde\" data-element_type=\"container\" data-e-type=\"container\">\n\t\t\t\t<div class=\"elementor-element elementor-element-26ace31 elementor-widget elementor-widget-text-editor\" data-id=\"26ace31\" data-element_type=\"widget\" data-e-type=\"widget\" data-widget_type=\"text-editor.default\">\n\t\t\t\t<div class=\"elementor-widget-container\">\n\t\t\t\t\t\t\t\t\t<p style=\"text-align: justify;\"><em>Established in 1916, Cobb is the world\u2019s oldest pedigree broiler breeding company. Pedigree stock (\u201cpure line\u201d) is kept on high level bio secure farms. Eggs are hatched in a special pedigree hatchery and their progeny then goes on to great grandparent (GGP), grandparent (GP), to produce Parent Stock (PS) which passes to the production sector.<\/em><\/p>\t\t\t\t\t\t\t\t<\/div>\n\t\t\t\t<\/div>\n\t\t\t\t<div class=\"elementor-element elementor-element-f8fe677 elementor-widget elementor-widget-text-editor\" data-id=\"f8fe677\" data-element_type=\"widget\" data-e-type=\"widget\" data-widget_type=\"text-editor.default\">\n\t\t\t\t<div class=\"elementor-widget-container\">\n\t\t\t\t\t\t\t\t\t\n<figure class=\"wp-block-table is-style-stripes\">\n<table>\n<tbody>\n<tr>\n<td><strong>Location<\/strong><\/td>\n<td><strong>Installation Year<\/strong><\/td>\n<td><strong>Number of Systems<\/strong><\/td>\n<td><strong>Contractor<\/strong><\/td>\n<\/tr>\n<tr>\n<td>Albany, KY<\/td>\n<td>2014<\/td>\n<td>1<\/td>\n<td><a href=\"https:\/\/www.tsargent.com\/\">Todd &amp; Sargent<\/a><\/td>\n<\/tr>\n<tr>\n<td>Joanna, SC<\/td>\n<td>2017<\/td>\n<td>1<\/td>\n<td><a href=\"https:\/\/www.weitz.com\/\">Weitz Company<\/a><\/td>\n<\/tr>\n<\/tbody>\n<\/table>\n<\/figure>\n\n\t\t\t\t\t\t\t\t<\/div>\n\t\t\t\t<\/div>\n\t\t\t\t<\/div>\n\t\t\t\t\t<\/div>\n\t\t\t\t<\/div>\n\t\t<div class=\"elementor-element elementor-element-849cf6e e-flex e-con-boxed e-con e-parent\" data-id=\"849cf6e\" data-element_type=\"container\" data-e-type=\"container\">\n\t\t\t\t\t<div class=\"e-con-inner\">\n\t\t\t\t<div class=\"elementor-element elementor-element-7e8255a elementor-widget elementor-widget-text-editor\" data-id=\"7e8255a\" data-element_type=\"widget\" data-e-type=\"widget\" data-widget_type=\"text-editor.default\">\n\t\t\t\t<div class=\"elementor-widget-container\">\n\t\t\t\t\t\t\t\t\t<p style=\"text-align: justify;\">Proper dust management is a critical factor for the proper functioning of companies operating in the bulk industry. It is imperative that your dust management plan complies with regulatory standards and reduces health risks for your employees and the surrounding community.<\/p>\n<p style=\"text-align: justify;\" class=\"translation-block\">The DustControl is superior to a baffle system for suppressing dust in bulk-product receiving pits. It has been on the market for over 20 years, with more than 250 units installed in Brazil and abroad, and tops the list of equipment in terms of the cost-benefit ratio.  The DustControl system is installed under the pit grate and does not take up space on the pit\u2019s surface.  It is completely automatic and does not use electrical energy, and, it is maintenance-free. The DustControl system is composed of modules that cover the entire surface area below the pit grate.  The modules have small chutes that regulate the flow of the product into the pit to maintain the modules with enough product to filter the exiting dust-laden air.  The DustControl controls the dust emission without slowing the unloading process.  That is why TSS installed Wings DustControl!<\/p>\t\t\t\t\t\t\t\t<\/div>\n\t\t\t\t<\/div>\n\t\t\t\t\t<\/div>\n\t\t\t\t<\/div>\n\t\t\t\t<\/div>","protected":false},"excerpt":{"rendered":"<p>COBB \u2013 VANTRESS, EUA | TEM DUSTCONTROL DA WINGS Fundada em 1916, a Cobb \u00e9 a mais antiga empresa de cria\u00e7\u00e3o de frangos de corte com pedigree do mundo. O estoque de pedigree (\u201clinha pura\u201d) \u00e9 mantido em fazendas de alto n\u00edvel de seguran\u00e7a biol\u00f3gica. Os ovos s\u00e3o incubados em um incubat\u00f3rio de linhagem especial [&hellip;]<\/p>\n","protected":false},"author":1,"featured_media":24294,"parent":55,"menu_order":0,"comment_status":"open","ping_status":"closed","template":"","meta":{"footnotes":""},"class_list":["post-23832","page","type-page","status-publish","has-post-thumbnail","hentry"],"yoast_head":"<!-- This site is optimized with the Yoast SEO plugin v27.3 - https:\/\/yoast.com\/product\/yoast-seo-wordpress\/ -->\n<title>COBB \u2013 VANTRESS, EUA - Wings Ltda |<\/title>\n<meta name=\"description\" content=\"Fundada em 1916, a Cobb \u00e9 a mais antiga empresa de cria\u00e7\u00e3o de frangos de corte com pedigree do mundo. O estoque de pedigree (\u201clinha pura\u201d) \u00e9 mantido em fazendas de alto n\u00edvel de seguran\u00e7a biol\u00f3gica. Os ovos s\u00e3o incubados em um incubat\u00f3rio de linhagem especial e sua prog\u00eanie segue para os bisav\u00f3s (GGP), av\u00f3s (GP), para produzir Matrizes (PS) que passam para o setor de produ\u00e7\u00e3o.\" \/>\n<meta name=\"robots\" content=\"index, follow, max-snippet:-1, max-image-preview:large, max-video-preview:-1\" \/>\n<link rel=\"canonical\" href=\"https:\/\/sitenovo.wingsltda.com.br\/en\/projetos-clientes-moegas-despoeiramento-meio-ambiente-2\/cobb-vantress-eua\/\" \/>\n<meta property=\"og:locale\" content=\"en_US\" \/>\n<meta property=\"og:type\" content=\"article\" \/>\n<meta property=\"og:title\" content=\"COBB \u2013 VANTRESS, EUA - Wings Ltda |\" \/>\n<meta property=\"og:description\" content=\"Fundada em 1916, a Cobb \u00e9 a mais antiga empresa de cria\u00e7\u00e3o de frangos de corte com pedigree do mundo. O estoque de pedigree (\u201clinha pura\u201d) \u00e9 mantido em fazendas de alto n\u00edvel de seguran\u00e7a biol\u00f3gica. Os ovos s\u00e3o incubados em um incubat\u00f3rio de linhagem especial e sua prog\u00eanie segue para os bisav\u00f3s (GGP), av\u00f3s (GP), para produzir Matrizes (PS) que passam para o setor de produ\u00e7\u00e3o.\" \/>\n<meta property=\"og:url\" content=\"https:\/\/sitenovo.wingsltda.com.br\/en\/projetos-clientes-moegas-despoeiramento-meio-ambiente-2\/cobb-vantress-eua\/\" \/>\n<meta property=\"og:site_name\" content=\"Wings Ltda |\" \/>\n<meta property=\"article:publisher\" content=\"https:\/\/www.facebook.com\/wingsltda\/\" \/>\n<meta property=\"article:modified_time\" content=\"2024-05-19T13:09:52+00:00\" \/>\n<meta property=\"og:image\" content=\"https:\/\/sitenovo.wingsltda.com.br\/wp-content\/uploads\/2024\/03\/cobb-vantress-ave-feed-mill-instalado-wings-DustControl-em-moega-de-recebimento-280x280-1-jpg.webp\" \/>\n\t<meta property=\"og:image:width\" content=\"280\" \/>\n\t<meta property=\"og:image:height\" content=\"280\" \/>\n\t<meta property=\"og:image:type\" content=\"image\/jpeg\" \/>\n<meta name=\"twitter:card\" content=\"summary_large_image\" \/>\n<meta name=\"twitter:label1\" content=\"Est. reading time\" \/>\n\t<meta name=\"twitter:data1\" content=\"2 minutes\" \/>\n<script type=\"application\/ld+json\" class=\"yoast-schema-graph\">{\"@context\":\"https:\\\/\\\/schema.org\",\"@graph\":[{\"@type\":\"WebPage\",\"@id\":\"https:\\\/\\\/sitenovo.wingsltda.com.br\\\/pt\\\/projetos-clientes-moegas-despoeiramento-meio-ambiente-2\\\/cobb-vantress-eua\\\/\",\"url\":\"https:\\\/\\\/sitenovo.wingsltda.com.br\\\/pt\\\/projetos-clientes-moegas-despoeiramento-meio-ambiente-2\\\/cobb-vantress-eua\\\/\",\"name\":\"COBB \u2013 VANTRESS, EUA - Wings Ltda |\",\"isPartOf\":{\"@id\":\"https:\\\/\\\/sitenovo.wingsltda.com.br\\\/en\\\/#website\"},\"primaryImageOfPage\":{\"@id\":\"https:\\\/\\\/sitenovo.wingsltda.com.br\\\/pt\\\/projetos-clientes-moegas-despoeiramento-meio-ambiente-2\\\/cobb-vantress-eua\\\/#primaryimage\"},\"image\":{\"@id\":\"https:\\\/\\\/sitenovo.wingsltda.com.br\\\/pt\\\/projetos-clientes-moegas-despoeiramento-meio-ambiente-2\\\/cobb-vantress-eua\\\/#primaryimage\"},\"thumbnailUrl\":\"https:\\\/\\\/sitenovo.wingsltda.com.br\\\/wp-content\\\/uploads\\\/2024\\\/03\\\/cobb-vantress-ave-feed-mill-instalado-wings-DustControl-em-moega-de-recebimento-280x280-1-jpg.webp\",\"datePublished\":\"2024-03-05T11:23:55+00:00\",\"dateModified\":\"2024-05-19T13:09:52+00:00\",\"description\":\"Fundada em 1916, a Cobb \u00e9 a mais antiga empresa de cria\u00e7\u00e3o de frangos de corte com pedigree do mundo. O estoque de pedigree (\u201clinha pura\u201d) \u00e9 mantido em fazendas de alto n\u00edvel de seguran\u00e7a biol\u00f3gica. Os ovos s\u00e3o incubados em um incubat\u00f3rio de linhagem especial e sua prog\u00eanie segue para os bisav\u00f3s (GGP), av\u00f3s (GP), para produzir Matrizes (PS) que passam para o setor de produ\u00e7\u00e3o.\",\"breadcrumb\":{\"@id\":\"https:\\\/\\\/sitenovo.wingsltda.com.br\\\/pt\\\/projetos-clientes-moegas-despoeiramento-meio-ambiente-2\\\/cobb-vantress-eua\\\/#breadcrumb\"},\"inLanguage\":\"en-US\",\"potentialAction\":[{\"@type\":\"ReadAction\",\"target\":[\"https:\\\/\\\/sitenovo.wingsltda.com.br\\\/pt\\\/projetos-clientes-moegas-despoeiramento-meio-ambiente-2\\\/cobb-vantress-eua\\\/\"]}]},{\"@type\":\"ImageObject\",\"inLanguage\":\"en-US\",\"@id\":\"https:\\\/\\\/sitenovo.wingsltda.com.br\\\/pt\\\/projetos-clientes-moegas-despoeiramento-meio-ambiente-2\\\/cobb-vantress-eua\\\/#primaryimage\",\"url\":\"https:\\\/\\\/sitenovo.wingsltda.com.br\\\/wp-content\\\/uploads\\\/2024\\\/03\\\/cobb-vantress-ave-feed-mill-instalado-wings-DustControl-em-moega-de-recebimento-280x280-1-jpg.webp\",\"contentUrl\":\"https:\\\/\\\/sitenovo.wingsltda.com.br\\\/wp-content\\\/uploads\\\/2024\\\/03\\\/cobb-vantress-ave-feed-mill-instalado-wings-DustControl-em-moega-de-recebimento-280x280-1-jpg.webp\",\"width\":280,\"height\":280},{\"@type\":\"BreadcrumbList\",\"@id\":\"https:\\\/\\\/sitenovo.wingsltda.com.br\\\/pt\\\/projetos-clientes-moegas-despoeiramento-meio-ambiente-2\\\/cobb-vantress-eua\\\/#breadcrumb\",\"itemListElement\":[{\"@type\":\"ListItem\",\"position\":1,\"name\":\"In\u00edcio\",\"item\":\"https:\\\/\\\/sitenovo.wingsltda.com.br\\\/\"},{\"@type\":\"ListItem\",\"position\":2,\"name\":\"Conhe\u00e7a Alguns dos nossos Projetos\",\"item\":\"https:\\\/\\\/sitenovo.wingsltda.com.br\\\/pt\\\/projetos-clientes-moegas-despoeiramento-meio-ambiente-2\\\/\"},{\"@type\":\"ListItem\",\"position\":3,\"name\":\"COBB \u2013 VANTRESS, EUA\"}]},{\"@type\":\"WebSite\",\"@id\":\"https:\\\/\\\/sitenovo.wingsltda.com.br\\\/en\\\/#website\",\"url\":\"https:\\\/\\\/sitenovo.wingsltda.com.br\\\/en\\\/\",\"name\":\"Wings Ltda |\",\"description\":\"Transformando sua opera\u00e7\u00e3o no agro.\",\"publisher\":{\"@id\":\"https:\\\/\\\/sitenovo.wingsltda.com.br\\\/en\\\/#organization\"},\"potentialAction\":[{\"@type\":\"SearchAction\",\"target\":{\"@type\":\"EntryPoint\",\"urlTemplate\":\"https:\\\/\\\/sitenovo.wingsltda.com.br\\\/en\\\/?s={search_term_string}\"},\"query-input\":{\"@type\":\"PropertyValueSpecification\",\"valueRequired\":true,\"valueName\":\"search_term_string\"}}],\"inLanguage\":\"en-US\"},{\"@type\":\"Organization\",\"@id\":\"https:\\\/\\\/sitenovo.wingsltda.com.br\\\/en\\\/#organization\",\"name\":\"Wings Ltda\",\"url\":\"https:\\\/\\\/sitenovo.wingsltda.com.br\\\/en\\\/\",\"logo\":{\"@type\":\"ImageObject\",\"inLanguage\":\"en-US\",\"@id\":\"https:\\\/\\\/sitenovo.wingsltda.com.br\\\/en\\\/#\\\/schema\\\/logo\\\/image\\\/\",\"url\":\"https:\\\/\\\/sitenovo.wingsltda.com.br\\\/wp-content\\\/uploads\\\/2024\\\/03\\\/Wings-Logo-Novo-DustControl.png\",\"contentUrl\":\"https:\\\/\\\/sitenovo.wingsltda.com.br\\\/wp-content\\\/uploads\\\/2024\\\/03\\\/Wings-Logo-Novo-DustControl.png\",\"width\":1090,\"height\":410,\"caption\":\"Wings Ltda\"},\"image\":{\"@id\":\"https:\\\/\\\/sitenovo.wingsltda.com.br\\\/en\\\/#\\\/schema\\\/logo\\\/image\\\/\"},\"sameAs\":[\"https:\\\/\\\/www.facebook.com\\\/wingsltda\\\/\",\"https:\\\/\\\/www.linkedin.com\\\/company\\\/wingsltda\\\/\",\"https:\\\/\\\/www.youtube.com\\\/channel\\\/UC2XSL5EljSgDh-pwalcPLLA\"]}]}<\/script>\n<!-- \/ Yoast SEO plugin. -->","yoast_head_json":{"title":"COBB \u2013 VANTRESS, EUA - Wings Ltda |","description":"Established in 1916, Cobb is the world\u2019s oldest pedigree broiler breeding company. Pedigree stock (\u201cpure line\u201d) is kept on high level bio secure farms. Eggs are hatched in a special pedigree hatchery and their progeny then goes on to great grandparent (GGP), grandparent (GP), to produce Parent Stock (PS) which passes to the production sector.","robots":{"index":"index","follow":"follow","max-snippet":"max-snippet:-1","max-image-preview":"max-image-preview:large","max-video-preview":"max-video-preview:-1"},"canonical":"https:\/\/sitenovo.wingsltda.com.br\/en\/projetos-clientes-moegas-despoeiramento-meio-ambiente-2\/cobb-vantress-eua\/","og_locale":"en_US","og_type":"article","og_title":"COBB \u2013 VANTRESS, EUA - Wings Ltda |","og_description":"Fundada em 1916, a Cobb \u00e9 a mais antiga empresa de cria\u00e7\u00e3o de frangos de corte com pedigree do mundo. O estoque de pedigree (\u201clinha pura\u201d) \u00e9 mantido em fazendas de alto n\u00edvel de seguran\u00e7a biol\u00f3gica. Os ovos s\u00e3o incubados em um incubat\u00f3rio de linhagem especial e sua prog\u00eanie segue para os bisav\u00f3s (GGP), av\u00f3s (GP), para produzir Matrizes (PS) que passam para o setor de produ\u00e7\u00e3o.","og_url":"https:\/\/sitenovo.wingsltda.com.br\/en\/projetos-clientes-moegas-despoeiramento-meio-ambiente-2\/cobb-vantress-eua\/","og_site_name":"Wings Ltda |","article_publisher":"https:\/\/www.facebook.com\/wingsltda\/","article_modified_time":"2024-05-19T13:09:52+00:00","og_image":[{"width":280,"height":280,"url":"https:\/\/sitenovo.wingsltda.com.br\/wp-content\/uploads\/2024\/03\/cobb-vantress-ave-feed-mill-instalado-wings-DustControl-em-moega-de-recebimento-280x280-1-jpg.webp","type":"image\/jpeg"}],"twitter_card":"summary_large_image","twitter_misc":{"Est. reading time":"2 minutes"},"schema":{"@context":"https:\/\/schema.org","@graph":[{"@type":"WebPage","@id":"https:\/\/sitenovo.wingsltda.com.br\/pt\/projetos-clientes-moegas-despoeiramento-meio-ambiente-2\/cobb-vantress-eua\/","url":"https:\/\/sitenovo.wingsltda.com.br\/pt\/projetos-clientes-moegas-despoeiramento-meio-ambiente-2\/cobb-vantress-eua\/","name":"COBB \u2013 VANTRESS, EUA - Wings Ltda |","isPartOf":{"@id":"https:\/\/sitenovo.wingsltda.com.br\/en\/#website"},"primaryImageOfPage":{"@id":"https:\/\/sitenovo.wingsltda.com.br\/pt\/projetos-clientes-moegas-despoeiramento-meio-ambiente-2\/cobb-vantress-eua\/#primaryimage"},"image":{"@id":"https:\/\/sitenovo.wingsltda.com.br\/pt\/projetos-clientes-moegas-despoeiramento-meio-ambiente-2\/cobb-vantress-eua\/#primaryimage"},"thumbnailUrl":"https:\/\/sitenovo.wingsltda.com.br\/wp-content\/uploads\/2024\/03\/cobb-vantress-ave-feed-mill-instalado-wings-DustControl-em-moega-de-recebimento-280x280-1-jpg.webp","datePublished":"2024-03-05T11:23:55+00:00","dateModified":"2024-05-19T13:09:52+00:00","description":"Established in 1916, Cobb is the world\u2019s oldest pedigree broiler breeding company. Pedigree stock (\u201cpure line\u201d) is kept on high level bio secure farms. Eggs are hatched in a special pedigree hatchery and their progeny then goes on to great grandparent (GGP), grandparent (GP), to produce Parent Stock (PS) which passes to the production sector.","breadcrumb":{"@id":"https:\/\/sitenovo.wingsltda.com.br\/pt\/projetos-clientes-moegas-despoeiramento-meio-ambiente-2\/cobb-vantress-eua\/#breadcrumb"},"inLanguage":"en-US","potentialAction":[{"@type":"ReadAction","target":["https:\/\/sitenovo.wingsltda.com.br\/pt\/projetos-clientes-moegas-despoeiramento-meio-ambiente-2\/cobb-vantress-eua\/"]}]},{"@type":"ImageObject","inLanguage":"en-US","@id":"https:\/\/sitenovo.wingsltda.com.br\/pt\/projetos-clientes-moegas-despoeiramento-meio-ambiente-2\/cobb-vantress-eua\/#primaryimage","url":"https:\/\/sitenovo.wingsltda.com.br\/wp-content\/uploads\/2024\/03\/cobb-vantress-ave-feed-mill-instalado-wings-DustControl-em-moega-de-recebimento-280x280-1-jpg.webp","contentUrl":"https:\/\/sitenovo.wingsltda.com.br\/wp-content\/uploads\/2024\/03\/cobb-vantress-ave-feed-mill-instalado-wings-DustControl-em-moega-de-recebimento-280x280-1-jpg.webp","width":280,"height":280},{"@type":"BreadcrumbList","@id":"https:\/\/sitenovo.wingsltda.com.br\/pt\/projetos-clientes-moegas-despoeiramento-meio-ambiente-2\/cobb-vantress-eua\/#breadcrumb","itemListElement":[{"@type":"ListItem","position":1,"name":"In\u00edcio","item":"https:\/\/sitenovo.wingsltda.com.br\/"},{"@type":"ListItem","position":2,"name":"Conhe\u00e7a Alguns dos nossos Projetos","item":"https:\/\/sitenovo.wingsltda.com.br\/pt\/projetos-clientes-moegas-despoeiramento-meio-ambiente-2\/"},{"@type":"ListItem","position":3,"name":"COBB \u2013 VANTRESS, EUA"}]},{"@type":"WebSite","@id":"https:\/\/sitenovo.wingsltda.com.br\/en\/#website","url":"https:\/\/sitenovo.wingsltda.com.br\/en\/","name":"Wings Ltda |","description":"Transformando sua opera\u00e7\u00e3o no agro.","publisher":{"@id":"https:\/\/sitenovo.wingsltda.com.br\/en\/#organization"},"potentialAction":[{"@type":"SearchAction","target":{"@type":"EntryPoint","urlTemplate":"https:\/\/sitenovo.wingsltda.com.br\/en\/?s={search_term_string}"},"query-input":{"@type":"PropertyValueSpecification","valueRequired":true,"valueName":"search_term_string"}}],"inLanguage":"en-US"},{"@type":"Organization","@id":"https:\/\/sitenovo.wingsltda.com.br\/en\/#organization","name":"Wings Ltda","url":"https:\/\/sitenovo.wingsltda.com.br\/en\/","logo":{"@type":"ImageObject","inLanguage":"en-US","@id":"https:\/\/sitenovo.wingsltda.com.br\/en\/#\/schema\/logo\/image\/","url":"https:\/\/sitenovo.wingsltda.com.br\/wp-content\/uploads\/2024\/03\/Wings-Logo-Novo-DustControl.png","contentUrl":"https:\/\/sitenovo.wingsltda.com.br\/wp-content\/uploads\/2024\/03\/Wings-Logo-Novo-DustControl.png","width":1090,"height":410,"caption":"Wings Ltda"},"image":{"@id":"https:\/\/sitenovo.wingsltda.com.br\/en\/#\/schema\/logo\/image\/"},"sameAs":["https:\/\/www.facebook.com\/wingsltda\/","https:\/\/www.linkedin.com\/company\/wingsltda\/","https:\/\/www.youtube.com\/channel\/UC2XSL5EljSgDh-pwalcPLLA"]}]}},"_links":{"self":[{"href":"https:\/\/sitenovo.wingsltda.com.br\/en\/wp-json\/wp\/v2\/pages\/23832","targetHints":{"allow":["GET"]}}],"collection":[{"href":"https:\/\/sitenovo.wingsltda.com.br\/en\/wp-json\/wp\/v2\/pages"}],"about":[{"href":"https:\/\/sitenovo.wingsltda.com.br\/en\/wp-json\/wp\/v2\/types\/page"}],"author":[{"embeddable":true,"href":"https:\/\/sitenovo.wingsltda.com.br\/en\/wp-json\/wp\/v2\/users\/1"}],"replies":[{"embeddable":true,"href":"https:\/\/sitenovo.wingsltda.com.br\/en\/wp-json\/wp\/v2\/comments?post=23832"}],"version-history":[{"count":7,"href":"https:\/\/sitenovo.wingsltda.com.br\/en\/wp-json\/wp\/v2\/pages\/23832\/revisions"}],"predecessor-version":[{"id":24859,"href":"https:\/\/sitenovo.wingsltda.com.br\/en\/wp-json\/wp\/v2\/pages\/23832\/revisions\/24859"}],"up":[{"embeddable":true,"href":"https:\/\/sitenovo.wingsltda.com.br\/en\/wp-json\/wp\/v2\/pages\/55"}],"wp:featuredmedia":[{"embeddable":true,"href":"https:\/\/sitenovo.wingsltda.com.br\/en\/wp-json\/wp\/v2\/media\/24294"}],"wp:attachment":[{"href":"https:\/\/sitenovo.wingsltda.com.br\/en\/wp-json\/wp\/v2\/media?parent=23832"}],"curies":[{"name":"wp","href":"https:\/\/api.w.org\/{rel}","templated":true}]}}