{"id":23856,"date":"2024-03-05T08:54:00","date_gmt":"2024-03-05T11:54:00","guid":{"rendered":"https:\/\/sitenovo.wingsltda.com.br\/?page_id=23856"},"modified":"2024-05-19T10:34:15","modified_gmt":"2024-05-19T13:34:15","slug":"cargill-tres-lagoas-ms","status":"publish","type":"page","link":"https:\/\/sitenovo.wingsltda.com.br\/en\/projetos-clientes-moegas-despoeiramento-meio-ambiente-2\/cargill-tres-lagoas-ms\/","title":{"rendered":"CARGILL \u2013 TR\u00caS LAGOAS (MS)"},"content":{"rendered":"<div data-elementor-type=\"wp-page\" data-elementor-id=\"23856\" class=\"elementor elementor-23856\">\n\t\t\t\t<div class=\"elementor-element elementor-element-5733d32 e-flex e-con-boxed e-con e-parent\" data-id=\"5733d32\" data-element_type=\"container\" data-e-type=\"container\">\n\t\t\t\t\t<div class=\"e-con-inner\">\n\t\t<div class=\"elementor-element elementor-element-605713b e-con-full e-flex e-con e-child\" data-id=\"605713b\" data-element_type=\"container\" data-e-type=\"container\">\n\t\t\t\t<div class=\"elementor-element elementor-element-45a3132 elementor-widget elementor-widget-heading\" data-id=\"45a3132\" data-element_type=\"widget\" data-e-type=\"widget\" data-widget_type=\"heading.default\">\n\t\t\t\t<div class=\"elementor-widget-container\">\n\t\t\t\t\t<h2 class=\"elementor-heading-title elementor-size-default\">CARGILL \u2013 TR\u00caS LAGOAS (MS) | DUSTCONTROL PLUS INSTALA\u00c7\u00c3O 2018<\/h2>\t\t\t\t<\/div>\n\t\t\t\t<\/div>\n\t\t\t\t<div class=\"elementor-element elementor-element-f9b4efe elementor-widget elementor-widget-image\" data-id=\"f9b4efe\" data-element_type=\"widget\" data-e-type=\"widget\" data-widget_type=\"image.default\">\n\t\t\t\t<div class=\"elementor-widget-container\">\n\t\t\t\t\t\t\t\t\t\t\t\t\t\t\t\t<a href=\"https:\/\/www.cargill.com.br\/pt_BR\/nossa-hist%C3%B3ria\" target=\"_blank\">\n\t\t\t\t\t\t\t<img decoding=\"async\" width=\"260\" height=\"120\" src=\"https:\/\/sitenovo.wingsltda.com.br\/wp-content\/uploads\/2024\/02\/cargill-jpg.webp\" class=\"attachment-large size-large wp-image-24027\" alt=\"\" srcset=\"https:\/\/sitenovo.wingsltda.com.br\/wp-content\/uploads\/2024\/02\/cargill-jpg.webp 260w, https:\/\/sitenovo.wingsltda.com.br\/wp-content\/uploads\/2024\/02\/cargill-150x69.webp 150w, https:\/\/sitenovo.wingsltda.com.br\/wp-content\/uploads\/2024\/02\/cargill-18x8.webp 18w\" sizes=\"(max-width: 260px) 100vw, 260px\" \/>\t\t\t\t\t\t\t\t<\/a>\n\t\t\t\t\t\t\t\t\t\t\t\t\t\t\t<\/div>\n\t\t\t\t<\/div>\n\t\t\t\t<\/div>\n\t\t<div class=\"elementor-element elementor-element-dc32e7d e-con-full e-flex e-con e-child\" data-id=\"dc32e7d\" data-element_type=\"container\" data-e-type=\"container\">\n\t\t\t\t<div class=\"elementor-element elementor-element-dad924a elementor-widget elementor-widget-text-editor\" data-id=\"dad924a\" data-element_type=\"widget\" data-e-type=\"widget\" data-widget_type=\"text-editor.default\">\n\t\t\t\t<div class=\"elementor-widget-container\">\n\t\t\t\t\t\t\t\t\t<p style=\"text-align: justify;\"><em>Na moega da Cargill Tr\u00eas Lagoas, instalamos o DustControl Mec\u00e2nico para otimizar um filtro pr\u00e9 existente, que sozinho, n\u00e3o dava conta do recado. Ao inv\u00e9s do filtro aspirar o ar por cima da grade, foi redirecionado para criar uma press\u00e3o negativa dentro da moega, captando p\u00f3 dentro e acima da moega em conjunto com o DustControl.<\/em><\/p>\t\t\t\t\t\t\t\t<\/div>\n\t\t\t\t<\/div>\n\t\t\t\t<\/div>\n\t\t\t\t\t<\/div>\n\t\t\t\t<\/div>\n\t\t<div class=\"elementor-element elementor-element-e4ed0a3 e-flex e-con-boxed e-con e-parent\" data-id=\"e4ed0a3\" data-element_type=\"container\" data-e-type=\"container\">\n\t\t\t\t\t<div class=\"e-con-inner\">\n\t\t<div class=\"elementor-element elementor-element-ab30d63 e-con-full e-flex e-con e-child\" data-id=\"ab30d63\" data-element_type=\"container\" data-e-type=\"container\">\n\t\t\t\t<div class=\"elementor-element elementor-element-0162050 elementor-widget elementor-widget-text-editor\" data-id=\"0162050\" data-element_type=\"widget\" data-e-type=\"widget\" data-widget_type=\"text-editor.default\">\n\t\t\t\t<div class=\"elementor-widget-container\">\n\t\t\t\t\t\t\t\t\t<p style=\"text-align: justify;\">O descarregamento de produtos a granel de caminh\u00f5es, vag\u00f5es, barca\u00e7as, navios ou estoques est\u00e1 repleto de quest\u00f5es de sa\u00fade, seguran\u00e7a e meio ambiente. As emiss\u00f5es de p\u00f3 em terminais de descarga a granel podem causar problemas respirat\u00f3rios para os funcion\u00e1rios, causar riscos no local de trabalho, propagar uma atmosfera potencialmente explosiva e contaminar cursos d\u2019\u00e1gua locais e vizinhan\u00e7as. O <a href=\"https:\/\/sitenovo.wingsltda.com.br\/en\/dustcontrol-plus-moega-tombador-despoeiramento-filtro-de-manga\/\">DustControl<\/a> fabricado pela Wings \u00e9 o sistema mais econ\u00f4mico para controlar a emiss\u00e3o de poeira nessas moegas de recebimento.<\/p>\t\t\t\t\t\t\t\t<\/div>\n\t\t\t\t<\/div>\n\t\t\t\t<\/div>\n\t\t<div class=\"elementor-element elementor-element-5dd20e2 e-con-full e-flex e-con e-child\" data-id=\"5dd20e2\" data-element_type=\"container\" data-e-type=\"container\">\n\t\t\t\t<div class=\"elementor-element elementor-element-7522e83 elementor-widget elementor-widget-video\" data-id=\"7522e83\" data-element_type=\"widget\" data-e-type=\"widget\" data-settings=\"{&quot;video_type&quot;:&quot;hosted&quot;,&quot;controls&quot;:&quot;yes&quot;}\" data-widget_type=\"video.default\">\n\t\t\t\t<div class=\"elementor-widget-container\">\n\t\t\t\t\t\t\t<div class=\"e-hosted-video elementor-wrapper elementor-open-inline\">\n\t\t\t\t\t<video class=\"elementor-video\" src=\"https:\/\/sitenovo.wingsltda.com.br\/wp-content\/uploads\/2024\/03\/Cargill-Tres-Lagoas.mp4\" controls=\"\" preload=\"metadata\" controlslist=\"nodownload\"><\/video>\n\t\t\t\t<\/div>\n\t\t\t\t\t\t<\/div>\n\t\t\t\t<\/div>\n\t\t\t\t<\/div>\n\t\t\t\t\t<\/div>\n\t\t\t\t<\/div>\n\t\t\t\t<\/div>","protected":false},"excerpt":{"rendered":"<p>CARGILL \u2013 TR\u00caS LAGOAS (MS) | DUSTCONTROL PLUS INSTALA\u00c7\u00c3O 2018 Na moega da Cargill Tr\u00eas Lagoas, instalamos o DustControl Mec\u00e2nico para otimizar um filtro pr\u00e9 existente, que sozinho, n\u00e3o dava conta do recado. Ao inv\u00e9s do filtro aspirar o ar por cima da grade, foi redirecionado para criar uma press\u00e3o negativa dentro da moega, captando [&hellip;]<\/p>\n","protected":false},"author":1,"featured_media":24233,"parent":55,"menu_order":0,"comment_status":"open","ping_status":"closed","template":"","meta":{"footnotes":""},"class_list":["post-23856","page","type-page","status-publish","has-post-thumbnail","hentry"],"yoast_head":"<!-- This site is optimized with the Yoast SEO plugin v27.3 - https:\/\/yoast.com\/product\/yoast-seo-wordpress\/ -->\n<title>CARGILL \u2013 TR\u00caS LAGOAS (MS) - Wings Ltda |<\/title>\n<meta name=\"description\" content=\"Na moega da Cargill Tr\u00eas Lagoas, instalamos o DustControl Mec\u00e2nico para otimizar um filtro pr\u00e9 existente, que sozinho, n\u00e3o dava conta do recado. Ao inv\u00e9s do filtro aspirar o ar por cima da grade, foi redirecionado para criar uma press\u00e3o negativa dentro da moega, captando p\u00f3 dentro e acima da moega em conjunto com o DustControl.\" \/>\n<meta name=\"robots\" content=\"index, follow, max-snippet:-1, max-image-preview:large, max-video-preview:-1\" \/>\n<link rel=\"canonical\" href=\"https:\/\/sitenovo.wingsltda.com.br\/en\/projetos-clientes-moegas-despoeiramento-meio-ambiente-2\/cargill-tres-lagoas-ms\/\" \/>\n<meta property=\"og:locale\" content=\"en_US\" \/>\n<meta property=\"og:type\" content=\"article\" \/>\n<meta property=\"og:title\" content=\"CARGILL \u2013 TR\u00caS LAGOAS (MS) - Wings Ltda |\" \/>\n<meta property=\"og:description\" content=\"Na moega da Cargill Tr\u00eas Lagoas, instalamos o DustControl Mec\u00e2nico para otimizar um filtro pr\u00e9 existente, que sozinho, n\u00e3o dava conta do recado. Ao inv\u00e9s do filtro aspirar o ar por cima da grade, foi redirecionado para criar uma press\u00e3o negativa dentro da moega, captando p\u00f3 dentro e acima da moega em conjunto com o DustControl.\" \/>\n<meta property=\"og:url\" content=\"https:\/\/sitenovo.wingsltda.com.br\/en\/projetos-clientes-moegas-despoeiramento-meio-ambiente-2\/cargill-tres-lagoas-ms\/\" \/>\n<meta property=\"og:site_name\" content=\"Wings Ltda |\" \/>\n<meta property=\"article:publisher\" content=\"https:\/\/www.facebook.com\/wingsltda\/\" \/>\n<meta property=\"article:modified_time\" content=\"2024-05-19T13:34:15+00:00\" \/>\n<meta property=\"og:image\" content=\"https:\/\/sitenovo.wingsltda.com.br\/wp-content\/uploads\/2024\/03\/DUST-CONTROL-02-jpg.webp\" \/>\n\t<meta property=\"og:image:width\" content=\"800\" \/>\n\t<meta property=\"og:image:height\" content=\"600\" \/>\n\t<meta property=\"og:image:type\" content=\"image\/jpeg\" \/>\n<meta name=\"twitter:card\" content=\"summary_large_image\" \/>\n<meta name=\"twitter:label1\" content=\"Est. reading time\" \/>\n\t<meta name=\"twitter:data1\" content=\"1 minute\" \/>\n<script type=\"application\/ld+json\" class=\"yoast-schema-graph\">{\"@context\":\"https:\\\/\\\/schema.org\",\"@graph\":[{\"@type\":\"WebPage\",\"@id\":\"https:\\\/\\\/sitenovo.wingsltda.com.br\\\/pt\\\/projetos-clientes-moegas-despoeiramento-meio-ambiente-2\\\/cargill-tres-lagoas-ms\\\/\",\"url\":\"https:\\\/\\\/sitenovo.wingsltda.com.br\\\/pt\\\/projetos-clientes-moegas-despoeiramento-meio-ambiente-2\\\/cargill-tres-lagoas-ms\\\/\",\"name\":\"CARGILL \u2013 TR\u00caS LAGOAS (MS) - Wings Ltda |\",\"isPartOf\":{\"@id\":\"https:\\\/\\\/sitenovo.wingsltda.com.br\\\/en\\\/#website\"},\"primaryImageOfPage\":{\"@id\":\"https:\\\/\\\/sitenovo.wingsltda.com.br\\\/pt\\\/projetos-clientes-moegas-despoeiramento-meio-ambiente-2\\\/cargill-tres-lagoas-ms\\\/#primaryimage\"},\"image\":{\"@id\":\"https:\\\/\\\/sitenovo.wingsltda.com.br\\\/pt\\\/projetos-clientes-moegas-despoeiramento-meio-ambiente-2\\\/cargill-tres-lagoas-ms\\\/#primaryimage\"},\"thumbnailUrl\":\"https:\\\/\\\/sitenovo.wingsltda.com.br\\\/wp-content\\\/uploads\\\/2024\\\/03\\\/DUST-CONTROL-02-jpg.webp\",\"datePublished\":\"2024-03-05T11:54:00+00:00\",\"dateModified\":\"2024-05-19T13:34:15+00:00\",\"description\":\"Na moega da Cargill Tr\u00eas Lagoas, instalamos o DustControl Mec\u00e2nico para otimizar um filtro pr\u00e9 existente, que sozinho, n\u00e3o dava conta do recado. Ao inv\u00e9s do filtro aspirar o ar por cima da grade, foi redirecionado para criar uma press\u00e3o negativa dentro da moega, captando p\u00f3 dentro e acima da moega em conjunto com o DustControl.\",\"breadcrumb\":{\"@id\":\"https:\\\/\\\/sitenovo.wingsltda.com.br\\\/pt\\\/projetos-clientes-moegas-despoeiramento-meio-ambiente-2\\\/cargill-tres-lagoas-ms\\\/#breadcrumb\"},\"inLanguage\":\"en-US\",\"potentialAction\":[{\"@type\":\"ReadAction\",\"target\":[\"https:\\\/\\\/sitenovo.wingsltda.com.br\\\/pt\\\/projetos-clientes-moegas-despoeiramento-meio-ambiente-2\\\/cargill-tres-lagoas-ms\\\/\"]}]},{\"@type\":\"ImageObject\",\"inLanguage\":\"en-US\",\"@id\":\"https:\\\/\\\/sitenovo.wingsltda.com.br\\\/pt\\\/projetos-clientes-moegas-despoeiramento-meio-ambiente-2\\\/cargill-tres-lagoas-ms\\\/#primaryimage\",\"url\":\"https:\\\/\\\/sitenovo.wingsltda.com.br\\\/wp-content\\\/uploads\\\/2024\\\/03\\\/DUST-CONTROL-02-jpg.webp\",\"contentUrl\":\"https:\\\/\\\/sitenovo.wingsltda.com.br\\\/wp-content\\\/uploads\\\/2024\\\/03\\\/DUST-CONTROL-02-jpg.webp\",\"width\":800,\"height\":600},{\"@type\":\"BreadcrumbList\",\"@id\":\"https:\\\/\\\/sitenovo.wingsltda.com.br\\\/pt\\\/projetos-clientes-moegas-despoeiramento-meio-ambiente-2\\\/cargill-tres-lagoas-ms\\\/#breadcrumb\",\"itemListElement\":[{\"@type\":\"ListItem\",\"position\":1,\"name\":\"In\u00edcio\",\"item\":\"https:\\\/\\\/sitenovo.wingsltda.com.br\\\/\"},{\"@type\":\"ListItem\",\"position\":2,\"name\":\"Conhe\u00e7a Alguns dos nossos Projetos\",\"item\":\"https:\\\/\\\/sitenovo.wingsltda.com.br\\\/pt\\\/projetos-clientes-moegas-despoeiramento-meio-ambiente-2\\\/\"},{\"@type\":\"ListItem\",\"position\":3,\"name\":\"CARGILL \u2013 TR\u00caS LAGOAS (MS)\"}]},{\"@type\":\"WebSite\",\"@id\":\"https:\\\/\\\/sitenovo.wingsltda.com.br\\\/en\\\/#website\",\"url\":\"https:\\\/\\\/sitenovo.wingsltda.com.br\\\/en\\\/\",\"name\":\"Wings Ltda |\",\"description\":\"Transformando sua opera\u00e7\u00e3o no agro.\",\"publisher\":{\"@id\":\"https:\\\/\\\/sitenovo.wingsltda.com.br\\\/en\\\/#organization\"},\"potentialAction\":[{\"@type\":\"SearchAction\",\"target\":{\"@type\":\"EntryPoint\",\"urlTemplate\":\"https:\\\/\\\/sitenovo.wingsltda.com.br\\\/en\\\/?s={search_term_string}\"},\"query-input\":{\"@type\":\"PropertyValueSpecification\",\"valueRequired\":true,\"valueName\":\"search_term_string\"}}],\"inLanguage\":\"en-US\"},{\"@type\":\"Organization\",\"@id\":\"https:\\\/\\\/sitenovo.wingsltda.com.br\\\/en\\\/#organization\",\"name\":\"Wings Ltda\",\"url\":\"https:\\\/\\\/sitenovo.wingsltda.com.br\\\/en\\\/\",\"logo\":{\"@type\":\"ImageObject\",\"inLanguage\":\"en-US\",\"@id\":\"https:\\\/\\\/sitenovo.wingsltda.com.br\\\/en\\\/#\\\/schema\\\/logo\\\/image\\\/\",\"url\":\"https:\\\/\\\/sitenovo.wingsltda.com.br\\\/wp-content\\\/uploads\\\/2024\\\/03\\\/Wings-Logo-Novo-DustControl.png\",\"contentUrl\":\"https:\\\/\\\/sitenovo.wingsltda.com.br\\\/wp-content\\\/uploads\\\/2024\\\/03\\\/Wings-Logo-Novo-DustControl.png\",\"width\":1090,\"height\":410,\"caption\":\"Wings Ltda\"},\"image\":{\"@id\":\"https:\\\/\\\/sitenovo.wingsltda.com.br\\\/en\\\/#\\\/schema\\\/logo\\\/image\\\/\"},\"sameAs\":[\"https:\\\/\\\/www.facebook.com\\\/wingsltda\\\/\",\"https:\\\/\\\/www.linkedin.com\\\/company\\\/wingsltda\\\/\",\"https:\\\/\\\/www.youtube.com\\\/channel\\\/UC2XSL5EljSgDh-pwalcPLLA\"]}]}<\/script>\n<!-- \/ Yoast SEO plugin. -->","yoast_head_json":{"title":"CARGILL \u2013 TR\u00caS LAGOAS (MS) - Wings Ltda |","description":"Na moega da Cargill Tr\u00eas Lagoas, instalamos o DustControl Mec\u00e2nico para otimizar um filtro pr\u00e9 existente, que sozinho, n\u00e3o dava conta do recado. Ao inv\u00e9s do filtro aspirar o ar por cima da grade, foi redirecionado para criar uma press\u00e3o negativa dentro da moega, captando p\u00f3 dentro e acima da moega em conjunto com o DustControl.","robots":{"index":"index","follow":"follow","max-snippet":"max-snippet:-1","max-image-preview":"max-image-preview:large","max-video-preview":"max-video-preview:-1"},"canonical":"https:\/\/sitenovo.wingsltda.com.br\/en\/projetos-clientes-moegas-despoeiramento-meio-ambiente-2\/cargill-tres-lagoas-ms\/","og_locale":"en_US","og_type":"article","og_title":"CARGILL \u2013 TR\u00caS LAGOAS (MS) - Wings Ltda |","og_description":"Na moega da Cargill Tr\u00eas Lagoas, instalamos o DustControl Mec\u00e2nico para otimizar um filtro pr\u00e9 existente, que sozinho, n\u00e3o dava conta do recado. Ao inv\u00e9s do filtro aspirar o ar por cima da grade, foi redirecionado para criar uma press\u00e3o negativa dentro da moega, captando p\u00f3 dentro e acima da moega em conjunto com o DustControl.","og_url":"https:\/\/sitenovo.wingsltda.com.br\/en\/projetos-clientes-moegas-despoeiramento-meio-ambiente-2\/cargill-tres-lagoas-ms\/","og_site_name":"Wings Ltda |","article_publisher":"https:\/\/www.facebook.com\/wingsltda\/","article_modified_time":"2024-05-19T13:34:15+00:00","og_image":[{"width":800,"height":600,"url":"https:\/\/sitenovo.wingsltda.com.br\/wp-content\/uploads\/2024\/03\/DUST-CONTROL-02-jpg.webp","type":"image\/jpeg"}],"twitter_card":"summary_large_image","twitter_misc":{"Est. reading time":"1 minute"},"schema":{"@context":"https:\/\/schema.org","@graph":[{"@type":"WebPage","@id":"https:\/\/sitenovo.wingsltda.com.br\/pt\/projetos-clientes-moegas-despoeiramento-meio-ambiente-2\/cargill-tres-lagoas-ms\/","url":"https:\/\/sitenovo.wingsltda.com.br\/pt\/projetos-clientes-moegas-despoeiramento-meio-ambiente-2\/cargill-tres-lagoas-ms\/","name":"CARGILL \u2013 TR\u00caS LAGOAS (MS) - Wings Ltda |","isPartOf":{"@id":"https:\/\/sitenovo.wingsltda.com.br\/en\/#website"},"primaryImageOfPage":{"@id":"https:\/\/sitenovo.wingsltda.com.br\/pt\/projetos-clientes-moegas-despoeiramento-meio-ambiente-2\/cargill-tres-lagoas-ms\/#primaryimage"},"image":{"@id":"https:\/\/sitenovo.wingsltda.com.br\/pt\/projetos-clientes-moegas-despoeiramento-meio-ambiente-2\/cargill-tres-lagoas-ms\/#primaryimage"},"thumbnailUrl":"https:\/\/sitenovo.wingsltda.com.br\/wp-content\/uploads\/2024\/03\/DUST-CONTROL-02-jpg.webp","datePublished":"2024-03-05T11:54:00+00:00","dateModified":"2024-05-19T13:34:15+00:00","description":"Na moega da Cargill Tr\u00eas Lagoas, instalamos o DustControl Mec\u00e2nico para otimizar um filtro pr\u00e9 existente, que sozinho, n\u00e3o dava conta do recado. Ao inv\u00e9s do filtro aspirar o ar por cima da grade, foi redirecionado para criar uma press\u00e3o negativa dentro da moega, captando p\u00f3 dentro e acima da moega em conjunto com o DustControl.","breadcrumb":{"@id":"https:\/\/sitenovo.wingsltda.com.br\/pt\/projetos-clientes-moegas-despoeiramento-meio-ambiente-2\/cargill-tres-lagoas-ms\/#breadcrumb"},"inLanguage":"en-US","potentialAction":[{"@type":"ReadAction","target":["https:\/\/sitenovo.wingsltda.com.br\/pt\/projetos-clientes-moegas-despoeiramento-meio-ambiente-2\/cargill-tres-lagoas-ms\/"]}]},{"@type":"ImageObject","inLanguage":"en-US","@id":"https:\/\/sitenovo.wingsltda.com.br\/pt\/projetos-clientes-moegas-despoeiramento-meio-ambiente-2\/cargill-tres-lagoas-ms\/#primaryimage","url":"https:\/\/sitenovo.wingsltda.com.br\/wp-content\/uploads\/2024\/03\/DUST-CONTROL-02-jpg.webp","contentUrl":"https:\/\/sitenovo.wingsltda.com.br\/wp-content\/uploads\/2024\/03\/DUST-CONTROL-02-jpg.webp","width":800,"height":600},{"@type":"BreadcrumbList","@id":"https:\/\/sitenovo.wingsltda.com.br\/pt\/projetos-clientes-moegas-despoeiramento-meio-ambiente-2\/cargill-tres-lagoas-ms\/#breadcrumb","itemListElement":[{"@type":"ListItem","position":1,"name":"In\u00edcio","item":"https:\/\/sitenovo.wingsltda.com.br\/"},{"@type":"ListItem","position":2,"name":"Conhe\u00e7a Alguns dos nossos Projetos","item":"https:\/\/sitenovo.wingsltda.com.br\/pt\/projetos-clientes-moegas-despoeiramento-meio-ambiente-2\/"},{"@type":"ListItem","position":3,"name":"CARGILL \u2013 TR\u00caS LAGOAS (MS)"}]},{"@type":"WebSite","@id":"https:\/\/sitenovo.wingsltda.com.br\/en\/#website","url":"https:\/\/sitenovo.wingsltda.com.br\/en\/","name":"Wings Ltda |","description":"Transformando sua opera\u00e7\u00e3o no agro.","publisher":{"@id":"https:\/\/sitenovo.wingsltda.com.br\/en\/#organization"},"potentialAction":[{"@type":"SearchAction","target":{"@type":"EntryPoint","urlTemplate":"https:\/\/sitenovo.wingsltda.com.br\/en\/?s={search_term_string}"},"query-input":{"@type":"PropertyValueSpecification","valueRequired":true,"valueName":"search_term_string"}}],"inLanguage":"en-US"},{"@type":"Organization","@id":"https:\/\/sitenovo.wingsltda.com.br\/en\/#organization","name":"Wings Ltda","url":"https:\/\/sitenovo.wingsltda.com.br\/en\/","logo":{"@type":"ImageObject","inLanguage":"en-US","@id":"https:\/\/sitenovo.wingsltda.com.br\/en\/#\/schema\/logo\/image\/","url":"https:\/\/sitenovo.wingsltda.com.br\/wp-content\/uploads\/2024\/03\/Wings-Logo-Novo-DustControl.png","contentUrl":"https:\/\/sitenovo.wingsltda.com.br\/wp-content\/uploads\/2024\/03\/Wings-Logo-Novo-DustControl.png","width":1090,"height":410,"caption":"Wings Ltda"},"image":{"@id":"https:\/\/sitenovo.wingsltda.com.br\/en\/#\/schema\/logo\/image\/"},"sameAs":["https:\/\/www.facebook.com\/wingsltda\/","https:\/\/www.linkedin.com\/company\/wingsltda\/","https:\/\/www.youtube.com\/channel\/UC2XSL5EljSgDh-pwalcPLLA"]}]}},"_links":{"self":[{"href":"https:\/\/sitenovo.wingsltda.com.br\/en\/wp-json\/wp\/v2\/pages\/23856","targetHints":{"allow":["GET"]}}],"collection":[{"href":"https:\/\/sitenovo.wingsltda.com.br\/en\/wp-json\/wp\/v2\/pages"}],"about":[{"href":"https:\/\/sitenovo.wingsltda.com.br\/en\/wp-json\/wp\/v2\/types\/page"}],"author":[{"embeddable":true,"href":"https:\/\/sitenovo.wingsltda.com.br\/en\/wp-json\/wp\/v2\/users\/1"}],"replies":[{"embeddable":true,"href":"https:\/\/sitenovo.wingsltda.com.br\/en\/wp-json\/wp\/v2\/comments?post=23856"}],"version-history":[{"count":9,"href":"https:\/\/sitenovo.wingsltda.com.br\/en\/wp-json\/wp\/v2\/pages\/23856\/revisions"}],"predecessor-version":[{"id":24890,"href":"https:\/\/sitenovo.wingsltda.com.br\/en\/wp-json\/wp\/v2\/pages\/23856\/revisions\/24890"}],"up":[{"embeddable":true,"href":"https:\/\/sitenovo.wingsltda.com.br\/en\/wp-json\/wp\/v2\/pages\/55"}],"wp:featuredmedia":[{"embeddable":true,"href":"https:\/\/sitenovo.wingsltda.com.br\/en\/wp-json\/wp\/v2\/media\/24233"}],"wp:attachment":[{"href":"https:\/\/sitenovo.wingsltda.com.br\/en\/wp-json\/wp\/v2\/media?parent=23856"}],"curies":[{"name":"wp","href":"https:\/\/api.w.org\/{rel}","templated":true}]}}