{"id":23900,"date":"2024-03-05T12:44:12","date_gmt":"2024-03-05T15:44:12","guid":{"rendered":"https:\/\/sitenovo.wingsltda.com.br\/?page_id=23900"},"modified":"2024-05-19T15:14:05","modified_gmt":"2024-05-19T18:14:05","slug":"cargill-primavera-do-leste-mt","status":"publish","type":"page","link":"https:\/\/sitenovo.wingsltda.com.br\/en\/projetos-clientes-moegas-despoeiramento-meio-ambiente-2\/cargill-primavera-do-leste-mt\/","title":{"rendered":"CARGILL \u2013 PRIMAVERA DO LESTE, BRAZIL"},"content":{"rendered":"<div data-elementor-type=\"wp-page\" data-elementor-id=\"23900\" class=\"elementor elementor-23900\">\n\t\t\t\t<div class=\"elementor-element elementor-element-7207c6f e-flex e-con-boxed e-con e-parent\" data-id=\"7207c6f\" data-element_type=\"container\" data-e-type=\"container\">\n\t\t\t\t\t<div class=\"e-con-inner\">\n\t\t<div class=\"elementor-element elementor-element-23f1905 e-con-full e-flex e-con e-child\" data-id=\"23f1905\" data-element_type=\"container\" data-e-type=\"container\">\n\t\t\t\t<div class=\"elementor-element elementor-element-16e993f elementor-widget elementor-widget-heading\" data-id=\"16e993f\" data-element_type=\"widget\" data-e-type=\"widget\" data-widget_type=\"heading.default\">\n\t\t\t\t<div class=\"elementor-widget-container\">\n\t\t\t\t\t<h2 class=\"elementor-heading-title elementor-size-default\">CARGILL \u2013 PRIMAVERA DO LESTE (MT) | DUSTCONTROL INSTALADO EM: 2009 E 2016\n<\/h2>\t\t\t\t<\/div>\n\t\t\t\t<\/div>\n\t\t\t\t<\/div>\n\t\t<div class=\"elementor-element elementor-element-7f07cc5 e-con-full e-flex e-con e-child\" data-id=\"7f07cc5\" data-element_type=\"container\" data-e-type=\"container\">\n\t\t\t\t<div class=\"elementor-element elementor-element-86a54b5 elementor-widget elementor-widget-text-editor\" data-id=\"86a54b5\" data-element_type=\"widget\" data-e-type=\"widget\" data-widget_type=\"text-editor.default\">\n\t\t\t\t<div class=\"elementor-widget-container\">\n\t\t\t\t\t\t\t\t\t<p style=\"text-align: justify;\"><em>Primavera do Leste was founded less than 40 years ago and its population is very concerned about quality of life. Cargill has operations in the city and respects this community spirit, especially their respect for the environment. This is why they felt it was important to invest in the DustControl.<\/em><\/p>\t\t\t\t\t\t\t\t<\/div>\n\t\t\t\t<\/div>\n\t\t\t\t<\/div>\n\t\t\t\t\t<\/div>\n\t\t\t\t<\/div>\n\t\t<div class=\"elementor-element elementor-element-0b6d134 e-flex e-con-boxed e-con e-parent\" data-id=\"0b6d134\" data-element_type=\"container\" data-e-type=\"container\">\n\t\t\t\t\t<div class=\"e-con-inner\">\n\t\t<div class=\"elementor-element elementor-element-314363c e-con-full e-flex e-con e-child\" data-id=\"314363c\" data-element_type=\"container\" data-e-type=\"container\">\n\t\t\t\t<div class=\"elementor-element elementor-element-326ff4e elementor-widget elementor-widget-text-editor\" data-id=\"326ff4e\" data-element_type=\"widget\" data-e-type=\"widget\" data-widget_type=\"text-editor.default\">\n\t\t\t\t<div class=\"elementor-widget-container\">\n\t\t\t\t\t\t\t\t\t<p>LOCATION:<\/p>\n<p style=\"text-align: justify;\">Primavera do Leste is strategically located in the center of the state of Mato Grosso, in the center of Brazil, with access to the principal highways crossing the country. This facilitates the transportation of agricultural products grown in the region. This is why Cargill chose to install the DustControl in this distribution centers.<\/p>\n<p style=\"text-align: justify;\">With the installation of the DustControl in its receiving pits, there was no effect on the velocity of unloading, just great effect on the comfort of employees working about the pits.<\/p>\t\t\t\t\t\t\t\t<\/div>\n\t\t\t\t<\/div>\n\t\t\t\t<div class=\"elementor-element elementor-element-503a8e3 elementor-widget elementor-widget-image\" data-id=\"503a8e3\" data-element_type=\"widget\" data-e-type=\"widget\" data-widget_type=\"image.default\">\n\t\t\t\t<div class=\"elementor-widget-container\">\n\t\t\t\t\t\t\t\t\t\t\t\t<figure class=\"wp-caption\">\n\t\t\t\t\t\t\t\t\t\t<img fetchpriority=\"high\" decoding=\"async\" width=\"771\" height=\"274\" src=\"https:\/\/sitenovo.wingsltda.com.br\/wp-content\/uploads\/2024\/03\/Cargill-primavera-do-Leste-com-o-sistema-DustControl-da-Wings-Ltda.png\" class=\"attachment-large size-large wp-image-24206\" alt=\"\" srcset=\"https:\/\/sitenovo.wingsltda.com.br\/wp-content\/uploads\/2024\/03\/Cargill-primavera-do-Leste-com-o-sistema-DustControl-da-Wings-Ltda.png 771w, https:\/\/sitenovo.wingsltda.com.br\/wp-content\/uploads\/2024\/03\/Cargill-primavera-do-Leste-com-o-sistema-DustControl-da-Wings-Ltda-150x53.png 150w, https:\/\/sitenovo.wingsltda.com.br\/wp-content\/uploads\/2024\/03\/Cargill-primavera-do-Leste-com-o-sistema-DustControl-da-Wings-Ltda-768x273.png 768w, https:\/\/sitenovo.wingsltda.com.br\/wp-content\/uploads\/2024\/03\/Cargill-primavera-do-Leste-com-o-sistema-DustControl-da-Wings-Ltda-18x6.png 18w, https:\/\/sitenovo.wingsltda.com.br\/wp-content\/uploads\/2024\/03\/Cargill-primavera-do-Leste-com-o-sistema-DustControl-da-Wings-Ltda-510x181.png 510w\" sizes=\"(max-width: 771px) 100vw, 771px\" \/>\t\t\t\t\t\t\t\t\t\t\t<figcaption class=\"widget-image-caption wp-caption-text\">Cargill Primavera do Leste with the DustControl system from Wings Ltda<\/figcaption>\n\t\t\t\t\t\t\t\t\t\t<\/figure>\n\t\t\t\t\t\t\t\t\t<\/div>\n\t\t\t\t<\/div>\n\t\t\t\t<\/div>\n\t\t<div class=\"elementor-element elementor-element-002addf e-con-full e-flex e-con e-child\" data-id=\"002addf\" data-element_type=\"container\" data-e-type=\"container\">\n\t\t\t\t<div class=\"elementor-element elementor-element-cc7bc89 elementor-widget elementor-widget-text-editor\" data-id=\"cc7bc89\" data-element_type=\"widget\" data-e-type=\"widget\" data-widget_type=\"text-editor.default\">\n\t\t\t\t<div class=\"elementor-widget-container\">\n\t\t\t\t\t\t\t\t\t<p style=\"text-align: justify;\">THE CITY:<\/p>\n<p style=\"text-align: justify;\">The Wings DustControl systems are custom-built modules for industrial receiving hoppers and pits, insuring a good seal and cleaner and safer environment.<\/p>\t\t\t\t\t\t\t\t<\/div>\n\t\t\t\t<\/div>\n\t\t\t\t<div class=\"elementor-element elementor-element-eadcc44 elementor-widget elementor-widget-image\" data-id=\"eadcc44\" data-element_type=\"widget\" data-e-type=\"widget\" data-widget_type=\"image.default\">\n\t\t\t\t<div class=\"elementor-widget-container\">\n\t\t\t\t\t\t\t\t\t\t\t\t<figure class=\"wp-caption\">\n\t\t\t\t\t\t\t\t\t\t<img decoding=\"async\" width=\"800\" height=\"500\" src=\"https:\/\/sitenovo.wingsltda.com.br\/wp-content\/uploads\/2024\/03\/primavera-do-leste-jpg.webp\" class=\"attachment-large size-large wp-image-24207\" alt=\"\" srcset=\"https:\/\/sitenovo.wingsltda.com.br\/wp-content\/uploads\/2024\/03\/primavera-do-leste-jpg.webp 984w, https:\/\/sitenovo.wingsltda.com.br\/wp-content\/uploads\/2024\/03\/primavera-do-leste-640x400.webp 640w, https:\/\/sitenovo.wingsltda.com.br\/wp-content\/uploads\/2024\/03\/primavera-do-leste-150x94.webp 150w, https:\/\/sitenovo.wingsltda.com.br\/wp-content\/uploads\/2024\/03\/primavera-do-leste-768x480.webp 768w, https:\/\/sitenovo.wingsltda.com.br\/wp-content\/uploads\/2024\/03\/primavera-do-leste-18x12.webp 18w, https:\/\/sitenovo.wingsltda.com.br\/wp-content\/uploads\/2024\/03\/primavera-do-leste-510x319.webp 510w\" sizes=\"(max-width: 800px) 100vw, 800px\" \/>\t\t\t\t\t\t\t\t\t\t\t<figcaption class=\"widget-image-caption wp-caption-text\">Controlling dust in receiving hoppers is a major concern for any industry receiving bulk products such as grains, fertilizers, coffee, etc. For feed companies that not only want to eliminate dust but also want to separate its different products, the Wings DustControl has a pneumatic cleanout equipment to facilitate this operation.<\/figcaption>\n\t\t\t\t\t\t\t\t\t\t<\/figure>\n\t\t\t\t\t\t\t\t\t<\/div>\n\t\t\t\t<\/div>\n\t\t\t\t<\/div>\n\t\t\t\t\t<\/div>\n\t\t\t\t<\/div>\n\t\t<div class=\"elementor-element elementor-element-cd95b03 e-flex e-con-boxed e-con e-parent\" data-id=\"cd95b03\" data-element_type=\"container\" data-e-type=\"container\">\n\t\t\t\t\t<div class=\"e-con-inner\">\n\t\t<div class=\"elementor-element elementor-element-7d4f7ab e-con-full e-flex e-con e-child\" data-id=\"7d4f7ab\" data-element_type=\"container\" data-e-type=\"container\">\n\t\t\t\t<div class=\"elementor-element elementor-element-f653529 elementor-widget elementor-widget-image\" data-id=\"f653529\" data-element_type=\"widget\" data-e-type=\"widget\" data-widget_type=\"image.default\">\n\t\t\t\t<div class=\"elementor-widget-container\">\n\t\t\t\t\t\t\t\t\t\t\t\t<figure class=\"wp-caption\">\n\t\t\t\t\t\t\t\t\t\t<img decoding=\"async\" width=\"564\" height=\"423\" src=\"https:\/\/sitenovo.wingsltda.com.br\/wp-content\/uploads\/2024\/03\/fotos-da-cidade-jpg.webp\" class=\"attachment-large size-large wp-image-24208\" alt=\"\" srcset=\"https:\/\/sitenovo.wingsltda.com.br\/wp-content\/uploads\/2024\/03\/fotos-da-cidade-jpg.webp 564w, https:\/\/sitenovo.wingsltda.com.br\/wp-content\/uploads\/2024\/03\/fotos-da-cidade-533x400.webp 533w, https:\/\/sitenovo.wingsltda.com.br\/wp-content\/uploads\/2024\/03\/fotos-da-cidade-150x113.webp 150w, https:\/\/sitenovo.wingsltda.com.br\/wp-content\/uploads\/2024\/03\/fotos-da-cidade-16x12.webp 16w, https:\/\/sitenovo.wingsltda.com.br\/wp-content\/uploads\/2024\/03\/fotos-da-cidade-510x383.webp 510w\" sizes=\"(max-width: 564px) 100vw, 564px\" \/>\t\t\t\t\t\t\t\t\t\t\t<figcaption class=\"widget-image-caption wp-caption-text\">Dust free city<\/figcaption>\n\t\t\t\t\t\t\t\t\t\t<\/figure>\n\t\t\t\t\t\t\t\t\t<\/div>\n\t\t\t\t<\/div>\n\t\t\t\t<\/div>\n\t\t<div class=\"elementor-element elementor-element-fdfb469 e-con-full e-flex e-con e-child\" data-id=\"fdfb469\" data-element_type=\"container\" data-e-type=\"container\">\n\t\t\t\t<div class=\"elementor-element elementor-element-ea93b8f elementor-widget elementor-widget-text-editor\" data-id=\"ea93b8f\" data-element_type=\"widget\" data-e-type=\"widget\" data-widget_type=\"text-editor.default\">\n\t\t\t\t<div class=\"elementor-widget-container\">\n\t\t\t\t\t\t\t\t\t<p style=\"text-align: justify;\" class=\"translation-block\">The DustControl is superior to a baffle system for suppressing dust in bulk-product receiving pits. It has been on the market for over 20 years, with more than 250 units installed in Brazil and abroad, and tops the list of equipment in terms of the cost-benefit ratio.  The DustControl system is installed under the pit grate and does not take up space on the pit\u2019s surface.  It is completely automatic and does not use electrical energy, and, it is maintenance-free. The DustControl system is composed of modules that cover the entire surface area below the pit grate.  The modules have small chutes that regulate the flow of the product into the pit to maintain the modules with enough product to filter the exiting dust-laden air.  The DustControl controls the dust emission without slowing the unloading process.  The DustControl controls the dust emission without slowing the unloading process.  That is why Cargill Primavera do Leste, Brazil installed the Wings DustControl! in its grain receiving pit!<\/p>\t\t\t\t\t\t\t\t<\/div>\n\t\t\t\t<\/div>\n\t\t\t\t<\/div>\n\t\t\t\t\t<\/div>\n\t\t\t\t<\/div>\n\t\t\t\t<\/div>","protected":false},"excerpt":{"rendered":"<p>CARGILL \u2013 PRIMAVERA DO LESTE (MT) | DUSTCONTROL INSTALADO EM: 2009 E 2016 Primavera do Leste \u00e9 uma cidade jovem com menos de 40 anos, sua popula\u00e7\u00e3o preza muito pela qualidade de vida. A Cargill tem suas opera\u00e7\u00f5es na cidade e respeita muito a comunidade que se abriga, especialmente por seu meio ambiente. Viu como [&hellip;]<\/p>\n","protected":false},"author":1,"featured_media":24207,"parent":55,"menu_order":0,"comment_status":"open","ping_status":"closed","template":"","meta":{"footnotes":""},"class_list":["post-23900","page","type-page","status-publish","has-post-thumbnail","hentry"],"yoast_head":"<!-- This site is optimized with the Yoast SEO plugin v27.3 - https:\/\/yoast.com\/product\/yoast-seo-wordpress\/ -->\n<title>CARGILL \u2013 PRIMAVERA DO LESTE (MT) - Wings Ltda |<\/title>\n<meta name=\"description\" content=\"Primavera do Leste \u00e9 uma cidade jovem com menos de 40 anos, sua popula\u00e7\u00e3o preza muito pela qualidade de vida. A Cargill tem suas opera\u00e7\u00f5es na cidade e respeita muito a comunidade que se abriga, especialmente por seu meio ambiente. Viu como uma necessidade os investimentos em sistemas DustControl.\" \/>\n<meta name=\"robots\" content=\"index, follow, max-snippet:-1, max-image-preview:large, max-video-preview:-1\" \/>\n<link rel=\"canonical\" href=\"https:\/\/sitenovo.wingsltda.com.br\/en\/projetos-clientes-moegas-despoeiramento-meio-ambiente-2\/cargill-primavera-do-leste-mt\/\" \/>\n<meta property=\"og:locale\" content=\"en_US\" \/>\n<meta property=\"og:type\" content=\"article\" \/>\n<meta property=\"og:title\" content=\"CARGILL \u2013 PRIMAVERA DO LESTE (MT) - Wings Ltda |\" \/>\n<meta property=\"og:description\" content=\"Primavera do Leste \u00e9 uma cidade jovem com menos de 40 anos, sua popula\u00e7\u00e3o preza muito pela qualidade de vida. A Cargill tem suas opera\u00e7\u00f5es na cidade e respeita muito a comunidade que se abriga, especialmente por seu meio ambiente. Viu como uma necessidade os investimentos em sistemas DustControl.\" \/>\n<meta property=\"og:url\" content=\"https:\/\/sitenovo.wingsltda.com.br\/en\/projetos-clientes-moegas-despoeiramento-meio-ambiente-2\/cargill-primavera-do-leste-mt\/\" \/>\n<meta property=\"og:site_name\" content=\"Wings Ltda |\" \/>\n<meta property=\"article:publisher\" content=\"https:\/\/www.facebook.com\/wingsltda\/\" \/>\n<meta property=\"article:modified_time\" content=\"2024-05-19T18:14:05+00:00\" \/>\n<meta property=\"og:image\" content=\"https:\/\/sitenovo.wingsltda.com.br\/wp-content\/uploads\/2024\/03\/primavera-do-leste-jpg.webp\" \/>\n\t<meta property=\"og:image:width\" content=\"984\" \/>\n\t<meta property=\"og:image:height\" content=\"615\" \/>\n\t<meta property=\"og:image:type\" content=\"image\/jpeg\" \/>\n<meta name=\"twitter:card\" content=\"summary_large_image\" \/>\n<meta name=\"twitter:label1\" content=\"Est. reading time\" \/>\n\t<meta name=\"twitter:data1\" content=\"2 minutes\" \/>\n<script type=\"application\/ld+json\" class=\"yoast-schema-graph\">{\"@context\":\"https:\\\/\\\/schema.org\",\"@graph\":[{\"@type\":\"WebPage\",\"@id\":\"https:\\\/\\\/sitenovo.wingsltda.com.br\\\/pt\\\/projetos-clientes-moegas-despoeiramento-meio-ambiente-2\\\/cargill-primavera-do-leste-mt\\\/\",\"url\":\"https:\\\/\\\/sitenovo.wingsltda.com.br\\\/pt\\\/projetos-clientes-moegas-despoeiramento-meio-ambiente-2\\\/cargill-primavera-do-leste-mt\\\/\",\"name\":\"CARGILL \u2013 PRIMAVERA DO LESTE (MT) - Wings Ltda |\",\"isPartOf\":{\"@id\":\"https:\\\/\\\/sitenovo.wingsltda.com.br\\\/en\\\/#website\"},\"primaryImageOfPage\":{\"@id\":\"https:\\\/\\\/sitenovo.wingsltda.com.br\\\/pt\\\/projetos-clientes-moegas-despoeiramento-meio-ambiente-2\\\/cargill-primavera-do-leste-mt\\\/#primaryimage\"},\"image\":{\"@id\":\"https:\\\/\\\/sitenovo.wingsltda.com.br\\\/pt\\\/projetos-clientes-moegas-despoeiramento-meio-ambiente-2\\\/cargill-primavera-do-leste-mt\\\/#primaryimage\"},\"thumbnailUrl\":\"https:\\\/\\\/sitenovo.wingsltda.com.br\\\/wp-content\\\/uploads\\\/2024\\\/03\\\/primavera-do-leste-jpg.webp\",\"datePublished\":\"2024-03-05T15:44:12+00:00\",\"dateModified\":\"2024-05-19T18:14:05+00:00\",\"description\":\"Primavera do Leste \u00e9 uma cidade jovem com menos de 40 anos, sua popula\u00e7\u00e3o preza muito pela qualidade de vida. A Cargill tem suas opera\u00e7\u00f5es na cidade e respeita muito a comunidade que se abriga, especialmente por seu meio ambiente. Viu como uma necessidade os investimentos em sistemas DustControl.\",\"breadcrumb\":{\"@id\":\"https:\\\/\\\/sitenovo.wingsltda.com.br\\\/pt\\\/projetos-clientes-moegas-despoeiramento-meio-ambiente-2\\\/cargill-primavera-do-leste-mt\\\/#breadcrumb\"},\"inLanguage\":\"en-US\",\"potentialAction\":[{\"@type\":\"ReadAction\",\"target\":[\"https:\\\/\\\/sitenovo.wingsltda.com.br\\\/pt\\\/projetos-clientes-moegas-despoeiramento-meio-ambiente-2\\\/cargill-primavera-do-leste-mt\\\/\"]}]},{\"@type\":\"ImageObject\",\"inLanguage\":\"en-US\",\"@id\":\"https:\\\/\\\/sitenovo.wingsltda.com.br\\\/pt\\\/projetos-clientes-moegas-despoeiramento-meio-ambiente-2\\\/cargill-primavera-do-leste-mt\\\/#primaryimage\",\"url\":\"https:\\\/\\\/sitenovo.wingsltda.com.br\\\/wp-content\\\/uploads\\\/2024\\\/03\\\/primavera-do-leste-jpg.webp\",\"contentUrl\":\"https:\\\/\\\/sitenovo.wingsltda.com.br\\\/wp-content\\\/uploads\\\/2024\\\/03\\\/primavera-do-leste-jpg.webp\",\"width\":984,\"height\":615},{\"@type\":\"BreadcrumbList\",\"@id\":\"https:\\\/\\\/sitenovo.wingsltda.com.br\\\/pt\\\/projetos-clientes-moegas-despoeiramento-meio-ambiente-2\\\/cargill-primavera-do-leste-mt\\\/#breadcrumb\",\"itemListElement\":[{\"@type\":\"ListItem\",\"position\":1,\"name\":\"In\u00edcio\",\"item\":\"https:\\\/\\\/sitenovo.wingsltda.com.br\\\/\"},{\"@type\":\"ListItem\",\"position\":2,\"name\":\"Conhe\u00e7a Alguns dos nossos Projetos\",\"item\":\"https:\\\/\\\/sitenovo.wingsltda.com.br\\\/pt\\\/projetos-clientes-moegas-despoeiramento-meio-ambiente-2\\\/\"},{\"@type\":\"ListItem\",\"position\":3,\"name\":\"CARGILL \u2013 PRIMAVERA DO LESTE (MT)\"}]},{\"@type\":\"WebSite\",\"@id\":\"https:\\\/\\\/sitenovo.wingsltda.com.br\\\/en\\\/#website\",\"url\":\"https:\\\/\\\/sitenovo.wingsltda.com.br\\\/en\\\/\",\"name\":\"Wings Ltda |\",\"description\":\"Transformando sua opera\u00e7\u00e3o no agro.\",\"publisher\":{\"@id\":\"https:\\\/\\\/sitenovo.wingsltda.com.br\\\/en\\\/#organization\"},\"potentialAction\":[{\"@type\":\"SearchAction\",\"target\":{\"@type\":\"EntryPoint\",\"urlTemplate\":\"https:\\\/\\\/sitenovo.wingsltda.com.br\\\/en\\\/?s={search_term_string}\"},\"query-input\":{\"@type\":\"PropertyValueSpecification\",\"valueRequired\":true,\"valueName\":\"search_term_string\"}}],\"inLanguage\":\"en-US\"},{\"@type\":\"Organization\",\"@id\":\"https:\\\/\\\/sitenovo.wingsltda.com.br\\\/en\\\/#organization\",\"name\":\"Wings Ltda\",\"url\":\"https:\\\/\\\/sitenovo.wingsltda.com.br\\\/en\\\/\",\"logo\":{\"@type\":\"ImageObject\",\"inLanguage\":\"en-US\",\"@id\":\"https:\\\/\\\/sitenovo.wingsltda.com.br\\\/en\\\/#\\\/schema\\\/logo\\\/image\\\/\",\"url\":\"https:\\\/\\\/sitenovo.wingsltda.com.br\\\/wp-content\\\/uploads\\\/2024\\\/03\\\/Wings-Logo-Novo-DustControl.png\",\"contentUrl\":\"https:\\\/\\\/sitenovo.wingsltda.com.br\\\/wp-content\\\/uploads\\\/2024\\\/03\\\/Wings-Logo-Novo-DustControl.png\",\"width\":1090,\"height\":410,\"caption\":\"Wings Ltda\"},\"image\":{\"@id\":\"https:\\\/\\\/sitenovo.wingsltda.com.br\\\/en\\\/#\\\/schema\\\/logo\\\/image\\\/\"},\"sameAs\":[\"https:\\\/\\\/www.facebook.com\\\/wingsltda\\\/\",\"https:\\\/\\\/www.linkedin.com\\\/company\\\/wingsltda\\\/\",\"https:\\\/\\\/www.youtube.com\\\/channel\\\/UC2XSL5EljSgDh-pwalcPLLA\"]}]}<\/script>\n<!-- \/ Yoast SEO plugin. -->","yoast_head_json":{"title":"CARGILL \u2013 PRIMAVERA DO LESTE (MT) - Wings Ltda |","description":"Primavera do Leste was founded less than 40 years ago and its population is very concerned about quality of life. Cargill has operations in the city and respects this community spirit, especially their respect for the environment. This is why they felt it was important to invest in the DustControl.","robots":{"index":"index","follow":"follow","max-snippet":"max-snippet:-1","max-image-preview":"max-image-preview:large","max-video-preview":"max-video-preview:-1"},"canonical":"https:\/\/sitenovo.wingsltda.com.br\/en\/projetos-clientes-moegas-despoeiramento-meio-ambiente-2\/cargill-primavera-do-leste-mt\/","og_locale":"en_US","og_type":"article","og_title":"CARGILL \u2013 PRIMAVERA DO LESTE (MT) - Wings Ltda |","og_description":"Primavera do Leste \u00e9 uma cidade jovem com menos de 40 anos, sua popula\u00e7\u00e3o preza muito pela qualidade de vida. A Cargill tem suas opera\u00e7\u00f5es na cidade e respeita muito a comunidade que se abriga, especialmente por seu meio ambiente. Viu como uma necessidade os investimentos em sistemas DustControl.","og_url":"https:\/\/sitenovo.wingsltda.com.br\/en\/projetos-clientes-moegas-despoeiramento-meio-ambiente-2\/cargill-primavera-do-leste-mt\/","og_site_name":"Wings Ltda |","article_publisher":"https:\/\/www.facebook.com\/wingsltda\/","article_modified_time":"2024-05-19T18:14:05+00:00","og_image":[{"width":984,"height":615,"url":"https:\/\/sitenovo.wingsltda.com.br\/wp-content\/uploads\/2024\/03\/primavera-do-leste-jpg.webp","type":"image\/jpeg"}],"twitter_card":"summary_large_image","twitter_misc":{"Est. reading time":"2 minutes"},"schema":{"@context":"https:\/\/schema.org","@graph":[{"@type":"WebPage","@id":"https:\/\/sitenovo.wingsltda.com.br\/pt\/projetos-clientes-moegas-despoeiramento-meio-ambiente-2\/cargill-primavera-do-leste-mt\/","url":"https:\/\/sitenovo.wingsltda.com.br\/pt\/projetos-clientes-moegas-despoeiramento-meio-ambiente-2\/cargill-primavera-do-leste-mt\/","name":"CARGILL \u2013 PRIMAVERA DO LESTE (MT) - Wings Ltda |","isPartOf":{"@id":"https:\/\/sitenovo.wingsltda.com.br\/en\/#website"},"primaryImageOfPage":{"@id":"https:\/\/sitenovo.wingsltda.com.br\/pt\/projetos-clientes-moegas-despoeiramento-meio-ambiente-2\/cargill-primavera-do-leste-mt\/#primaryimage"},"image":{"@id":"https:\/\/sitenovo.wingsltda.com.br\/pt\/projetos-clientes-moegas-despoeiramento-meio-ambiente-2\/cargill-primavera-do-leste-mt\/#primaryimage"},"thumbnailUrl":"https:\/\/sitenovo.wingsltda.com.br\/wp-content\/uploads\/2024\/03\/primavera-do-leste-jpg.webp","datePublished":"2024-03-05T15:44:12+00:00","dateModified":"2024-05-19T18:14:05+00:00","description":"Primavera do Leste was founded less than 40 years ago and its population is very concerned about quality of life. Cargill has operations in the city and respects this community spirit, especially their respect for the environment. This is why they felt it was important to invest in the DustControl.","breadcrumb":{"@id":"https:\/\/sitenovo.wingsltda.com.br\/pt\/projetos-clientes-moegas-despoeiramento-meio-ambiente-2\/cargill-primavera-do-leste-mt\/#breadcrumb"},"inLanguage":"en-US","potentialAction":[{"@type":"ReadAction","target":["https:\/\/sitenovo.wingsltda.com.br\/pt\/projetos-clientes-moegas-despoeiramento-meio-ambiente-2\/cargill-primavera-do-leste-mt\/"]}]},{"@type":"ImageObject","inLanguage":"en-US","@id":"https:\/\/sitenovo.wingsltda.com.br\/pt\/projetos-clientes-moegas-despoeiramento-meio-ambiente-2\/cargill-primavera-do-leste-mt\/#primaryimage","url":"https:\/\/sitenovo.wingsltda.com.br\/wp-content\/uploads\/2024\/03\/primavera-do-leste-jpg.webp","contentUrl":"https:\/\/sitenovo.wingsltda.com.br\/wp-content\/uploads\/2024\/03\/primavera-do-leste-jpg.webp","width":984,"height":615},{"@type":"BreadcrumbList","@id":"https:\/\/sitenovo.wingsltda.com.br\/pt\/projetos-clientes-moegas-despoeiramento-meio-ambiente-2\/cargill-primavera-do-leste-mt\/#breadcrumb","itemListElement":[{"@type":"ListItem","position":1,"name":"In\u00edcio","item":"https:\/\/sitenovo.wingsltda.com.br\/"},{"@type":"ListItem","position":2,"name":"Conhe\u00e7a Alguns dos nossos Projetos","item":"https:\/\/sitenovo.wingsltda.com.br\/pt\/projetos-clientes-moegas-despoeiramento-meio-ambiente-2\/"},{"@type":"ListItem","position":3,"name":"CARGILL \u2013 PRIMAVERA DO LESTE (MT)"}]},{"@type":"WebSite","@id":"https:\/\/sitenovo.wingsltda.com.br\/en\/#website","url":"https:\/\/sitenovo.wingsltda.com.br\/en\/","name":"Wings Ltda |","description":"Transformando sua opera\u00e7\u00e3o no agro.","publisher":{"@id":"https:\/\/sitenovo.wingsltda.com.br\/en\/#organization"},"potentialAction":[{"@type":"SearchAction","target":{"@type":"EntryPoint","urlTemplate":"https:\/\/sitenovo.wingsltda.com.br\/en\/?s={search_term_string}"},"query-input":{"@type":"PropertyValueSpecification","valueRequired":true,"valueName":"search_term_string"}}],"inLanguage":"en-US"},{"@type":"Organization","@id":"https:\/\/sitenovo.wingsltda.com.br\/en\/#organization","name":"Wings Ltda","url":"https:\/\/sitenovo.wingsltda.com.br\/en\/","logo":{"@type":"ImageObject","inLanguage":"en-US","@id":"https:\/\/sitenovo.wingsltda.com.br\/en\/#\/schema\/logo\/image\/","url":"https:\/\/sitenovo.wingsltda.com.br\/wp-content\/uploads\/2024\/03\/Wings-Logo-Novo-DustControl.png","contentUrl":"https:\/\/sitenovo.wingsltda.com.br\/wp-content\/uploads\/2024\/03\/Wings-Logo-Novo-DustControl.png","width":1090,"height":410,"caption":"Wings Ltda"},"image":{"@id":"https:\/\/sitenovo.wingsltda.com.br\/en\/#\/schema\/logo\/image\/"},"sameAs":["https:\/\/www.facebook.com\/wingsltda\/","https:\/\/www.linkedin.com\/company\/wingsltda\/","https:\/\/www.youtube.com\/channel\/UC2XSL5EljSgDh-pwalcPLLA"]}]}},"_links":{"self":[{"href":"https:\/\/sitenovo.wingsltda.com.br\/en\/wp-json\/wp\/v2\/pages\/23900","targetHints":{"allow":["GET"]}}],"collection":[{"href":"https:\/\/sitenovo.wingsltda.com.br\/en\/wp-json\/wp\/v2\/pages"}],"about":[{"href":"https:\/\/sitenovo.wingsltda.com.br\/en\/wp-json\/wp\/v2\/types\/page"}],"author":[{"embeddable":true,"href":"https:\/\/sitenovo.wingsltda.com.br\/en\/wp-json\/wp\/v2\/users\/1"}],"replies":[{"embeddable":true,"href":"https:\/\/sitenovo.wingsltda.com.br\/en\/wp-json\/wp\/v2\/comments?post=23900"}],"version-history":[{"count":10,"href":"https:\/\/sitenovo.wingsltda.com.br\/en\/wp-json\/wp\/v2\/pages\/23900\/revisions"}],"predecessor-version":[{"id":24971,"href":"https:\/\/sitenovo.wingsltda.com.br\/en\/wp-json\/wp\/v2\/pages\/23900\/revisions\/24971"}],"up":[{"embeddable":true,"href":"https:\/\/sitenovo.wingsltda.com.br\/en\/wp-json\/wp\/v2\/pages\/55"}],"wp:featuredmedia":[{"embeddable":true,"href":"https:\/\/sitenovo.wingsltda.com.br\/en\/wp-json\/wp\/v2\/media\/24207"}],"wp:attachment":[{"href":"https:\/\/sitenovo.wingsltda.com.br\/en\/wp-json\/wp\/v2\/media?parent=23900"}],"curies":[{"name":"wp","href":"https:\/\/api.w.org\/{rel}","templated":true}]}}