{"id":23926,"date":"2024-03-05T14:01:11","date_gmt":"2024-03-05T17:01:11","guid":{"rendered":"https:\/\/sitenovo.wingsltda.com.br\/?page_id=23926"},"modified":"2024-05-19T15:41:04","modified_gmt":"2024-05-19T18:41:04","slug":"anaconda","status":"publish","type":"page","link":"https:\/\/sitenovo.wingsltda.com.br\/en\/projetos-clientes-moegas-despoeiramento-meio-ambiente-2\/anaconda\/","title":{"rendered":"ANACONDA, CURITIBA, BRAZIL"},"content":{"rendered":"<div data-elementor-type=\"wp-page\" data-elementor-id=\"23926\" class=\"elementor elementor-23926\">\n\t\t\t\t<div class=\"elementor-element elementor-element-2f68e3d e-flex e-con-boxed e-con e-parent\" data-id=\"2f68e3d\" data-element_type=\"container\" data-e-type=\"container\">\n\t\t\t\t\t<div class=\"e-con-inner\">\n\t\t<div class=\"elementor-element elementor-element-561b265 e-con-full e-flex e-con e-child\" data-id=\"561b265\" data-element_type=\"container\" data-e-type=\"container\">\n\t\t\t\t<div class=\"elementor-element elementor-element-a8f24a9 elementor-widget elementor-widget-heading\" data-id=\"a8f24a9\" data-element_type=\"widget\" data-e-type=\"widget\" data-widget_type=\"heading.default\">\n\t\t\t\t<div class=\"elementor-widget-container\">\n\t\t\t\t\t<h2 class=\"elementor-heading-title elementor-size-default\">ANACONDA | DUSTCONTROL MEC\u00c2NICO\nINSTALADO EM: 2005<\/h2>\t\t\t\t<\/div>\n\t\t\t\t<\/div>\n\t\t\t\t<div class=\"elementor-element elementor-element-985403c elementor-widget elementor-widget-image\" data-id=\"985403c\" data-element_type=\"widget\" data-e-type=\"widget\" data-widget_type=\"image.default\">\n\t\t\t\t<div class=\"elementor-widget-container\">\n\t\t\t\t\t\t\t\t\t\t\t\t\t\t\t\t<a href=\"https:\/\/anaconda.com.br\/\" target=\"_blank\">\n\t\t\t\t\t\t\t<img decoding=\"async\" width=\"260\" height=\"120\" src=\"https:\/\/sitenovo.wingsltda.com.br\/wp-content\/uploads\/2024\/05\/Anaconda-Cliente-Wings.png\" class=\"attachment-large size-large wp-image-24566\" alt=\"\" srcset=\"https:\/\/sitenovo.wingsltda.com.br\/wp-content\/uploads\/2024\/05\/Anaconda-Cliente-Wings.png 260w, https:\/\/sitenovo.wingsltda.com.br\/wp-content\/uploads\/2024\/05\/Anaconda-Cliente-Wings-150x69.png 150w, https:\/\/sitenovo.wingsltda.com.br\/wp-content\/uploads\/2024\/05\/Anaconda-Cliente-Wings-18x8.png 18w\" sizes=\"(max-width: 260px) 100vw, 260px\" \/>\t\t\t\t\t\t\t\t<\/a>\n\t\t\t\t\t\t\t\t\t\t\t\t\t\t\t<\/div>\n\t\t\t\t<\/div>\n\t\t\t\t<\/div>\n\t\t<div class=\"elementor-element elementor-element-3fd2b68 e-con-full e-flex e-con e-child\" data-id=\"3fd2b68\" data-element_type=\"container\" data-e-type=\"container\">\n\t\t\t\t<div class=\"elementor-element elementor-element-2afb490 elementor-widget elementor-widget-text-editor\" data-id=\"2afb490\" data-element_type=\"widget\" data-e-type=\"widget\" data-widget_type=\"text-editor.default\">\n\t\t\t\t<div class=\"elementor-widget-container\">\n\t\t\t\t\t\t\t\t\t<p style=\"text-align: justify;\"><em>Anaconda entered the wheat market in 1951 and continues today to be a major supplier to food industries, bread bakers, food services and final consumers. The company offers quality to the community.<\/em><\/p>\t\t\t\t\t\t\t\t<\/div>\n\t\t\t\t<\/div>\n\t\t\t\t<\/div>\n\t\t\t\t\t<\/div>\n\t\t\t\t<\/div>\n\t\t<div class=\"elementor-element elementor-element-87c86ba e-flex e-con-boxed e-con e-parent\" data-id=\"87c86ba\" data-element_type=\"container\" data-e-type=\"container\">\n\t\t\t\t\t<div class=\"e-con-inner\">\n\t\t<div class=\"elementor-element elementor-element-0e4dced e-con-full e-flex e-con e-child\" data-id=\"0e4dced\" data-element_type=\"container\" data-e-type=\"container\">\n\t\t\t\t<div class=\"elementor-element elementor-element-3312d57 elementor-widget elementor-widget-image\" data-id=\"3312d57\" data-element_type=\"widget\" data-e-type=\"widget\" data-widget_type=\"image.default\">\n\t\t\t\t<div class=\"elementor-widget-container\">\n\t\t\t\t\t\t\t\t\t\t\t\t\t\t\t<img fetchpriority=\"high\" decoding=\"async\" width=\"225\" height=\"225\" src=\"https:\/\/sitenovo.wingsltda.com.br\/wp-content\/uploads\/2024\/03\/imagemanaconda.jpg\" class=\"attachment-large size-large wp-image-24191\" alt=\"\" srcset=\"https:\/\/sitenovo.wingsltda.com.br\/wp-content\/uploads\/2024\/03\/imagemanaconda.jpg 225w, https:\/\/sitenovo.wingsltda.com.br\/wp-content\/uploads\/2024\/03\/imagemanaconda-150x150.webp 150w, https:\/\/sitenovo.wingsltda.com.br\/wp-content\/uploads\/2024\/03\/imagemanaconda-12x12.webp 12w, https:\/\/sitenovo.wingsltda.com.br\/wp-content\/uploads\/2024\/03\/imagemanaconda-100x100.webp 100w\" sizes=\"(max-width: 225px) 100vw, 225px\" \/>\t\t\t\t\t\t\t\t\t\t\t\t\t\t\t<\/div>\n\t\t\t\t<\/div>\n\t\t\t\t<\/div>\n\t\t<div class=\"elementor-element elementor-element-8a73100 e-con-full e-flex e-con e-child\" data-id=\"8a73100\" data-element_type=\"container\" data-e-type=\"container\">\n\t\t\t\t<div class=\"elementor-element elementor-element-ee0e231 elementor-widget elementor-widget-text-editor\" data-id=\"ee0e231\" data-element_type=\"widget\" data-e-type=\"widget\" data-widget_type=\"text-editor.default\">\n\t\t\t\t<div class=\"elementor-widget-container\">\n\t\t\t\t\t\t\t\t\t<p style=\"text-align: justify;\">In 2005, the DustControl was installed in a receiving pit in the middle of the city of Curitiba, bringing relief to the community and the workers.<\/p>\n<p style=\"text-align: justify;\" class=\"translation-block\">The Wings DustControl is a system enhancing the quality of air around industrial receiving hoppers by keeping the dust together with the product being receiving and releasing clean air into the atmosphere.<\/br>\n<\/br>\nThe DustControl is a system for suppressing dust in bulk-product receiving pits. It has been on the market for over 20 years, with more than 250 units installed in Brazil and abroad, and tops the list of equipment in terms of the cost-benefit ratio.  The DustControl system is installed under the pit grate and does not take up space on the pit\u2019s surface.  It is completely automatic and does not use electrical energy, and, it is maintenance-free. The DustControl system is composed of modules that cover the entire surface area below the pit grate.  The modules have small chutes that regulate the flow of the product into the pit to maintain the modules with enough product to filter the exiting dust-laden air.  The DustControl controls the dust emission without slowing the unloading process.  That is why Anaconda, Brazil installed the Wings DustControl!<\/p>\t\t\t\t\t\t\t\t<\/div>\n\t\t\t\t<\/div>\n\t\t\t\t<\/div>\n\t\t\t\t\t<\/div>\n\t\t\t\t<\/div>\n\t\t\t\t<\/div>","protected":false},"excerpt":{"rendered":"<p>ANACONDA | DUSTCONTROL MEC\u00c2NICO INSTALADO EM: 2005 Este nosso cliente est\u00e1 no mercado da panifica\u00e7\u00e3o desde 1951. Cresceu para servir as ind\u00fastrias, padarias, food service e consumidores, mantendo-se sempre fiel \u00e0 proposta de oferecer produtos e servi\u00e7os de excelente qualidade, devido a esta miss\u00e3o . , todos os seus fornecedores s\u00e3o avaliados com grande cura. [&hellip;]<\/p>\n","protected":false},"author":1,"featured_media":24191,"parent":55,"menu_order":0,"comment_status":"closed","ping_status":"closed","template":"","meta":{"footnotes":""},"class_list":["post-23926","page","type-page","status-publish","has-post-thumbnail","hentry"],"yoast_head":"<!-- This site is optimized with the Yoast SEO plugin v27.3 - https:\/\/yoast.com\/product\/yoast-seo-wordpress\/ -->\n<title>ANACONDA - Wings Ltda |<\/title>\n<meta name=\"description\" content=\"Este nosso cliente est\u00e1 no mercado da panifica\u00e7\u00e3o desde 1951. Cresceu para servir as ind\u00fastrias, padarias, food service e consumidores, mantendo-se sempre fiel \u00e0 proposta de oferecer produtos e servi\u00e7os de excelente qualidade, devido a esta miss\u00e3o . , todos os seus fornecedores s\u00e3o avaliados com grande cura.\" \/>\n<meta name=\"robots\" content=\"index, follow, max-snippet:-1, max-image-preview:large, max-video-preview:-1\" \/>\n<link rel=\"canonical\" href=\"https:\/\/sitenovo.wingsltda.com.br\/en\/projetos-clientes-moegas-despoeiramento-meio-ambiente-2\/anaconda\/\" \/>\n<meta property=\"og:locale\" content=\"en_US\" \/>\n<meta property=\"og:type\" content=\"article\" \/>\n<meta property=\"og:title\" content=\"ANACONDA - Wings Ltda |\" \/>\n<meta property=\"og:description\" content=\"Este nosso cliente est\u00e1 no mercado da panifica\u00e7\u00e3o desde 1951. Cresceu para servir as ind\u00fastrias, padarias, food service e consumidores, mantendo-se sempre fiel \u00e0 proposta de oferecer produtos e servi\u00e7os de excelente qualidade, devido a esta miss\u00e3o . , todos os seus fornecedores s\u00e3o avaliados com grande cura.\" \/>\n<meta property=\"og:url\" content=\"https:\/\/sitenovo.wingsltda.com.br\/en\/projetos-clientes-moegas-despoeiramento-meio-ambiente-2\/anaconda\/\" \/>\n<meta property=\"og:site_name\" content=\"Wings Ltda |\" \/>\n<meta property=\"article:publisher\" content=\"https:\/\/www.facebook.com\/wingsltda\/\" \/>\n<meta property=\"article:modified_time\" content=\"2024-05-19T18:41:04+00:00\" \/>\n<meta property=\"og:image\" content=\"https:\/\/sitenovo.wingsltda.com.br\/wp-content\/uploads\/2024\/03\/imagemanaconda.jpg\" \/>\n\t<meta property=\"og:image:width\" content=\"225\" \/>\n\t<meta property=\"og:image:height\" content=\"225\" \/>\n\t<meta property=\"og:image:type\" content=\"image\/jpeg\" \/>\n<meta name=\"twitter:card\" content=\"summary_large_image\" \/>\n<meta name=\"twitter:label1\" content=\"Est. reading time\" \/>\n\t<meta name=\"twitter:data1\" content=\"1 minute\" \/>\n<script type=\"application\/ld+json\" class=\"yoast-schema-graph\">{\"@context\":\"https:\\\/\\\/schema.org\",\"@graph\":[{\"@type\":\"WebPage\",\"@id\":\"https:\\\/\\\/sitenovo.wingsltda.com.br\\\/pt\\\/projetos-clientes-moegas-despoeiramento-meio-ambiente-2\\\/anaconda\\\/\",\"url\":\"https:\\\/\\\/sitenovo.wingsltda.com.br\\\/pt\\\/projetos-clientes-moegas-despoeiramento-meio-ambiente-2\\\/anaconda\\\/\",\"name\":\"ANACONDA - Wings Ltda |\",\"isPartOf\":{\"@id\":\"https:\\\/\\\/sitenovo.wingsltda.com.br\\\/en\\\/#website\"},\"primaryImageOfPage\":{\"@id\":\"https:\\\/\\\/sitenovo.wingsltda.com.br\\\/pt\\\/projetos-clientes-moegas-despoeiramento-meio-ambiente-2\\\/anaconda\\\/#primaryimage\"},\"image\":{\"@id\":\"https:\\\/\\\/sitenovo.wingsltda.com.br\\\/pt\\\/projetos-clientes-moegas-despoeiramento-meio-ambiente-2\\\/anaconda\\\/#primaryimage\"},\"thumbnailUrl\":\"https:\\\/\\\/sitenovo.wingsltda.com.br\\\/wp-content\\\/uploads\\\/2024\\\/03\\\/imagemanaconda.jpg\",\"datePublished\":\"2024-03-05T17:01:11+00:00\",\"dateModified\":\"2024-05-19T18:41:04+00:00\",\"description\":\"Este nosso cliente est\u00e1 no mercado da panifica\u00e7\u00e3o desde 1951. Cresceu para servir as ind\u00fastrias, padarias, food service e consumidores, mantendo-se sempre fiel \u00e0 proposta de oferecer produtos e servi\u00e7os de excelente qualidade, devido a esta miss\u00e3o . , todos os seus fornecedores s\u00e3o avaliados com grande cura.\",\"breadcrumb\":{\"@id\":\"https:\\\/\\\/sitenovo.wingsltda.com.br\\\/pt\\\/projetos-clientes-moegas-despoeiramento-meio-ambiente-2\\\/anaconda\\\/#breadcrumb\"},\"inLanguage\":\"en-US\",\"potentialAction\":[{\"@type\":\"ReadAction\",\"target\":[\"https:\\\/\\\/sitenovo.wingsltda.com.br\\\/pt\\\/projetos-clientes-moegas-despoeiramento-meio-ambiente-2\\\/anaconda\\\/\"]}]},{\"@type\":\"ImageObject\",\"inLanguage\":\"en-US\",\"@id\":\"https:\\\/\\\/sitenovo.wingsltda.com.br\\\/pt\\\/projetos-clientes-moegas-despoeiramento-meio-ambiente-2\\\/anaconda\\\/#primaryimage\",\"url\":\"https:\\\/\\\/sitenovo.wingsltda.com.br\\\/wp-content\\\/uploads\\\/2024\\\/03\\\/imagemanaconda.jpg\",\"contentUrl\":\"https:\\\/\\\/sitenovo.wingsltda.com.br\\\/wp-content\\\/uploads\\\/2024\\\/03\\\/imagemanaconda.jpg\",\"width\":225,\"height\":225},{\"@type\":\"BreadcrumbList\",\"@id\":\"https:\\\/\\\/sitenovo.wingsltda.com.br\\\/pt\\\/projetos-clientes-moegas-despoeiramento-meio-ambiente-2\\\/anaconda\\\/#breadcrumb\",\"itemListElement\":[{\"@type\":\"ListItem\",\"position\":1,\"name\":\"In\u00edcio\",\"item\":\"https:\\\/\\\/sitenovo.wingsltda.com.br\\\/\"},{\"@type\":\"ListItem\",\"position\":2,\"name\":\"Conhe\u00e7a Alguns dos nossos Projetos\",\"item\":\"https:\\\/\\\/sitenovo.wingsltda.com.br\\\/pt\\\/projetos-clientes-moegas-despoeiramento-meio-ambiente-2\\\/\"},{\"@type\":\"ListItem\",\"position\":3,\"name\":\"ANACONDA\"}]},{\"@type\":\"WebSite\",\"@id\":\"https:\\\/\\\/sitenovo.wingsltda.com.br\\\/en\\\/#website\",\"url\":\"https:\\\/\\\/sitenovo.wingsltda.com.br\\\/en\\\/\",\"name\":\"Wings Ltda |\",\"description\":\"Transformando sua opera\u00e7\u00e3o no agro.\",\"publisher\":{\"@id\":\"https:\\\/\\\/sitenovo.wingsltda.com.br\\\/en\\\/#organization\"},\"potentialAction\":[{\"@type\":\"SearchAction\",\"target\":{\"@type\":\"EntryPoint\",\"urlTemplate\":\"https:\\\/\\\/sitenovo.wingsltda.com.br\\\/en\\\/?s={search_term_string}\"},\"query-input\":{\"@type\":\"PropertyValueSpecification\",\"valueRequired\":true,\"valueName\":\"search_term_string\"}}],\"inLanguage\":\"en-US\"},{\"@type\":\"Organization\",\"@id\":\"https:\\\/\\\/sitenovo.wingsltda.com.br\\\/en\\\/#organization\",\"name\":\"Wings Ltda\",\"url\":\"https:\\\/\\\/sitenovo.wingsltda.com.br\\\/en\\\/\",\"logo\":{\"@type\":\"ImageObject\",\"inLanguage\":\"en-US\",\"@id\":\"https:\\\/\\\/sitenovo.wingsltda.com.br\\\/en\\\/#\\\/schema\\\/logo\\\/image\\\/\",\"url\":\"https:\\\/\\\/sitenovo.wingsltda.com.br\\\/wp-content\\\/uploads\\\/2024\\\/03\\\/Wings-Logo-Novo-DustControl.png\",\"contentUrl\":\"https:\\\/\\\/sitenovo.wingsltda.com.br\\\/wp-content\\\/uploads\\\/2024\\\/03\\\/Wings-Logo-Novo-DustControl.png\",\"width\":1090,\"height\":410,\"caption\":\"Wings Ltda\"},\"image\":{\"@id\":\"https:\\\/\\\/sitenovo.wingsltda.com.br\\\/en\\\/#\\\/schema\\\/logo\\\/image\\\/\"},\"sameAs\":[\"https:\\\/\\\/www.facebook.com\\\/wingsltda\\\/\",\"https:\\\/\\\/www.linkedin.com\\\/company\\\/wingsltda\\\/\",\"https:\\\/\\\/www.youtube.com\\\/channel\\\/UC2XSL5EljSgDh-pwalcPLLA\"]}]}<\/script>\n<!-- \/ Yoast SEO plugin. -->","yoast_head_json":{"title":"ANACONDA - Wings Ltda |","description":"Anaconda entered the wheat market in 1951 and continues today to be a major supplier to food industries, bread bakers, food services and final consumers. The company offers quality to the community.","robots":{"index":"index","follow":"follow","max-snippet":"max-snippet:-1","max-image-preview":"max-image-preview:large","max-video-preview":"max-video-preview:-1"},"canonical":"https:\/\/sitenovo.wingsltda.com.br\/en\/projetos-clientes-moegas-despoeiramento-meio-ambiente-2\/anaconda\/","og_locale":"en_US","og_type":"article","og_title":"ANACONDA - Wings Ltda |","og_description":"Este nosso cliente est\u00e1 no mercado da panifica\u00e7\u00e3o desde 1951. Cresceu para servir as ind\u00fastrias, padarias, food service e consumidores, mantendo-se sempre fiel \u00e0 proposta de oferecer produtos e servi\u00e7os de excelente qualidade, devido a esta miss\u00e3o . , todos os seus fornecedores s\u00e3o avaliados com grande cura.","og_url":"https:\/\/sitenovo.wingsltda.com.br\/en\/projetos-clientes-moegas-despoeiramento-meio-ambiente-2\/anaconda\/","og_site_name":"Wings Ltda |","article_publisher":"https:\/\/www.facebook.com\/wingsltda\/","article_modified_time":"2024-05-19T18:41:04+00:00","og_image":[{"width":225,"height":225,"url":"https:\/\/sitenovo.wingsltda.com.br\/wp-content\/uploads\/2024\/03\/imagemanaconda.jpg","type":"image\/jpeg"}],"twitter_card":"summary_large_image","twitter_misc":{"Est. reading time":"1 minute"},"schema":{"@context":"https:\/\/schema.org","@graph":[{"@type":"WebPage","@id":"https:\/\/sitenovo.wingsltda.com.br\/pt\/projetos-clientes-moegas-despoeiramento-meio-ambiente-2\/anaconda\/","url":"https:\/\/sitenovo.wingsltda.com.br\/pt\/projetos-clientes-moegas-despoeiramento-meio-ambiente-2\/anaconda\/","name":"ANACONDA - Wings Ltda |","isPartOf":{"@id":"https:\/\/sitenovo.wingsltda.com.br\/en\/#website"},"primaryImageOfPage":{"@id":"https:\/\/sitenovo.wingsltda.com.br\/pt\/projetos-clientes-moegas-despoeiramento-meio-ambiente-2\/anaconda\/#primaryimage"},"image":{"@id":"https:\/\/sitenovo.wingsltda.com.br\/pt\/projetos-clientes-moegas-despoeiramento-meio-ambiente-2\/anaconda\/#primaryimage"},"thumbnailUrl":"https:\/\/sitenovo.wingsltda.com.br\/wp-content\/uploads\/2024\/03\/imagemanaconda.jpg","datePublished":"2024-03-05T17:01:11+00:00","dateModified":"2024-05-19T18:41:04+00:00","description":"Anaconda entered the wheat market in 1951 and continues today to be a major supplier to food industries, bread bakers, food services and final consumers. The company offers quality to the community.","breadcrumb":{"@id":"https:\/\/sitenovo.wingsltda.com.br\/pt\/projetos-clientes-moegas-despoeiramento-meio-ambiente-2\/anaconda\/#breadcrumb"},"inLanguage":"en-US","potentialAction":[{"@type":"ReadAction","target":["https:\/\/sitenovo.wingsltda.com.br\/pt\/projetos-clientes-moegas-despoeiramento-meio-ambiente-2\/anaconda\/"]}]},{"@type":"ImageObject","inLanguage":"en-US","@id":"https:\/\/sitenovo.wingsltda.com.br\/pt\/projetos-clientes-moegas-despoeiramento-meio-ambiente-2\/anaconda\/#primaryimage","url":"https:\/\/sitenovo.wingsltda.com.br\/wp-content\/uploads\/2024\/03\/imagemanaconda.jpg","contentUrl":"https:\/\/sitenovo.wingsltda.com.br\/wp-content\/uploads\/2024\/03\/imagemanaconda.jpg","width":225,"height":225},{"@type":"BreadcrumbList","@id":"https:\/\/sitenovo.wingsltda.com.br\/pt\/projetos-clientes-moegas-despoeiramento-meio-ambiente-2\/anaconda\/#breadcrumb","itemListElement":[{"@type":"ListItem","position":1,"name":"In\u00edcio","item":"https:\/\/sitenovo.wingsltda.com.br\/"},{"@type":"ListItem","position":2,"name":"Conhe\u00e7a Alguns dos nossos Projetos","item":"https:\/\/sitenovo.wingsltda.com.br\/pt\/projetos-clientes-moegas-despoeiramento-meio-ambiente-2\/"},{"@type":"ListItem","position":3,"name":"ANACONDA"}]},{"@type":"WebSite","@id":"https:\/\/sitenovo.wingsltda.com.br\/en\/#website","url":"https:\/\/sitenovo.wingsltda.com.br\/en\/","name":"Wings Ltda |","description":"Transformando sua opera\u00e7\u00e3o no agro.","publisher":{"@id":"https:\/\/sitenovo.wingsltda.com.br\/en\/#organization"},"potentialAction":[{"@type":"SearchAction","target":{"@type":"EntryPoint","urlTemplate":"https:\/\/sitenovo.wingsltda.com.br\/en\/?s={search_term_string}"},"query-input":{"@type":"PropertyValueSpecification","valueRequired":true,"valueName":"search_term_string"}}],"inLanguage":"en-US"},{"@type":"Organization","@id":"https:\/\/sitenovo.wingsltda.com.br\/en\/#organization","name":"Wings Ltda","url":"https:\/\/sitenovo.wingsltda.com.br\/en\/","logo":{"@type":"ImageObject","inLanguage":"en-US","@id":"https:\/\/sitenovo.wingsltda.com.br\/en\/#\/schema\/logo\/image\/","url":"https:\/\/sitenovo.wingsltda.com.br\/wp-content\/uploads\/2024\/03\/Wings-Logo-Novo-DustControl.png","contentUrl":"https:\/\/sitenovo.wingsltda.com.br\/wp-content\/uploads\/2024\/03\/Wings-Logo-Novo-DustControl.png","width":1090,"height":410,"caption":"Wings Ltda"},"image":{"@id":"https:\/\/sitenovo.wingsltda.com.br\/en\/#\/schema\/logo\/image\/"},"sameAs":["https:\/\/www.facebook.com\/wingsltda\/","https:\/\/www.linkedin.com\/company\/wingsltda\/","https:\/\/www.youtube.com\/channel\/UC2XSL5EljSgDh-pwalcPLLA"]}]}},"_links":{"self":[{"href":"https:\/\/sitenovo.wingsltda.com.br\/en\/wp-json\/wp\/v2\/pages\/23926","targetHints":{"allow":["GET"]}}],"collection":[{"href":"https:\/\/sitenovo.wingsltda.com.br\/en\/wp-json\/wp\/v2\/pages"}],"about":[{"href":"https:\/\/sitenovo.wingsltda.com.br\/en\/wp-json\/wp\/v2\/types\/page"}],"author":[{"embeddable":true,"href":"https:\/\/sitenovo.wingsltda.com.br\/en\/wp-json\/wp\/v2\/users\/1"}],"replies":[{"embeddable":true,"href":"https:\/\/sitenovo.wingsltda.com.br\/en\/wp-json\/wp\/v2\/comments?post=23926"}],"version-history":[{"count":6,"href":"https:\/\/sitenovo.wingsltda.com.br\/en\/wp-json\/wp\/v2\/pages\/23926\/revisions"}],"predecessor-version":[{"id":24987,"href":"https:\/\/sitenovo.wingsltda.com.br\/en\/wp-json\/wp\/v2\/pages\/23926\/revisions\/24987"}],"up":[{"embeddable":true,"href":"https:\/\/sitenovo.wingsltda.com.br\/en\/wp-json\/wp\/v2\/pages\/55"}],"wp:featuredmedia":[{"embeddable":true,"href":"https:\/\/sitenovo.wingsltda.com.br\/en\/wp-json\/wp\/v2\/media\/24191"}],"wp:attachment":[{"href":"https:\/\/sitenovo.wingsltda.com.br\/en\/wp-json\/wp\/v2\/media?parent=23926"}],"curies":[{"name":"wp","href":"https:\/\/api.w.org\/{rel}","templated":true}]}}