{"id":23948,"date":"2024-03-07T14:47:40","date_gmt":"2024-03-07T17:47:40","guid":{"rendered":"https:\/\/sitenovo.wingsltda.com.br\/?page_id=23948"},"modified":"2024-05-19T16:07:24","modified_gmt":"2024-05-19T19:07:24","slug":"red-wing-grain-eua","status":"publish","type":"page","link":"https:\/\/sitenovo.wingsltda.com.br\/en\/projetos-clientes-moegas-despoeiramento-meio-ambiente-2\/red-wing-grain-eua\/","title":{"rendered":"RED WING GRAIN EUA"},"content":{"rendered":"<div data-elementor-type=\"wp-page\" data-elementor-id=\"23948\" class=\"elementor elementor-23948\">\n\t\t\t\t<div class=\"elementor-element elementor-element-0cea413 e-flex e-con-boxed e-con e-parent\" data-id=\"0cea413\" data-element_type=\"container\" data-e-type=\"container\">\n\t\t\t\t\t<div class=\"e-con-inner\">\n\t\t<div class=\"elementor-element elementor-element-a5406d6 e-con-full e-flex e-con e-child\" data-id=\"a5406d6\" data-element_type=\"container\" data-e-type=\"container\">\n\t\t\t\t<div class=\"elementor-element elementor-element-1fca402 elementor-widget elementor-widget-heading\" data-id=\"1fca402\" data-element_type=\"widget\" data-e-type=\"widget\" data-widget_type=\"heading.default\">\n\t\t\t\t<div class=\"elementor-widget-container\">\n\t\t\t\t\t<h2 class=\"elementor-heading-title elementor-size-default\">RED WING GRAIN EUA | INSTALOU DUSTCONTROL DA WINGS<\/h2>\t\t\t\t<\/div>\n\t\t\t\t<\/div>\n\t\t\t\t<div class=\"elementor-element elementor-element-8baa507 elementor-widget elementor-widget-image\" data-id=\"8baa507\" data-element_type=\"widget\" data-e-type=\"widget\" data-widget_type=\"image.default\">\n\t\t\t\t<div class=\"elementor-widget-container\">\n\t\t\t\t\t\t\t\t\t\t\t\t\t\t\t\t<a href=\"https:\/\/redwinggrain.agpartners.net\/\" target=\"_blank\">\n\t\t\t\t\t\t\t<img decoding=\"async\" width=\"260\" height=\"120\" src=\"https:\/\/sitenovo.wingsltda.com.br\/wp-content\/uploads\/2024\/05\/Red-Wing-Grain-Cliente-Wings.jpg\" class=\"attachment-large size-large wp-image-24558\" alt=\"\" srcset=\"https:\/\/sitenovo.wingsltda.com.br\/wp-content\/uploads\/2024\/05\/Red-Wing-Grain-Cliente-Wings.jpg 260w, https:\/\/sitenovo.wingsltda.com.br\/wp-content\/uploads\/2024\/05\/Red-Wing-Grain-Cliente-Wings-150x69.jpg 150w, https:\/\/sitenovo.wingsltda.com.br\/wp-content\/uploads\/2024\/05\/Red-Wing-Grain-Cliente-Wings-18x8.jpg 18w\" sizes=\"(max-width: 260px) 100vw, 260px\" \/>\t\t\t\t\t\t\t\t<\/a>\n\t\t\t\t\t\t\t\t\t\t\t\t\t\t\t<\/div>\n\t\t\t\t<\/div>\n\t\t\t\t<\/div>\n\t\t<div class=\"elementor-element elementor-element-5a7f2be e-con-full e-flex e-con e-child\" data-id=\"5a7f2be\" data-element_type=\"container\" data-e-type=\"container\">\n\t\t\t\t<div class=\"elementor-element elementor-element-2909e29 elementor-widget elementor-widget-text-editor\" data-id=\"2909e29\" data-element_type=\"widget\" data-e-type=\"widget\" data-widget_type=\"text-editor.default\">\n\t\t\t\t<div class=\"elementor-widget-container\">\n\t\t\t\t\t\t\t\t\t<p style=\"text-align: justify;\"><em>Red Wing Grain, LLC is located in Red Wing, MN and is part of the Grain &amp; Field Bean Wholesalers Industry, serving Southeastern Minnesota and Western Wisconsin. Red Wing Grain offers a variety of solutions to help its clients manage risk on delivered grain, with suggestions on spreading risk while increasing opportunity for market gain.<\/em><\/p>\t\t\t\t\t\t\t\t<\/div>\n\t\t\t\t<\/div>\n\t\t\t\t<div class=\"elementor-element elementor-element-0018d26 elementor-widget elementor-widget-text-editor\" data-id=\"0018d26\" data-element_type=\"widget\" data-e-type=\"widget\" data-widget_type=\"text-editor.default\">\n\t\t\t\t<div class=\"elementor-widget-container\">\n\t\t\t\t\t\t\t\t\t<table>\n<tbody>\n<tr>\n<td><strong>Location<\/strong><\/td>\n<td><strong>Installation Year<\/strong><\/td>\n<td><strong>Number of Systems<\/strong><\/td>\n<td><strong>Contractor<\/strong><\/td>\n<\/tr>\n<tr>\n<td>Red Wing, MN<\/td>\n<td>2017<\/td>\n<td>1<\/td>\n<td><a href=\"https:\/\/mccormickconstruction.com\/\">McC Inc<\/a><\/td>\n<\/tr>\n<\/tbody>\n<\/table>\t\t\t\t\t\t\t\t<\/div>\n\t\t\t\t<\/div>\n\t\t\t\t<\/div>\n\t\t\t\t\t<\/div>\n\t\t\t\t<\/div>\n\t\t<div class=\"elementor-element elementor-element-ce058c2 e-flex e-con-boxed e-con e-parent\" data-id=\"ce058c2\" data-element_type=\"container\" data-e-type=\"container\">\n\t\t\t\t\t<div class=\"e-con-inner\">\n\t\t<div class=\"elementor-element elementor-element-080f63a e-con-full e-flex e-con e-child\" data-id=\"080f63a\" data-element_type=\"container\" data-e-type=\"container\">\n\t\t\t\t<div class=\"elementor-element elementor-element-2413e82 elementor-widget elementor-widget-video\" data-id=\"2413e82\" data-element_type=\"widget\" data-e-type=\"widget\" data-settings=\"{&quot;video_type&quot;:&quot;hosted&quot;,&quot;controls&quot;:&quot;yes&quot;}\" data-widget_type=\"video.default\">\n\t\t\t\t<div class=\"elementor-widget-container\">\n\t\t\t\t\t\t\t<div class=\"e-hosted-video elementor-wrapper elementor-open-inline\">\n\t\t\t\t\t<video class=\"elementor-video\" src=\"https:\/\/sitenovo.wingsltda.com.br\/wp-content\/uploads\/2024\/03\/gs1min.mp4\" controls=\"\" preload=\"metadata\" controlslist=\"nodownload\"><\/video>\n\t\t\t\t<\/div>\n\t\t\t\t\t\t<\/div>\n\t\t\t\t<\/div>\n\t\t\t\t<\/div>\n\t\t<div class=\"elementor-element elementor-element-a19e9cc e-con-full e-flex e-con e-child\" data-id=\"a19e9cc\" data-element_type=\"container\" data-e-type=\"container\">\n\t\t\t\t<div class=\"elementor-element elementor-element-ede7093 elementor-widget elementor-widget-text-editor\" data-id=\"ede7093\" data-element_type=\"widget\" data-e-type=\"widget\" data-widget_type=\"text-editor.default\">\n\t\t\t\t<div class=\"elementor-widget-container\">\n\t\t\t\t\t\t\t\t\t<p style=\"text-align: justify;\">DustControl modules are installed under the grate and dumper pit, preventing dust from escaping from the hopper.\n\nThe DustControl is a superior baffle system for suppressing dust in bulk-product receiving pits. It has been on the market for over 20 years, with more than 250 units installed in Brazil and abroad, and tops the list of equipment in terms of the cost-benefit ratio.  The DustControl system is installed under the pit grate and does not take up space on the pit\u2019s surface.  It is completely automatic and does not use electrical energy, and, it is maintenance-free. The DustControl system is composed of modules that cover the entire surface area below the pit grate.  The modules have small chutes that regulate the flow of the product into the pit to maintain the modules with enough product to filter the exiting dust-laden air.  The DustControl controls the dust emission without slowing the unloading process.  That is why Red Wing Grain installed Wings DustControl!<\/p>\t\t\t\t\t\t\t\t<\/div>\n\t\t\t\t<\/div>\n\t\t\t\t<\/div>\n\t\t\t\t\t<\/div>\n\t\t\t\t<\/div>\n\t\t\t\t<\/div>","protected":false},"excerpt":{"rendered":"<p>RED WING GRAIN EUA | INSTALOU DUSTCONTROL DA WINGS A Red Wing Grain, LLC est\u00e1 localizada em Red Wing, MN e faz parte da Ind\u00fastria Atacadista de Gr\u00e3os e Feij\u00f5es, atendendo ao sudeste de Minnesota e oeste de Wisconsin. A Red Wing Grain oferece uma variedade de solu\u00e7\u00f5es para ajudar seus clientes a gerenciar o [&hellip;]<\/p>\n","protected":false},"author":1,"featured_media":24311,"parent":55,"menu_order":0,"comment_status":"open","ping_status":"closed","template":"","meta":{"footnotes":""},"class_list":["post-23948","page","type-page","status-publish","has-post-thumbnail","hentry"],"yoast_head":"<!-- This site is optimized with the Yoast SEO plugin v27.4 - https:\/\/yoast.com\/product\/yoast-seo-wordpress\/ -->\n<title>RED WING GRAIN EUA - Wings Ltda |<\/title>\n<meta name=\"description\" content=\"A Red Wing Grain, LLC est\u00e1 localizada em Red Wing, MN e faz parte da Ind\u00fastria Atacadista de Gr\u00e3os e Feij\u00f5es, atendendo ao sudeste de Minnesota e oeste de Wisconsin. A Red Wing Grain oferece uma variedade de solu\u00e7\u00f5es para ajudar seus clientes a gerenciar o risco dos gr\u00e3os entregues, com sugest\u00f5es sobre como espalhar o risco e, ao mesmo tempo, aumentar as oportunidades de ganho de mercado.\" \/>\n<meta name=\"robots\" content=\"index, follow, max-snippet:-1, max-image-preview:large, max-video-preview:-1\" \/>\n<link rel=\"canonical\" href=\"https:\/\/sitenovo.wingsltda.com.br\/en\/projetos-clientes-moegas-despoeiramento-meio-ambiente-2\/red-wing-grain-eua\/\" \/>\n<meta property=\"og:locale\" content=\"en_US\" \/>\n<meta property=\"og:type\" content=\"article\" \/>\n<meta property=\"og:title\" content=\"RED WING GRAIN EUA - Wings Ltda |\" \/>\n<meta property=\"og:description\" content=\"A Red Wing Grain, LLC est\u00e1 localizada em Red Wing, MN e faz parte da Ind\u00fastria Atacadista de Gr\u00e3os e Feij\u00f5es, atendendo ao sudeste de Minnesota e oeste de Wisconsin. A Red Wing Grain oferece uma variedade de solu\u00e7\u00f5es para ajudar seus clientes a gerenciar o risco dos gr\u00e3os entregues, com sugest\u00f5es sobre como espalhar o risco e, ao mesmo tempo, aumentar as oportunidades de ganho de mercado.\" \/>\n<meta property=\"og:url\" content=\"https:\/\/sitenovo.wingsltda.com.br\/en\/projetos-clientes-moegas-despoeiramento-meio-ambiente-2\/red-wing-grain-eua\/\" \/>\n<meta property=\"og:site_name\" content=\"Wings Ltda |\" \/>\n<meta property=\"article:publisher\" content=\"https:\/\/www.facebook.com\/wingsltda\/\" \/>\n<meta property=\"article:modified_time\" content=\"2024-05-19T19:07:24+00:00\" \/>\n<meta property=\"og:image\" content=\"https:\/\/sitenovo.wingsltda.com.br\/wp-content\/uploads\/2024\/03\/gs-280x280-1-jpg.webp\" \/>\n\t<meta property=\"og:image:width\" content=\"280\" \/>\n\t<meta property=\"og:image:height\" content=\"280\" \/>\n\t<meta property=\"og:image:type\" content=\"image\/jpeg\" \/>\n<meta name=\"twitter:card\" content=\"summary_large_image\" \/>\n<meta name=\"twitter:label1\" content=\"Est. reading time\" \/>\n\t<meta name=\"twitter:data1\" content=\"2 minutes\" \/>\n<script type=\"application\/ld+json\" class=\"yoast-schema-graph\">{\"@context\":\"https:\\\/\\\/schema.org\",\"@graph\":[{\"@type\":\"WebPage\",\"@id\":\"https:\\\/\\\/sitenovo.wingsltda.com.br\\\/pt\\\/projetos-clientes-moegas-despoeiramento-meio-ambiente-2\\\/red-wing-grain-eua\\\/\",\"url\":\"https:\\\/\\\/sitenovo.wingsltda.com.br\\\/pt\\\/projetos-clientes-moegas-despoeiramento-meio-ambiente-2\\\/red-wing-grain-eua\\\/\",\"name\":\"RED WING GRAIN EUA - Wings Ltda |\",\"isPartOf\":{\"@id\":\"https:\\\/\\\/sitenovo.wingsltda.com.br\\\/en\\\/#website\"},\"primaryImageOfPage\":{\"@id\":\"https:\\\/\\\/sitenovo.wingsltda.com.br\\\/pt\\\/projetos-clientes-moegas-despoeiramento-meio-ambiente-2\\\/red-wing-grain-eua\\\/#primaryimage\"},\"image\":{\"@id\":\"https:\\\/\\\/sitenovo.wingsltda.com.br\\\/pt\\\/projetos-clientes-moegas-despoeiramento-meio-ambiente-2\\\/red-wing-grain-eua\\\/#primaryimage\"},\"thumbnailUrl\":\"https:\\\/\\\/sitenovo.wingsltda.com.br\\\/wp-content\\\/uploads\\\/2024\\\/03\\\/gs-280x280-1-jpg.webp\",\"datePublished\":\"2024-03-07T17:47:40+00:00\",\"dateModified\":\"2024-05-19T19:07:24+00:00\",\"description\":\"A Red Wing Grain, LLC est\u00e1 localizada em Red Wing, MN e faz parte da Ind\u00fastria Atacadista de Gr\u00e3os e Feij\u00f5es, atendendo ao sudeste de Minnesota e oeste de Wisconsin. A Red Wing Grain oferece uma variedade de solu\u00e7\u00f5es para ajudar seus clientes a gerenciar o risco dos gr\u00e3os entregues, com sugest\u00f5es sobre como espalhar o risco e, ao mesmo tempo, aumentar as oportunidades de ganho de mercado.\",\"breadcrumb\":{\"@id\":\"https:\\\/\\\/sitenovo.wingsltda.com.br\\\/pt\\\/projetos-clientes-moegas-despoeiramento-meio-ambiente-2\\\/red-wing-grain-eua\\\/#breadcrumb\"},\"inLanguage\":\"en-US\",\"potentialAction\":[{\"@type\":\"ReadAction\",\"target\":[\"https:\\\/\\\/sitenovo.wingsltda.com.br\\\/pt\\\/projetos-clientes-moegas-despoeiramento-meio-ambiente-2\\\/red-wing-grain-eua\\\/\"]}]},{\"@type\":\"ImageObject\",\"inLanguage\":\"en-US\",\"@id\":\"https:\\\/\\\/sitenovo.wingsltda.com.br\\\/pt\\\/projetos-clientes-moegas-despoeiramento-meio-ambiente-2\\\/red-wing-grain-eua\\\/#primaryimage\",\"url\":\"https:\\\/\\\/sitenovo.wingsltda.com.br\\\/wp-content\\\/uploads\\\/2024\\\/03\\\/gs-280x280-1-jpg.webp\",\"contentUrl\":\"https:\\\/\\\/sitenovo.wingsltda.com.br\\\/wp-content\\\/uploads\\\/2024\\\/03\\\/gs-280x280-1-jpg.webp\",\"width\":280,\"height\":280},{\"@type\":\"BreadcrumbList\",\"@id\":\"https:\\\/\\\/sitenovo.wingsltda.com.br\\\/pt\\\/projetos-clientes-moegas-despoeiramento-meio-ambiente-2\\\/red-wing-grain-eua\\\/#breadcrumb\",\"itemListElement\":[{\"@type\":\"ListItem\",\"position\":1,\"name\":\"In\u00edcio\",\"item\":\"https:\\\/\\\/sitenovo.wingsltda.com.br\\\/\"},{\"@type\":\"ListItem\",\"position\":2,\"name\":\"Conhe\u00e7a Alguns dos nossos Projetos\",\"item\":\"https:\\\/\\\/sitenovo.wingsltda.com.br\\\/pt\\\/projetos-clientes-moegas-despoeiramento-meio-ambiente-2\\\/\"},{\"@type\":\"ListItem\",\"position\":3,\"name\":\"RED WING GRAIN EUA\"}]},{\"@type\":\"WebSite\",\"@id\":\"https:\\\/\\\/sitenovo.wingsltda.com.br\\\/en\\\/#website\",\"url\":\"https:\\\/\\\/sitenovo.wingsltda.com.br\\\/en\\\/\",\"name\":\"Wings Ltda |\",\"description\":\"Transformando sua opera\u00e7\u00e3o no agro.\",\"publisher\":{\"@id\":\"https:\\\/\\\/sitenovo.wingsltda.com.br\\\/en\\\/#organization\"},\"potentialAction\":[{\"@type\":\"SearchAction\",\"target\":{\"@type\":\"EntryPoint\",\"urlTemplate\":\"https:\\\/\\\/sitenovo.wingsltda.com.br\\\/en\\\/?s={search_term_string}\"},\"query-input\":{\"@type\":\"PropertyValueSpecification\",\"valueRequired\":true,\"valueName\":\"search_term_string\"}}],\"inLanguage\":\"en-US\"},{\"@type\":\"Organization\",\"@id\":\"https:\\\/\\\/sitenovo.wingsltda.com.br\\\/en\\\/#organization\",\"name\":\"Wings Ltda\",\"url\":\"https:\\\/\\\/sitenovo.wingsltda.com.br\\\/en\\\/\",\"logo\":{\"@type\":\"ImageObject\",\"inLanguage\":\"en-US\",\"@id\":\"https:\\\/\\\/sitenovo.wingsltda.com.br\\\/en\\\/#\\\/schema\\\/logo\\\/image\\\/\",\"url\":\"https:\\\/\\\/sitenovo.wingsltda.com.br\\\/wp-content\\\/uploads\\\/2024\\\/03\\\/Wings-Logo-Novo-DustControl.png\",\"contentUrl\":\"https:\\\/\\\/sitenovo.wingsltda.com.br\\\/wp-content\\\/uploads\\\/2024\\\/03\\\/Wings-Logo-Novo-DustControl.png\",\"width\":1090,\"height\":410,\"caption\":\"Wings Ltda\"},\"image\":{\"@id\":\"https:\\\/\\\/sitenovo.wingsltda.com.br\\\/en\\\/#\\\/schema\\\/logo\\\/image\\\/\"},\"sameAs\":[\"https:\\\/\\\/www.facebook.com\\\/wingsltda\\\/\",\"https:\\\/\\\/www.linkedin.com\\\/company\\\/wingsltda\\\/\",\"https:\\\/\\\/www.youtube.com\\\/channel\\\/UC2XSL5EljSgDh-pwalcPLLA\"]}]}<\/script>\n<!-- \/ Yoast SEO plugin. -->","yoast_head_json":{"title":"RED WING GRAIN EUA - Wings Ltda |","description":"Red Wing Grain, LLC is located in Red Wing, MN and is part of the Grain &amp; Field Bean Wholesalers Industry, serving Southeastern Minnesota and Western Wisconsin. Red Wing Grain offers a variety of solutions to help its clients manage risk on delivered grain, with suggestions on spreading risk while increasing opportunity for market gain.","robots":{"index":"index","follow":"follow","max-snippet":"max-snippet:-1","max-image-preview":"max-image-preview:large","max-video-preview":"max-video-preview:-1"},"canonical":"https:\/\/sitenovo.wingsltda.com.br\/en\/projetos-clientes-moegas-despoeiramento-meio-ambiente-2\/red-wing-grain-eua\/","og_locale":"en_US","og_type":"article","og_title":"RED WING GRAIN EUA - Wings Ltda |","og_description":"A Red Wing Grain, LLC est\u00e1 localizada em Red Wing, MN e faz parte da Ind\u00fastria Atacadista de Gr\u00e3os e Feij\u00f5es, atendendo ao sudeste de Minnesota e oeste de Wisconsin. A Red Wing Grain oferece uma variedade de solu\u00e7\u00f5es para ajudar seus clientes a gerenciar o risco dos gr\u00e3os entregues, com sugest\u00f5es sobre como espalhar o risco e, ao mesmo tempo, aumentar as oportunidades de ganho de mercado.","og_url":"https:\/\/sitenovo.wingsltda.com.br\/en\/projetos-clientes-moegas-despoeiramento-meio-ambiente-2\/red-wing-grain-eua\/","og_site_name":"Wings Ltda |","article_publisher":"https:\/\/www.facebook.com\/wingsltda\/","article_modified_time":"2024-05-19T19:07:24+00:00","og_image":[{"width":280,"height":280,"url":"https:\/\/sitenovo.wingsltda.com.br\/wp-content\/uploads\/2024\/03\/gs-280x280-1-jpg.webp","type":"image\/jpeg"}],"twitter_card":"summary_large_image","twitter_misc":{"Est. reading time":"2 minutes"},"schema":{"@context":"https:\/\/schema.org","@graph":[{"@type":"WebPage","@id":"https:\/\/sitenovo.wingsltda.com.br\/pt\/projetos-clientes-moegas-despoeiramento-meio-ambiente-2\/red-wing-grain-eua\/","url":"https:\/\/sitenovo.wingsltda.com.br\/pt\/projetos-clientes-moegas-despoeiramento-meio-ambiente-2\/red-wing-grain-eua\/","name":"RED WING GRAIN EUA - Wings Ltda |","isPartOf":{"@id":"https:\/\/sitenovo.wingsltda.com.br\/en\/#website"},"primaryImageOfPage":{"@id":"https:\/\/sitenovo.wingsltda.com.br\/pt\/projetos-clientes-moegas-despoeiramento-meio-ambiente-2\/red-wing-grain-eua\/#primaryimage"},"image":{"@id":"https:\/\/sitenovo.wingsltda.com.br\/pt\/projetos-clientes-moegas-despoeiramento-meio-ambiente-2\/red-wing-grain-eua\/#primaryimage"},"thumbnailUrl":"https:\/\/sitenovo.wingsltda.com.br\/wp-content\/uploads\/2024\/03\/gs-280x280-1-jpg.webp","datePublished":"2024-03-07T17:47:40+00:00","dateModified":"2024-05-19T19:07:24+00:00","description":"Red Wing Grain, LLC is located in Red Wing, MN and is part of the Grain &amp; Field Bean Wholesalers Industry, serving Southeastern Minnesota and Western Wisconsin. Red Wing Grain offers a variety of solutions to help its clients manage risk on delivered grain, with suggestions on spreading risk while increasing opportunity for market gain.","breadcrumb":{"@id":"https:\/\/sitenovo.wingsltda.com.br\/pt\/projetos-clientes-moegas-despoeiramento-meio-ambiente-2\/red-wing-grain-eua\/#breadcrumb"},"inLanguage":"en-US","potentialAction":[{"@type":"ReadAction","target":["https:\/\/sitenovo.wingsltda.com.br\/pt\/projetos-clientes-moegas-despoeiramento-meio-ambiente-2\/red-wing-grain-eua\/"]}]},{"@type":"ImageObject","inLanguage":"en-US","@id":"https:\/\/sitenovo.wingsltda.com.br\/pt\/projetos-clientes-moegas-despoeiramento-meio-ambiente-2\/red-wing-grain-eua\/#primaryimage","url":"https:\/\/sitenovo.wingsltda.com.br\/wp-content\/uploads\/2024\/03\/gs-280x280-1-jpg.webp","contentUrl":"https:\/\/sitenovo.wingsltda.com.br\/wp-content\/uploads\/2024\/03\/gs-280x280-1-jpg.webp","width":280,"height":280},{"@type":"BreadcrumbList","@id":"https:\/\/sitenovo.wingsltda.com.br\/pt\/projetos-clientes-moegas-despoeiramento-meio-ambiente-2\/red-wing-grain-eua\/#breadcrumb","itemListElement":[{"@type":"ListItem","position":1,"name":"In\u00edcio","item":"https:\/\/sitenovo.wingsltda.com.br\/"},{"@type":"ListItem","position":2,"name":"Conhe\u00e7a Alguns dos nossos Projetos","item":"https:\/\/sitenovo.wingsltda.com.br\/pt\/projetos-clientes-moegas-despoeiramento-meio-ambiente-2\/"},{"@type":"ListItem","position":3,"name":"RED WING GRAIN EUA"}]},{"@type":"WebSite","@id":"https:\/\/sitenovo.wingsltda.com.br\/en\/#website","url":"https:\/\/sitenovo.wingsltda.com.br\/en\/","name":"Wings Ltda |","description":"Transformando sua opera\u00e7\u00e3o no agro.","publisher":{"@id":"https:\/\/sitenovo.wingsltda.com.br\/en\/#organization"},"potentialAction":[{"@type":"SearchAction","target":{"@type":"EntryPoint","urlTemplate":"https:\/\/sitenovo.wingsltda.com.br\/en\/?s={search_term_string}"},"query-input":{"@type":"PropertyValueSpecification","valueRequired":true,"valueName":"search_term_string"}}],"inLanguage":"en-US"},{"@type":"Organization","@id":"https:\/\/sitenovo.wingsltda.com.br\/en\/#organization","name":"Wings Ltda","url":"https:\/\/sitenovo.wingsltda.com.br\/en\/","logo":{"@type":"ImageObject","inLanguage":"en-US","@id":"https:\/\/sitenovo.wingsltda.com.br\/en\/#\/schema\/logo\/image\/","url":"https:\/\/sitenovo.wingsltda.com.br\/wp-content\/uploads\/2024\/03\/Wings-Logo-Novo-DustControl.png","contentUrl":"https:\/\/sitenovo.wingsltda.com.br\/wp-content\/uploads\/2024\/03\/Wings-Logo-Novo-DustControl.png","width":1090,"height":410,"caption":"Wings Ltda"},"image":{"@id":"https:\/\/sitenovo.wingsltda.com.br\/en\/#\/schema\/logo\/image\/"},"sameAs":["https:\/\/www.facebook.com\/wingsltda\/","https:\/\/www.linkedin.com\/company\/wingsltda\/","https:\/\/www.youtube.com\/channel\/UC2XSL5EljSgDh-pwalcPLLA"]}]}},"_links":{"self":[{"href":"https:\/\/sitenovo.wingsltda.com.br\/en\/wp-json\/wp\/v2\/pages\/23948","targetHints":{"allow":["GET"]}}],"collection":[{"href":"https:\/\/sitenovo.wingsltda.com.br\/en\/wp-json\/wp\/v2\/pages"}],"about":[{"href":"https:\/\/sitenovo.wingsltda.com.br\/en\/wp-json\/wp\/v2\/types\/page"}],"author":[{"embeddable":true,"href":"https:\/\/sitenovo.wingsltda.com.br\/en\/wp-json\/wp\/v2\/users\/1"}],"replies":[{"embeddable":true,"href":"https:\/\/sitenovo.wingsltda.com.br\/en\/wp-json\/wp\/v2\/comments?post=23948"}],"version-history":[{"count":5,"href":"https:\/\/sitenovo.wingsltda.com.br\/en\/wp-json\/wp\/v2\/pages\/23948\/revisions"}],"predecessor-version":[{"id":25011,"href":"https:\/\/sitenovo.wingsltda.com.br\/en\/wp-json\/wp\/v2\/pages\/23948\/revisions\/25011"}],"up":[{"embeddable":true,"href":"https:\/\/sitenovo.wingsltda.com.br\/en\/wp-json\/wp\/v2\/pages\/55"}],"wp:featuredmedia":[{"embeddable":true,"href":"https:\/\/sitenovo.wingsltda.com.br\/en\/wp-json\/wp\/v2\/media\/24311"}],"wp:attachment":[{"href":"https:\/\/sitenovo.wingsltda.com.br\/en\/wp-json\/wp\/v2\/media?parent=23948"}],"curies":[{"name":"wp","href":"https:\/\/api.w.org\/{rel}","templated":true}]}}