{"id":3462,"date":"2021-03-25T11:57:57","date_gmt":"2021-03-25T11:57:57","guid":{"rendered":"https:\/\/sitenovo.wingsltda.com.br\/?page_id=3462"},"modified":"2024-05-16T13:35:35","modified_gmt":"2024-05-16T16:35:35","slug":"avi-beaker-debicador-automatico-aves-pintinhos","status":"publish","type":"page","link":"https:\/\/sitenovo.wingsltda.com.br\/en\/avicultura-debicadores-vacinadoras-equipamento-aves-pintinhos\/avi-beaker-debicador-automatico-aves-pintinhos\/","title":{"rendered":"AviBeaker"},"content":{"rendered":"<div data-elementor-type=\"wp-page\" data-elementor-id=\"3462\" class=\"elementor elementor-3462\">\n\t\t\t\t<div class=\"elementor-element elementor-element-c34636c e-flex e-con-boxed e-con e-parent\" data-id=\"c34636c\" data-element_type=\"container\" data-e-type=\"container\">\n\t\t\t\t\t<div class=\"e-con-inner\">\n\t\t\t\t<div class=\"elementor-element elementor-element-2e87088 elementor-widget elementor-widget-gallery\" data-id=\"2e87088\" data-element_type=\"widget\" data-e-type=\"widget\" data-settings=\"{&quot;gallery_layout&quot;:&quot;masonry&quot;,&quot;lazyload&quot;:&quot;yes&quot;,&quot;columns&quot;:4,&quot;columns_tablet&quot;:2,&quot;columns_mobile&quot;:1,&quot;gap&quot;:{&quot;unit&quot;:&quot;px&quot;,&quot;size&quot;:10,&quot;sizes&quot;:[]},&quot;gap_tablet&quot;:{&quot;unit&quot;:&quot;px&quot;,&quot;size&quot;:10,&quot;sizes&quot;:[]},&quot;gap_mobile&quot;:{&quot;unit&quot;:&quot;px&quot;,&quot;size&quot;:10,&quot;sizes&quot;:[]},&quot;link_to&quot;:&quot;file&quot;,&quot;overlay_background&quot;:&quot;yes&quot;,&quot;content_hover_animation&quot;:&quot;fade-in&quot;}\" data-widget_type=\"gallery.default\">\n\t\t\t\t<div class=\"elementor-widget-container\">\n\t\t\t\t\t\t\t<div class=\"elementor-gallery__container\">\n\t\t\t\t\t\t\t<a class=\"e-gallery-item elementor-gallery-item elementor-animated-content\" href=\"https:\/\/sitenovo.wingsltda.com.br\/wp-content\/uploads\/2021\/03\/Debicador-F3-scaled-e1645191521362-600x576-1-jpg.webp\" data-elementor-open-lightbox=\"yes\" data-elementor-lightbox-slideshow=\"all-2e87088\" data-elementor-lightbox-title=\"Debicador-F3-scaled-e1645191521362-600x576\" data-e-action-hash=\"#elementor-action%3Aaction%3Dlightbox%26settings%3DeyJpZCI6MjQzNjAsInVybCI6Imh0dHBzOlwvXC9zaXRlbm92by53aW5nc2x0ZGEuY29tLmJyXC93cC1jb250ZW50XC91cGxvYWRzXC8yMDIxXC8wM1wvRGViaWNhZG9yLUYzLXNjYWxlZC1lMTY0NTE5MTUyMTM2Mi02MDB4NTc2LTEtanBnLndlYnAiLCJzbGlkZXNob3ciOiJhbGwtMmU4NzA4OCJ9\">\n\t\t\t\t\t<div class=\"e-gallery-image elementor-gallery-item__image\" data-thumbnail=\"https:\/\/sitenovo.wingsltda.com.br\/wp-content\/uploads\/2021\/03\/Debicador-F3-scaled-e1645191521362-600x576-1-417x400.webp\" data-width=\"417\" data-height=\"400\" alt=\"\" ><\/div>\n\t\t\t\t\t\t\t\t\t\t\t<div class=\"elementor-gallery-item__overlay\"><\/div>\n\t\t\t\t\t\t\t\t\t\t\t\t\t\t<\/a>\n\t\t\t\t\t\t\t<a class=\"e-gallery-item elementor-gallery-item elementor-animated-content\" href=\"https:\/\/sitenovo.wingsltda.com.br\/wp-content\/uploads\/2021\/03\/DebicadorF1-600x400-1-jpg.webp\" data-elementor-open-lightbox=\"yes\" data-elementor-lightbox-slideshow=\"all-2e87088\" data-elementor-lightbox-title=\"DebicadorF1-600x400\" data-e-action-hash=\"#elementor-action%3Aaction%3Dlightbox%26settings%3DeyJpZCI6MjQzNjMsInVybCI6Imh0dHBzOlwvXC9zaXRlbm92by53aW5nc2x0ZGEuY29tLmJyXC93cC1jb250ZW50XC91cGxvYWRzXC8yMDIxXC8wM1wvRGViaWNhZG9yRjEtNjAweDQwMC0xLWpwZy53ZWJwIiwic2xpZGVzaG93IjoiYWxsLTJlODcwODgifQ%3D%3D\">\n\t\t\t\t\t<div class=\"e-gallery-image elementor-gallery-item__image\" data-thumbnail=\"https:\/\/sitenovo.wingsltda.com.br\/wp-content\/uploads\/2021\/03\/DebicadorF1-600x400-1-jpg.webp\" data-width=\"600\" data-height=\"400\" alt=\"\" ><\/div>\n\t\t\t\t\t\t\t\t\t\t\t<div class=\"elementor-gallery-item__overlay\"><\/div>\n\t\t\t\t\t\t\t\t\t\t\t\t\t\t<\/a>\n\t\t\t\t\t\t\t<a class=\"e-gallery-item elementor-gallery-item elementor-animated-content\" href=\"https:\/\/sitenovo.wingsltda.com.br\/wp-content\/uploads\/2021\/03\/Debicador-F4-600x400-1-jpg.webp\" data-elementor-open-lightbox=\"yes\" data-elementor-lightbox-slideshow=\"all-2e87088\" data-elementor-lightbox-title=\"Debicador-F4-600x400\" data-e-action-hash=\"#elementor-action%3Aaction%3Dlightbox%26settings%3DeyJpZCI6MjQzNjIsInVybCI6Imh0dHBzOlwvXC9zaXRlbm92by53aW5nc2x0ZGEuY29tLmJyXC93cC1jb250ZW50XC91cGxvYWRzXC8yMDIxXC8wM1wvRGViaWNhZG9yLUY0LTYwMHg0MDAtMS1qcGcud2VicCIsInNsaWRlc2hvdyI6ImFsbC0yZTg3MDg4In0%3D\">\n\t\t\t\t\t<div class=\"e-gallery-image elementor-gallery-item__image\" data-thumbnail=\"https:\/\/sitenovo.wingsltda.com.br\/wp-content\/uploads\/2021\/03\/Debicador-F4-600x400-1-jpg.webp\" data-width=\"600\" data-height=\"400\" alt=\"\" ><\/div>\n\t\t\t\t\t\t\t\t\t\t\t<div class=\"elementor-gallery-item__overlay\"><\/div>\n\t\t\t\t\t\t\t\t\t\t\t\t\t\t<\/a>\n\t\t\t\t\t\t\t<a class=\"e-gallery-item elementor-gallery-item elementor-animated-content\" href=\"https:\/\/sitenovo.wingsltda.com.br\/wp-content\/uploads\/2021\/03\/Debicador-F2-600x400-1-jpg.webp\" data-elementor-open-lightbox=\"yes\" data-elementor-lightbox-slideshow=\"all-2e87088\" data-elementor-lightbox-title=\"Debicador-F2-600x400\" data-e-action-hash=\"#elementor-action%3Aaction%3Dlightbox%26settings%3DeyJpZCI6MjQzNjEsInVybCI6Imh0dHBzOlwvXC9zaXRlbm92by53aW5nc2x0ZGEuY29tLmJyXC93cC1jb250ZW50XC91cGxvYWRzXC8yMDIxXC8wM1wvRGViaWNhZG9yLUYyLTYwMHg0MDAtMS1qcGcud2VicCIsInNsaWRlc2hvdyI6ImFsbC0yZTg3MDg4In0%3D\">\n\t\t\t\t\t<div class=\"e-gallery-image elementor-gallery-item__image\" data-thumbnail=\"https:\/\/sitenovo.wingsltda.com.br\/wp-content\/uploads\/2021\/03\/Debicador-F2-600x400-1-jpg.webp\" data-width=\"600\" data-height=\"400\" alt=\"\" ><\/div>\n\t\t\t\t\t\t\t\t\t\t\t<div class=\"elementor-gallery-item__overlay\"><\/div>\n\t\t\t\t\t\t\t\t\t\t\t\t\t\t<\/a>\n\t\t\t\t\t<\/div>\n\t\t\t\t\t<\/div>\n\t\t\t\t<\/div>\n\t\t\t\t\t<\/div>\n\t\t\t\t<\/div>\n\t\t<div class=\"elementor-element elementor-element-4f7a7d55 e-flex e-con-boxed e-con e-parent\" data-id=\"4f7a7d55\" data-element_type=\"container\" data-e-type=\"container\">\n\t\t\t\t\t<div class=\"e-con-inner\">\n\t\t\t\t<div class=\"elementor-element elementor-element-173c8037 elementor-widget elementor-widget-text-editor\" data-id=\"173c8037\" data-element_type=\"widget\" data-e-type=\"widget\" data-widget_type=\"text-editor.default\">\n\t\t\t\t<div class=\"elementor-widget-container\">\n\t\t\t\t\t\t\t\t\t\n<div class=\"wp-block-pgcsimplygalleryblock-masonry simpLy-gallery-freedom-block\" data-gallery-id=\"simpLy\">\n<div class=\"sgb-gallery\">\n<div class=\"sgb-item\" data-item-id=\"24360\">\n<figure><span style=\"text-align: justify;\">The <\/span><strong style=\"text-align: justify;\">Wings Ltda<\/strong><span style=\"text-align: justify;\"> is the only automatic debeaker on the market capable of debeaking both chicks and adult birds, insuring uniform debeaking and perfect cauterization in one operation.  It is manufactured from stainless steel with a reinforced case and components that have been dimensioned to guarantee a minimum of maintenance and a maximum lifetime.  With the automatic system, the beak is cut and cauterized in one process.  Properly done, the beak should not grow back during the life of the bird.<\/span><\/figure>\n<\/div>\n<\/div>\n<\/div>\n<p style=\"text-align: justify;\">.<\/p>\n<h2>Description<\/h2>\n<div id=\"text-block-3\" class=\"mk-text-block\">\n<p><strong>Special Features<\/strong><\/p>\n<\/div>\n<div class=\"wpb_row vc_inner vc_row vc_row-fluid attched-false\">\n<div class=\"wpb_column vc_column_container vc_col-sm-6\">\n<div class=\"vc_column-inner\">\n<div class=\"wpb_wrapper\">\n<div id=\"text-block-4\" class=\"mk-text-block\">\n<ul>\n<li style=\"list-style-type: none;\">\n<ul>\n<li>50% faster than manual systems<\/li>\n<li>Reinforced stainless steel case<\/li>\n<li>Resistant to corrosive conditions<\/li>\n<li>Easily transported between houses<\/li>\n<li>Direct drive motor with precision cam<\/li>\n<li>Debeaks both chicks and adult birds<\/li>\n<li>Powerful cooling fan<\/li>\n<li>Prolongs life of components<\/li>\n<li>Minimizes operator exposure to fumes<\/li>\n<li>Blade temperature precisely controlled<\/li>\n<li>Solid state temperature control<\/li>\n<li>Less stress and decreased mortality<\/li>\n<li>Returns to eating quickly<\/li>\n<li>Allen head-cap screws secure blade<\/li>\n<li>.<\/li>\n<li>Facilitates blade change<\/li>\n<li>Eliminated stripped threads on studs<\/li>\n<li>Foot pedal allows operator to concentrate on bird<\/li>\n<li>Uses all common blades<\/li>\n<li>120 or 230 voltage, 50-60 Hz<\/li>\n<li>.<\/li>\n<\/ul>\n<\/li>\n<\/ul>\n<p>\u00a0<\/p>\n<\/div>\n<\/div>\n<\/div>\n<\/div>\n<\/div>\n\n<div class=\"wp-block-buttons is-content-justification-center is-layout-flex wp-container-core-buttons-is-layout-a89b3969 wp-block-buttons-is-layout-flex\">\n<div class=\"wp-block-button\"><a class=\"wp-block-button__link has-text-align-center wp-element-button\" href=\"https:\/\/sitenovo.wingsltda.com.br\/en\/product\/avi-beaker\/\">Buy product<\/a><\/div>\n<\/div>\n\n<p class=\"has-text-align-center\"><strong>Related products<\/strong><\/p>\n\n<div class=\"wp-block-columns is-layout-flex wp-container-core-columns-is-layout-28f84493 wp-block-columns-is-layout-flex\">\n<div class=\"wp-block-column is-layout-flow wp-block-column-is-layout-flow\">\n<figure class=\"wp-block-image size-full\"><a href=\"https:\/\/sitenovo.wingsltda.com.br\/en\/avicultura-debicadores-vacinadoras-equipamento-aves-pintinhos\/avi-jector-vacinadora-injecao-pintinhos-aves\/\"><img fetchpriority=\"high\" decoding=\"async\" class=\"alignnone wp-image-24367\" src=\"https:\/\/sitenovo.wingsltda.com.br\/wp-content\/uploads\/2024\/03\/wings-pneumatic-avi-jector-vaccinating-day-old-chicks-edited.webp\" alt=\"\" width=\"315\" height=\"210\" srcset=\"https:\/\/sitenovo.wingsltda.com.br\/wp-content\/uploads\/2024\/03\/wings-pneumatic-avi-jector-vaccinating-day-old-chicks-edited.webp 750w, https:\/\/sitenovo.wingsltda.com.br\/wp-content\/uploads\/2024\/03\/wings-pneumatic-avi-jector-vaccinating-day-old-chicks-edited-600x400.webp 600w, https:\/\/sitenovo.wingsltda.com.br\/wp-content\/uploads\/2024\/03\/wings-pneumatic-avi-jector-vaccinating-day-old-chicks-edited-150x100.webp 150w, https:\/\/sitenovo.wingsltda.com.br\/wp-content\/uploads\/2024\/03\/wings-pneumatic-avi-jector-vaccinating-day-old-chicks-edited-18x12.webp 18w, https:\/\/sitenovo.wingsltda.com.br\/wp-content\/uploads\/2024\/03\/wings-pneumatic-avi-jector-vaccinating-day-old-chicks-edited-510x340.webp 510w\" sizes=\"(max-width: 315px) 100vw, 315px\" \/><\/a>\n<figcaption class=\"wp-element-caption\">Avi-Jector pneumatic vaccinator for chicks<\/figcaption>\n<\/figure>\n\n<p class=\"has-text-align-center\">AVI JECTOR<\/p>\n<\/div>\n\n<div class=\"wp-block-column is-layout-flow wp-block-column-is-layout-flow\">\n<figure class=\"wp-block-image aligncenter size-full is-resized\"><a href=\"https:\/\/sitenovo.wingsltda.com.br\/en\/avicultura-debicadores-vacinadoras-equipamento-aves-pintinhos\/avi-jector-injecao-dupla-vacina-oleo-aquosa-pintinhos-aves\/\"><img decoding=\"async\" width=\"300\" height=\"198\" class=\"wp-image-24366\" style=\"width: 316px; height: auto;\" src=\"https:\/\/sitenovo.wingsltda.com.br\/wp-content\/uploads\/2024\/03\/wings-avi-jector-double-injector-for-oil-and-water-soluble-vaccines-jpg.webp\" alt=\"\" srcset=\"https:\/\/sitenovo.wingsltda.com.br\/wp-content\/uploads\/2024\/03\/wings-avi-jector-double-injector-for-oil-and-water-soluble-vaccines-jpg.webp 300w, https:\/\/sitenovo.wingsltda.com.br\/wp-content\/uploads\/2024\/03\/wings-avi-jector-double-injector-for-oil-and-water-soluble-vaccines-150x99.webp 150w, https:\/\/sitenovo.wingsltda.com.br\/wp-content\/uploads\/2024\/03\/wings-avi-jector-double-injector-for-oil-and-water-soluble-vaccines-18x12.webp 18w\" sizes=\"(max-width: 300px) 100vw, 300px\" \/><\/a>\n<figcaption class=\"wp-element-caption\">Avi-Jector Double Injector for oil and water soluble vaccines<\/figcaption>\n<\/figure>\n\n<p class=\"has-text-align-center\">AVI JECTOR DOUBLE INJECTION<\/p>\n<\/div>\n\n<div class=\"wp-block-column is-layout-flow wp-block-column-is-layout-flow\">\n<figure class=\"wp-block-image aligncenter size-full is-resized\"><a href=\"https:\/\/sitenovo.wingsltda.com.br\/en\/avicultura-debicadores-vacinadoras-equipamento-aves-pintinhos\/avi-spray-vacinacao-ocular-gotinhas-aves-pintinhos\/\"><img decoding=\"async\" width=\"320\" height=\"250\" class=\"wp-image-24368\" style=\"width: 273px; height: auto;\" src=\"https:\/\/sitenovo.wingsltda.com.br\/wp-content\/uploads\/2024\/03\/spray3-jpg.webp\" alt=\"\" srcset=\"https:\/\/sitenovo.wingsltda.com.br\/wp-content\/uploads\/2024\/03\/spray3-jpg.webp 320w, https:\/\/sitenovo.wingsltda.com.br\/wp-content\/uploads\/2024\/03\/spray3-150x117.webp 150w, https:\/\/sitenovo.wingsltda.com.br\/wp-content\/uploads\/2024\/03\/spray3-15x12.webp 15w\" sizes=\"(max-width: 320px) 100vw, 320px\" \/><\/a>\n<figcaption class=\"wp-element-caption\">Wings Avi-Spray Ocular Vaccinator for Chicks<\/figcaption>\n<\/figure>\n\n<p class=\"has-text-align-center\">AVI-SPRAY<\/p>\n<\/div>\n<\/div>\n\t\t\t\t\t\t\t\t<\/div>\n\t\t\t\t<\/div>\n\t\t\t\t\t<\/div>\n\t\t\t\t<\/div>\n\t\t\t\t<\/div>","protected":false},"excerpt":{"rendered":"<p>Produtos Relacionados AVI JECTOR AVI JECTOR INJE\u00c7\u00c3O DUPLA AVI-SPRAY<\/p>","protected":false},"author":1,"featured_media":0,"parent":3460,"menu_order":0,"comment_status":"closed","ping_status":"closed","template":"","meta":{"footnotes":""},"class_list":["post-3462","page","type-page","status-publish","hentry"],"yoast_head":"<!-- This site is optimized with the Yoast SEO plugin v27.3 - https:\/\/yoast.com\/product\/yoast-seo-wordpress\/ -->\n<title>AviBeaker - Wings Ltda |<\/title>\n<meta name=\"description\" content=\"Fabricado em caixa refor\u00e7ada, equipado com exaustor e motoredutor, possibilita um trabalho uniforme e de f\u00e1cil opera\u00e7\u00e3o. Indicado para debicagem de pintinhos e aves adultos.\" \/>\n<meta name=\"robots\" content=\"index, follow, max-snippet:-1, max-image-preview:large, max-video-preview:-1\" \/>\n<link rel=\"canonical\" href=\"https:\/\/sitenovo.wingsltda.com.br\/en\/avicultura-debicadores-vacinadoras-equipamento-aves-pintinhos\/avi-beaker-debicador-automatico-aves-pintinhos\/\" \/>\n<meta property=\"og:locale\" content=\"en_US\" \/>\n<meta property=\"og:type\" content=\"article\" \/>\n<meta property=\"og:title\" content=\"Debicador Autom\u00e1tico para Aves Wings\" \/>\n<meta property=\"og:description\" content=\"Wings Ltda Excel\u00eancia e Qualidade. Consulte agora o pre\u00e7o do Debicador Autom\u00e1tico para Aves.\" \/>\n<meta property=\"og:url\" content=\"https:\/\/sitenovo.wingsltda.com.br\/en\/avicultura-debicadores-vacinadoras-equipamento-aves-pintinhos\/avi-beaker-debicador-automatico-aves-pintinhos\/\" \/>\n<meta property=\"og:site_name\" content=\"Wings Ltda |\" \/>\n<meta property=\"article:publisher\" content=\"https:\/\/www.facebook.com\/wingsltda\/\" \/>\n<meta property=\"article:modified_time\" content=\"2024-05-16T16:35:35+00:00\" \/>\n<meta name=\"twitter:card\" content=\"summary_large_image\" \/>\n<meta name=\"twitter:image\" content=\"https:\/\/sitenovo.wingsltda.com.br\/wp-content\/uploads\/2024\/03\/wings-pneumatic-avi-jector-vaccinating-day-old-chicks-edited.webp\" \/>\n<meta name=\"twitter:label1\" content=\"Est. reading time\" \/>\n\t<meta name=\"twitter:data1\" content=\"2 minutes\" \/>\n<script type=\"application\/ld+json\" class=\"yoast-schema-graph\">{\"@context\":\"https:\\\/\\\/schema.org\",\"@graph\":[{\"@type\":\"WebPage\",\"@id\":\"https:\\\/\\\/sitenovo.wingsltda.com.br\\\/avicultura-debicadores-vacinadoras-equipamento-aves-pintinhos\\\/avi-beaker-debicador-automatico-aves-pintinhos\\\/\",\"url\":\"https:\\\/\\\/sitenovo.wingsltda.com.br\\\/avicultura-debicadores-vacinadoras-equipamento-aves-pintinhos\\\/avi-beaker-debicador-automatico-aves-pintinhos\\\/\",\"name\":\"AviBeaker - Wings Ltda |\",\"isPartOf\":{\"@id\":\"https:\\\/\\\/sitenovo.wingsltda.com.br\\\/en\\\/#website\"},\"primaryImageOfPage\":{\"@id\":\"https:\\\/\\\/sitenovo.wingsltda.com.br\\\/avicultura-debicadores-vacinadoras-equipamento-aves-pintinhos\\\/avi-beaker-debicador-automatico-aves-pintinhos\\\/#primaryimage\"},\"image\":{\"@id\":\"https:\\\/\\\/sitenovo.wingsltda.com.br\\\/avicultura-debicadores-vacinadoras-equipamento-aves-pintinhos\\\/avi-beaker-debicador-automatico-aves-pintinhos\\\/#primaryimage\"},\"thumbnailUrl\":\"https:\\\/\\\/sitenovo.wingsltda.com.br\\\/wp-content\\\/uploads\\\/2024\\\/03\\\/wings-pneumatic-avi-jector-vaccinating-day-old-chicks-edited.webp\",\"datePublished\":\"2021-03-25T11:57:57+00:00\",\"dateModified\":\"2024-05-16T16:35:35+00:00\",\"description\":\"Fabricado em caixa refor\u00e7ada, equipado com exaustor e motoredutor, possibilita um trabalho uniforme e de f\u00e1cil opera\u00e7\u00e3o. Indicado para debicagem de pintinhos e aves adultos.\",\"breadcrumb\":{\"@id\":\"https:\\\/\\\/sitenovo.wingsltda.com.br\\\/avicultura-debicadores-vacinadoras-equipamento-aves-pintinhos\\\/avi-beaker-debicador-automatico-aves-pintinhos\\\/#breadcrumb\"},\"inLanguage\":\"en-US\",\"potentialAction\":[{\"@type\":\"ReadAction\",\"target\":[\"https:\\\/\\\/sitenovo.wingsltda.com.br\\\/avicultura-debicadores-vacinadoras-equipamento-aves-pintinhos\\\/avi-beaker-debicador-automatico-aves-pintinhos\\\/\"]}]},{\"@type\":\"ImageObject\",\"inLanguage\":\"en-US\",\"@id\":\"https:\\\/\\\/sitenovo.wingsltda.com.br\\\/avicultura-debicadores-vacinadoras-equipamento-aves-pintinhos\\\/avi-beaker-debicador-automatico-aves-pintinhos\\\/#primaryimage\",\"url\":\"https:\\\/\\\/sitenovo.wingsltda.com.br\\\/wp-content\\\/uploads\\\/2024\\\/03\\\/wings-pneumatic-avi-jector-vaccinating-day-old-chicks-edited.webp\",\"contentUrl\":\"https:\\\/\\\/sitenovo.wingsltda.com.br\\\/wp-content\\\/uploads\\\/2024\\\/03\\\/wings-pneumatic-avi-jector-vaccinating-day-old-chicks-edited.webp\"},{\"@type\":\"BreadcrumbList\",\"@id\":\"https:\\\/\\\/sitenovo.wingsltda.com.br\\\/avicultura-debicadores-vacinadoras-equipamento-aves-pintinhos\\\/avi-beaker-debicador-automatico-aves-pintinhos\\\/#breadcrumb\",\"itemListElement\":[{\"@type\":\"ListItem\",\"position\":1,\"name\":\"In\u00edcio\",\"item\":\"https:\\\/\\\/sitenovo.wingsltda.com.br\\\/\"},{\"@type\":\"ListItem\",\"position\":2,\"name\":\"AVICULTURA\",\"item\":\"https:\\\/\\\/sitenovo.wingsltda.com.br\\\/avicultura-debicadores-vacinadoras-equipamento-aves-pintinhos\\\/\"},{\"@type\":\"ListItem\",\"position\":3,\"name\":\"AviBeaker\"}]},{\"@type\":\"WebSite\",\"@id\":\"https:\\\/\\\/sitenovo.wingsltda.com.br\\\/en\\\/#website\",\"url\":\"https:\\\/\\\/sitenovo.wingsltda.com.br\\\/en\\\/\",\"name\":\"Wings Ltda |\",\"description\":\"Transformando sua opera\u00e7\u00e3o no agro.\",\"publisher\":{\"@id\":\"https:\\\/\\\/sitenovo.wingsltda.com.br\\\/en\\\/#organization\"},\"potentialAction\":[{\"@type\":\"SearchAction\",\"target\":{\"@type\":\"EntryPoint\",\"urlTemplate\":\"https:\\\/\\\/sitenovo.wingsltda.com.br\\\/en\\\/?s={search_term_string}\"},\"query-input\":{\"@type\":\"PropertyValueSpecification\",\"valueRequired\":true,\"valueName\":\"search_term_string\"}}],\"inLanguage\":\"en-US\"},{\"@type\":\"Organization\",\"@id\":\"https:\\\/\\\/sitenovo.wingsltda.com.br\\\/en\\\/#organization\",\"name\":\"Wings Ltda\",\"url\":\"https:\\\/\\\/sitenovo.wingsltda.com.br\\\/en\\\/\",\"logo\":{\"@type\":\"ImageObject\",\"inLanguage\":\"en-US\",\"@id\":\"https:\\\/\\\/sitenovo.wingsltda.com.br\\\/en\\\/#\\\/schema\\\/logo\\\/image\\\/\",\"url\":\"https:\\\/\\\/sitenovo.wingsltda.com.br\\\/wp-content\\\/uploads\\\/2024\\\/03\\\/Wings-Logo-Novo-DustControl.png\",\"contentUrl\":\"https:\\\/\\\/sitenovo.wingsltda.com.br\\\/wp-content\\\/uploads\\\/2024\\\/03\\\/Wings-Logo-Novo-DustControl.png\",\"width\":1090,\"height\":410,\"caption\":\"Wings Ltda\"},\"image\":{\"@id\":\"https:\\\/\\\/sitenovo.wingsltda.com.br\\\/en\\\/#\\\/schema\\\/logo\\\/image\\\/\"},\"sameAs\":[\"https:\\\/\\\/www.facebook.com\\\/wingsltda\\\/\",\"https:\\\/\\\/www.linkedin.com\\\/company\\\/wingsltda\\\/\",\"https:\\\/\\\/www.youtube.com\\\/channel\\\/UC2XSL5EljSgDh-pwalcPLLA\"]}]}<\/script>\n<!-- \/ Yoast SEO plugin. -->","yoast_head_json":{"title":"AviBeaker - Wings Ltda |","description":"Fabricado em caixa refor\u00e7ada, equipado com exaustor e motoredutor, possibilita um trabalho uniforme e de f\u00e1cil opera\u00e7\u00e3o. Indicado para debicagem de pintinhos e aves adultos.","robots":{"index":"index","follow":"follow","max-snippet":"max-snippet:-1","max-image-preview":"max-image-preview:large","max-video-preview":"max-video-preview:-1"},"canonical":"https:\/\/sitenovo.wingsltda.com.br\/en\/avicultura-debicadores-vacinadoras-equipamento-aves-pintinhos\/avi-beaker-debicador-automatico-aves-pintinhos\/","og_locale":"en_US","og_type":"article","og_title":"Debicador Autom\u00e1tico para Aves Wings","og_description":"Wings Ltda Excel\u00eancia e Qualidade. Consulte agora o pre\u00e7o do Debicador Autom\u00e1tico para Aves.","og_url":"https:\/\/sitenovo.wingsltda.com.br\/en\/avicultura-debicadores-vacinadoras-equipamento-aves-pintinhos\/avi-beaker-debicador-automatico-aves-pintinhos\/","og_site_name":"Wings Ltda |","article_publisher":"https:\/\/www.facebook.com\/wingsltda\/","article_modified_time":"2024-05-16T16:35:35+00:00","twitter_card":"summary_large_image","twitter_image":"https:\/\/sitenovo.wingsltda.com.br\/wp-content\/uploads\/2024\/03\/wings-pneumatic-avi-jector-vaccinating-day-old-chicks-edited.webp","twitter_misc":{"Est. reading time":"2 minutes"},"schema":{"@context":"https:\/\/schema.org","@graph":[{"@type":"WebPage","@id":"https:\/\/sitenovo.wingsltda.com.br\/avicultura-debicadores-vacinadoras-equipamento-aves-pintinhos\/avi-beaker-debicador-automatico-aves-pintinhos\/","url":"https:\/\/sitenovo.wingsltda.com.br\/avicultura-debicadores-vacinadoras-equipamento-aves-pintinhos\/avi-beaker-debicador-automatico-aves-pintinhos\/","name":"AviBeaker - Wings Ltda |","isPartOf":{"@id":"https:\/\/sitenovo.wingsltda.com.br\/en\/#website"},"primaryImageOfPage":{"@id":"https:\/\/sitenovo.wingsltda.com.br\/avicultura-debicadores-vacinadoras-equipamento-aves-pintinhos\/avi-beaker-debicador-automatico-aves-pintinhos\/#primaryimage"},"image":{"@id":"https:\/\/sitenovo.wingsltda.com.br\/avicultura-debicadores-vacinadoras-equipamento-aves-pintinhos\/avi-beaker-debicador-automatico-aves-pintinhos\/#primaryimage"},"thumbnailUrl":"https:\/\/sitenovo.wingsltda.com.br\/wp-content\/uploads\/2024\/03\/wings-pneumatic-avi-jector-vaccinating-day-old-chicks-edited.webp","datePublished":"2021-03-25T11:57:57+00:00","dateModified":"2024-05-16T16:35:35+00:00","description":"Fabricado em caixa refor\u00e7ada, equipado com exaustor e motoredutor, possibilita um trabalho uniforme e de f\u00e1cil opera\u00e7\u00e3o. Indicado para debicagem de pintinhos e aves adultos.","breadcrumb":{"@id":"https:\/\/sitenovo.wingsltda.com.br\/avicultura-debicadores-vacinadoras-equipamento-aves-pintinhos\/avi-beaker-debicador-automatico-aves-pintinhos\/#breadcrumb"},"inLanguage":"en-US","potentialAction":[{"@type":"ReadAction","target":["https:\/\/sitenovo.wingsltda.com.br\/avicultura-debicadores-vacinadoras-equipamento-aves-pintinhos\/avi-beaker-debicador-automatico-aves-pintinhos\/"]}]},{"@type":"ImageObject","inLanguage":"en-US","@id":"https:\/\/sitenovo.wingsltda.com.br\/avicultura-debicadores-vacinadoras-equipamento-aves-pintinhos\/avi-beaker-debicador-automatico-aves-pintinhos\/#primaryimage","url":"https:\/\/sitenovo.wingsltda.com.br\/wp-content\/uploads\/2024\/03\/wings-pneumatic-avi-jector-vaccinating-day-old-chicks-edited.webp","contentUrl":"https:\/\/sitenovo.wingsltda.com.br\/wp-content\/uploads\/2024\/03\/wings-pneumatic-avi-jector-vaccinating-day-old-chicks-edited.webp"},{"@type":"BreadcrumbList","@id":"https:\/\/sitenovo.wingsltda.com.br\/avicultura-debicadores-vacinadoras-equipamento-aves-pintinhos\/avi-beaker-debicador-automatico-aves-pintinhos\/#breadcrumb","itemListElement":[{"@type":"ListItem","position":1,"name":"In\u00edcio","item":"https:\/\/sitenovo.wingsltda.com.br\/"},{"@type":"ListItem","position":2,"name":"AVICULTURA","item":"https:\/\/sitenovo.wingsltda.com.br\/avicultura-debicadores-vacinadoras-equipamento-aves-pintinhos\/"},{"@type":"ListItem","position":3,"name":"AviBeaker"}]},{"@type":"WebSite","@id":"https:\/\/sitenovo.wingsltda.com.br\/en\/#website","url":"https:\/\/sitenovo.wingsltda.com.br\/en\/","name":"Wings Ltda |","description":"Transformando sua opera\u00e7\u00e3o no agro.","publisher":{"@id":"https:\/\/sitenovo.wingsltda.com.br\/en\/#organization"},"potentialAction":[{"@type":"SearchAction","target":{"@type":"EntryPoint","urlTemplate":"https:\/\/sitenovo.wingsltda.com.br\/en\/?s={search_term_string}"},"query-input":{"@type":"PropertyValueSpecification","valueRequired":true,"valueName":"search_term_string"}}],"inLanguage":"en-US"},{"@type":"Organization","@id":"https:\/\/sitenovo.wingsltda.com.br\/en\/#organization","name":"Wings Ltda","url":"https:\/\/sitenovo.wingsltda.com.br\/en\/","logo":{"@type":"ImageObject","inLanguage":"en-US","@id":"https:\/\/sitenovo.wingsltda.com.br\/en\/#\/schema\/logo\/image\/","url":"https:\/\/sitenovo.wingsltda.com.br\/wp-content\/uploads\/2024\/03\/Wings-Logo-Novo-DustControl.png","contentUrl":"https:\/\/sitenovo.wingsltda.com.br\/wp-content\/uploads\/2024\/03\/Wings-Logo-Novo-DustControl.png","width":1090,"height":410,"caption":"Wings Ltda"},"image":{"@id":"https:\/\/sitenovo.wingsltda.com.br\/en\/#\/schema\/logo\/image\/"},"sameAs":["https:\/\/www.facebook.com\/wingsltda\/","https:\/\/www.linkedin.com\/company\/wingsltda\/","https:\/\/www.youtube.com\/channel\/UC2XSL5EljSgDh-pwalcPLLA"]}]}},"_links":{"self":[{"href":"https:\/\/sitenovo.wingsltda.com.br\/en\/wp-json\/wp\/v2\/pages\/3462","targetHints":{"allow":["GET"]}}],"collection":[{"href":"https:\/\/sitenovo.wingsltda.com.br\/en\/wp-json\/wp\/v2\/pages"}],"about":[{"href":"https:\/\/sitenovo.wingsltda.com.br\/en\/wp-json\/wp\/v2\/types\/page"}],"author":[{"embeddable":true,"href":"https:\/\/sitenovo.wingsltda.com.br\/en\/wp-json\/wp\/v2\/users\/1"}],"replies":[{"embeddable":true,"href":"https:\/\/sitenovo.wingsltda.com.br\/en\/wp-json\/wp\/v2\/comments?post=3462"}],"version-history":[{"count":37,"href":"https:\/\/sitenovo.wingsltda.com.br\/en\/wp-json\/wp\/v2\/pages\/3462\/revisions"}],"predecessor-version":[{"id":24674,"href":"https:\/\/sitenovo.wingsltda.com.br\/en\/wp-json\/wp\/v2\/pages\/3462\/revisions\/24674"}],"up":[{"embeddable":true,"href":"https:\/\/sitenovo.wingsltda.com.br\/en\/wp-json\/wp\/v2\/pages\/3460"}],"wp:attachment":[{"href":"https:\/\/sitenovo.wingsltda.com.br\/en\/wp-json\/wp\/v2\/media?parent=3462"}],"curies":[{"name":"wp","href":"https:\/\/api.w.org\/{rel}","templated":true}]}}