{"id":23745,"date":"2024-03-04T19:20:54","date_gmt":"2024-03-04T22:20:54","guid":{"rendered":"https:\/\/sitenovo.wingsltda.com.br\/?page_id=23745"},"modified":"2024-05-18T17:26:33","modified_gmt":"2024-05-18T20:26:33","slug":"vli-guara-sp","status":"publish","type":"page","link":"https:\/\/sitenovo.wingsltda.com.br\/pt\/projetos-clientes-moegas-despoeiramento-meio-ambiente-2\/vli-guara-sp\/","title":{"rendered":"VLI \u2013 GUAR\u00c1 (SP)"},"content":{"rendered":"\t\t<div data-elementor-type=\"wp-page\" data-elementor-id=\"23745\" class=\"elementor elementor-23745\">\n\t\t\t\t<div class=\"elementor-element elementor-element-42f4cab e-flex e-con-boxed e-con e-parent\" data-id=\"42f4cab\" data-element_type=\"container\" data-e-type=\"container\">\n\t\t\t\t\t<div class=\"e-con-inner\">\n\t\t<div class=\"elementor-element elementor-element-d518951 e-con-full e-flex e-con e-child\" data-id=\"d518951\" data-element_type=\"container\" data-e-type=\"container\">\n\t\t\t\t<div class=\"elementor-element elementor-element-cf05cf0 elementor-widget elementor-widget-heading\" data-id=\"cf05cf0\" data-element_type=\"widget\" data-e-type=\"widget\" data-widget_type=\"heading.default\">\n\t\t\t\t<div class=\"elementor-widget-container\">\n\t\t\t\t\t<h2 class=\"elementor-heading-title elementor-size-default\">VLI Guar\u00e1 (SP) | MOEGA DE A\u00c7\u00daCAR\nDUSTCONTROL PLUS INSTALA\u00c7\u00d5ES 2014<\/h2>\t\t\t\t<\/div>\n\t\t\t\t<\/div>\n\t\t\t\t<div class=\"elementor-element elementor-element-e8d63ed elementor-widget elementor-widget-image\" data-id=\"e8d63ed\" data-element_type=\"widget\" data-e-type=\"widget\" data-widget_type=\"image.default\">\n\t\t\t\t<div class=\"elementor-widget-container\">\n\t\t\t\t\t\t\t\t\t\t\t\t\t\t\t\t<a href=\"https:\/\/www.vli-logistica.com.br\/quem-somos\/\" target=\"_blank\">\n\t\t\t\t\t\t\t<img fetchpriority=\"high\" decoding=\"async\" width=\"800\" height=\"400\" src=\"https:\/\/sitenovo.wingsltda.com.br\/wp-content\/uploads\/2024\/03\/logovli-conexoes-1400x700-1.png\" class=\"attachment-large size-large wp-image-24219\" alt=\"\" srcset=\"https:\/\/sitenovo.wingsltda.com.br\/wp-content\/uploads\/2024\/03\/logovli-conexoes-1400x700-1.png 1400w, https:\/\/sitenovo.wingsltda.com.br\/wp-content\/uploads\/2024\/03\/logovli-conexoes-1400x700-1-800x400.png 800w, https:\/\/sitenovo.wingsltda.com.br\/wp-content\/uploads\/2024\/03\/logovli-conexoes-1400x700-1-150x75.png 150w, https:\/\/sitenovo.wingsltda.com.br\/wp-content\/uploads\/2024\/03\/logovli-conexoes-1400x700-1-768x384.png 768w, https:\/\/sitenovo.wingsltda.com.br\/wp-content\/uploads\/2024\/03\/logovli-conexoes-1400x700-1-18x9.png 18w, https:\/\/sitenovo.wingsltda.com.br\/wp-content\/uploads\/2024\/03\/logovli-conexoes-1400x700-1-510x255.png 510w\" sizes=\"(max-width: 800px) 100vw, 800px\" \/>\t\t\t\t\t\t\t\t<\/a>\n\t\t\t\t\t\t\t\t\t\t\t\t\t\t\t<\/div>\n\t\t\t\t<\/div>\n\t\t\t\t<\/div>\n\t\t<div class=\"elementor-element elementor-element-0597272 e-con-full e-flex e-con e-child\" data-id=\"0597272\" data-element_type=\"container\" data-e-type=\"container\">\n\t\t\t\t<div class=\"elementor-element elementor-element-389a698 elementor-widget elementor-widget-text-editor\" data-id=\"389a698\" data-element_type=\"widget\" data-e-type=\"widget\" data-widget_type=\"text-editor.default\">\n\t\t\t\t<div class=\"elementor-widget-container\">\n\t\t\t\t\t\t\t\t\t<p style=\"text-align: justify;\">Para o Terminal Integrador de Guar\u00e1 (VLI), o futuro s\u00f3 se faz presente se o desenvolvimento econ\u00f4mico estiver acompanhado da promo\u00e7\u00e3o social e da preserva\u00e7\u00e3o do meio ambiente. A Wings instalou tr\u00eas sistemas DustControl em suas moegas de recebimento de a\u00e7\u00facar, reduzindo drasticamente a poeira dispersa no momento da descarga de a\u00e7\u00facar granular.<\/p>\t\t\t\t\t\t\t\t<\/div>\n\t\t\t\t<\/div>\n\t\t\t\t<\/div>\n\t\t\t\t\t<\/div>\n\t\t\t\t<\/div>\n\t\t<div class=\"elementor-element elementor-element-50c27e5 e-flex e-con-boxed e-con e-parent\" data-id=\"50c27e5\" data-element_type=\"container\" data-e-type=\"container\">\n\t\t\t\t\t<div class=\"e-con-inner\">\n\t\t<div class=\"elementor-element elementor-element-3bb98e8 e-con-full e-flex e-con e-child\" data-id=\"3bb98e8\" data-element_type=\"container\" data-e-type=\"container\">\n\t\t\t\t<div class=\"elementor-element elementor-element-2ecb4ec elementor-widget elementor-widget-image\" data-id=\"2ecb4ec\" data-element_type=\"widget\" data-e-type=\"widget\" data-widget_type=\"image.default\">\n\t\t\t\t<div class=\"elementor-widget-container\">\n\t\t\t\t\t\t\t\t\t\t\t\t\t\t\t<img decoding=\"async\" width=\"399\" height=\"224\" src=\"https:\/\/sitenovo.wingsltda.com.br\/wp-content\/uploads\/2024\/03\/Moega-de-recebimento-de-acucar-sem-despoeiramento-edited.png\" class=\"attachment-large size-large wp-image-24223\" alt=\"\" srcset=\"https:\/\/sitenovo.wingsltda.com.br\/wp-content\/uploads\/2024\/03\/Moega-de-recebimento-de-acucar-sem-despoeiramento-edited.png 399w, https:\/\/sitenovo.wingsltda.com.br\/wp-content\/uploads\/2024\/03\/Moega-de-recebimento-de-acucar-sem-despoeiramento-edited-150x84.png 150w, https:\/\/sitenovo.wingsltda.com.br\/wp-content\/uploads\/2024\/03\/Moega-de-recebimento-de-acucar-sem-despoeiramento-edited-18x10.png 18w\" sizes=\"(max-width: 399px) 100vw, 399px\" \/>\t\t\t\t\t\t\t\t\t\t\t\t\t\t\t<\/div>\n\t\t\t\t<\/div>\n\t\t\t\t<div class=\"elementor-element elementor-element-2cd883c elementor-widget elementor-widget-text-editor\" data-id=\"2cd883c\" data-element_type=\"widget\" data-e-type=\"widget\" data-widget_type=\"text-editor.default\">\n\t\t\t\t<div class=\"elementor-widget-container\">\n\t\t\t\t\t\t\t\t\t<p>Antes<\/p>\t\t\t\t\t\t\t\t<\/div>\n\t\t\t\t<\/div>\n\t\t\t\t<\/div>\n\t\t<div class=\"elementor-element elementor-element-9c545e4 e-con-full e-flex e-con e-child\" data-id=\"9c545e4\" data-element_type=\"container\" data-e-type=\"container\">\n\t\t\t\t<div class=\"elementor-element elementor-element-1c0ba62 elementor-widget elementor-widget-image\" data-id=\"1c0ba62\" data-element_type=\"widget\" data-e-type=\"widget\" data-widget_type=\"image.default\">\n\t\t\t\t<div class=\"elementor-widget-container\">\n\t\t\t\t\t\t\t\t\t\t\t\t\t\t\t<img decoding=\"async\" width=\"637\" height=\"349\" src=\"https:\/\/sitenovo.wingsltda.com.br\/wp-content\/uploads\/2024\/03\/moega-de-recebimento-de-acucar-com-dustcontrol-wings.png\" class=\"attachment-large size-large wp-image-24222\" alt=\"\" srcset=\"https:\/\/sitenovo.wingsltda.com.br\/wp-content\/uploads\/2024\/03\/moega-de-recebimento-de-acucar-com-dustcontrol-wings.png 637w, https:\/\/sitenovo.wingsltda.com.br\/wp-content\/uploads\/2024\/03\/moega-de-recebimento-de-acucar-com-dustcontrol-wings-150x82.png 150w, https:\/\/sitenovo.wingsltda.com.br\/wp-content\/uploads\/2024\/03\/moega-de-recebimento-de-acucar-com-dustcontrol-wings-18x10.png 18w, https:\/\/sitenovo.wingsltda.com.br\/wp-content\/uploads\/2024\/03\/moega-de-recebimento-de-acucar-com-dustcontrol-wings-510x279.png 510w\" sizes=\"(max-width: 637px) 100vw, 637px\" \/>\t\t\t\t\t\t\t\t\t\t\t\t\t\t\t<\/div>\n\t\t\t\t<\/div>\n\t\t\t\t<div class=\"elementor-element elementor-element-3f56637 elementor-widget elementor-widget-text-editor\" data-id=\"3f56637\" data-element_type=\"widget\" data-e-type=\"widget\" data-widget_type=\"text-editor.default\">\n\t\t\t\t<div class=\"elementor-widget-container\">\n\t\t\t\t\t\t\t\t\t<p>Depois<\/p>\t\t\t\t\t\t\t\t<\/div>\n\t\t\t\t<\/div>\n\t\t\t\t<\/div>\n\t\t\t\t\t<\/div>\n\t\t\t\t<\/div>\n\t\t<div class=\"elementor-element elementor-element-40429ad e-flex e-con-boxed e-con e-parent\" data-id=\"40429ad\" data-element_type=\"container\" data-e-type=\"container\">\n\t\t\t\t\t<div class=\"e-con-inner\">\n\t\t<div class=\"elementor-element elementor-element-ab1a211 e-con-full e-flex e-con e-child\" data-id=\"ab1a211\" data-element_type=\"container\" data-e-type=\"container\">\n\t\t\t\t<div class=\"elementor-element elementor-element-2f76b5a elementor-widget elementor-widget-text-editor\" data-id=\"2f76b5a\" data-element_type=\"widget\" data-e-type=\"widget\" data-widget_type=\"text-editor.default\">\n\t\t\t\t<div class=\"elementor-widget-container\">\n\t\t\t\t\t\t\t\t\t<p style=\"text-align: justify;\">Com o DustControl PLUS, os operadores podem circular pelo local sem o desconforto e perigos ocasionados pelos nuvens de p\u00f3 e as nuvens de abelhas, conforme demonstra nosso v\u00eddeo.<\/p>\t\t\t\t\t\t\t\t<\/div>\n\t\t\t\t<\/div>\n\t\t\t\t<div class=\"elementor-element elementor-element-7cf32f6 elementor-widget elementor-widget-text-editor\" data-id=\"7cf32f6\" data-element_type=\"widget\" data-e-type=\"widget\" data-widget_type=\"text-editor.default\">\n\t\t\t\t<div class=\"elementor-widget-container\">\n\t\t\t\t\t\t\t\t\t<p style=\"text-align: justify;\">Durante a colheita dos gr\u00e3os, a transfer\u00eancia do produto de um local para outro gera poeira que pode poluir a atmosfera e amea\u00e7ar o meio ambiente e a sa\u00fade dos operadores e caminhoneiros. O <strong>sistema Wings DustControl<\/strong> instalado na moegas de recebimento de gr\u00e3os reduzir\u00e1 esses problemas.<\/p>\t\t\t\t\t\t\t\t<\/div>\n\t\t\t\t<\/div>\n\t\t\t\t<\/div>\n\t\t<div class=\"elementor-element elementor-element-e7d0fc1 e-con-full e-flex e-con e-child\" data-id=\"e7d0fc1\" data-element_type=\"container\" data-e-type=\"container\">\n\t\t\t\t<div class=\"elementor-element elementor-element-7cedc82 elementor-widget elementor-widget-video\" data-id=\"7cedc82\" data-element_type=\"widget\" data-e-type=\"widget\" data-settings=\"{&quot;youtube_url&quot;:&quot;https:\\\/\\\/youtu.be\\\/WAZa80WORGo&quot;,&quot;video_type&quot;:&quot;youtube&quot;,&quot;controls&quot;:&quot;yes&quot;}\" data-widget_type=\"video.default\">\n\t\t\t\t<div class=\"elementor-widget-container\">\n\t\t\t\t\t\t\t<div class=\"elementor-wrapper elementor-open-inline\">\n\t\t\t<div class=\"elementor-video\"><\/div>\t\t<\/div>\n\t\t\t\t\t\t<\/div>\n\t\t\t\t<\/div>\n\t\t\t\t<\/div>\n\t\t\t\t\t<\/div>\n\t\t\t\t<\/div>\n\t\t\t\t<\/div>\n\t\t","protected":false},"excerpt":{"rendered":"<p>VLI Guar\u00e1 (SP) | MOEGA DE A\u00c7\u00daCAR DUSTCONTROL PLUS INSTALA\u00c7\u00d5ES 2014 Para o Terminal Integrador de Guar\u00e1 (VLI), o futuro s\u00f3 se faz presente se o desenvolvimento econ\u00f4mico estiver acompanhado da promo\u00e7\u00e3o social e da preserva\u00e7\u00e3o do meio ambiente. A Wings instalou tr\u00eas sistemas DustControl em suas moegas de recebimento de a\u00e7\u00facar, reduzindo drasticamente a [&hellip;]<\/p>\n","protected":false},"author":1,"featured_media":0,"parent":55,"menu_order":0,"comment_status":"closed","ping_status":"closed","template":"","meta":{"footnotes":""},"class_list":["post-23745","page","type-page","status-publish","hentry"],"yoast_head":"<!-- This site is optimized with the Yoast SEO plugin v27.3 - https:\/\/yoast.com\/product\/yoast-seo-wordpress\/ -->\n<title>VLI \u2013 GUAR\u00c1 (SP) - Wings Ltda |<\/title>\n<meta name=\"description\" content=\"Para o Terminal Integrador de Guar\u00e1 (VLI), o futuro s\u00f3 se faz presente se o desenvolvimento econ\u00f4mico estiver acompanhado da promo\u00e7\u00e3o social e da preserva\u00e7\u00e3o do meio ambiente. A Wings instalou tr\u00eas sistemas DustControl em suas moegas de recebimento de a\u00e7\u00facar, reduzindo drasticamente a poeira dispersa no momento da descarga de a\u00e7\u00facar granular.\" \/>\n<meta name=\"robots\" content=\"index, follow, max-snippet:-1, max-image-preview:large, max-video-preview:-1\" \/>\n<link rel=\"canonical\" href=\"https:\/\/sitenovo.wingsltda.com.br\/pt\/projetos-clientes-moegas-despoeiramento-meio-ambiente-2\/vli-guara-sp\/\" \/>\n<meta property=\"og:locale\" content=\"pt_BR\" \/>\n<meta property=\"og:type\" content=\"article\" \/>\n<meta property=\"og:title\" content=\"VLI \u2013 GUAR\u00c1 (SP) - Wings Ltda |\" \/>\n<meta property=\"og:description\" content=\"Para o Terminal Integrador de Guar\u00e1 (VLI), o futuro s\u00f3 se faz presente se o desenvolvimento econ\u00f4mico estiver acompanhado da promo\u00e7\u00e3o social e da preserva\u00e7\u00e3o do meio ambiente. A Wings instalou tr\u00eas sistemas DustControl em suas moegas de recebimento de a\u00e7\u00facar, reduzindo drasticamente a poeira dispersa no momento da descarga de a\u00e7\u00facar granular.\" \/>\n<meta property=\"og:url\" content=\"https:\/\/sitenovo.wingsltda.com.br\/pt\/projetos-clientes-moegas-despoeiramento-meio-ambiente-2\/vli-guara-sp\/\" \/>\n<meta property=\"og:site_name\" content=\"Wings Ltda |\" \/>\n<meta property=\"article:publisher\" content=\"https:\/\/www.facebook.com\/wingsltda\/\" \/>\n<meta property=\"article:modified_time\" content=\"2024-05-18T20:26:33+00:00\" \/>\n<meta property=\"og:image\" content=\"https:\/\/sitenovo.wingsltda.com.br\/wp-content\/uploads\/2024\/03\/logovli-conexoes-1400x700-1.png\" \/>\n<meta name=\"twitter:card\" content=\"summary_large_image\" \/>\n<meta name=\"twitter:label1\" content=\"Est. tempo de leitura\" \/>\n\t<meta name=\"twitter:data1\" content=\"1 minuto\" \/>\n<script type=\"application\/ld+json\" class=\"yoast-schema-graph\">{\"@context\":\"https:\\\/\\\/schema.org\",\"@graph\":[{\"@type\":\"WebPage\",\"@id\":\"https:\\\/\\\/sitenovo.wingsltda.com.br\\\/pt\\\/projetos-clientes-moegas-despoeiramento-meio-ambiente-2\\\/vli-guara-sp\\\/\",\"url\":\"https:\\\/\\\/sitenovo.wingsltda.com.br\\\/pt\\\/projetos-clientes-moegas-despoeiramento-meio-ambiente-2\\\/vli-guara-sp\\\/\",\"name\":\"VLI \u2013 GUAR\u00c1 (SP) - Wings Ltda |\",\"isPartOf\":{\"@id\":\"https:\\\/\\\/sitenovo.wingsltda.com.br\\\/en\\\/#website\"},\"primaryImageOfPage\":{\"@id\":\"https:\\\/\\\/sitenovo.wingsltda.com.br\\\/pt\\\/projetos-clientes-moegas-despoeiramento-meio-ambiente-2\\\/vli-guara-sp\\\/#primaryimage\"},\"image\":{\"@id\":\"https:\\\/\\\/sitenovo.wingsltda.com.br\\\/pt\\\/projetos-clientes-moegas-despoeiramento-meio-ambiente-2\\\/vli-guara-sp\\\/#primaryimage\"},\"thumbnailUrl\":\"https:\\\/\\\/sitenovo.wingsltda.com.br\\\/wp-content\\\/uploads\\\/2024\\\/03\\\/logovli-conexoes-1400x700-1.png\",\"datePublished\":\"2024-03-04T22:20:54+00:00\",\"dateModified\":\"2024-05-18T20:26:33+00:00\",\"description\":\"Para o Terminal Integrador de Guar\u00e1 (VLI), o futuro s\u00f3 se faz presente se o desenvolvimento econ\u00f4mico estiver acompanhado da promo\u00e7\u00e3o social e da preserva\u00e7\u00e3o do meio ambiente. A Wings instalou tr\u00eas sistemas DustControl em suas moegas de recebimento de a\u00e7\u00facar, reduzindo drasticamente a poeira dispersa no momento da descarga de a\u00e7\u00facar granular.\",\"breadcrumb\":{\"@id\":\"https:\\\/\\\/sitenovo.wingsltda.com.br\\\/pt\\\/projetos-clientes-moegas-despoeiramento-meio-ambiente-2\\\/vli-guara-sp\\\/#breadcrumb\"},\"inLanguage\":\"pt-BR\",\"potentialAction\":[{\"@type\":\"ReadAction\",\"target\":[\"https:\\\/\\\/sitenovo.wingsltda.com.br\\\/pt\\\/projetos-clientes-moegas-despoeiramento-meio-ambiente-2\\\/vli-guara-sp\\\/\"]}]},{\"@type\":\"ImageObject\",\"inLanguage\":\"pt-BR\",\"@id\":\"https:\\\/\\\/sitenovo.wingsltda.com.br\\\/pt\\\/projetos-clientes-moegas-despoeiramento-meio-ambiente-2\\\/vli-guara-sp\\\/#primaryimage\",\"url\":\"https:\\\/\\\/sitenovo.wingsltda.com.br\\\/wp-content\\\/uploads\\\/2024\\\/03\\\/logovli-conexoes-1400x700-1.png\",\"contentUrl\":\"https:\\\/\\\/sitenovo.wingsltda.com.br\\\/wp-content\\\/uploads\\\/2024\\\/03\\\/logovli-conexoes-1400x700-1.png\"},{\"@type\":\"BreadcrumbList\",\"@id\":\"https:\\\/\\\/sitenovo.wingsltda.com.br\\\/pt\\\/projetos-clientes-moegas-despoeiramento-meio-ambiente-2\\\/vli-guara-sp\\\/#breadcrumb\",\"itemListElement\":[{\"@type\":\"ListItem\",\"position\":1,\"name\":\"In\u00edcio\",\"item\":\"https:\\\/\\\/sitenovo.wingsltda.com.br\\\/\"},{\"@type\":\"ListItem\",\"position\":2,\"name\":\"Conhe\u00e7a Alguns dos nossos Projetos\",\"item\":\"https:\\\/\\\/sitenovo.wingsltda.com.br\\\/pt\\\/projetos-clientes-moegas-despoeiramento-meio-ambiente-2\\\/\"},{\"@type\":\"ListItem\",\"position\":3,\"name\":\"VLI \u2013 GUAR\u00c1 (SP)\"}]},{\"@type\":\"WebSite\",\"@id\":\"https:\\\/\\\/sitenovo.wingsltda.com.br\\\/en\\\/#website\",\"url\":\"https:\\\/\\\/sitenovo.wingsltda.com.br\\\/en\\\/\",\"name\":\"Wings Ltda |\",\"description\":\"Transformando sua opera\u00e7\u00e3o no agro.\",\"publisher\":{\"@id\":\"https:\\\/\\\/sitenovo.wingsltda.com.br\\\/en\\\/#organization\"},\"potentialAction\":[{\"@type\":\"SearchAction\",\"target\":{\"@type\":\"EntryPoint\",\"urlTemplate\":\"https:\\\/\\\/sitenovo.wingsltda.com.br\\\/en\\\/?s={search_term_string}\"},\"query-input\":{\"@type\":\"PropertyValueSpecification\",\"valueRequired\":true,\"valueName\":\"search_term_string\"}}],\"inLanguage\":\"pt-BR\"},{\"@type\":\"Organization\",\"@id\":\"https:\\\/\\\/sitenovo.wingsltda.com.br\\\/en\\\/#organization\",\"name\":\"Wings Ltda\",\"url\":\"https:\\\/\\\/sitenovo.wingsltda.com.br\\\/en\\\/\",\"logo\":{\"@type\":\"ImageObject\",\"inLanguage\":\"pt-BR\",\"@id\":\"https:\\\/\\\/sitenovo.wingsltda.com.br\\\/en\\\/#\\\/schema\\\/logo\\\/image\\\/\",\"url\":\"https:\\\/\\\/sitenovo.wingsltda.com.br\\\/wp-content\\\/uploads\\\/2024\\\/03\\\/Wings-Logo-Novo-DustControl.png\",\"contentUrl\":\"https:\\\/\\\/sitenovo.wingsltda.com.br\\\/wp-content\\\/uploads\\\/2024\\\/03\\\/Wings-Logo-Novo-DustControl.png\",\"width\":1090,\"height\":410,\"caption\":\"Wings Ltda\"},\"image\":{\"@id\":\"https:\\\/\\\/sitenovo.wingsltda.com.br\\\/en\\\/#\\\/schema\\\/logo\\\/image\\\/\"},\"sameAs\":[\"https:\\\/\\\/www.facebook.com\\\/wingsltda\\\/\",\"https:\\\/\\\/www.linkedin.com\\\/company\\\/wingsltda\\\/\",\"https:\\\/\\\/www.youtube.com\\\/channel\\\/UC2XSL5EljSgDh-pwalcPLLA\"]}]}<\/script>\n<!-- \/ Yoast SEO plugin. -->","yoast_head_json":{"title":"VLI \u2013 GUAR\u00c1 (SP) - Wings Ltda |","description":"Para o Terminal Integrador de Guar\u00e1 (VLI), o futuro s\u00f3 se faz presente se o desenvolvimento econ\u00f4mico estiver acompanhado da promo\u00e7\u00e3o social e da preserva\u00e7\u00e3o do meio ambiente. A Wings instalou tr\u00eas sistemas DustControl em suas moegas de recebimento de a\u00e7\u00facar, reduzindo drasticamente a poeira dispersa no momento da descarga de a\u00e7\u00facar granular.","robots":{"index":"index","follow":"follow","max-snippet":"max-snippet:-1","max-image-preview":"max-image-preview:large","max-video-preview":"max-video-preview:-1"},"canonical":"https:\/\/sitenovo.wingsltda.com.br\/pt\/projetos-clientes-moegas-despoeiramento-meio-ambiente-2\/vli-guara-sp\/","og_locale":"pt_BR","og_type":"article","og_title":"VLI \u2013 GUAR\u00c1 (SP) - Wings Ltda |","og_description":"Para o Terminal Integrador de Guar\u00e1 (VLI), o futuro s\u00f3 se faz presente se o desenvolvimento econ\u00f4mico estiver acompanhado da promo\u00e7\u00e3o social e da preserva\u00e7\u00e3o do meio ambiente. A Wings instalou tr\u00eas sistemas DustControl em suas moegas de recebimento de a\u00e7\u00facar, reduzindo drasticamente a poeira dispersa no momento da descarga de a\u00e7\u00facar granular.","og_url":"https:\/\/sitenovo.wingsltda.com.br\/pt\/projetos-clientes-moegas-despoeiramento-meio-ambiente-2\/vli-guara-sp\/","og_site_name":"Wings Ltda |","article_publisher":"https:\/\/www.facebook.com\/wingsltda\/","article_modified_time":"2024-05-18T20:26:33+00:00","og_image":[{"url":"https:\/\/sitenovo.wingsltda.com.br\/wp-content\/uploads\/2024\/03\/logovli-conexoes-1400x700-1.png","type":"","width":"","height":""}],"twitter_card":"summary_large_image","twitter_misc":{"Est. tempo de leitura":"1 minuto"},"schema":{"@context":"https:\/\/schema.org","@graph":[{"@type":"WebPage","@id":"https:\/\/sitenovo.wingsltda.com.br\/pt\/projetos-clientes-moegas-despoeiramento-meio-ambiente-2\/vli-guara-sp\/","url":"https:\/\/sitenovo.wingsltda.com.br\/pt\/projetos-clientes-moegas-despoeiramento-meio-ambiente-2\/vli-guara-sp\/","name":"VLI \u2013 GUAR\u00c1 (SP) - Wings Ltda |","isPartOf":{"@id":"https:\/\/sitenovo.wingsltda.com.br\/en\/#website"},"primaryImageOfPage":{"@id":"https:\/\/sitenovo.wingsltda.com.br\/pt\/projetos-clientes-moegas-despoeiramento-meio-ambiente-2\/vli-guara-sp\/#primaryimage"},"image":{"@id":"https:\/\/sitenovo.wingsltda.com.br\/pt\/projetos-clientes-moegas-despoeiramento-meio-ambiente-2\/vli-guara-sp\/#primaryimage"},"thumbnailUrl":"https:\/\/sitenovo.wingsltda.com.br\/wp-content\/uploads\/2024\/03\/logovli-conexoes-1400x700-1.png","datePublished":"2024-03-04T22:20:54+00:00","dateModified":"2024-05-18T20:26:33+00:00","description":"Para o Terminal Integrador de Guar\u00e1 (VLI), o futuro s\u00f3 se faz presente se o desenvolvimento econ\u00f4mico estiver acompanhado da promo\u00e7\u00e3o social e da preserva\u00e7\u00e3o do meio ambiente. A Wings instalou tr\u00eas sistemas DustControl em suas moegas de recebimento de a\u00e7\u00facar, reduzindo drasticamente a poeira dispersa no momento da descarga de a\u00e7\u00facar granular.","breadcrumb":{"@id":"https:\/\/sitenovo.wingsltda.com.br\/pt\/projetos-clientes-moegas-despoeiramento-meio-ambiente-2\/vli-guara-sp\/#breadcrumb"},"inLanguage":"pt-BR","potentialAction":[{"@type":"ReadAction","target":["https:\/\/sitenovo.wingsltda.com.br\/pt\/projetos-clientes-moegas-despoeiramento-meio-ambiente-2\/vli-guara-sp\/"]}]},{"@type":"ImageObject","inLanguage":"pt-BR","@id":"https:\/\/sitenovo.wingsltda.com.br\/pt\/projetos-clientes-moegas-despoeiramento-meio-ambiente-2\/vli-guara-sp\/#primaryimage","url":"https:\/\/sitenovo.wingsltda.com.br\/wp-content\/uploads\/2024\/03\/logovli-conexoes-1400x700-1.png","contentUrl":"https:\/\/sitenovo.wingsltda.com.br\/wp-content\/uploads\/2024\/03\/logovli-conexoes-1400x700-1.png"},{"@type":"BreadcrumbList","@id":"https:\/\/sitenovo.wingsltda.com.br\/pt\/projetos-clientes-moegas-despoeiramento-meio-ambiente-2\/vli-guara-sp\/#breadcrumb","itemListElement":[{"@type":"ListItem","position":1,"name":"In\u00edcio","item":"https:\/\/sitenovo.wingsltda.com.br\/"},{"@type":"ListItem","position":2,"name":"Conhe\u00e7a Alguns dos nossos Projetos","item":"https:\/\/sitenovo.wingsltda.com.br\/pt\/projetos-clientes-moegas-despoeiramento-meio-ambiente-2\/"},{"@type":"ListItem","position":3,"name":"VLI \u2013 GUAR\u00c1 (SP)"}]},{"@type":"WebSite","@id":"https:\/\/sitenovo.wingsltda.com.br\/en\/#website","url":"https:\/\/sitenovo.wingsltda.com.br\/en\/","name":"Wings Ltda |","description":"Transformando sua opera\u00e7\u00e3o no agro.","publisher":{"@id":"https:\/\/sitenovo.wingsltda.com.br\/en\/#organization"},"potentialAction":[{"@type":"SearchAction","target":{"@type":"EntryPoint","urlTemplate":"https:\/\/sitenovo.wingsltda.com.br\/en\/?s={search_term_string}"},"query-input":{"@type":"PropertyValueSpecification","valueRequired":true,"valueName":"search_term_string"}}],"inLanguage":"pt-BR"},{"@type":"Organization","@id":"https:\/\/sitenovo.wingsltda.com.br\/en\/#organization","name":"Wings Ltda","url":"https:\/\/sitenovo.wingsltda.com.br\/en\/","logo":{"@type":"ImageObject","inLanguage":"pt-BR","@id":"https:\/\/sitenovo.wingsltda.com.br\/en\/#\/schema\/logo\/image\/","url":"https:\/\/sitenovo.wingsltda.com.br\/wp-content\/uploads\/2024\/03\/Wings-Logo-Novo-DustControl.png","contentUrl":"https:\/\/sitenovo.wingsltda.com.br\/wp-content\/uploads\/2024\/03\/Wings-Logo-Novo-DustControl.png","width":1090,"height":410,"caption":"Wings Ltda"},"image":{"@id":"https:\/\/sitenovo.wingsltda.com.br\/en\/#\/schema\/logo\/image\/"},"sameAs":["https:\/\/www.facebook.com\/wingsltda\/","https:\/\/www.linkedin.com\/company\/wingsltda\/","https:\/\/www.youtube.com\/channel\/UC2XSL5EljSgDh-pwalcPLLA"]}]}},"_links":{"self":[{"href":"https:\/\/sitenovo.wingsltda.com.br\/pt\/wp-json\/wp\/v2\/pages\/23745","targetHints":{"allow":["GET"]}}],"collection":[{"href":"https:\/\/sitenovo.wingsltda.com.br\/pt\/wp-json\/wp\/v2\/pages"}],"about":[{"href":"https:\/\/sitenovo.wingsltda.com.br\/pt\/wp-json\/wp\/v2\/types\/page"}],"author":[{"embeddable":true,"href":"https:\/\/sitenovo.wingsltda.com.br\/pt\/wp-json\/wp\/v2\/users\/1"}],"replies":[{"embeddable":true,"href":"https:\/\/sitenovo.wingsltda.com.br\/pt\/wp-json\/wp\/v2\/comments?post=23745"}],"version-history":[{"count":9,"href":"https:\/\/sitenovo.wingsltda.com.br\/pt\/wp-json\/wp\/v2\/pages\/23745\/revisions"}],"predecessor-version":[{"id":24755,"href":"https:\/\/sitenovo.wingsltda.com.br\/pt\/wp-json\/wp\/v2\/pages\/23745\/revisions\/24755"}],"up":[{"embeddable":true,"href":"https:\/\/sitenovo.wingsltda.com.br\/pt\/wp-json\/wp\/v2\/pages\/55"}],"wp:attachment":[{"href":"https:\/\/sitenovo.wingsltda.com.br\/pt\/wp-json\/wp\/v2\/media?parent=23745"}],"curies":[{"name":"wp","href":"https:\/\/api.w.org\/{rel}","templated":true}]}}