{"id":23762,"date":"2024-03-04T20:09:50","date_gmt":"2024-03-04T23:09:50","guid":{"rendered":"https:\/\/sitenovo.wingsltda.com.br\/?page_id=23762"},"modified":"2024-05-19T14:22:58","modified_gmt":"2024-05-19T17:22:58","slug":"adm-wings","status":"publish","type":"page","link":"https:\/\/sitenovo.wingsltda.com.br\/pt\/projetos-clientes-moegas-despoeiramento-meio-ambiente-2\/adm-wings\/","title":{"rendered":"ADM \u2013 WINGS"},"content":{"rendered":"\t\t<div data-elementor-type=\"wp-page\" data-elementor-id=\"23762\" class=\"elementor elementor-23762\">\n\t\t\t\t<div class=\"elementor-element elementor-element-9f569cd e-flex e-con-boxed e-con e-parent\" data-id=\"9f569cd\" data-element_type=\"container\" data-e-type=\"container\">\n\t\t\t\t\t<div class=\"e-con-inner\">\n\t\t<div class=\"elementor-element elementor-element-228506f e-con-full e-flex e-con e-child\" data-id=\"228506f\" data-element_type=\"container\" data-e-type=\"container\">\n\t\t\t\t<div class=\"elementor-element elementor-element-918ff16 elementor-widget elementor-widget-heading\" data-id=\"918ff16\" data-element_type=\"widget\" data-e-type=\"widget\" data-widget_type=\"heading.default\">\n\t\t\t\t<div class=\"elementor-widget-container\">\n\t\t\t\t\t<h2 class=\"elementor-heading-title elementor-size-default\">ADM \u2013 WINGS | DUSTCONTROL EM TR\u00caS LOCAIS NOS EUA<\/h2>\t\t\t\t<\/div>\n\t\t\t\t<\/div>\n\t\t\t\t<div class=\"elementor-element elementor-element-82aad08 elementor-widget elementor-widget-image\" data-id=\"82aad08\" data-element_type=\"widget\" data-e-type=\"widget\" data-widget_type=\"image.default\">\n\t\t\t\t<div class=\"elementor-widget-container\">\n\t\t\t\t\t\t\t\t\t\t\t\t\t\t\t\t<a href=\"https:\/\/www.adm.com\/\" target=\"_blank\">\n\t\t\t\t\t\t\t<img decoding=\"async\" width=\"260\" height=\"120\" src=\"https:\/\/sitenovo.wingsltda.com.br\/wp-content\/uploads\/2024\/05\/Logo-ADM-Santos-Cliente-Wings.jpg\" class=\"attachment-large size-large wp-image-24553\" alt=\"\" srcset=\"https:\/\/sitenovo.wingsltda.com.br\/wp-content\/uploads\/2024\/05\/Logo-ADM-Santos-Cliente-Wings.jpg 260w, https:\/\/sitenovo.wingsltda.com.br\/wp-content\/uploads\/2024\/05\/Logo-ADM-Santos-Cliente-Wings-150x69.jpg 150w, https:\/\/sitenovo.wingsltda.com.br\/wp-content\/uploads\/2024\/05\/Logo-ADM-Santos-Cliente-Wings-18x8.jpg 18w\" sizes=\"(max-width: 260px) 100vw, 260px\" \/>\t\t\t\t\t\t\t\t<\/a>\n\t\t\t\t\t\t\t\t\t\t\t\t\t\t\t<\/div>\n\t\t\t\t<\/div>\n\t\t\t\t<\/div>\n\t\t<div class=\"elementor-element elementor-element-f1cc529 e-con-full e-flex e-con e-child\" data-id=\"f1cc529\" data-element_type=\"container\" data-e-type=\"container\">\n\t\t\t\t<div class=\"elementor-element elementor-element-706e566 elementor-widget elementor-widget-text-editor\" data-id=\"706e566\" data-element_type=\"widget\" data-e-type=\"widget\" data-widget_type=\"text-editor.default\">\n\t\t\t\t<div class=\"elementor-widget-container\">\n\t\t\t\t\t\t\t\t\t<p style=\"text-align: justify;\"><em>The Archer-Daniels-Midland Company, comumente conhecida como ADM, \u00e9 uma empresa multinacional americana de processamento de alimentos e com\u00e9rcio de commodities fundada em 1902 e sediada em Chicago, Illinois. A empresa opera mais de 270 f\u00e1bricas e 420 instala\u00e7\u00f5es de aquisi\u00e7\u00e3o de safras em todo o mundo.<\/em><\/p>\t\t\t\t\t\t\t\t<\/div>\n\t\t\t\t<\/div>\n\t\t\t\t<\/div>\n\t\t\t\t\t<\/div>\n\t\t\t\t<\/div>\n\t\t<div class=\"elementor-element elementor-element-75bb50c e-flex e-con-boxed e-con e-parent\" data-id=\"75bb50c\" data-element_type=\"container\" data-e-type=\"container\">\n\t\t\t\t\t<div class=\"e-con-inner\">\n\t\t<div class=\"elementor-element elementor-element-c1b1900 e-con-full e-flex e-con e-child\" data-id=\"c1b1900\" data-element_type=\"container\" data-e-type=\"container\">\n\t\t\t\t<div class=\"elementor-element elementor-element-17a636a elementor-widget elementor-widget-video\" data-id=\"17a636a\" data-element_type=\"widget\" data-e-type=\"widget\" data-settings=\"{&quot;youtube_url&quot;:&quot;https:\\\/\\\/youtu.be\\\/ImF98ofr6j8&quot;,&quot;video_type&quot;:&quot;youtube&quot;,&quot;controls&quot;:&quot;yes&quot;}\" data-widget_type=\"video.default\">\n\t\t\t\t<div class=\"elementor-widget-container\">\n\t\t\t\t\t\t\t<div class=\"elementor-wrapper elementor-open-inline\">\n\t\t\t<div class=\"elementor-video\"><\/div>\t\t<\/div>\n\t\t\t\t\t\t<\/div>\n\t\t\t\t<\/div>\n\t\t\t\t<\/div>\n\t\t<div class=\"elementor-element elementor-element-71f5078 e-con-full e-flex e-con e-child\" data-id=\"71f5078\" data-element_type=\"container\" data-e-type=\"container\">\n\t\t\t\t<div class=\"elementor-element elementor-element-db267bf elementor-widget elementor-widget-text-editor\" data-id=\"db267bf\" data-element_type=\"widget\" data-e-type=\"widget\" data-widget_type=\"text-editor.default\">\n\t\t\t\t<div class=\"elementor-widget-container\">\n\t\t\t\t\t\t\t\t\t\n<figure class=\"wp-block-table is-style-stripes\">\n<table>\n<tbody>\n<tr>\n<td><strong>Local da instala\u00e7\u00e3o<\/strong><\/td>\n<td><strong>Ano<\/strong><\/td>\n<td><strong>N\u00famero de sistemas\u00a0<\/strong><\/td>\n<td><strong>Empreiteira<\/strong><\/td>\n<\/tr>\n<tr>\n<td>Quincy, IL<\/td>\n<td>2016<\/td>\n<td>1<\/td>\n<td>\u00a0<\/td>\n<\/tr>\n<tr>\n<td>Deerfield, MO<\/td>\n<td>2018<\/td>\n<td>3<\/td>\n<td>\u00a0<\/td>\n<\/tr>\n<tr>\n<td>Cedar Rapids, IA<\/td>\n<td>2018<\/td>\n<td>1<\/td>\n<\/tr>\n<\/tbody>\n<\/table>\n<\/figure>\n\t\t\t\t\t\t\t\t<\/div>\n\t\t\t\t<\/div>\n\t\t\t\t<div class=\"elementor-element elementor-element-267717b elementor-widget elementor-widget-text-editor\" data-id=\"267717b\" data-element_type=\"widget\" data-e-type=\"widget\" data-widget_type=\"text-editor.default\">\n\t\t\t\t<div class=\"elementor-widget-container\">\n\t\t\t\t\t\t\t\t\t<p style=\"text-align: justify;\">O DustControl \u00e9 uma solu\u00e7\u00e3o inteligente para o p\u00f3 da moegas, al\u00e9m de ser econ\u00f4mica, pois n\u00e3o necessita de energia el\u00e9trica. Sua fun\u00e7\u00e3o \u00e9 manter o p\u00f3 junto com o produto sem dispersar para o meio ambiente. Por isso, a ADM nos Estados Unidos tem cinco sistemas DustControl instalados.<\/p>\t\t\t\t\t\t\t\t<\/div>\n\t\t\t\t<\/div>\n\t\t\t\t<\/div>\n\t\t\t\t\t<\/div>\n\t\t\t\t<\/div>\n\t\t<div class=\"elementor-element elementor-element-514a195 e-flex e-con-boxed e-con e-parent\" data-id=\"514a195\" data-element_type=\"container\" data-e-type=\"container\">\n\t\t\t\t\t<div class=\"e-con-inner\">\n\t\t\t\t<div class=\"elementor-element elementor-element-3acf74ef elementor-widget elementor-widget-text-editor\" data-id=\"3acf74ef\" data-element_type=\"widget\" data-e-type=\"widget\" data-widget_type=\"text-editor.default\">\n\t\t\t\t<div class=\"elementor-widget-container\">\n\t\t\t\t\t\t\t\t\t<p>\u00a0<\/p>\n\n<figure class=\"wp-block-embed is-type-video is-provider-youtube wp-block-embed-youtube wp-embed-aspect-16-9 wp-has-aspect-ratio\">\n<div class=\"wp-block-embed__wrapper\">\u00a0<\/div>\n<\/figure>\n\n<p class=\"has-small-font-size\">\u00a0<\/p>\n\n<p>\u00a0<\/p>\n<!-- \/wp:column -->\n<p>\u00a0<\/p>\n<!-- \/wp:columns --><!-- wp:columns -->\n<div class=\"wp-block-columns\"><!-- wp:column -->\n<div class=\"wp-block-column\"><!-- wp:paragraph {\"fontSize\":\"small\"} -->\n<p class=\"has-small-font-size\">\u00a0<\/p>\n<!-- \/wp:paragraph --><!-- wp:paragraph -->\n<p>\u00a0<\/p>\n<!-- \/wp:paragraph --><\/div>\n<!-- \/wp:column --><\/div>\n<!-- \/wp:columns --><!-- wp:html \/-->\t\t\t\t\t\t\t\t<\/div>\n\t\t\t\t<\/div>\n\t\t\t\t\t<\/div>\n\t\t\t\t<\/div>\n\t\t\t\t<\/div>\n\t\t","protected":false},"excerpt":{"rendered":"<p>ADM \u2013 WINGS | DUSTCONTROL EM TR\u00caS LOCAIS NOS EUA The Archer-Daniels-Midland Company, comumente conhecida como ADM, \u00e9 uma empresa multinacional americana de processamento de alimentos e com\u00e9rcio de commodities fundada em 1902 e sediada em Chicago, Illinois. A empresa opera mais de 270 f\u00e1bricas e 420 instala\u00e7\u00f5es de aquisi\u00e7\u00e3o de safras em todo o [&hellip;]<\/p>\n","protected":false},"author":1,"featured_media":24263,"parent":55,"menu_order":0,"comment_status":"open","ping_status":"closed","template":"","meta":{"footnotes":""},"class_list":["post-23762","page","type-page","status-publish","has-post-thumbnail","hentry"],"yoast_head":"<!-- This site is optimized with the Yoast SEO plugin v27.3 - https:\/\/yoast.com\/product\/yoast-seo-wordpress\/ -->\n<title>ADM \u2013 WINGS - Wings Ltda |<\/title>\n<meta name=\"description\" content=\"The Archer-Daniels-Midland Company, comumente conhecida como ADM, \u00e9 uma empresa multinacional americana de processamento de alimentos e com\u00e9rcio de commodities fundada em 1902 e sediada em Chicago, Illinois. A empresa opera mais de 270 f\u00e1bricas e 420 instala\u00e7\u00f5es de aquisi\u00e7\u00e3o de safras em todo o mundo.\" \/>\n<meta name=\"robots\" content=\"index, follow, max-snippet:-1, max-image-preview:large, max-video-preview:-1\" \/>\n<link rel=\"canonical\" href=\"https:\/\/sitenovo.wingsltda.com.br\/pt\/projetos-clientes-moegas-despoeiramento-meio-ambiente-2\/adm-wings\/\" \/>\n<meta property=\"og:locale\" content=\"pt_BR\" \/>\n<meta property=\"og:type\" content=\"article\" \/>\n<meta property=\"og:title\" content=\"ADM \u2013 WINGS - Wings Ltda |\" \/>\n<meta property=\"og:description\" content=\"The Archer-Daniels-Midland Company, comumente conhecida como ADM, \u00e9 uma empresa multinacional americana de processamento de alimentos e com\u00e9rcio de commodities fundada em 1902 e sediada em Chicago, Illinois. A empresa opera mais de 270 f\u00e1bricas e 420 instala\u00e7\u00f5es de aquisi\u00e7\u00e3o de safras em todo o mundo.\" \/>\n<meta property=\"og:url\" content=\"https:\/\/sitenovo.wingsltda.com.br\/pt\/projetos-clientes-moegas-despoeiramento-meio-ambiente-2\/adm-wings\/\" \/>\n<meta property=\"og:site_name\" content=\"Wings Ltda |\" \/>\n<meta property=\"article:publisher\" content=\"https:\/\/www.facebook.com\/wingsltda\/\" \/>\n<meta property=\"article:modified_time\" content=\"2024-05-19T17:22:58+00:00\" \/>\n<meta property=\"og:image\" content=\"https:\/\/sitenovo.wingsltda.com.br\/wp-content\/uploads\/2024\/03\/admbannercertinho-280x280-1.png\" \/>\n\t<meta property=\"og:image:width\" content=\"280\" \/>\n\t<meta property=\"og:image:height\" content=\"280\" \/>\n\t<meta property=\"og:image:type\" content=\"image\/png\" \/>\n<meta name=\"twitter:card\" content=\"summary_large_image\" \/>\n<meta name=\"twitter:label1\" content=\"Est. tempo de leitura\" \/>\n\t<meta name=\"twitter:data1\" content=\"1 minuto\" \/>\n<script type=\"application\/ld+json\" class=\"yoast-schema-graph\">{\"@context\":\"https:\\\/\\\/schema.org\",\"@graph\":[{\"@type\":\"WebPage\",\"@id\":\"https:\\\/\\\/sitenovo.wingsltda.com.br\\\/pt\\\/projetos-clientes-moegas-despoeiramento-meio-ambiente-2\\\/adm-wings\\\/\",\"url\":\"https:\\\/\\\/sitenovo.wingsltda.com.br\\\/pt\\\/projetos-clientes-moegas-despoeiramento-meio-ambiente-2\\\/adm-wings\\\/\",\"name\":\"ADM \u2013 WINGS - Wings Ltda |\",\"isPartOf\":{\"@id\":\"https:\\\/\\\/sitenovo.wingsltda.com.br\\\/en\\\/#website\"},\"primaryImageOfPage\":{\"@id\":\"https:\\\/\\\/sitenovo.wingsltda.com.br\\\/pt\\\/projetos-clientes-moegas-despoeiramento-meio-ambiente-2\\\/adm-wings\\\/#primaryimage\"},\"image\":{\"@id\":\"https:\\\/\\\/sitenovo.wingsltda.com.br\\\/pt\\\/projetos-clientes-moegas-despoeiramento-meio-ambiente-2\\\/adm-wings\\\/#primaryimage\"},\"thumbnailUrl\":\"https:\\\/\\\/sitenovo.wingsltda.com.br\\\/wp-content\\\/uploads\\\/2024\\\/03\\\/admbannercertinho-280x280-1.png\",\"datePublished\":\"2024-03-04T23:09:50+00:00\",\"dateModified\":\"2024-05-19T17:22:58+00:00\",\"description\":\"The Archer-Daniels-Midland Company, comumente conhecida como ADM, \u00e9 uma empresa multinacional americana de processamento de alimentos e com\u00e9rcio de commodities fundada em 1902 e sediada em Chicago, Illinois. A empresa opera mais de 270 f\u00e1bricas e 420 instala\u00e7\u00f5es de aquisi\u00e7\u00e3o de safras em todo o mundo.\",\"breadcrumb\":{\"@id\":\"https:\\\/\\\/sitenovo.wingsltda.com.br\\\/pt\\\/projetos-clientes-moegas-despoeiramento-meio-ambiente-2\\\/adm-wings\\\/#breadcrumb\"},\"inLanguage\":\"pt-BR\",\"potentialAction\":[{\"@type\":\"ReadAction\",\"target\":[\"https:\\\/\\\/sitenovo.wingsltda.com.br\\\/pt\\\/projetos-clientes-moegas-despoeiramento-meio-ambiente-2\\\/adm-wings\\\/\"]}]},{\"@type\":\"ImageObject\",\"inLanguage\":\"pt-BR\",\"@id\":\"https:\\\/\\\/sitenovo.wingsltda.com.br\\\/pt\\\/projetos-clientes-moegas-despoeiramento-meio-ambiente-2\\\/adm-wings\\\/#primaryimage\",\"url\":\"https:\\\/\\\/sitenovo.wingsltda.com.br\\\/wp-content\\\/uploads\\\/2024\\\/03\\\/admbannercertinho-280x280-1.png\",\"contentUrl\":\"https:\\\/\\\/sitenovo.wingsltda.com.br\\\/wp-content\\\/uploads\\\/2024\\\/03\\\/admbannercertinho-280x280-1.png\",\"width\":280,\"height\":280},{\"@type\":\"BreadcrumbList\",\"@id\":\"https:\\\/\\\/sitenovo.wingsltda.com.br\\\/pt\\\/projetos-clientes-moegas-despoeiramento-meio-ambiente-2\\\/adm-wings\\\/#breadcrumb\",\"itemListElement\":[{\"@type\":\"ListItem\",\"position\":1,\"name\":\"In\u00edcio\",\"item\":\"https:\\\/\\\/sitenovo.wingsltda.com.br\\\/\"},{\"@type\":\"ListItem\",\"position\":2,\"name\":\"Conhe\u00e7a Alguns dos nossos Projetos\",\"item\":\"https:\\\/\\\/sitenovo.wingsltda.com.br\\\/pt\\\/projetos-clientes-moegas-despoeiramento-meio-ambiente-2\\\/\"},{\"@type\":\"ListItem\",\"position\":3,\"name\":\"ADM \u2013 WINGS\"}]},{\"@type\":\"WebSite\",\"@id\":\"https:\\\/\\\/sitenovo.wingsltda.com.br\\\/en\\\/#website\",\"url\":\"https:\\\/\\\/sitenovo.wingsltda.com.br\\\/en\\\/\",\"name\":\"Wings Ltda |\",\"description\":\"Transformando sua opera\u00e7\u00e3o no agro.\",\"publisher\":{\"@id\":\"https:\\\/\\\/sitenovo.wingsltda.com.br\\\/en\\\/#organization\"},\"potentialAction\":[{\"@type\":\"SearchAction\",\"target\":{\"@type\":\"EntryPoint\",\"urlTemplate\":\"https:\\\/\\\/sitenovo.wingsltda.com.br\\\/en\\\/?s={search_term_string}\"},\"query-input\":{\"@type\":\"PropertyValueSpecification\",\"valueRequired\":true,\"valueName\":\"search_term_string\"}}],\"inLanguage\":\"pt-BR\"},{\"@type\":\"Organization\",\"@id\":\"https:\\\/\\\/sitenovo.wingsltda.com.br\\\/en\\\/#organization\",\"name\":\"Wings Ltda\",\"url\":\"https:\\\/\\\/sitenovo.wingsltda.com.br\\\/en\\\/\",\"logo\":{\"@type\":\"ImageObject\",\"inLanguage\":\"pt-BR\",\"@id\":\"https:\\\/\\\/sitenovo.wingsltda.com.br\\\/en\\\/#\\\/schema\\\/logo\\\/image\\\/\",\"url\":\"https:\\\/\\\/sitenovo.wingsltda.com.br\\\/wp-content\\\/uploads\\\/2024\\\/03\\\/Wings-Logo-Novo-DustControl.png\",\"contentUrl\":\"https:\\\/\\\/sitenovo.wingsltda.com.br\\\/wp-content\\\/uploads\\\/2024\\\/03\\\/Wings-Logo-Novo-DustControl.png\",\"width\":1090,\"height\":410,\"caption\":\"Wings Ltda\"},\"image\":{\"@id\":\"https:\\\/\\\/sitenovo.wingsltda.com.br\\\/en\\\/#\\\/schema\\\/logo\\\/image\\\/\"},\"sameAs\":[\"https:\\\/\\\/www.facebook.com\\\/wingsltda\\\/\",\"https:\\\/\\\/www.linkedin.com\\\/company\\\/wingsltda\\\/\",\"https:\\\/\\\/www.youtube.com\\\/channel\\\/UC2XSL5EljSgDh-pwalcPLLA\"]}]}<\/script>\n<!-- \/ Yoast SEO plugin. -->","yoast_head_json":{"title":"ADM \u2013 WINGS - Wings Ltda |","description":"The Archer-Daniels-Midland Company, comumente conhecida como ADM, \u00e9 uma empresa multinacional americana de processamento de alimentos e com\u00e9rcio de commodities fundada em 1902 e sediada em Chicago, Illinois. A empresa opera mais de 270 f\u00e1bricas e 420 instala\u00e7\u00f5es de aquisi\u00e7\u00e3o de safras em todo o mundo.","robots":{"index":"index","follow":"follow","max-snippet":"max-snippet:-1","max-image-preview":"max-image-preview:large","max-video-preview":"max-video-preview:-1"},"canonical":"https:\/\/sitenovo.wingsltda.com.br\/pt\/projetos-clientes-moegas-despoeiramento-meio-ambiente-2\/adm-wings\/","og_locale":"pt_BR","og_type":"article","og_title":"ADM \u2013 WINGS - Wings Ltda |","og_description":"The Archer-Daniels-Midland Company, comumente conhecida como ADM, \u00e9 uma empresa multinacional americana de processamento de alimentos e com\u00e9rcio de commodities fundada em 1902 e sediada em Chicago, Illinois. A empresa opera mais de 270 f\u00e1bricas e 420 instala\u00e7\u00f5es de aquisi\u00e7\u00e3o de safras em todo o mundo.","og_url":"https:\/\/sitenovo.wingsltda.com.br\/pt\/projetos-clientes-moegas-despoeiramento-meio-ambiente-2\/adm-wings\/","og_site_name":"Wings Ltda |","article_publisher":"https:\/\/www.facebook.com\/wingsltda\/","article_modified_time":"2024-05-19T17:22:58+00:00","og_image":[{"width":280,"height":280,"url":"https:\/\/sitenovo.wingsltda.com.br\/wp-content\/uploads\/2024\/03\/admbannercertinho-280x280-1.png","type":"image\/png"}],"twitter_card":"summary_large_image","twitter_misc":{"Est. tempo de leitura":"1 minuto"},"schema":{"@context":"https:\/\/schema.org","@graph":[{"@type":"WebPage","@id":"https:\/\/sitenovo.wingsltda.com.br\/pt\/projetos-clientes-moegas-despoeiramento-meio-ambiente-2\/adm-wings\/","url":"https:\/\/sitenovo.wingsltda.com.br\/pt\/projetos-clientes-moegas-despoeiramento-meio-ambiente-2\/adm-wings\/","name":"ADM \u2013 WINGS - Wings Ltda |","isPartOf":{"@id":"https:\/\/sitenovo.wingsltda.com.br\/en\/#website"},"primaryImageOfPage":{"@id":"https:\/\/sitenovo.wingsltda.com.br\/pt\/projetos-clientes-moegas-despoeiramento-meio-ambiente-2\/adm-wings\/#primaryimage"},"image":{"@id":"https:\/\/sitenovo.wingsltda.com.br\/pt\/projetos-clientes-moegas-despoeiramento-meio-ambiente-2\/adm-wings\/#primaryimage"},"thumbnailUrl":"https:\/\/sitenovo.wingsltda.com.br\/wp-content\/uploads\/2024\/03\/admbannercertinho-280x280-1.png","datePublished":"2024-03-04T23:09:50+00:00","dateModified":"2024-05-19T17:22:58+00:00","description":"The Archer-Daniels-Midland Company, comumente conhecida como ADM, \u00e9 uma empresa multinacional americana de processamento de alimentos e com\u00e9rcio de commodities fundada em 1902 e sediada em Chicago, Illinois. A empresa opera mais de 270 f\u00e1bricas e 420 instala\u00e7\u00f5es de aquisi\u00e7\u00e3o de safras em todo o mundo.","breadcrumb":{"@id":"https:\/\/sitenovo.wingsltda.com.br\/pt\/projetos-clientes-moegas-despoeiramento-meio-ambiente-2\/adm-wings\/#breadcrumb"},"inLanguage":"pt-BR","potentialAction":[{"@type":"ReadAction","target":["https:\/\/sitenovo.wingsltda.com.br\/pt\/projetos-clientes-moegas-despoeiramento-meio-ambiente-2\/adm-wings\/"]}]},{"@type":"ImageObject","inLanguage":"pt-BR","@id":"https:\/\/sitenovo.wingsltda.com.br\/pt\/projetos-clientes-moegas-despoeiramento-meio-ambiente-2\/adm-wings\/#primaryimage","url":"https:\/\/sitenovo.wingsltda.com.br\/wp-content\/uploads\/2024\/03\/admbannercertinho-280x280-1.png","contentUrl":"https:\/\/sitenovo.wingsltda.com.br\/wp-content\/uploads\/2024\/03\/admbannercertinho-280x280-1.png","width":280,"height":280},{"@type":"BreadcrumbList","@id":"https:\/\/sitenovo.wingsltda.com.br\/pt\/projetos-clientes-moegas-despoeiramento-meio-ambiente-2\/adm-wings\/#breadcrumb","itemListElement":[{"@type":"ListItem","position":1,"name":"In\u00edcio","item":"https:\/\/sitenovo.wingsltda.com.br\/"},{"@type":"ListItem","position":2,"name":"Conhe\u00e7a Alguns dos nossos Projetos","item":"https:\/\/sitenovo.wingsltda.com.br\/pt\/projetos-clientes-moegas-despoeiramento-meio-ambiente-2\/"},{"@type":"ListItem","position":3,"name":"ADM \u2013 WINGS"}]},{"@type":"WebSite","@id":"https:\/\/sitenovo.wingsltda.com.br\/en\/#website","url":"https:\/\/sitenovo.wingsltda.com.br\/en\/","name":"Wings Ltda |","description":"Transformando sua opera\u00e7\u00e3o no agro.","publisher":{"@id":"https:\/\/sitenovo.wingsltda.com.br\/en\/#organization"},"potentialAction":[{"@type":"SearchAction","target":{"@type":"EntryPoint","urlTemplate":"https:\/\/sitenovo.wingsltda.com.br\/en\/?s={search_term_string}"},"query-input":{"@type":"PropertyValueSpecification","valueRequired":true,"valueName":"search_term_string"}}],"inLanguage":"pt-BR"},{"@type":"Organization","@id":"https:\/\/sitenovo.wingsltda.com.br\/en\/#organization","name":"Wings Ltda","url":"https:\/\/sitenovo.wingsltda.com.br\/en\/","logo":{"@type":"ImageObject","inLanguage":"pt-BR","@id":"https:\/\/sitenovo.wingsltda.com.br\/en\/#\/schema\/logo\/image\/","url":"https:\/\/sitenovo.wingsltda.com.br\/wp-content\/uploads\/2024\/03\/Wings-Logo-Novo-DustControl.png","contentUrl":"https:\/\/sitenovo.wingsltda.com.br\/wp-content\/uploads\/2024\/03\/Wings-Logo-Novo-DustControl.png","width":1090,"height":410,"caption":"Wings Ltda"},"image":{"@id":"https:\/\/sitenovo.wingsltda.com.br\/en\/#\/schema\/logo\/image\/"},"sameAs":["https:\/\/www.facebook.com\/wingsltda\/","https:\/\/www.linkedin.com\/company\/wingsltda\/","https:\/\/www.youtube.com\/channel\/UC2XSL5EljSgDh-pwalcPLLA"]}]}},"_links":{"self":[{"href":"https:\/\/sitenovo.wingsltda.com.br\/pt\/wp-json\/wp\/v2\/pages\/23762","targetHints":{"allow":["GET"]}}],"collection":[{"href":"https:\/\/sitenovo.wingsltda.com.br\/pt\/wp-json\/wp\/v2\/pages"}],"about":[{"href":"https:\/\/sitenovo.wingsltda.com.br\/pt\/wp-json\/wp\/v2\/types\/page"}],"author":[{"embeddable":true,"href":"https:\/\/sitenovo.wingsltda.com.br\/pt\/wp-json\/wp\/v2\/users\/1"}],"replies":[{"embeddable":true,"href":"https:\/\/sitenovo.wingsltda.com.br\/pt\/wp-json\/wp\/v2\/comments?post=23762"}],"version-history":[{"count":9,"href":"https:\/\/sitenovo.wingsltda.com.br\/pt\/wp-json\/wp\/v2\/pages\/23762\/revisions"}],"predecessor-version":[{"id":24949,"href":"https:\/\/sitenovo.wingsltda.com.br\/pt\/wp-json\/wp\/v2\/pages\/23762\/revisions\/24949"}],"up":[{"embeddable":true,"href":"https:\/\/sitenovo.wingsltda.com.br\/pt\/wp-json\/wp\/v2\/pages\/55"}],"wp:featuredmedia":[{"embeddable":true,"href":"https:\/\/sitenovo.wingsltda.com.br\/pt\/wp-json\/wp\/v2\/media\/24263"}],"wp:attachment":[{"href":"https:\/\/sitenovo.wingsltda.com.br\/pt\/wp-json\/wp\/v2\/media?parent=23762"}],"curies":[{"name":"wp","href":"https:\/\/api.w.org\/{rel}","templated":true}]}}