{"id":23809,"date":"2024-03-04T22:09:48","date_gmt":"2024-03-05T01:09:48","guid":{"rendered":"https:\/\/sitenovo.wingsltda.com.br\/?page_id=23809"},"modified":"2024-05-19T09:23:54","modified_gmt":"2024-05-19T12:23:54","slug":"moinho-arapongas-arapongas-pr","status":"publish","type":"page","link":"https:\/\/sitenovo.wingsltda.com.br\/pt\/projetos-clientes-moegas-despoeiramento-meio-ambiente-2\/moinho-arapongas-arapongas-pr\/","title":{"rendered":"MOINHO ARAPONGAS \u2013 ARAPONGAS (PR)"},"content":{"rendered":"\t\t<div data-elementor-type=\"wp-page\" data-elementor-id=\"23809\" class=\"elementor elementor-23809\">\n\t\t\t\t<div class=\"elementor-element elementor-element-f7826bb e-flex e-con-boxed e-con e-parent\" data-id=\"f7826bb\" data-element_type=\"container\" data-e-type=\"container\">\n\t\t\t\t\t<div class=\"e-con-inner\">\n\t\t<div class=\"elementor-element elementor-element-6253ea7 e-con-full e-flex e-con e-child\" data-id=\"6253ea7\" data-element_type=\"container\" data-e-type=\"container\">\n\t\t\t\t<div class=\"elementor-element elementor-element-4660e22 elementor-widget elementor-widget-heading\" data-id=\"4660e22\" data-element_type=\"widget\" data-e-type=\"widget\" data-widget_type=\"heading.default\">\n\t\t\t\t<div class=\"elementor-widget-container\">\n\t\t\t\t\t<h2 class=\"elementor-heading-title elementor-size-default\">MOINHO ARAPONGAS \u2013 ARAPONGAS (PR) | DUSTCONTROL INSTALADO EM: 2004<\/h2>\t\t\t\t<\/div>\n\t\t\t\t<\/div>\n\t\t\t\t<div class=\"elementor-element elementor-element-090df45 elementor-widget elementor-widget-image\" data-id=\"090df45\" data-element_type=\"widget\" data-e-type=\"widget\" data-widget_type=\"image.default\">\n\t\t\t\t<div class=\"elementor-widget-container\">\n\t\t\t\t\t\t\t\t\t\t\t\t\t\t\t\t<a href=\"https:\/\/moinhoarapongas.com.br\/\" target=\"_blank\">\n\t\t\t\t\t\t\t<img decoding=\"async\" width=\"260\" height=\"120\" src=\"https:\/\/sitenovo.wingsltda.com.br\/wp-content\/uploads\/2024\/02\/moinho-araponga-jpg.webp\" class=\"attachment-large size-large wp-image-24040\" alt=\"\" srcset=\"https:\/\/sitenovo.wingsltda.com.br\/wp-content\/uploads\/2024\/02\/moinho-araponga-jpg.webp 260w, https:\/\/sitenovo.wingsltda.com.br\/wp-content\/uploads\/2024\/02\/moinho-araponga-150x69.webp 150w, https:\/\/sitenovo.wingsltda.com.br\/wp-content\/uploads\/2024\/02\/moinho-araponga-18x8.webp 18w\" sizes=\"(max-width: 260px) 100vw, 260px\" \/>\t\t\t\t\t\t\t\t<\/a>\n\t\t\t\t\t\t\t\t\t\t\t\t\t\t\t<\/div>\n\t\t\t\t<\/div>\n\t\t\t\t<\/div>\n\t\t<div class=\"elementor-element elementor-element-d6089c8 e-con-full e-flex e-con e-child\" data-id=\"d6089c8\" data-element_type=\"container\" data-e-type=\"container\">\n\t\t\t\t<div class=\"elementor-element elementor-element-17343aa elementor-widget elementor-widget-text-editor\" data-id=\"17343aa\" data-element_type=\"widget\" data-e-type=\"widget\" data-widget_type=\"text-editor.default\">\n\t\t\t\t<div class=\"elementor-widget-container\">\n\t\t\t\t\t\t\t\t\t<p style=\"text-align: justify;\"><em>Em 2004 o fundador do Moinho de Trigo Arapongas, Paulo K\u00fcmmel, foi um dos primeiros clientes a instalar sistemas DustControl em suas moegas de recebimento, resolvendo um problema cada dia mais comum, a cidade crescer em volta de um moinho e a poeira emitida no momento da descarga de gr\u00e3os, incomodar muito. At\u00e9 hoje a cidade continua se beneficiando deste investimento no DustControl. Um sistema que nunca precisou de manuten\u00e7\u00e3o!<\/em><\/p>\t\t\t\t\t\t\t\t<\/div>\n\t\t\t\t<\/div>\n\t\t\t\t<\/div>\n\t\t\t\t\t<\/div>\n\t\t\t\t<\/div>\n\t\t<div class=\"elementor-element elementor-element-83e7b06 e-flex e-con-boxed e-con e-parent\" data-id=\"83e7b06\" data-element_type=\"container\" data-e-type=\"container\">\n\t\t\t\t\t<div class=\"e-con-inner\">\n\t\t<div class=\"elementor-element elementor-element-6fc8278 e-con-full e-flex e-con e-child\" data-id=\"6fc8278\" data-element_type=\"container\" data-e-type=\"container\">\n\t\t\t\t<div class=\"elementor-element elementor-element-ee8334d elementor-widget elementor-widget-text-editor\" data-id=\"ee8334d\" data-element_type=\"widget\" data-e-type=\"widget\" data-widget_type=\"text-editor.default\">\n\t\t\t\t<div class=\"elementor-widget-container\">\n\t\t\t\t\t\t\t\t\t<p style=\"text-align: justify;\">Nossa parceria com o Moinho de trigo Arapongas, resolveu o problema com os vizinhos. Como a cidade foi crescento nos arredores do moinho, a sua opera\u00e7\u00e3o causava diversos transtornos, com a instala\u00e7\u00e3o do sistema DustControl, esse problema foi solucionado, conforme podemos ver atrav\u00e9s do filme.<\/p>\n<p style=\"text-align: justify;\">Acredita-se que respirar altas concentra\u00e7\u00f5es de poeira ao longo de muitos anos reduz a fun\u00e7\u00e3o pulmonar e contribui para doen\u00e7as como bronquite cr\u00f4nica e doen\u00e7as card\u00edacas e pulmonares. O sistema DustControl instalado em moegas protege a sa\u00fade contra perigos que podem ter consequ\u00eancias de longo prazo.<\/p>\n<p style=\"text-align: justify;\">Com o nosso DustControl instalado, o cliente conseguiu, al\u00e9m de reduzir as perdas ocasionadas no momento da descarga de gr\u00e3os, uma \u00f3tima rela\u00e7\u00e3o com seus vizinhos, que n\u00e3o s\u00e3o incomodados com a poeira que seria dispersa no momento da descarga de gr\u00e3os.<\/p>\t\t\t\t\t\t\t\t<\/div>\n\t\t\t\t<\/div>\n\t\t\t\t<\/div>\n\t\t<div class=\"elementor-element elementor-element-9d87f4e e-con-full e-flex e-con e-child\" data-id=\"9d87f4e\" data-element_type=\"container\" data-e-type=\"container\">\n\t\t\t\t<div class=\"elementor-element elementor-element-a60d8da elementor-widget elementor-widget-video\" data-id=\"a60d8da\" data-element_type=\"widget\" data-e-type=\"widget\" data-settings=\"{&quot;youtube_url&quot;:&quot;https:\\\/\\\/youtu.be\\\/De7vsHaFXlY&quot;,&quot;video_type&quot;:&quot;youtube&quot;,&quot;controls&quot;:&quot;yes&quot;}\" data-widget_type=\"video.default\">\n\t\t\t\t<div class=\"elementor-widget-container\">\n\t\t\t\t\t\t\t<div class=\"elementor-wrapper elementor-open-inline\">\n\t\t\t<div class=\"elementor-video\"><\/div>\t\t<\/div>\n\t\t\t\t\t\t<\/div>\n\t\t\t\t<\/div>\n\t\t\t\t<\/div>\n\t\t\t\t\t<\/div>\n\t\t\t\t<\/div>\n\t\t\t\t<\/div>\n\t\t","protected":false},"excerpt":{"rendered":"<p>MOINHO ARAPONGAS \u2013 ARAPONGAS (PR) | DUSTCONTROL INSTALADO EM: 2004 Em 2004 o fundador do Moinho de Trigo Arapongas, Paulo K\u00fcmmel, foi um dos primeiros clientes a instalar sistemas DustControl em suas moegas de recebimento, resolvendo um problema cada dia mais comum, a cidade crescer em volta de um moinho e a poeira emitida no [&hellip;]<\/p>\n","protected":false},"author":1,"featured_media":24188,"parent":55,"menu_order":0,"comment_status":"open","ping_status":"closed","template":"","meta":{"footnotes":""},"class_list":["post-23809","page","type-page","status-publish","has-post-thumbnail","hentry"],"yoast_head":"<!-- This site is optimized with the Yoast SEO plugin v27.3 - https:\/\/yoast.com\/product\/yoast-seo-wordpress\/ -->\n<title>MOINHO ARAPONGAS \u2013 ARAPONGAS (PR) - Wings Ltda |<\/title>\n<meta name=\"description\" content=\"Em 2004 o fundador do Moinho de Trigo Arapongas, Paulo K\u00fcmmel, foi um dos primeiros clientes a instalar sistemas DustControl em suas moegas de recebimento, resolvendo um problema cada dia mais comum, a cidade crescer em volta de um moinho e a poeira emitida no momento da descarga de gr\u00e3os, incomodar muito. At\u00e9 hoje a cidade continua se beneficiando deste investimento no DustControl. Um sistema que nunca precisou de manuten\u00e7\u00e3o!\" \/>\n<meta name=\"robots\" content=\"index, follow, max-snippet:-1, max-image-preview:large, max-video-preview:-1\" \/>\n<link rel=\"canonical\" href=\"https:\/\/sitenovo.wingsltda.com.br\/pt\/projetos-clientes-moegas-despoeiramento-meio-ambiente-2\/moinho-arapongas-arapongas-pr\/\" \/>\n<meta property=\"og:locale\" content=\"pt_BR\" \/>\n<meta property=\"og:type\" content=\"article\" \/>\n<meta property=\"og:title\" content=\"MOINHO ARAPONGAS \u2013 ARAPONGAS (PR) - Wings Ltda |\" \/>\n<meta property=\"og:description\" content=\"Em 2004 o fundador do Moinho de Trigo Arapongas, Paulo K\u00fcmmel, foi um dos primeiros clientes a instalar sistemas DustControl em suas moegas de recebimento, resolvendo um problema cada dia mais comum, a cidade crescer em volta de um moinho e a poeira emitida no momento da descarga de gr\u00e3os, incomodar muito. At\u00e9 hoje a cidade continua se beneficiando deste investimento no DustControl. Um sistema que nunca precisou de manuten\u00e7\u00e3o!\" \/>\n<meta property=\"og:url\" content=\"https:\/\/sitenovo.wingsltda.com.br\/pt\/projetos-clientes-moegas-despoeiramento-meio-ambiente-2\/moinho-arapongas-arapongas-pr\/\" \/>\n<meta property=\"og:site_name\" content=\"Wings Ltda |\" \/>\n<meta property=\"article:publisher\" content=\"https:\/\/www.facebook.com\/wingsltda\/\" \/>\n<meta property=\"article:modified_time\" content=\"2024-05-19T12:23:54+00:00\" \/>\n<meta property=\"og:image\" content=\"https:\/\/sitenovo.wingsltda.com.br\/wp-content\/uploads\/2024\/03\/moinho-arapongas1-501x400-1-jpg.webp\" \/>\n\t<meta property=\"og:image:width\" content=\"501\" \/>\n\t<meta property=\"og:image:height\" content=\"400\" \/>\n\t<meta property=\"og:image:type\" content=\"image\/jpeg\" \/>\n<meta name=\"twitter:card\" content=\"summary_large_image\" \/>\n<meta name=\"twitter:label1\" content=\"Est. tempo de leitura\" \/>\n\t<meta name=\"twitter:data1\" content=\"1 minuto\" \/>\n<script type=\"application\/ld+json\" class=\"yoast-schema-graph\">{\"@context\":\"https:\\\/\\\/schema.org\",\"@graph\":[{\"@type\":\"WebPage\",\"@id\":\"https:\\\/\\\/sitenovo.wingsltda.com.br\\\/pt\\\/projetos-clientes-moegas-despoeiramento-meio-ambiente-2\\\/moinho-arapongas-arapongas-pr\\\/\",\"url\":\"https:\\\/\\\/sitenovo.wingsltda.com.br\\\/pt\\\/projetos-clientes-moegas-despoeiramento-meio-ambiente-2\\\/moinho-arapongas-arapongas-pr\\\/\",\"name\":\"MOINHO ARAPONGAS \u2013 ARAPONGAS (PR) - Wings Ltda |\",\"isPartOf\":{\"@id\":\"https:\\\/\\\/sitenovo.wingsltda.com.br\\\/en\\\/#website\"},\"primaryImageOfPage\":{\"@id\":\"https:\\\/\\\/sitenovo.wingsltda.com.br\\\/pt\\\/projetos-clientes-moegas-despoeiramento-meio-ambiente-2\\\/moinho-arapongas-arapongas-pr\\\/#primaryimage\"},\"image\":{\"@id\":\"https:\\\/\\\/sitenovo.wingsltda.com.br\\\/pt\\\/projetos-clientes-moegas-despoeiramento-meio-ambiente-2\\\/moinho-arapongas-arapongas-pr\\\/#primaryimage\"},\"thumbnailUrl\":\"https:\\\/\\\/sitenovo.wingsltda.com.br\\\/wp-content\\\/uploads\\\/2024\\\/03\\\/moinho-arapongas1-501x400-1-jpg.webp\",\"datePublished\":\"2024-03-05T01:09:48+00:00\",\"dateModified\":\"2024-05-19T12:23:54+00:00\",\"description\":\"Em 2004 o fundador do Moinho de Trigo Arapongas, Paulo K\u00fcmmel, foi um dos primeiros clientes a instalar sistemas DustControl em suas moegas de recebimento, resolvendo um problema cada dia mais comum, a cidade crescer em volta de um moinho e a poeira emitida no momento da descarga de gr\u00e3os, incomodar muito. At\u00e9 hoje a cidade continua se beneficiando deste investimento no DustControl. Um sistema que nunca precisou de manuten\u00e7\u00e3o!\",\"breadcrumb\":{\"@id\":\"https:\\\/\\\/sitenovo.wingsltda.com.br\\\/pt\\\/projetos-clientes-moegas-despoeiramento-meio-ambiente-2\\\/moinho-arapongas-arapongas-pr\\\/#breadcrumb\"},\"inLanguage\":\"pt-BR\",\"potentialAction\":[{\"@type\":\"ReadAction\",\"target\":[\"https:\\\/\\\/sitenovo.wingsltda.com.br\\\/pt\\\/projetos-clientes-moegas-despoeiramento-meio-ambiente-2\\\/moinho-arapongas-arapongas-pr\\\/\"]}]},{\"@type\":\"ImageObject\",\"inLanguage\":\"pt-BR\",\"@id\":\"https:\\\/\\\/sitenovo.wingsltda.com.br\\\/pt\\\/projetos-clientes-moegas-despoeiramento-meio-ambiente-2\\\/moinho-arapongas-arapongas-pr\\\/#primaryimage\",\"url\":\"https:\\\/\\\/sitenovo.wingsltda.com.br\\\/wp-content\\\/uploads\\\/2024\\\/03\\\/moinho-arapongas1-501x400-1-jpg.webp\",\"contentUrl\":\"https:\\\/\\\/sitenovo.wingsltda.com.br\\\/wp-content\\\/uploads\\\/2024\\\/03\\\/moinho-arapongas1-501x400-1-jpg.webp\",\"width\":501,\"height\":400},{\"@type\":\"BreadcrumbList\",\"@id\":\"https:\\\/\\\/sitenovo.wingsltda.com.br\\\/pt\\\/projetos-clientes-moegas-despoeiramento-meio-ambiente-2\\\/moinho-arapongas-arapongas-pr\\\/#breadcrumb\",\"itemListElement\":[{\"@type\":\"ListItem\",\"position\":1,\"name\":\"In\u00edcio\",\"item\":\"https:\\\/\\\/sitenovo.wingsltda.com.br\\\/\"},{\"@type\":\"ListItem\",\"position\":2,\"name\":\"Conhe\u00e7a Alguns dos nossos Projetos\",\"item\":\"https:\\\/\\\/sitenovo.wingsltda.com.br\\\/pt\\\/projetos-clientes-moegas-despoeiramento-meio-ambiente-2\\\/\"},{\"@type\":\"ListItem\",\"position\":3,\"name\":\"MOINHO ARAPONGAS \u2013 ARAPONGAS (PR)\"}]},{\"@type\":\"WebSite\",\"@id\":\"https:\\\/\\\/sitenovo.wingsltda.com.br\\\/en\\\/#website\",\"url\":\"https:\\\/\\\/sitenovo.wingsltda.com.br\\\/en\\\/\",\"name\":\"Wings Ltda |\",\"description\":\"Transformando sua opera\u00e7\u00e3o no agro.\",\"publisher\":{\"@id\":\"https:\\\/\\\/sitenovo.wingsltda.com.br\\\/en\\\/#organization\"},\"potentialAction\":[{\"@type\":\"SearchAction\",\"target\":{\"@type\":\"EntryPoint\",\"urlTemplate\":\"https:\\\/\\\/sitenovo.wingsltda.com.br\\\/en\\\/?s={search_term_string}\"},\"query-input\":{\"@type\":\"PropertyValueSpecification\",\"valueRequired\":true,\"valueName\":\"search_term_string\"}}],\"inLanguage\":\"pt-BR\"},{\"@type\":\"Organization\",\"@id\":\"https:\\\/\\\/sitenovo.wingsltda.com.br\\\/en\\\/#organization\",\"name\":\"Wings Ltda\",\"url\":\"https:\\\/\\\/sitenovo.wingsltda.com.br\\\/en\\\/\",\"logo\":{\"@type\":\"ImageObject\",\"inLanguage\":\"pt-BR\",\"@id\":\"https:\\\/\\\/sitenovo.wingsltda.com.br\\\/en\\\/#\\\/schema\\\/logo\\\/image\\\/\",\"url\":\"https:\\\/\\\/sitenovo.wingsltda.com.br\\\/wp-content\\\/uploads\\\/2024\\\/03\\\/Wings-Logo-Novo-DustControl.png\",\"contentUrl\":\"https:\\\/\\\/sitenovo.wingsltda.com.br\\\/wp-content\\\/uploads\\\/2024\\\/03\\\/Wings-Logo-Novo-DustControl.png\",\"width\":1090,\"height\":410,\"caption\":\"Wings Ltda\"},\"image\":{\"@id\":\"https:\\\/\\\/sitenovo.wingsltda.com.br\\\/en\\\/#\\\/schema\\\/logo\\\/image\\\/\"},\"sameAs\":[\"https:\\\/\\\/www.facebook.com\\\/wingsltda\\\/\",\"https:\\\/\\\/www.linkedin.com\\\/company\\\/wingsltda\\\/\",\"https:\\\/\\\/www.youtube.com\\\/channel\\\/UC2XSL5EljSgDh-pwalcPLLA\"]}]}<\/script>\n<!-- \/ Yoast SEO plugin. -->","yoast_head_json":{"title":"MOINHO ARAPONGAS \u2013 ARAPONGAS (PR) - Wings Ltda |","description":"Em 2004 o fundador do Moinho de Trigo Arapongas, Paulo K\u00fcmmel, foi um dos primeiros clientes a instalar sistemas DustControl em suas moegas de recebimento, resolvendo um problema cada dia mais comum, a cidade crescer em volta de um moinho e a poeira emitida no momento da descarga de gr\u00e3os, incomodar muito. At\u00e9 hoje a cidade continua se beneficiando deste investimento no DustControl. Um sistema que nunca precisou de manuten\u00e7\u00e3o!","robots":{"index":"index","follow":"follow","max-snippet":"max-snippet:-1","max-image-preview":"max-image-preview:large","max-video-preview":"max-video-preview:-1"},"canonical":"https:\/\/sitenovo.wingsltda.com.br\/pt\/projetos-clientes-moegas-despoeiramento-meio-ambiente-2\/moinho-arapongas-arapongas-pr\/","og_locale":"pt_BR","og_type":"article","og_title":"MOINHO ARAPONGAS \u2013 ARAPONGAS (PR) - Wings Ltda |","og_description":"Em 2004 o fundador do Moinho de Trigo Arapongas, Paulo K\u00fcmmel, foi um dos primeiros clientes a instalar sistemas DustControl em suas moegas de recebimento, resolvendo um problema cada dia mais comum, a cidade crescer em volta de um moinho e a poeira emitida no momento da descarga de gr\u00e3os, incomodar muito. At\u00e9 hoje a cidade continua se beneficiando deste investimento no DustControl. Um sistema que nunca precisou de manuten\u00e7\u00e3o!","og_url":"https:\/\/sitenovo.wingsltda.com.br\/pt\/projetos-clientes-moegas-despoeiramento-meio-ambiente-2\/moinho-arapongas-arapongas-pr\/","og_site_name":"Wings Ltda |","article_publisher":"https:\/\/www.facebook.com\/wingsltda\/","article_modified_time":"2024-05-19T12:23:54+00:00","og_image":[{"width":501,"height":400,"url":"https:\/\/sitenovo.wingsltda.com.br\/wp-content\/uploads\/2024\/03\/moinho-arapongas1-501x400-1-jpg.webp","type":"image\/jpeg"}],"twitter_card":"summary_large_image","twitter_misc":{"Est. tempo de leitura":"1 minuto"},"schema":{"@context":"https:\/\/schema.org","@graph":[{"@type":"WebPage","@id":"https:\/\/sitenovo.wingsltda.com.br\/pt\/projetos-clientes-moegas-despoeiramento-meio-ambiente-2\/moinho-arapongas-arapongas-pr\/","url":"https:\/\/sitenovo.wingsltda.com.br\/pt\/projetos-clientes-moegas-despoeiramento-meio-ambiente-2\/moinho-arapongas-arapongas-pr\/","name":"MOINHO ARAPONGAS \u2013 ARAPONGAS (PR) - Wings Ltda |","isPartOf":{"@id":"https:\/\/sitenovo.wingsltda.com.br\/en\/#website"},"primaryImageOfPage":{"@id":"https:\/\/sitenovo.wingsltda.com.br\/pt\/projetos-clientes-moegas-despoeiramento-meio-ambiente-2\/moinho-arapongas-arapongas-pr\/#primaryimage"},"image":{"@id":"https:\/\/sitenovo.wingsltda.com.br\/pt\/projetos-clientes-moegas-despoeiramento-meio-ambiente-2\/moinho-arapongas-arapongas-pr\/#primaryimage"},"thumbnailUrl":"https:\/\/sitenovo.wingsltda.com.br\/wp-content\/uploads\/2024\/03\/moinho-arapongas1-501x400-1-jpg.webp","datePublished":"2024-03-05T01:09:48+00:00","dateModified":"2024-05-19T12:23:54+00:00","description":"Em 2004 o fundador do Moinho de Trigo Arapongas, Paulo K\u00fcmmel, foi um dos primeiros clientes a instalar sistemas DustControl em suas moegas de recebimento, resolvendo um problema cada dia mais comum, a cidade crescer em volta de um moinho e a poeira emitida no momento da descarga de gr\u00e3os, incomodar muito. At\u00e9 hoje a cidade continua se beneficiando deste investimento no DustControl. Um sistema que nunca precisou de manuten\u00e7\u00e3o!","breadcrumb":{"@id":"https:\/\/sitenovo.wingsltda.com.br\/pt\/projetos-clientes-moegas-despoeiramento-meio-ambiente-2\/moinho-arapongas-arapongas-pr\/#breadcrumb"},"inLanguage":"pt-BR","potentialAction":[{"@type":"ReadAction","target":["https:\/\/sitenovo.wingsltda.com.br\/pt\/projetos-clientes-moegas-despoeiramento-meio-ambiente-2\/moinho-arapongas-arapongas-pr\/"]}]},{"@type":"ImageObject","inLanguage":"pt-BR","@id":"https:\/\/sitenovo.wingsltda.com.br\/pt\/projetos-clientes-moegas-despoeiramento-meio-ambiente-2\/moinho-arapongas-arapongas-pr\/#primaryimage","url":"https:\/\/sitenovo.wingsltda.com.br\/wp-content\/uploads\/2024\/03\/moinho-arapongas1-501x400-1-jpg.webp","contentUrl":"https:\/\/sitenovo.wingsltda.com.br\/wp-content\/uploads\/2024\/03\/moinho-arapongas1-501x400-1-jpg.webp","width":501,"height":400},{"@type":"BreadcrumbList","@id":"https:\/\/sitenovo.wingsltda.com.br\/pt\/projetos-clientes-moegas-despoeiramento-meio-ambiente-2\/moinho-arapongas-arapongas-pr\/#breadcrumb","itemListElement":[{"@type":"ListItem","position":1,"name":"In\u00edcio","item":"https:\/\/sitenovo.wingsltda.com.br\/"},{"@type":"ListItem","position":2,"name":"Conhe\u00e7a Alguns dos nossos Projetos","item":"https:\/\/sitenovo.wingsltda.com.br\/pt\/projetos-clientes-moegas-despoeiramento-meio-ambiente-2\/"},{"@type":"ListItem","position":3,"name":"MOINHO ARAPONGAS \u2013 ARAPONGAS (PR)"}]},{"@type":"WebSite","@id":"https:\/\/sitenovo.wingsltda.com.br\/en\/#website","url":"https:\/\/sitenovo.wingsltda.com.br\/en\/","name":"Wings Ltda |","description":"Transformando sua opera\u00e7\u00e3o no agro.","publisher":{"@id":"https:\/\/sitenovo.wingsltda.com.br\/en\/#organization"},"potentialAction":[{"@type":"SearchAction","target":{"@type":"EntryPoint","urlTemplate":"https:\/\/sitenovo.wingsltda.com.br\/en\/?s={search_term_string}"},"query-input":{"@type":"PropertyValueSpecification","valueRequired":true,"valueName":"search_term_string"}}],"inLanguage":"pt-BR"},{"@type":"Organization","@id":"https:\/\/sitenovo.wingsltda.com.br\/en\/#organization","name":"Wings Ltda","url":"https:\/\/sitenovo.wingsltda.com.br\/en\/","logo":{"@type":"ImageObject","inLanguage":"pt-BR","@id":"https:\/\/sitenovo.wingsltda.com.br\/en\/#\/schema\/logo\/image\/","url":"https:\/\/sitenovo.wingsltda.com.br\/wp-content\/uploads\/2024\/03\/Wings-Logo-Novo-DustControl.png","contentUrl":"https:\/\/sitenovo.wingsltda.com.br\/wp-content\/uploads\/2024\/03\/Wings-Logo-Novo-DustControl.png","width":1090,"height":410,"caption":"Wings Ltda"},"image":{"@id":"https:\/\/sitenovo.wingsltda.com.br\/en\/#\/schema\/logo\/image\/"},"sameAs":["https:\/\/www.facebook.com\/wingsltda\/","https:\/\/www.linkedin.com\/company\/wingsltda\/","https:\/\/www.youtube.com\/channel\/UC2XSL5EljSgDh-pwalcPLLA"]}]}},"_links":{"self":[{"href":"https:\/\/sitenovo.wingsltda.com.br\/pt\/wp-json\/wp\/v2\/pages\/23809","targetHints":{"allow":["GET"]}}],"collection":[{"href":"https:\/\/sitenovo.wingsltda.com.br\/pt\/wp-json\/wp\/v2\/pages"}],"about":[{"href":"https:\/\/sitenovo.wingsltda.com.br\/pt\/wp-json\/wp\/v2\/types\/page"}],"author":[{"embeddable":true,"href":"https:\/\/sitenovo.wingsltda.com.br\/pt\/wp-json\/wp\/v2\/users\/1"}],"replies":[{"embeddable":true,"href":"https:\/\/sitenovo.wingsltda.com.br\/pt\/wp-json\/wp\/v2\/comments?post=23809"}],"version-history":[{"count":7,"href":"https:\/\/sitenovo.wingsltda.com.br\/pt\/wp-json\/wp\/v2\/pages\/23809\/revisions"}],"predecessor-version":[{"id":24836,"href":"https:\/\/sitenovo.wingsltda.com.br\/pt\/wp-json\/wp\/v2\/pages\/23809\/revisions\/24836"}],"up":[{"embeddable":true,"href":"https:\/\/sitenovo.wingsltda.com.br\/pt\/wp-json\/wp\/v2\/pages\/55"}],"wp:featuredmedia":[{"embeddable":true,"href":"https:\/\/sitenovo.wingsltda.com.br\/pt\/wp-json\/wp\/v2\/media\/24188"}],"wp:attachment":[{"href":"https:\/\/sitenovo.wingsltda.com.br\/pt\/wp-json\/wp\/v2\/media?parent=23809"}],"curies":[{"name":"wp","href":"https:\/\/api.w.org\/{rel}","templated":true}]}}