{"id":23870,"date":"2024-03-05T10:56:23","date_gmt":"2024-03-05T13:56:23","guid":{"rendered":"https:\/\/sitenovo.wingsltda.com.br\/?page_id=23870"},"modified":"2024-05-19T10:57:42","modified_gmt":"2024-05-19T13:57:42","slug":"coamo-diversas-unidades","status":"publish","type":"page","link":"https:\/\/sitenovo.wingsltda.com.br\/pt\/projetos-clientes-moegas-despoeiramento-meio-ambiente-2\/coamo-diversas-unidades\/","title":{"rendered":"COAMO DIVERSAS UNIDADES"},"content":{"rendered":"\t\t<div data-elementor-type=\"wp-page\" data-elementor-id=\"23870\" class=\"elementor elementor-23870\">\n\t\t\t\t<div class=\"elementor-element elementor-element-8d3b42b e-flex e-con-boxed e-con e-parent\" data-id=\"8d3b42b\" data-element_type=\"container\" data-e-type=\"container\">\n\t\t\t\t\t<div class=\"e-con-inner\">\n\t\t<div class=\"elementor-element elementor-element-af0e55e e-con-full e-flex e-con e-child\" data-id=\"af0e55e\" data-element_type=\"container\" data-e-type=\"container\">\n\t\t\t\t<div class=\"elementor-element elementor-element-0d5fc99 elementor-widget elementor-widget-heading\" data-id=\"0d5fc99\" data-element_type=\"widget\" data-e-type=\"widget\" data-widget_type=\"heading.default\">\n\t\t\t\t<div class=\"elementor-widget-container\">\n\t\t\t\t\t<h2 class=\"elementor-heading-title elementor-size-default\">COAMO DIVERSAS UNIDADES | DUSTCONTROL MEC\u00c2NICO INSTALA\u00c7\u00d5ES 2003, 04, 06, 20<\/h2>\t\t\t\t<\/div>\n\t\t\t\t<\/div>\n\t\t\t\t<div class=\"elementor-element elementor-element-7f5ea50 elementor-widget elementor-widget-image\" data-id=\"7f5ea50\" data-element_type=\"widget\" data-e-type=\"widget\" data-widget_type=\"image.default\">\n\t\t\t\t<div class=\"elementor-widget-container\">\n\t\t\t\t\t\t\t\t\t\t\t\t\t\t\t\t<a href=\"https:\/\/www.coamo.com.br\/site\/noticia\/2795\/coamo-lanca-sua-nova-marca\" target=\"_blank\">\n\t\t\t\t\t\t\t<img fetchpriority=\"high\" decoding=\"async\" width=\"267\" height=\"189\" src=\"https:\/\/sitenovo.wingsltda.com.br\/wp-content\/uploads\/2024\/05\/coamo.png\" class=\"attachment-large size-large wp-image-24900\" alt=\"\" srcset=\"https:\/\/sitenovo.wingsltda.com.br\/wp-content\/uploads\/2024\/05\/coamo.png 267w, https:\/\/sitenovo.wingsltda.com.br\/wp-content\/uploads\/2024\/05\/coamo-150x106.png 150w, https:\/\/sitenovo.wingsltda.com.br\/wp-content\/uploads\/2024\/05\/coamo-18x12.png 18w\" sizes=\"(max-width: 267px) 100vw, 267px\" \/>\t\t\t\t\t\t\t\t<\/a>\n\t\t\t\t\t\t\t\t\t\t\t\t\t\t\t<\/div>\n\t\t\t\t<\/div>\n\t\t\t\t<\/div>\n\t\t<div class=\"elementor-element elementor-element-864e894 e-con-full e-flex e-con e-child\" data-id=\"864e894\" data-element_type=\"container\" data-e-type=\"container\">\n\t\t\t\t<div class=\"elementor-element elementor-element-3d4eba5 elementor-widget elementor-widget-text-editor\" data-id=\"3d4eba5\" data-element_type=\"widget\" data-e-type=\"widget\" data-widget_type=\"text-editor.default\">\n\t\t\t\t<div class=\"elementor-widget-container\">\n\t\t\t\t\t\t\t\t\t<p style=\"text-align: justify;\"><em>Hoje temos diversas unidades do cliente resguardadas pelo DustControl, inclusive Juranda, PR que recebeu quatro sistemas em 2020,<\/em><\/p>\t\t\t\t\t\t\t\t<\/div>\n\t\t\t\t<\/div>\n\t\t\t\t<div class=\"elementor-element elementor-element-c9e51e3 elementor-widget elementor-widget-text-editor\" data-id=\"c9e51e3\" data-element_type=\"widget\" data-e-type=\"widget\" data-widget_type=\"text-editor.default\">\n\t\t\t\t<div class=\"elementor-widget-container\">\n\t\t\t\t\t\t\t\t\t<p style=\"text-align: justify;\">Para fazer despoeiramento em moegas de gr\u00e3os, n\u00e3o tem nada mas eficaz que o DustControl da Wings. A opera\u00e7\u00e3o de um filtro de mangas resulta em despesas com a pot\u00eancia do ventilador, ar pressurizado e manas de pano, bem como aumento no custo da m\u00e3o de obra e perda de produ\u00e7\u00e3o durante a manuten\u00e7\u00e3o e riscos de explos\u00e3o. Todos esses fatores negativos podem ser evitados com a instala\u00e7\u00e3o de um sistema DustControl fabricado pela Wings nas moegas de recebimento. O DustControl tem um retorno de custo-benef\u00edcio muito alto, pois al\u00e9m de ser eficaz no controle de p\u00f3, \u00e9 totalmente autom\u00e1tico, n\u00e3o requer eletricidade ou manuten\u00e7\u00e3o e os sistemas instalados h\u00e1 20 anos ainda est\u00e3o em opera\u00e7\u00e3o.<\/p>\t\t\t\t\t\t\t\t<\/div>\n\t\t\t\t<\/div>\n\t\t\t\t<\/div>\n\t\t\t\t\t<\/div>\n\t\t\t\t<\/div>\n\t\t<div class=\"elementor-element elementor-element-87bfe79 e-flex e-con-boxed e-con e-parent\" data-id=\"87bfe79\" data-element_type=\"container\" data-e-type=\"container\">\n\t\t\t\t\t<div class=\"e-con-inner\">\n\t\t<div class=\"elementor-element elementor-element-4bdc83e e-con-full e-flex e-con e-child\" data-id=\"4bdc83e\" data-element_type=\"container\" data-e-type=\"container\">\n\t\t\t\t<div class=\"elementor-element elementor-element-0ac6b47 elementor-widget elementor-widget-image\" data-id=\"0ac6b47\" data-element_type=\"widget\" data-e-type=\"widget\" data-widget_type=\"image.default\">\n\t\t\t\t<div class=\"elementor-widget-container\">\n\t\t\t\t\t\t\t\t\t\t\t\t<figure class=\"wp-caption\">\n\t\t\t\t\t\t\t\t\t\t<img decoding=\"async\" width=\"800\" height=\"600\" src=\"https:\/\/sitenovo.wingsltda.com.br\/wp-content\/uploads\/2024\/03\/Coamo-Campo-Mourao-bicas-dustcontrol-wings-despoeiramento-moegas-1067x800-1-jpg.webp\" class=\"attachment-large size-large wp-image-24275\" alt=\"\" srcset=\"https:\/\/sitenovo.wingsltda.com.br\/wp-content\/uploads\/2024\/03\/Coamo-Campo-Mourao-bicas-dustcontrol-wings-despoeiramento-moegas-1067x800-1-jpg.webp 1067w, https:\/\/sitenovo.wingsltda.com.br\/wp-content\/uploads\/2024\/03\/Coamo-Campo-Mourao-bicas-dustcontrol-wings-despoeiramento-moegas-1067x800-1-534x400.webp 534w, https:\/\/sitenovo.wingsltda.com.br\/wp-content\/uploads\/2024\/03\/Coamo-Campo-Mourao-bicas-dustcontrol-wings-despoeiramento-moegas-1067x800-1-150x112.webp 150w, https:\/\/sitenovo.wingsltda.com.br\/wp-content\/uploads\/2024\/03\/Coamo-Campo-Mourao-bicas-dustcontrol-wings-despoeiramento-moegas-1067x800-1-768x576.webp 768w, https:\/\/sitenovo.wingsltda.com.br\/wp-content\/uploads\/2024\/03\/Coamo-Campo-Mourao-bicas-dustcontrol-wings-despoeiramento-moegas-1067x800-1-16x12.webp 16w, https:\/\/sitenovo.wingsltda.com.br\/wp-content\/uploads\/2024\/03\/Coamo-Campo-Mourao-bicas-dustcontrol-wings-despoeiramento-moegas-1067x800-1-510x382.webp 510w\" sizes=\"(max-width: 800px) 100vw, 800px\" \/>\t\t\t\t\t\t\t\t\t\t\t<figcaption class=\"widget-image-caption wp-caption-text\">Campo Mour\u00e3o<\/figcaption>\n\t\t\t\t\t\t\t\t\t\t<\/figure>\n\t\t\t\t\t\t\t\t\t<\/div>\n\t\t\t\t<\/div>\n\t\t\t\t<\/div>\n\t\t<div class=\"elementor-element elementor-element-3d242de e-con-full e-flex e-con e-child\" data-id=\"3d242de\" data-element_type=\"container\" data-e-type=\"container\">\n\t\t\t\t<div class=\"elementor-element elementor-element-1898491 elementor-widget elementor-widget-image\" data-id=\"1898491\" data-element_type=\"widget\" data-e-type=\"widget\" data-widget_type=\"image.default\">\n\t\t\t\t<div class=\"elementor-widget-container\">\n\t\t\t\t\t\t\t\t\t\t\t\t<figure class=\"wp-caption\">\n\t\t\t\t\t\t\t\t\t\t<img decoding=\"async\" width=\"800\" height=\"600\" src=\"https:\/\/sitenovo.wingsltda.com.br\/wp-content\/uploads\/2024\/03\/Coamo-Pitanga-1067x800-1-jpg.webp\" class=\"attachment-large size-large wp-image-24277\" alt=\"\" srcset=\"https:\/\/sitenovo.wingsltda.com.br\/wp-content\/uploads\/2024\/03\/Coamo-Pitanga-1067x800-1-jpg.webp 1067w, https:\/\/sitenovo.wingsltda.com.br\/wp-content\/uploads\/2024\/03\/Coamo-Pitanga-1067x800-1-534x400.webp 534w, https:\/\/sitenovo.wingsltda.com.br\/wp-content\/uploads\/2024\/03\/Coamo-Pitanga-1067x800-1-150x112.webp 150w, https:\/\/sitenovo.wingsltda.com.br\/wp-content\/uploads\/2024\/03\/Coamo-Pitanga-1067x800-1-768x576.webp 768w, https:\/\/sitenovo.wingsltda.com.br\/wp-content\/uploads\/2024\/03\/Coamo-Pitanga-1067x800-1-16x12.webp 16w, https:\/\/sitenovo.wingsltda.com.br\/wp-content\/uploads\/2024\/03\/Coamo-Pitanga-1067x800-1-510x382.webp 510w\" sizes=\"(max-width: 800px) 100vw, 800px\" \/>\t\t\t\t\t\t\t\t\t\t\t<figcaption class=\"widget-image-caption wp-caption-text\">Pitanga<\/figcaption>\n\t\t\t\t\t\t\t\t\t\t<\/figure>\n\t\t\t\t\t\t\t\t\t<\/div>\n\t\t\t\t<\/div>\n\t\t\t\t<\/div>\n\t\t<div class=\"elementor-element elementor-element-81a62de e-con-full e-flex e-con e-child\" data-id=\"81a62de\" data-element_type=\"container\" data-e-type=\"container\">\n\t\t\t\t<div class=\"elementor-element elementor-element-49d177f elementor-widget elementor-widget-image\" data-id=\"49d177f\" data-element_type=\"widget\" data-e-type=\"widget\" data-widget_type=\"image.default\">\n\t\t\t\t<div class=\"elementor-widget-container\">\n\t\t\t\t\t\t\t\t\t\t\t\t<figure class=\"wp-caption\">\n\t\t\t\t\t\t\t\t\t\t<img loading=\"lazy\" decoding=\"async\" width=\"533\" height=\"400\" src=\"https:\/\/sitenovo.wingsltda.com.br\/wp-content\/uploads\/2024\/03\/Coamo-Rail-Pit-Paranagua-2-533x400-1-jpg.webp\" class=\"attachment-large size-large wp-image-24278\" alt=\"\" srcset=\"https:\/\/sitenovo.wingsltda.com.br\/wp-content\/uploads\/2024\/03\/Coamo-Rail-Pit-Paranagua-2-533x400-1-jpg.webp 533w, https:\/\/sitenovo.wingsltda.com.br\/wp-content\/uploads\/2024\/03\/Coamo-Rail-Pit-Paranagua-2-533x400-1-150x113.webp 150w, https:\/\/sitenovo.wingsltda.com.br\/wp-content\/uploads\/2024\/03\/Coamo-Rail-Pit-Paranagua-2-533x400-1-16x12.webp 16w, https:\/\/sitenovo.wingsltda.com.br\/wp-content\/uploads\/2024\/03\/Coamo-Rail-Pit-Paranagua-2-533x400-1-510x383.webp 510w\" sizes=\"(max-width: 533px) 100vw, 533px\" \/>\t\t\t\t\t\t\t\t\t\t\t<figcaption class=\"widget-image-caption wp-caption-text\">Paranagu\u00e1<\/figcaption>\n\t\t\t\t\t\t\t\t\t\t<\/figure>\n\t\t\t\t\t\t\t\t\t<\/div>\n\t\t\t\t<\/div>\n\t\t\t\t<\/div>\n\t\t<div class=\"elementor-element elementor-element-6c4417a e-con-full e-flex e-con e-child\" data-id=\"6c4417a\" data-element_type=\"container\" data-e-type=\"container\">\n\t\t\t\t<div class=\"elementor-element elementor-element-f187cdd elementor-widget elementor-widget-image\" data-id=\"f187cdd\" data-element_type=\"widget\" data-e-type=\"widget\" data-widget_type=\"image.default\">\n\t\t\t\t<div class=\"elementor-widget-container\">\n\t\t\t\t\t\t\t\t\t\t\t\t<figure class=\"wp-caption\">\n\t\t\t\t\t\t\t\t\t\t<img loading=\"lazy\" decoding=\"async\" width=\"800\" height=\"600\" src=\"https:\/\/sitenovo.wingsltda.com.br\/wp-content\/uploads\/2024\/03\/Coamo-Sao-Joao-do-Ivai-1067x800-1-jpg.webp\" class=\"attachment-large size-large wp-image-24279\" alt=\"\" srcset=\"https:\/\/sitenovo.wingsltda.com.br\/wp-content\/uploads\/2024\/03\/Coamo-Sao-Joao-do-Ivai-1067x800-1-jpg.webp 1067w, https:\/\/sitenovo.wingsltda.com.br\/wp-content\/uploads\/2024\/03\/Coamo-Sao-Joao-do-Ivai-1067x800-1-534x400.webp 534w, https:\/\/sitenovo.wingsltda.com.br\/wp-content\/uploads\/2024\/03\/Coamo-Sao-Joao-do-Ivai-1067x800-1-150x112.webp 150w, https:\/\/sitenovo.wingsltda.com.br\/wp-content\/uploads\/2024\/03\/Coamo-Sao-Joao-do-Ivai-1067x800-1-768x576.webp 768w, https:\/\/sitenovo.wingsltda.com.br\/wp-content\/uploads\/2024\/03\/Coamo-Sao-Joao-do-Ivai-1067x800-1-16x12.webp 16w, https:\/\/sitenovo.wingsltda.com.br\/wp-content\/uploads\/2024\/03\/Coamo-Sao-Joao-do-Ivai-1067x800-1-510x382.webp 510w\" sizes=\"(max-width: 800px) 100vw, 800px\" \/>\t\t\t\t\t\t\t\t\t\t\t<figcaption class=\"widget-image-caption wp-caption-text\">S\u00e3o Jo\u00e3o do Iva\u00ed<\/figcaption>\n\t\t\t\t\t\t\t\t\t\t<\/figure>\n\t\t\t\t\t\t\t\t\t<\/div>\n\t\t\t\t<\/div>\n\t\t\t\t<\/div>\n\t\t\t\t\t<\/div>\n\t\t\t\t<\/div>\n\t\t<div class=\"elementor-element elementor-element-e82fdac e-flex e-con-boxed e-con e-parent\" data-id=\"e82fdac\" data-element_type=\"container\" data-e-type=\"container\">\n\t\t\t\t\t<div class=\"e-con-inner\">\n\t\t\t\t<div class=\"elementor-element elementor-element-8b0aaf9 elementor-widget elementor-widget-text-editor\" data-id=\"8b0aaf9\" data-element_type=\"widget\" data-e-type=\"widget\" data-widget_type=\"text-editor.default\">\n\t\t\t\t<div class=\"elementor-widget-container\">\n\t\t\t\t\t\t\t\t\t<p style=\"text-align: justify;\">O sistema DustControl n\u00e3o \u00e9 um sistema flaps. O DustControl \u00e9 composto por m\u00f3dulos que cobrem toda a moega abaixo da grade. Esses m\u00f3dulos t\u00eam 40 a 50 cm de profundidade e bicas que reduzem ligeiramente a velocidade do produto que entra na moega, mantendo as bicas cheias de produto para que o ar deslocado da moega passe pela coluna de produto nas bicas. Durante a passagem pelo m\u00f3dulo, o ar carregado de poeira perde velocidade e n\u00e3o \u00e9 mais capaz de carregar a poeira, que permanece junto com o produto. O ar sai limpo do m\u00f3dulo. \u00c9 a mais eficaz maneira de fazer despoeiramento! N\u00e3o precisa de filtros, mas em moegas que necessitam de maior limpeza do ar, como tombadores que aumenta muito a quantidade de poeira que se separa do produto quando cai do ve\u00edculo, a Wings pode acoplar um filtro de mangas para criar uma press\u00e3o negativa para aspirar para dentro a poeira que est\u00e1 acima da grade. Recomendamos que instale o sistema DustControl Mec\u00e2nico e se for necess\u00e1rio um controle de poeira maior, acrescenta o filtro mais tarde, pois sua instala\u00e7\u00e3o n\u00e3o requer modifica\u00e7\u00e3o do DustControl.<\/p>\t\t\t\t\t\t\t\t<\/div>\n\t\t\t\t<\/div>\n\t\t\t\t\t<\/div>\n\t\t\t\t<\/div>\n\t\t\t\t<\/div>\n\t\t","protected":false},"excerpt":{"rendered":"<p>COAMO DIVERSAS UNIDADES | DUSTCONTROL MEC\u00c2NICO INSTALA\u00c7\u00d5ES 2003, 04, 06, 20 Hoje temos diversas unidades do cliente resguardadas pelo DustControl, inclusive Juranda, PR que recebeu quatro sistemas em 2020, Para fazer despoeiramento em moegas de gr\u00e3os, n\u00e3o tem nada mas eficaz que o DustControl da Wings. A opera\u00e7\u00e3o de um filtro de mangas resulta em [&hellip;]<\/p>\n","protected":false},"author":1,"featured_media":24279,"parent":55,"menu_order":0,"comment_status":"closed","ping_status":"closed","template":"","meta":{"footnotes":""},"class_list":["post-23870","page","type-page","status-publish","has-post-thumbnail","hentry"],"yoast_head":"<!-- This site is optimized with the Yoast SEO plugin v27.3 - https:\/\/yoast.com\/product\/yoast-seo-wordpress\/ -->\n<title>COAMO DIVERSAS UNIDADES - Wings Ltda |<\/title>\n<meta name=\"description\" content=\"Hoje temos diversas unidades do cliente resguardadas pelo DustControl, inclusive Juranda, PR que recebeu quatro sistemas em 2020,\" \/>\n<meta name=\"robots\" content=\"index, follow, max-snippet:-1, max-image-preview:large, max-video-preview:-1\" \/>\n<link rel=\"canonical\" href=\"https:\/\/sitenovo.wingsltda.com.br\/pt\/projetos-clientes-moegas-despoeiramento-meio-ambiente-2\/coamo-diversas-unidades\/\" \/>\n<meta property=\"og:locale\" content=\"pt_BR\" \/>\n<meta property=\"og:type\" content=\"article\" \/>\n<meta property=\"og:title\" content=\"COAMO DIVERSAS UNIDADES - Wings Ltda |\" \/>\n<meta property=\"og:description\" content=\"Hoje temos diversas unidades do cliente resguardadas pelo DustControl, inclusive Juranda, PR que recebeu quatro sistemas em 2020,\" \/>\n<meta property=\"og:url\" content=\"https:\/\/sitenovo.wingsltda.com.br\/pt\/projetos-clientes-moegas-despoeiramento-meio-ambiente-2\/coamo-diversas-unidades\/\" \/>\n<meta property=\"og:site_name\" content=\"Wings Ltda |\" \/>\n<meta property=\"article:publisher\" content=\"https:\/\/www.facebook.com\/wingsltda\/\" \/>\n<meta property=\"article:modified_time\" content=\"2024-05-19T13:57:42+00:00\" \/>\n<meta property=\"og:image\" content=\"https:\/\/sitenovo.wingsltda.com.br\/wp-content\/uploads\/2024\/03\/Coamo-Sao-Joao-do-Ivai-1067x800-1-jpg.webp\" \/>\n\t<meta property=\"og:image:width\" content=\"1067\" \/>\n\t<meta property=\"og:image:height\" content=\"800\" \/>\n\t<meta property=\"og:image:type\" content=\"image\/jpeg\" \/>\n<meta name=\"twitter:card\" content=\"summary_large_image\" \/>\n<meta name=\"twitter:label1\" content=\"Est. tempo de leitura\" \/>\n\t<meta name=\"twitter:data1\" content=\"2 minutos\" \/>\n<script type=\"application\/ld+json\" class=\"yoast-schema-graph\">{\"@context\":\"https:\\\/\\\/schema.org\",\"@graph\":[{\"@type\":\"WebPage\",\"@id\":\"https:\\\/\\\/sitenovo.wingsltda.com.br\\\/pt\\\/projetos-clientes-moegas-despoeiramento-meio-ambiente-2\\\/coamo-diversas-unidades\\\/\",\"url\":\"https:\\\/\\\/sitenovo.wingsltda.com.br\\\/pt\\\/projetos-clientes-moegas-despoeiramento-meio-ambiente-2\\\/coamo-diversas-unidades\\\/\",\"name\":\"COAMO DIVERSAS UNIDADES - Wings Ltda |\",\"isPartOf\":{\"@id\":\"https:\\\/\\\/sitenovo.wingsltda.com.br\\\/en\\\/#website\"},\"primaryImageOfPage\":{\"@id\":\"https:\\\/\\\/sitenovo.wingsltda.com.br\\\/pt\\\/projetos-clientes-moegas-despoeiramento-meio-ambiente-2\\\/coamo-diversas-unidades\\\/#primaryimage\"},\"image\":{\"@id\":\"https:\\\/\\\/sitenovo.wingsltda.com.br\\\/pt\\\/projetos-clientes-moegas-despoeiramento-meio-ambiente-2\\\/coamo-diversas-unidades\\\/#primaryimage\"},\"thumbnailUrl\":\"https:\\\/\\\/sitenovo.wingsltda.com.br\\\/wp-content\\\/uploads\\\/2024\\\/03\\\/Coamo-Sao-Joao-do-Ivai-1067x800-1-jpg.webp\",\"datePublished\":\"2024-03-05T13:56:23+00:00\",\"dateModified\":\"2024-05-19T13:57:42+00:00\",\"description\":\"Hoje temos diversas unidades do cliente resguardadas pelo DustControl, inclusive Juranda, PR que recebeu quatro sistemas em 2020,\",\"breadcrumb\":{\"@id\":\"https:\\\/\\\/sitenovo.wingsltda.com.br\\\/pt\\\/projetos-clientes-moegas-despoeiramento-meio-ambiente-2\\\/coamo-diversas-unidades\\\/#breadcrumb\"},\"inLanguage\":\"pt-BR\",\"potentialAction\":[{\"@type\":\"ReadAction\",\"target\":[\"https:\\\/\\\/sitenovo.wingsltda.com.br\\\/pt\\\/projetos-clientes-moegas-despoeiramento-meio-ambiente-2\\\/coamo-diversas-unidades\\\/\"]}]},{\"@type\":\"ImageObject\",\"inLanguage\":\"pt-BR\",\"@id\":\"https:\\\/\\\/sitenovo.wingsltda.com.br\\\/pt\\\/projetos-clientes-moegas-despoeiramento-meio-ambiente-2\\\/coamo-diversas-unidades\\\/#primaryimage\",\"url\":\"https:\\\/\\\/sitenovo.wingsltda.com.br\\\/wp-content\\\/uploads\\\/2024\\\/03\\\/Coamo-Sao-Joao-do-Ivai-1067x800-1-jpg.webp\",\"contentUrl\":\"https:\\\/\\\/sitenovo.wingsltda.com.br\\\/wp-content\\\/uploads\\\/2024\\\/03\\\/Coamo-Sao-Joao-do-Ivai-1067x800-1-jpg.webp\",\"width\":1067,\"height\":800,\"caption\":\"OLYMPUS DIGITAL CAMERA\"},{\"@type\":\"BreadcrumbList\",\"@id\":\"https:\\\/\\\/sitenovo.wingsltda.com.br\\\/pt\\\/projetos-clientes-moegas-despoeiramento-meio-ambiente-2\\\/coamo-diversas-unidades\\\/#breadcrumb\",\"itemListElement\":[{\"@type\":\"ListItem\",\"position\":1,\"name\":\"In\u00edcio\",\"item\":\"https:\\\/\\\/sitenovo.wingsltda.com.br\\\/\"},{\"@type\":\"ListItem\",\"position\":2,\"name\":\"Conhe\u00e7a Alguns dos nossos Projetos\",\"item\":\"https:\\\/\\\/sitenovo.wingsltda.com.br\\\/pt\\\/projetos-clientes-moegas-despoeiramento-meio-ambiente-2\\\/\"},{\"@type\":\"ListItem\",\"position\":3,\"name\":\"COAMO DIVERSAS UNIDADES\"}]},{\"@type\":\"WebSite\",\"@id\":\"https:\\\/\\\/sitenovo.wingsltda.com.br\\\/en\\\/#website\",\"url\":\"https:\\\/\\\/sitenovo.wingsltda.com.br\\\/en\\\/\",\"name\":\"Wings Ltda |\",\"description\":\"Transformando sua opera\u00e7\u00e3o no agro.\",\"publisher\":{\"@id\":\"https:\\\/\\\/sitenovo.wingsltda.com.br\\\/en\\\/#organization\"},\"potentialAction\":[{\"@type\":\"SearchAction\",\"target\":{\"@type\":\"EntryPoint\",\"urlTemplate\":\"https:\\\/\\\/sitenovo.wingsltda.com.br\\\/en\\\/?s={search_term_string}\"},\"query-input\":{\"@type\":\"PropertyValueSpecification\",\"valueRequired\":true,\"valueName\":\"search_term_string\"}}],\"inLanguage\":\"pt-BR\"},{\"@type\":\"Organization\",\"@id\":\"https:\\\/\\\/sitenovo.wingsltda.com.br\\\/en\\\/#organization\",\"name\":\"Wings Ltda\",\"url\":\"https:\\\/\\\/sitenovo.wingsltda.com.br\\\/en\\\/\",\"logo\":{\"@type\":\"ImageObject\",\"inLanguage\":\"pt-BR\",\"@id\":\"https:\\\/\\\/sitenovo.wingsltda.com.br\\\/en\\\/#\\\/schema\\\/logo\\\/image\\\/\",\"url\":\"https:\\\/\\\/sitenovo.wingsltda.com.br\\\/wp-content\\\/uploads\\\/2024\\\/03\\\/Wings-Logo-Novo-DustControl.png\",\"contentUrl\":\"https:\\\/\\\/sitenovo.wingsltda.com.br\\\/wp-content\\\/uploads\\\/2024\\\/03\\\/Wings-Logo-Novo-DustControl.png\",\"width\":1090,\"height\":410,\"caption\":\"Wings Ltda\"},\"image\":{\"@id\":\"https:\\\/\\\/sitenovo.wingsltda.com.br\\\/en\\\/#\\\/schema\\\/logo\\\/image\\\/\"},\"sameAs\":[\"https:\\\/\\\/www.facebook.com\\\/wingsltda\\\/\",\"https:\\\/\\\/www.linkedin.com\\\/company\\\/wingsltda\\\/\",\"https:\\\/\\\/www.youtube.com\\\/channel\\\/UC2XSL5EljSgDh-pwalcPLLA\"]}]}<\/script>\n<!-- \/ Yoast SEO plugin. -->","yoast_head_json":{"title":"COAMO DIVERSAS UNIDADES - Wings Ltda |","description":"Hoje temos diversas unidades do cliente resguardadas pelo DustControl, inclusive Juranda, PR que recebeu quatro sistemas em 2020,","robots":{"index":"index","follow":"follow","max-snippet":"max-snippet:-1","max-image-preview":"max-image-preview:large","max-video-preview":"max-video-preview:-1"},"canonical":"https:\/\/sitenovo.wingsltda.com.br\/pt\/projetos-clientes-moegas-despoeiramento-meio-ambiente-2\/coamo-diversas-unidades\/","og_locale":"pt_BR","og_type":"article","og_title":"COAMO DIVERSAS UNIDADES - Wings Ltda |","og_description":"Hoje temos diversas unidades do cliente resguardadas pelo DustControl, inclusive Juranda, PR que recebeu quatro sistemas em 2020,","og_url":"https:\/\/sitenovo.wingsltda.com.br\/pt\/projetos-clientes-moegas-despoeiramento-meio-ambiente-2\/coamo-diversas-unidades\/","og_site_name":"Wings Ltda |","article_publisher":"https:\/\/www.facebook.com\/wingsltda\/","article_modified_time":"2024-05-19T13:57:42+00:00","og_image":[{"width":1067,"height":800,"url":"https:\/\/sitenovo.wingsltda.com.br\/wp-content\/uploads\/2024\/03\/Coamo-Sao-Joao-do-Ivai-1067x800-1-jpg.webp","type":"image\/jpeg"}],"twitter_card":"summary_large_image","twitter_misc":{"Est. tempo de leitura":"2 minutos"},"schema":{"@context":"https:\/\/schema.org","@graph":[{"@type":"WebPage","@id":"https:\/\/sitenovo.wingsltda.com.br\/pt\/projetos-clientes-moegas-despoeiramento-meio-ambiente-2\/coamo-diversas-unidades\/","url":"https:\/\/sitenovo.wingsltda.com.br\/pt\/projetos-clientes-moegas-despoeiramento-meio-ambiente-2\/coamo-diversas-unidades\/","name":"COAMO DIVERSAS UNIDADES - Wings Ltda |","isPartOf":{"@id":"https:\/\/sitenovo.wingsltda.com.br\/en\/#website"},"primaryImageOfPage":{"@id":"https:\/\/sitenovo.wingsltda.com.br\/pt\/projetos-clientes-moegas-despoeiramento-meio-ambiente-2\/coamo-diversas-unidades\/#primaryimage"},"image":{"@id":"https:\/\/sitenovo.wingsltda.com.br\/pt\/projetos-clientes-moegas-despoeiramento-meio-ambiente-2\/coamo-diversas-unidades\/#primaryimage"},"thumbnailUrl":"https:\/\/sitenovo.wingsltda.com.br\/wp-content\/uploads\/2024\/03\/Coamo-Sao-Joao-do-Ivai-1067x800-1-jpg.webp","datePublished":"2024-03-05T13:56:23+00:00","dateModified":"2024-05-19T13:57:42+00:00","description":"Hoje temos diversas unidades do cliente resguardadas pelo DustControl, inclusive Juranda, PR que recebeu quatro sistemas em 2020,","breadcrumb":{"@id":"https:\/\/sitenovo.wingsltda.com.br\/pt\/projetos-clientes-moegas-despoeiramento-meio-ambiente-2\/coamo-diversas-unidades\/#breadcrumb"},"inLanguage":"pt-BR","potentialAction":[{"@type":"ReadAction","target":["https:\/\/sitenovo.wingsltda.com.br\/pt\/projetos-clientes-moegas-despoeiramento-meio-ambiente-2\/coamo-diversas-unidades\/"]}]},{"@type":"ImageObject","inLanguage":"pt-BR","@id":"https:\/\/sitenovo.wingsltda.com.br\/pt\/projetos-clientes-moegas-despoeiramento-meio-ambiente-2\/coamo-diversas-unidades\/#primaryimage","url":"https:\/\/sitenovo.wingsltda.com.br\/wp-content\/uploads\/2024\/03\/Coamo-Sao-Joao-do-Ivai-1067x800-1-jpg.webp","contentUrl":"https:\/\/sitenovo.wingsltda.com.br\/wp-content\/uploads\/2024\/03\/Coamo-Sao-Joao-do-Ivai-1067x800-1-jpg.webp","width":1067,"height":800,"caption":"OLYMPUS DIGITAL CAMERA"},{"@type":"BreadcrumbList","@id":"https:\/\/sitenovo.wingsltda.com.br\/pt\/projetos-clientes-moegas-despoeiramento-meio-ambiente-2\/coamo-diversas-unidades\/#breadcrumb","itemListElement":[{"@type":"ListItem","position":1,"name":"In\u00edcio","item":"https:\/\/sitenovo.wingsltda.com.br\/"},{"@type":"ListItem","position":2,"name":"Conhe\u00e7a Alguns dos nossos Projetos","item":"https:\/\/sitenovo.wingsltda.com.br\/pt\/projetos-clientes-moegas-despoeiramento-meio-ambiente-2\/"},{"@type":"ListItem","position":3,"name":"COAMO DIVERSAS UNIDADES"}]},{"@type":"WebSite","@id":"https:\/\/sitenovo.wingsltda.com.br\/en\/#website","url":"https:\/\/sitenovo.wingsltda.com.br\/en\/","name":"Wings Ltda |","description":"Transformando sua opera\u00e7\u00e3o no agro.","publisher":{"@id":"https:\/\/sitenovo.wingsltda.com.br\/en\/#organization"},"potentialAction":[{"@type":"SearchAction","target":{"@type":"EntryPoint","urlTemplate":"https:\/\/sitenovo.wingsltda.com.br\/en\/?s={search_term_string}"},"query-input":{"@type":"PropertyValueSpecification","valueRequired":true,"valueName":"search_term_string"}}],"inLanguage":"pt-BR"},{"@type":"Organization","@id":"https:\/\/sitenovo.wingsltda.com.br\/en\/#organization","name":"Wings Ltda","url":"https:\/\/sitenovo.wingsltda.com.br\/en\/","logo":{"@type":"ImageObject","inLanguage":"pt-BR","@id":"https:\/\/sitenovo.wingsltda.com.br\/en\/#\/schema\/logo\/image\/","url":"https:\/\/sitenovo.wingsltda.com.br\/wp-content\/uploads\/2024\/03\/Wings-Logo-Novo-DustControl.png","contentUrl":"https:\/\/sitenovo.wingsltda.com.br\/wp-content\/uploads\/2024\/03\/Wings-Logo-Novo-DustControl.png","width":1090,"height":410,"caption":"Wings Ltda"},"image":{"@id":"https:\/\/sitenovo.wingsltda.com.br\/en\/#\/schema\/logo\/image\/"},"sameAs":["https:\/\/www.facebook.com\/wingsltda\/","https:\/\/www.linkedin.com\/company\/wingsltda\/","https:\/\/www.youtube.com\/channel\/UC2XSL5EljSgDh-pwalcPLLA"]}]}},"_links":{"self":[{"href":"https:\/\/sitenovo.wingsltda.com.br\/pt\/wp-json\/wp\/v2\/pages\/23870","targetHints":{"allow":["GET"]}}],"collection":[{"href":"https:\/\/sitenovo.wingsltda.com.br\/pt\/wp-json\/wp\/v2\/pages"}],"about":[{"href":"https:\/\/sitenovo.wingsltda.com.br\/pt\/wp-json\/wp\/v2\/types\/page"}],"author":[{"embeddable":true,"href":"https:\/\/sitenovo.wingsltda.com.br\/pt\/wp-json\/wp\/v2\/users\/1"}],"replies":[{"embeddable":true,"href":"https:\/\/sitenovo.wingsltda.com.br\/pt\/wp-json\/wp\/v2\/comments?post=23870"}],"version-history":[{"count":6,"href":"https:\/\/sitenovo.wingsltda.com.br\/pt\/wp-json\/wp\/v2\/pages\/23870\/revisions"}],"predecessor-version":[{"id":24903,"href":"https:\/\/sitenovo.wingsltda.com.br\/pt\/wp-json\/wp\/v2\/pages\/23870\/revisions\/24903"}],"up":[{"embeddable":true,"href":"https:\/\/sitenovo.wingsltda.com.br\/pt\/wp-json\/wp\/v2\/pages\/55"}],"wp:featuredmedia":[{"embeddable":true,"href":"https:\/\/sitenovo.wingsltda.com.br\/pt\/wp-json\/wp\/v2\/media\/24279"}],"wp:attachment":[{"href":"https:\/\/sitenovo.wingsltda.com.br\/pt\/wp-json\/wp\/v2\/media?parent=23870"}],"curies":[{"name":"wp","href":"https:\/\/api.w.org\/{rel}","templated":true}]}}