{"id":23878,"date":"2024-03-05T11:10:39","date_gmt":"2024-03-05T14:10:39","guid":{"rendered":"https:\/\/sitenovo.wingsltda.com.br\/?page_id=23878"},"modified":"2024-05-19T11:08:57","modified_gmt":"2024-05-19T14:08:57","slug":"copacol-cafelandia-pr","status":"publish","type":"page","link":"https:\/\/sitenovo.wingsltda.com.br\/pt\/projetos-clientes-moegas-despoeiramento-meio-ambiente-2\/copacol-cafelandia-pr\/","title":{"rendered":"COPACOL \u2013 CAFEL\u00c2NDIA (PR)"},"content":{"rendered":"\t\t<div data-elementor-type=\"wp-page\" data-elementor-id=\"23878\" class=\"elementor elementor-23878\">\n\t\t\t\t<div class=\"elementor-element elementor-element-3207c84 e-flex e-con-boxed e-con e-parent\" data-id=\"3207c84\" data-element_type=\"container\" data-e-type=\"container\">\n\t\t\t\t\t<div class=\"e-con-inner\">\n\t\t<div class=\"elementor-element elementor-element-dbc2cc7 e-con-full e-flex e-con e-child\" data-id=\"dbc2cc7\" data-element_type=\"container\" data-e-type=\"container\">\n\t\t\t\t<div class=\"elementor-element elementor-element-232ce3e elementor-widget elementor-widget-heading\" data-id=\"232ce3e\" data-element_type=\"widget\" data-e-type=\"widget\" data-widget_type=\"heading.default\">\n\t\t\t\t<div class=\"elementor-widget-container\">\n\t\t\t\t\t<h2 class=\"elementor-heading-title elementor-size-default\">COPACOL \u2013 CAFEL\u00c2NDIA (PR) | DUSTCONTROL MEC\u00c2NICO E PLUS INSTALA\u00c7\u00d5ES 2007, 08, 09<\/h2>\t\t\t\t<\/div>\n\t\t\t\t<\/div>\n\t\t\t\t<div class=\"elementor-element elementor-element-165fd47 elementor-widget elementor-widget-image\" data-id=\"165fd47\" data-element_type=\"widget\" data-e-type=\"widget\" data-widget_type=\"image.default\">\n\t\t\t\t<div class=\"elementor-widget-container\">\n\t\t\t\t\t\t\t\t\t\t\t\t\t\t\t\t<a href=\"https:\/\/www.copacol.com.br\/\" target=\"_blank\">\n\t\t\t\t\t\t\t<img decoding=\"async\" width=\"260\" height=\"120\" src=\"https:\/\/sitenovo.wingsltda.com.br\/wp-content\/uploads\/2024\/05\/Copacol-Cliente-Wings.jpg\" class=\"attachment-large size-large wp-image-24562\" alt=\"\" srcset=\"https:\/\/sitenovo.wingsltda.com.br\/wp-content\/uploads\/2024\/05\/Copacol-Cliente-Wings.jpg 260w, https:\/\/sitenovo.wingsltda.com.br\/wp-content\/uploads\/2024\/05\/Copacol-Cliente-Wings-150x69.jpg 150w, https:\/\/sitenovo.wingsltda.com.br\/wp-content\/uploads\/2024\/05\/Copacol-Cliente-Wings-18x8.jpg 18w\" sizes=\"(max-width: 260px) 100vw, 260px\" \/>\t\t\t\t\t\t\t\t<\/a>\n\t\t\t\t\t\t\t\t\t\t\t\t\t\t\t<\/div>\n\t\t\t\t<\/div>\n\t\t\t\t<\/div>\n\t\t<div class=\"elementor-element elementor-element-56cdbd7 e-con-full e-flex e-con e-child\" data-id=\"56cdbd7\" data-element_type=\"container\" data-e-type=\"container\">\n\t\t\t\t<div class=\"elementor-element elementor-element-b6ee4a4 elementor-widget elementor-widget-text-editor\" data-id=\"b6ee4a4\" data-element_type=\"widget\" data-e-type=\"widget\" data-widget_type=\"text-editor.default\">\n\t\t\t\t<div class=\"elementor-widget-container\">\n\t\t\t\t\t\t\t\t\t<p style=\"text-align: justify;\"><em>A capacidade da COPACOL \u00e9 o recebimento de mais de 1,2 milh\u00f5es de toneladas por ano. Com o investimento na instala\u00e7\u00e3o do nosso sistema DustControl, foi poss\u00edvel n\u00e3o s\u00f3 agilizar o recebimento, como deixar mais limpo e sustent\u00e1vel.<\/em><\/p>\t\t\t\t\t\t\t\t<\/div>\n\t\t\t\t<\/div>\n\t\t\t\t<\/div>\n\t\t\t\t\t<\/div>\n\t\t\t\t<\/div>\n\t\t<div class=\"elementor-element elementor-element-1f97b13 e-flex e-con-boxed e-con e-parent\" data-id=\"1f97b13\" data-element_type=\"container\" data-e-type=\"container\">\n\t\t\t\t\t<div class=\"e-con-inner\">\n\t\t<div class=\"elementor-element elementor-element-591281e e-con-full e-flex e-con e-child\" data-id=\"591281e\" data-element_type=\"container\" data-e-type=\"container\">\n\t\t\t\t<div class=\"elementor-element elementor-element-1270310 elementor-widget elementor-widget-image\" data-id=\"1270310\" data-element_type=\"widget\" data-e-type=\"widget\" data-widget_type=\"image.default\">\n\t\t\t\t<div class=\"elementor-widget-container\">\n\t\t\t\t\t\t\t\t\t\t\t\t<figure class=\"wp-caption\">\n\t\t\t\t\t\t\t\t\t\t<img fetchpriority=\"high\" decoding=\"async\" width=\"800\" height=\"600\" src=\"https:\/\/sitenovo.wingsltda.com.br\/wp-content\/uploads\/2024\/03\/despoeiramento-em-moega-rodoviaria-copacol-cafelandia-1067x800-1-jpg.webp\" class=\"attachment-large size-large wp-image-24202\" alt=\"\" srcset=\"https:\/\/sitenovo.wingsltda.com.br\/wp-content\/uploads\/2024\/03\/despoeiramento-em-moega-rodoviaria-copacol-cafelandia-1067x800-1-jpg.webp 1067w, https:\/\/sitenovo.wingsltda.com.br\/wp-content\/uploads\/2024\/03\/despoeiramento-em-moega-rodoviaria-copacol-cafelandia-1067x800-1-534x400.webp 534w, https:\/\/sitenovo.wingsltda.com.br\/wp-content\/uploads\/2024\/03\/despoeiramento-em-moega-rodoviaria-copacol-cafelandia-1067x800-1-150x112.webp 150w, https:\/\/sitenovo.wingsltda.com.br\/wp-content\/uploads\/2024\/03\/despoeiramento-em-moega-rodoviaria-copacol-cafelandia-1067x800-1-768x576.webp 768w, https:\/\/sitenovo.wingsltda.com.br\/wp-content\/uploads\/2024\/03\/despoeiramento-em-moega-rodoviaria-copacol-cafelandia-1067x800-1-16x12.webp 16w, https:\/\/sitenovo.wingsltda.com.br\/wp-content\/uploads\/2024\/03\/despoeiramento-em-moega-rodoviaria-copacol-cafelandia-1067x800-1-510x382.webp 510w\" sizes=\"(max-width: 800px) 100vw, 800px\" \/>\t\t\t\t\t\t\t\t\t\t\t<figcaption class=\"widget-image-caption wp-caption-text\">Despoeiramento em moega da Copacol Cafel\u00e2ndia (PR) DustControl mec\u00e2nico e plus Wings Ltda<\/figcaption>\n\t\t\t\t\t\t\t\t\t\t<\/figure>\n\t\t\t\t\t\t\t\t\t<\/div>\n\t\t\t\t<\/div>\n\t\t\t\t<\/div>\n\t\t<div class=\"elementor-element elementor-element-5a4b9e3 e-con-full e-flex e-con e-child\" data-id=\"5a4b9e3\" data-element_type=\"container\" data-e-type=\"container\">\n\t\t\t\t<div class=\"elementor-element elementor-element-6bf5bf9 elementor-widget elementor-widget-text-editor\" data-id=\"6bf5bf9\" data-element_type=\"widget\" data-e-type=\"widget\" data-widget_type=\"text-editor.default\">\n\t\t\t\t<div class=\"elementor-widget-container\">\n\t\t\t\t\t\t\t\t\t<p>Onde estamos presentes<\/p>\n<ul>\n<li>Cafel\u00e2ndia \u2013 PR<\/li>\n<li>Nova Aurora \u2013 PR<\/li>\n<li>Josta Esse \u2013\u00a0 PR<\/li>\n<li>Jesu\u00edtas \u2013\u00a0 PR<\/li>\n<li>Formosa do Oeste \u2013 PR<\/li>\n<li>Palmit\u00f3polis \u2013\u00a0 PR<\/li>\n<\/ul>\n<p>\u00a0<\/p>\n<p style=\"text-align: justify;\">Embora os filtros de manga fa\u00e7am sentido para coletar poeira em \u00e1reas confinadas, como elevadores e limpadores de gr\u00e3os, quando os produtos a granel s\u00e3o despejados em moegas, a poeira sendo expelida em alta velocidade excede em muito a capacidade do filtro de capturar o p\u00f3, de modo que tempo e dinheiro deve ser gasto, filtrando o ar acima da moega. O sistema\u00a0DustControl\u00a0fabricado pela\u00a0Wings\u00a0mant\u00e9m a poeira com o produto abaixo da grade da moega, uma solu\u00e7\u00e3o econ\u00f4mica para o problema de poeira.<\/p>\t\t\t\t\t\t\t\t<\/div>\n\t\t\t\t<\/div>\n\t\t\t\t<\/div>\n\t\t\t\t\t<\/div>\n\t\t\t\t<\/div>\n\t\t\t\t<\/div>\n\t\t","protected":false},"excerpt":{"rendered":"<p>COPACOL \u2013 CAFEL\u00c2NDIA (PR) | DUSTCONTROL MEC\u00c2NICO E PLUS INSTALA\u00c7\u00d5ES 2007, 08, 09 A capacidade da COPACOL \u00e9 o recebimento de mais de 1,2 milh\u00f5es de toneladas por ano. Com o investimento na instala\u00e7\u00e3o do nosso sistema DustControl, foi poss\u00edvel n\u00e3o s\u00f3 agilizar o recebimento, como deixar mais limpo e sustent\u00e1vel. Despoeiramento em moega da [&hellip;]<\/p>\n","protected":false},"author":1,"featured_media":24202,"parent":55,"menu_order":0,"comment_status":"open","ping_status":"closed","template":"","meta":{"footnotes":""},"class_list":["post-23878","page","type-page","status-publish","has-post-thumbnail","hentry"],"yoast_head":"<!-- This site is optimized with the Yoast SEO plugin v27.3 - https:\/\/yoast.com\/product\/yoast-seo-wordpress\/ -->\n<title>COPACOL \u2013 CAFEL\u00c2NDIA (PR) - Wings Ltda |<\/title>\n<meta name=\"description\" content=\"A capacidade da COPACOL \u00e9 o recebimento de mais de 1,2 milh\u00f5es de toneladas por ano. Com o investimento na instala\u00e7\u00e3o do nosso sistema DustControl, foi poss\u00edvel n\u00e3o s\u00f3 agilizar o recebimento, como deixar mais limpo e sustent\u00e1vel.\" \/>\n<meta name=\"robots\" content=\"index, follow, max-snippet:-1, max-image-preview:large, max-video-preview:-1\" \/>\n<link rel=\"canonical\" href=\"https:\/\/sitenovo.wingsltda.com.br\/pt\/projetos-clientes-moegas-despoeiramento-meio-ambiente-2\/copacol-cafelandia-pr\/\" \/>\n<meta property=\"og:locale\" content=\"pt_BR\" \/>\n<meta property=\"og:type\" content=\"article\" \/>\n<meta property=\"og:title\" content=\"COPACOL \u2013 CAFEL\u00c2NDIA (PR) - Wings Ltda |\" \/>\n<meta property=\"og:description\" content=\"A capacidade da COPACOL \u00e9 o recebimento de mais de 1,2 milh\u00f5es de toneladas por ano. Com o investimento na instala\u00e7\u00e3o do nosso sistema DustControl, foi poss\u00edvel n\u00e3o s\u00f3 agilizar o recebimento, como deixar mais limpo e sustent\u00e1vel.\" \/>\n<meta property=\"og:url\" content=\"https:\/\/sitenovo.wingsltda.com.br\/pt\/projetos-clientes-moegas-despoeiramento-meio-ambiente-2\/copacol-cafelandia-pr\/\" \/>\n<meta property=\"og:site_name\" content=\"Wings Ltda |\" \/>\n<meta property=\"article:publisher\" content=\"https:\/\/www.facebook.com\/wingsltda\/\" \/>\n<meta property=\"article:modified_time\" content=\"2024-05-19T14:08:57+00:00\" \/>\n<meta property=\"og:image\" content=\"https:\/\/sitenovo.wingsltda.com.br\/wp-content\/uploads\/2024\/03\/despoeiramento-em-moega-rodoviaria-copacol-cafelandia-1067x800-1-jpg.webp\" \/>\n\t<meta property=\"og:image:width\" content=\"1067\" \/>\n\t<meta property=\"og:image:height\" content=\"800\" \/>\n\t<meta property=\"og:image:type\" content=\"image\/jpeg\" \/>\n<meta name=\"twitter:card\" content=\"summary_large_image\" \/>\n<meta name=\"twitter:label1\" content=\"Est. tempo de leitura\" \/>\n\t<meta name=\"twitter:data1\" content=\"1 minuto\" \/>\n<script type=\"application\/ld+json\" class=\"yoast-schema-graph\">{\"@context\":\"https:\\\/\\\/schema.org\",\"@graph\":[{\"@type\":\"WebPage\",\"@id\":\"https:\\\/\\\/sitenovo.wingsltda.com.br\\\/pt\\\/projetos-clientes-moegas-despoeiramento-meio-ambiente-2\\\/copacol-cafelandia-pr\\\/\",\"url\":\"https:\\\/\\\/sitenovo.wingsltda.com.br\\\/pt\\\/projetos-clientes-moegas-despoeiramento-meio-ambiente-2\\\/copacol-cafelandia-pr\\\/\",\"name\":\"COPACOL \u2013 CAFEL\u00c2NDIA (PR) - Wings Ltda |\",\"isPartOf\":{\"@id\":\"https:\\\/\\\/sitenovo.wingsltda.com.br\\\/en\\\/#website\"},\"primaryImageOfPage\":{\"@id\":\"https:\\\/\\\/sitenovo.wingsltda.com.br\\\/pt\\\/projetos-clientes-moegas-despoeiramento-meio-ambiente-2\\\/copacol-cafelandia-pr\\\/#primaryimage\"},\"image\":{\"@id\":\"https:\\\/\\\/sitenovo.wingsltda.com.br\\\/pt\\\/projetos-clientes-moegas-despoeiramento-meio-ambiente-2\\\/copacol-cafelandia-pr\\\/#primaryimage\"},\"thumbnailUrl\":\"https:\\\/\\\/sitenovo.wingsltda.com.br\\\/wp-content\\\/uploads\\\/2024\\\/03\\\/despoeiramento-em-moega-rodoviaria-copacol-cafelandia-1067x800-1-jpg.webp\",\"datePublished\":\"2024-03-05T14:10:39+00:00\",\"dateModified\":\"2024-05-19T14:08:57+00:00\",\"description\":\"A capacidade da COPACOL \u00e9 o recebimento de mais de 1,2 milh\u00f5es de toneladas por ano. Com o investimento na instala\u00e7\u00e3o do nosso sistema DustControl, foi poss\u00edvel n\u00e3o s\u00f3 agilizar o recebimento, como deixar mais limpo e sustent\u00e1vel.\",\"breadcrumb\":{\"@id\":\"https:\\\/\\\/sitenovo.wingsltda.com.br\\\/pt\\\/projetos-clientes-moegas-despoeiramento-meio-ambiente-2\\\/copacol-cafelandia-pr\\\/#breadcrumb\"},\"inLanguage\":\"pt-BR\",\"potentialAction\":[{\"@type\":\"ReadAction\",\"target\":[\"https:\\\/\\\/sitenovo.wingsltda.com.br\\\/pt\\\/projetos-clientes-moegas-despoeiramento-meio-ambiente-2\\\/copacol-cafelandia-pr\\\/\"]}]},{\"@type\":\"ImageObject\",\"inLanguage\":\"pt-BR\",\"@id\":\"https:\\\/\\\/sitenovo.wingsltda.com.br\\\/pt\\\/projetos-clientes-moegas-despoeiramento-meio-ambiente-2\\\/copacol-cafelandia-pr\\\/#primaryimage\",\"url\":\"https:\\\/\\\/sitenovo.wingsltda.com.br\\\/wp-content\\\/uploads\\\/2024\\\/03\\\/despoeiramento-em-moega-rodoviaria-copacol-cafelandia-1067x800-1-jpg.webp\",\"contentUrl\":\"https:\\\/\\\/sitenovo.wingsltda.com.br\\\/wp-content\\\/uploads\\\/2024\\\/03\\\/despoeiramento-em-moega-rodoviaria-copacol-cafelandia-1067x800-1-jpg.webp\",\"width\":1067,\"height\":800},{\"@type\":\"BreadcrumbList\",\"@id\":\"https:\\\/\\\/sitenovo.wingsltda.com.br\\\/pt\\\/projetos-clientes-moegas-despoeiramento-meio-ambiente-2\\\/copacol-cafelandia-pr\\\/#breadcrumb\",\"itemListElement\":[{\"@type\":\"ListItem\",\"position\":1,\"name\":\"In\u00edcio\",\"item\":\"https:\\\/\\\/sitenovo.wingsltda.com.br\\\/\"},{\"@type\":\"ListItem\",\"position\":2,\"name\":\"Conhe\u00e7a Alguns dos nossos Projetos\",\"item\":\"https:\\\/\\\/sitenovo.wingsltda.com.br\\\/pt\\\/projetos-clientes-moegas-despoeiramento-meio-ambiente-2\\\/\"},{\"@type\":\"ListItem\",\"position\":3,\"name\":\"COPACOL \u2013 CAFEL\u00c2NDIA (PR)\"}]},{\"@type\":\"WebSite\",\"@id\":\"https:\\\/\\\/sitenovo.wingsltda.com.br\\\/en\\\/#website\",\"url\":\"https:\\\/\\\/sitenovo.wingsltda.com.br\\\/en\\\/\",\"name\":\"Wings Ltda |\",\"description\":\"Transformando sua opera\u00e7\u00e3o no agro.\",\"publisher\":{\"@id\":\"https:\\\/\\\/sitenovo.wingsltda.com.br\\\/en\\\/#organization\"},\"potentialAction\":[{\"@type\":\"SearchAction\",\"target\":{\"@type\":\"EntryPoint\",\"urlTemplate\":\"https:\\\/\\\/sitenovo.wingsltda.com.br\\\/en\\\/?s={search_term_string}\"},\"query-input\":{\"@type\":\"PropertyValueSpecification\",\"valueRequired\":true,\"valueName\":\"search_term_string\"}}],\"inLanguage\":\"pt-BR\"},{\"@type\":\"Organization\",\"@id\":\"https:\\\/\\\/sitenovo.wingsltda.com.br\\\/en\\\/#organization\",\"name\":\"Wings Ltda\",\"url\":\"https:\\\/\\\/sitenovo.wingsltda.com.br\\\/en\\\/\",\"logo\":{\"@type\":\"ImageObject\",\"inLanguage\":\"pt-BR\",\"@id\":\"https:\\\/\\\/sitenovo.wingsltda.com.br\\\/en\\\/#\\\/schema\\\/logo\\\/image\\\/\",\"url\":\"https:\\\/\\\/sitenovo.wingsltda.com.br\\\/wp-content\\\/uploads\\\/2024\\\/03\\\/Wings-Logo-Novo-DustControl.png\",\"contentUrl\":\"https:\\\/\\\/sitenovo.wingsltda.com.br\\\/wp-content\\\/uploads\\\/2024\\\/03\\\/Wings-Logo-Novo-DustControl.png\",\"width\":1090,\"height\":410,\"caption\":\"Wings Ltda\"},\"image\":{\"@id\":\"https:\\\/\\\/sitenovo.wingsltda.com.br\\\/en\\\/#\\\/schema\\\/logo\\\/image\\\/\"},\"sameAs\":[\"https:\\\/\\\/www.facebook.com\\\/wingsltda\\\/\",\"https:\\\/\\\/www.linkedin.com\\\/company\\\/wingsltda\\\/\",\"https:\\\/\\\/www.youtube.com\\\/channel\\\/UC2XSL5EljSgDh-pwalcPLLA\"]}]}<\/script>\n<!-- \/ Yoast SEO plugin. -->","yoast_head_json":{"title":"COPACOL \u2013 CAFEL\u00c2NDIA (PR) - Wings Ltda |","description":"A capacidade da COPACOL \u00e9 o recebimento de mais de 1,2 milh\u00f5es de toneladas por ano. Com o investimento na instala\u00e7\u00e3o do nosso sistema DustControl, foi poss\u00edvel n\u00e3o s\u00f3 agilizar o recebimento, como deixar mais limpo e sustent\u00e1vel.","robots":{"index":"index","follow":"follow","max-snippet":"max-snippet:-1","max-image-preview":"max-image-preview:large","max-video-preview":"max-video-preview:-1"},"canonical":"https:\/\/sitenovo.wingsltda.com.br\/pt\/projetos-clientes-moegas-despoeiramento-meio-ambiente-2\/copacol-cafelandia-pr\/","og_locale":"pt_BR","og_type":"article","og_title":"COPACOL \u2013 CAFEL\u00c2NDIA (PR) - Wings Ltda |","og_description":"A capacidade da COPACOL \u00e9 o recebimento de mais de 1,2 milh\u00f5es de toneladas por ano. Com o investimento na instala\u00e7\u00e3o do nosso sistema DustControl, foi poss\u00edvel n\u00e3o s\u00f3 agilizar o recebimento, como deixar mais limpo e sustent\u00e1vel.","og_url":"https:\/\/sitenovo.wingsltda.com.br\/pt\/projetos-clientes-moegas-despoeiramento-meio-ambiente-2\/copacol-cafelandia-pr\/","og_site_name":"Wings Ltda |","article_publisher":"https:\/\/www.facebook.com\/wingsltda\/","article_modified_time":"2024-05-19T14:08:57+00:00","og_image":[{"width":1067,"height":800,"url":"https:\/\/sitenovo.wingsltda.com.br\/wp-content\/uploads\/2024\/03\/despoeiramento-em-moega-rodoviaria-copacol-cafelandia-1067x800-1-jpg.webp","type":"image\/jpeg"}],"twitter_card":"summary_large_image","twitter_misc":{"Est. tempo de leitura":"1 minuto"},"schema":{"@context":"https:\/\/schema.org","@graph":[{"@type":"WebPage","@id":"https:\/\/sitenovo.wingsltda.com.br\/pt\/projetos-clientes-moegas-despoeiramento-meio-ambiente-2\/copacol-cafelandia-pr\/","url":"https:\/\/sitenovo.wingsltda.com.br\/pt\/projetos-clientes-moegas-despoeiramento-meio-ambiente-2\/copacol-cafelandia-pr\/","name":"COPACOL \u2013 CAFEL\u00c2NDIA (PR) - Wings Ltda |","isPartOf":{"@id":"https:\/\/sitenovo.wingsltda.com.br\/en\/#website"},"primaryImageOfPage":{"@id":"https:\/\/sitenovo.wingsltda.com.br\/pt\/projetos-clientes-moegas-despoeiramento-meio-ambiente-2\/copacol-cafelandia-pr\/#primaryimage"},"image":{"@id":"https:\/\/sitenovo.wingsltda.com.br\/pt\/projetos-clientes-moegas-despoeiramento-meio-ambiente-2\/copacol-cafelandia-pr\/#primaryimage"},"thumbnailUrl":"https:\/\/sitenovo.wingsltda.com.br\/wp-content\/uploads\/2024\/03\/despoeiramento-em-moega-rodoviaria-copacol-cafelandia-1067x800-1-jpg.webp","datePublished":"2024-03-05T14:10:39+00:00","dateModified":"2024-05-19T14:08:57+00:00","description":"A capacidade da COPACOL \u00e9 o recebimento de mais de 1,2 milh\u00f5es de toneladas por ano. Com o investimento na instala\u00e7\u00e3o do nosso sistema DustControl, foi poss\u00edvel n\u00e3o s\u00f3 agilizar o recebimento, como deixar mais limpo e sustent\u00e1vel.","breadcrumb":{"@id":"https:\/\/sitenovo.wingsltda.com.br\/pt\/projetos-clientes-moegas-despoeiramento-meio-ambiente-2\/copacol-cafelandia-pr\/#breadcrumb"},"inLanguage":"pt-BR","potentialAction":[{"@type":"ReadAction","target":["https:\/\/sitenovo.wingsltda.com.br\/pt\/projetos-clientes-moegas-despoeiramento-meio-ambiente-2\/copacol-cafelandia-pr\/"]}]},{"@type":"ImageObject","inLanguage":"pt-BR","@id":"https:\/\/sitenovo.wingsltda.com.br\/pt\/projetos-clientes-moegas-despoeiramento-meio-ambiente-2\/copacol-cafelandia-pr\/#primaryimage","url":"https:\/\/sitenovo.wingsltda.com.br\/wp-content\/uploads\/2024\/03\/despoeiramento-em-moega-rodoviaria-copacol-cafelandia-1067x800-1-jpg.webp","contentUrl":"https:\/\/sitenovo.wingsltda.com.br\/wp-content\/uploads\/2024\/03\/despoeiramento-em-moega-rodoviaria-copacol-cafelandia-1067x800-1-jpg.webp","width":1067,"height":800},{"@type":"BreadcrumbList","@id":"https:\/\/sitenovo.wingsltda.com.br\/pt\/projetos-clientes-moegas-despoeiramento-meio-ambiente-2\/copacol-cafelandia-pr\/#breadcrumb","itemListElement":[{"@type":"ListItem","position":1,"name":"In\u00edcio","item":"https:\/\/sitenovo.wingsltda.com.br\/"},{"@type":"ListItem","position":2,"name":"Conhe\u00e7a Alguns dos nossos Projetos","item":"https:\/\/sitenovo.wingsltda.com.br\/pt\/projetos-clientes-moegas-despoeiramento-meio-ambiente-2\/"},{"@type":"ListItem","position":3,"name":"COPACOL \u2013 CAFEL\u00c2NDIA (PR)"}]},{"@type":"WebSite","@id":"https:\/\/sitenovo.wingsltda.com.br\/en\/#website","url":"https:\/\/sitenovo.wingsltda.com.br\/en\/","name":"Wings Ltda |","description":"Transformando sua opera\u00e7\u00e3o no agro.","publisher":{"@id":"https:\/\/sitenovo.wingsltda.com.br\/en\/#organization"},"potentialAction":[{"@type":"SearchAction","target":{"@type":"EntryPoint","urlTemplate":"https:\/\/sitenovo.wingsltda.com.br\/en\/?s={search_term_string}"},"query-input":{"@type":"PropertyValueSpecification","valueRequired":true,"valueName":"search_term_string"}}],"inLanguage":"pt-BR"},{"@type":"Organization","@id":"https:\/\/sitenovo.wingsltda.com.br\/en\/#organization","name":"Wings Ltda","url":"https:\/\/sitenovo.wingsltda.com.br\/en\/","logo":{"@type":"ImageObject","inLanguage":"pt-BR","@id":"https:\/\/sitenovo.wingsltda.com.br\/en\/#\/schema\/logo\/image\/","url":"https:\/\/sitenovo.wingsltda.com.br\/wp-content\/uploads\/2024\/03\/Wings-Logo-Novo-DustControl.png","contentUrl":"https:\/\/sitenovo.wingsltda.com.br\/wp-content\/uploads\/2024\/03\/Wings-Logo-Novo-DustControl.png","width":1090,"height":410,"caption":"Wings Ltda"},"image":{"@id":"https:\/\/sitenovo.wingsltda.com.br\/en\/#\/schema\/logo\/image\/"},"sameAs":["https:\/\/www.facebook.com\/wingsltda\/","https:\/\/www.linkedin.com\/company\/wingsltda\/","https:\/\/www.youtube.com\/channel\/UC2XSL5EljSgDh-pwalcPLLA"]}]}},"_links":{"self":[{"href":"https:\/\/sitenovo.wingsltda.com.br\/pt\/wp-json\/wp\/v2\/pages\/23878","targetHints":{"allow":["GET"]}}],"collection":[{"href":"https:\/\/sitenovo.wingsltda.com.br\/pt\/wp-json\/wp\/v2\/pages"}],"about":[{"href":"https:\/\/sitenovo.wingsltda.com.br\/pt\/wp-json\/wp\/v2\/types\/page"}],"author":[{"embeddable":true,"href":"https:\/\/sitenovo.wingsltda.com.br\/pt\/wp-json\/wp\/v2\/users\/1"}],"replies":[{"embeddable":true,"href":"https:\/\/sitenovo.wingsltda.com.br\/pt\/wp-json\/wp\/v2\/comments?post=23878"}],"version-history":[{"count":6,"href":"https:\/\/sitenovo.wingsltda.com.br\/pt\/wp-json\/wp\/v2\/pages\/23878\/revisions"}],"predecessor-version":[{"id":24909,"href":"https:\/\/sitenovo.wingsltda.com.br\/pt\/wp-json\/wp\/v2\/pages\/23878\/revisions\/24909"}],"up":[{"embeddable":true,"href":"https:\/\/sitenovo.wingsltda.com.br\/pt\/wp-json\/wp\/v2\/pages\/55"}],"wp:featuredmedia":[{"embeddable":true,"href":"https:\/\/sitenovo.wingsltda.com.br\/pt\/wp-json\/wp\/v2\/media\/24202"}],"wp:attachment":[{"href":"https:\/\/sitenovo.wingsltda.com.br\/pt\/wp-json\/wp\/v2\/media?parent=23878"}],"curies":[{"name":"wp","href":"https:\/\/api.w.org\/{rel}","templated":true}]}}