{"id":23882,"date":"2024-03-05T11:52:53","date_gmt":"2024-03-05T14:52:53","guid":{"rendered":"https:\/\/sitenovo.wingsltda.com.br\/?page_id=23882"},"modified":"2024-05-19T12:26:31","modified_gmt":"2024-05-19T15:26:31","slug":"alianca-sao-joaquim-da-barra-sp","status":"publish","type":"page","link":"https:\/\/sitenovo.wingsltda.com.br\/pt\/projetos-clientes-moegas-despoeiramento-meio-ambiente-2\/alianca-sao-joaquim-da-barra-sp\/","title":{"rendered":"ALIAN\u00c7A \u2013 S\u00c3O JOAQUIM DA BARRA (SP)"},"content":{"rendered":"\t\t<div data-elementor-type=\"wp-page\" data-elementor-id=\"23882\" class=\"elementor elementor-23882\">\n\t\t\t\t<div class=\"elementor-element elementor-element-0c45662 e-flex e-con-boxed e-con e-parent\" data-id=\"0c45662\" data-element_type=\"container\" data-e-type=\"container\">\n\t\t\t\t\t<div class=\"e-con-inner\">\n\t\t<div class=\"elementor-element elementor-element-4b18554 e-con-full e-flex e-con e-child\" data-id=\"4b18554\" data-element_type=\"container\" data-e-type=\"container\">\n\t\t\t\t<div class=\"elementor-element elementor-element-c0b4951 elementor-widget elementor-widget-heading\" data-id=\"c0b4951\" data-element_type=\"widget\" data-e-type=\"widget\" data-widget_type=\"heading.default\">\n\t\t\t\t<div class=\"elementor-widget-container\">\n\t\t\t\t\t<h2 class=\"elementor-heading-title elementor-size-default\">ALIAN\u00c7A \u2013 S\u00c3O JOAQUIM DA BARRA (SP)\n| INSTALOU DUSTCONTROL DA WINGS<\/h2>\t\t\t\t<\/div>\n\t\t\t\t<\/div>\n\t\t\t\t<div class=\"elementor-element elementor-element-104b138 elementor-widget elementor-widget-image\" data-id=\"104b138\" data-element_type=\"widget\" data-e-type=\"widget\" data-widget_type=\"image.default\">\n\t\t\t\t<div class=\"elementor-widget-container\">\n\t\t\t\t\t\t\t\t\t\t\t\t\t\t\t\t<a href=\"https:\/\/aliancavaltra.com.br\/\" target=\"_blank\">\n\t\t\t\t\t\t\t<img decoding=\"async\" width=\"150\" height=\"150\" src=\"https:\/\/sitenovo.wingsltda.com.br\/wp-content\/uploads\/2024\/03\/alianca-agricola-800x800-1-150x150.webp\" class=\"attachment-thumbnail size-thumbnail wp-image-24329\" alt=\"\" srcset=\"https:\/\/sitenovo.wingsltda.com.br\/wp-content\/uploads\/2024\/03\/alianca-agricola-800x800-1-150x150.webp 150w, https:\/\/sitenovo.wingsltda.com.br\/wp-content\/uploads\/2024\/03\/alianca-agricola-800x800-1-400x400.webp 400w, https:\/\/sitenovo.wingsltda.com.br\/wp-content\/uploads\/2024\/03\/alianca-agricola-800x800-1-768x768.webp 768w, https:\/\/sitenovo.wingsltda.com.br\/wp-content\/uploads\/2024\/03\/alianca-agricola-800x800-1-12x12.webp 12w, https:\/\/sitenovo.wingsltda.com.br\/wp-content\/uploads\/2024\/03\/alianca-agricola-800x800-1-510x510.webp 510w, https:\/\/sitenovo.wingsltda.com.br\/wp-content\/uploads\/2024\/03\/alianca-agricola-800x800-1-100x100.webp 100w, https:\/\/sitenovo.wingsltda.com.br\/wp-content\/uploads\/2024\/03\/alianca-agricola-800x800-1-jpg.webp 800w\" sizes=\"(max-width: 150px) 100vw, 150px\" \/>\t\t\t\t\t\t\t\t<\/a>\n\t\t\t\t\t\t\t\t\t\t\t\t\t\t\t<\/div>\n\t\t\t\t<\/div>\n\t\t\t\t<\/div>\n\t\t<div class=\"elementor-element elementor-element-04de508 e-con-full e-flex e-con e-child\" data-id=\"04de508\" data-element_type=\"container\" data-e-type=\"container\">\n\t\t\t\t<div class=\"elementor-element elementor-element-74cde66 elementor-widget elementor-widget-text-editor\" data-id=\"74cde66\" data-element_type=\"widget\" data-e-type=\"widget\" data-widget_type=\"text-editor.default\">\n\t\t\t\t<div class=\"elementor-widget-container\">\n\t\t\t\t\t\t\t\t\t<p style=\"text-align: justify;\"><em>Nosso cliente produtor de \u00f3leos e gorduras, instalou o produto DustControl Plus para eliminar definitivamente o problema com a poeira dispersa no momento da descarga de gr\u00e3os.<\/em><\/p>\t\t\t\t\t\t\t\t<\/div>\n\t\t\t\t<\/div>\n\t\t\t\t<\/div>\n\t\t\t\t\t<\/div>\n\t\t\t\t<\/div>\n\t\t<div class=\"elementor-element elementor-element-7983332 e-flex e-con-boxed e-con e-parent\" data-id=\"7983332\" data-element_type=\"container\" data-e-type=\"container\">\n\t\t\t\t\t<div class=\"e-con-inner\">\n\t\t<div class=\"elementor-element elementor-element-065d1c6 e-con-full e-flex e-con e-child\" data-id=\"065d1c6\" data-element_type=\"container\" data-e-type=\"container\">\n\t\t\t\t<div class=\"elementor-element elementor-element-534dcff elementor-widget elementor-widget-image\" data-id=\"534dcff\" data-element_type=\"widget\" data-e-type=\"widget\" data-widget_type=\"image.default\">\n\t\t\t\t<div class=\"elementor-widget-container\">\n\t\t\t\t\t\t\t\t\t\t\t\t\t\t\t<img fetchpriority=\"high\" decoding=\"async\" width=\"800\" height=\"589\" src=\"https:\/\/sitenovo.wingsltda.com.br\/wp-content\/uploads\/2024\/03\/ALIANCA-SAO-JOAQUIM-DA-BARRA-SP-INSTALOU-DUSTCONTROL-DA-WINGS.png\" class=\"attachment-large size-large wp-image-24330\" alt=\"\" srcset=\"https:\/\/sitenovo.wingsltda.com.br\/wp-content\/uploads\/2024\/03\/ALIANCA-SAO-JOAQUIM-DA-BARRA-SP-INSTALOU-DUSTCONTROL-DA-WINGS.png 811w, https:\/\/sitenovo.wingsltda.com.br\/wp-content\/uploads\/2024\/03\/ALIANCA-SAO-JOAQUIM-DA-BARRA-SP-INSTALOU-DUSTCONTROL-DA-WINGS-543x400.png 543w, https:\/\/sitenovo.wingsltda.com.br\/wp-content\/uploads\/2024\/03\/ALIANCA-SAO-JOAQUIM-DA-BARRA-SP-INSTALOU-DUSTCONTROL-DA-WINGS-150x110.png 150w, https:\/\/sitenovo.wingsltda.com.br\/wp-content\/uploads\/2024\/03\/ALIANCA-SAO-JOAQUIM-DA-BARRA-SP-INSTALOU-DUSTCONTROL-DA-WINGS-768x565.png 768w, https:\/\/sitenovo.wingsltda.com.br\/wp-content\/uploads\/2024\/03\/ALIANCA-SAO-JOAQUIM-DA-BARRA-SP-INSTALOU-DUSTCONTROL-DA-WINGS-16x12.png 16w, https:\/\/sitenovo.wingsltda.com.br\/wp-content\/uploads\/2024\/03\/ALIANCA-SAO-JOAQUIM-DA-BARRA-SP-INSTALOU-DUSTCONTROL-DA-WINGS-510x375.png 510w\" sizes=\"(max-width: 800px) 100vw, 800px\" \/>\t\t\t\t\t\t\t\t\t\t\t\t\t\t\t<\/div>\n\t\t\t\t<\/div>\n\t\t\t\t<\/div>\n\t\t<div class=\"elementor-element elementor-element-134056d e-con-full e-flex e-con e-child\" data-id=\"134056d\" data-element_type=\"container\" data-e-type=\"container\">\n\t\t\t\t<div class=\"elementor-element elementor-element-83476d5 elementor-widget elementor-widget-text-editor\" data-id=\"83476d5\" data-element_type=\"widget\" data-e-type=\"widget\" data-widget_type=\"text-editor.default\">\n\t\t\t\t<div class=\"elementor-widget-container\">\n\t\t\t\t\t\t\t\t\t<p style=\"text-align: justify;\">Nosso cliente Alian\u00e7a Agr\u00edcola do Cerrado S.A. do Grupo Sodrugestvo, tinha diversos problemas com a vizinhan\u00e7a, no momento da descarga de gr\u00e3os, a poeira gerada, era vis\u00edvel da Rodovia Anhanguera. Isso gerou muito desconforto a todos que transitavam no local e pr\u00f3ximo a ele. Estes problemas foram solucionados em 2020 com o despoeiramento do DustControl da Wings.<\/p>\n<p style=\"text-align: justify;\">Um baghouse, tamb\u00e9m conhecido como filtro de baghouse, filtro de manga ou filtro de tecido \u00e9 um dispositivo de controle de polui\u00e7\u00e3o do ar e coletor de p\u00f3 que remove as part\u00edculas do ar. No entanto, o filtro n\u00e3o \u00e9 um coletor de poeira eficiente depois que a poeira foi expelida da moega. Neste ponto, \u00e9 muito mais eficaz instalar um sistema DustControl que n\u00e3o permita que o ar escape com o p\u00f3 de debaixo da grade da moega.<\/p>\n<p style=\"text-align: justify;\">O sistema DustControl n\u00e3o \u00e9 um sistema flaps. O DustControl \u00e9 composto por m\u00f3dulos que cobrem toda a moega abaixo da grade. Esses m\u00f3dulos t\u00eam 40 a 50 cm de profundidade e bicas que reduzem ligeiramente a velocidade do produto que entra na moega, mantendo as bicas cheias de produto para que o ar deslocado da moega passe pela coluna de produto nas bicas. Durante a passagem pelo m\u00f3dulo, o ar carregado de poeira perde velocidade e n\u00e3o \u00e9 mais capaz de carregar a poeira, que permanece junto com o produto. O ar sai limpo do m\u00f3dulo. \u00c9 a mais eficaz maneira de fazer despoeiramento! N\u00e3o precisa de filtros, mas em moegas que necessitam de maior limpeza do ar, como tombadores que aumenta muito a quantidade de poeira que se separa do produto quando cai do ve\u00edculo, a Wings pode acoplar um filtro de mangas para criar uma press\u00e3o negativa para aspirar para dentro a poeira que est\u00e1 acima da grade. Recomendamos que instale o sistema DustControl Mec\u00e2nico e se for necess\u00e1rio um controle de poeira maior, acrescenta o filtro mais tarde, pois sua instala\u00e7\u00e3o n\u00e3o requer modifica\u00e7\u00e3o do DustControl.<\/p>\t\t\t\t\t\t\t\t<\/div>\n\t\t\t\t<\/div>\n\t\t\t\t<\/div>\n\t\t\t\t\t<\/div>\n\t\t\t\t<\/div>\n\t\t\t\t<\/div>\n\t\t","protected":false},"excerpt":{"rendered":"<p>ALIAN\u00c7A \u2013 S\u00c3O JOAQUIM DA BARRA (SP) | INSTALOU DUSTCONTROL DA WINGS Nosso cliente produtor de \u00f3leos e gorduras, instalou o produto DustControl Plus para eliminar definitivamente o problema com a poeira dispersa no momento da descarga de gr\u00e3os. Nosso cliente Alian\u00e7a Agr\u00edcola do Cerrado S.A. do Grupo Sodrugestvo, tinha diversos problemas com a vizinhan\u00e7a, [&hellip;]<\/p>\n","protected":false},"author":1,"featured_media":0,"parent":55,"menu_order":0,"comment_status":"closed","ping_status":"closed","template":"","meta":{"footnotes":""},"class_list":["post-23882","page","type-page","status-publish","hentry"],"yoast_head":"<!-- This site is optimized with the Yoast SEO plugin v27.3 - https:\/\/yoast.com\/product\/yoast-seo-wordpress\/ -->\n<title>ALIAN\u00c7A \u2013 S\u00c3O JOAQUIM DA BARRA (SP) - Wings Ltda |<\/title>\n<meta name=\"description\" content=\"Cliente Wings, produtor de \u00f3leos e gorduras, instalou o produto DustControl Plus para eliminar o problema com a poeira dispersa no momento da descarga de gr\u00e3os.\" \/>\n<meta name=\"robots\" content=\"index, follow, max-snippet:-1, max-image-preview:large, max-video-preview:-1\" \/>\n<link rel=\"canonical\" href=\"https:\/\/sitenovo.wingsltda.com.br\/pt\/projetos-clientes-moegas-despoeiramento-meio-ambiente-2\/alianca-sao-joaquim-da-barra-sp\/\" \/>\n<meta property=\"og:locale\" content=\"pt_BR\" \/>\n<meta property=\"og:type\" content=\"article\" \/>\n<meta property=\"og:title\" content=\"ALIAN\u00c7A \u2013 S\u00c3O JOAQUIM DA BARRA (SP) - Wings Ltda |\" \/>\n<meta property=\"og:description\" content=\"Cliente Wings, produtor de \u00f3leos e gorduras, instalou o produto DustControl Plus para eliminar o problema com a poeira dispersa no momento da descarga de gr\u00e3os.\" \/>\n<meta property=\"og:url\" content=\"https:\/\/sitenovo.wingsltda.com.br\/pt\/projetos-clientes-moegas-despoeiramento-meio-ambiente-2\/alianca-sao-joaquim-da-barra-sp\/\" \/>\n<meta property=\"og:site_name\" content=\"Wings Ltda |\" \/>\n<meta property=\"article:publisher\" content=\"https:\/\/www.facebook.com\/wingsltda\/\" \/>\n<meta property=\"article:modified_time\" content=\"2024-05-19T15:26:31+00:00\" \/>\n<meta property=\"og:image\" content=\"https:\/\/sitenovo.wingsltda.com.br\/wp-content\/uploads\/2024\/03\/alianca-agricola-800x800-1-150x150.webp\" \/>\n<meta name=\"twitter:card\" content=\"summary_large_image\" \/>\n<meta name=\"twitter:label1\" content=\"Est. tempo de leitura\" \/>\n\t<meta name=\"twitter:data1\" content=\"2 minutos\" \/>\n<script type=\"application\/ld+json\" class=\"yoast-schema-graph\">{\"@context\":\"https:\\\/\\\/schema.org\",\"@graph\":[{\"@type\":\"WebPage\",\"@id\":\"https:\\\/\\\/sitenovo.wingsltda.com.br\\\/pt\\\/projetos-clientes-moegas-despoeiramento-meio-ambiente-2\\\/alianca-sao-joaquim-da-barra-sp\\\/\",\"url\":\"https:\\\/\\\/sitenovo.wingsltda.com.br\\\/pt\\\/projetos-clientes-moegas-despoeiramento-meio-ambiente-2\\\/alianca-sao-joaquim-da-barra-sp\\\/\",\"name\":\"ALIAN\u00c7A \u2013 S\u00c3O JOAQUIM DA BARRA (SP) - Wings Ltda |\",\"isPartOf\":{\"@id\":\"https:\\\/\\\/sitenovo.wingsltda.com.br\\\/en\\\/#website\"},\"primaryImageOfPage\":{\"@id\":\"https:\\\/\\\/sitenovo.wingsltda.com.br\\\/pt\\\/projetos-clientes-moegas-despoeiramento-meio-ambiente-2\\\/alianca-sao-joaquim-da-barra-sp\\\/#primaryimage\"},\"image\":{\"@id\":\"https:\\\/\\\/sitenovo.wingsltda.com.br\\\/pt\\\/projetos-clientes-moegas-despoeiramento-meio-ambiente-2\\\/alianca-sao-joaquim-da-barra-sp\\\/#primaryimage\"},\"thumbnailUrl\":\"https:\\\/\\\/sitenovo.wingsltda.com.br\\\/wp-content\\\/uploads\\\/2024\\\/03\\\/alianca-agricola-800x800-1-150x150.webp\",\"datePublished\":\"2024-03-05T14:52:53+00:00\",\"dateModified\":\"2024-05-19T15:26:31+00:00\",\"description\":\"Cliente Wings, produtor de \u00f3leos e gorduras, instalou o produto DustControl Plus para eliminar o problema com a poeira dispersa no momento da descarga de gr\u00e3os.\",\"breadcrumb\":{\"@id\":\"https:\\\/\\\/sitenovo.wingsltda.com.br\\\/pt\\\/projetos-clientes-moegas-despoeiramento-meio-ambiente-2\\\/alianca-sao-joaquim-da-barra-sp\\\/#breadcrumb\"},\"inLanguage\":\"pt-BR\",\"potentialAction\":[{\"@type\":\"ReadAction\",\"target\":[\"https:\\\/\\\/sitenovo.wingsltda.com.br\\\/pt\\\/projetos-clientes-moegas-despoeiramento-meio-ambiente-2\\\/alianca-sao-joaquim-da-barra-sp\\\/\"]}]},{\"@type\":\"ImageObject\",\"inLanguage\":\"pt-BR\",\"@id\":\"https:\\\/\\\/sitenovo.wingsltda.com.br\\\/pt\\\/projetos-clientes-moegas-despoeiramento-meio-ambiente-2\\\/alianca-sao-joaquim-da-barra-sp\\\/#primaryimage\",\"url\":\"https:\\\/\\\/sitenovo.wingsltda.com.br\\\/wp-content\\\/uploads\\\/2024\\\/03\\\/alianca-agricola-800x800-1-150x150.webp\",\"contentUrl\":\"https:\\\/\\\/sitenovo.wingsltda.com.br\\\/wp-content\\\/uploads\\\/2024\\\/03\\\/alianca-agricola-800x800-1-150x150.webp\"},{\"@type\":\"BreadcrumbList\",\"@id\":\"https:\\\/\\\/sitenovo.wingsltda.com.br\\\/pt\\\/projetos-clientes-moegas-despoeiramento-meio-ambiente-2\\\/alianca-sao-joaquim-da-barra-sp\\\/#breadcrumb\",\"itemListElement\":[{\"@type\":\"ListItem\",\"position\":1,\"name\":\"In\u00edcio\",\"item\":\"https:\\\/\\\/sitenovo.wingsltda.com.br\\\/\"},{\"@type\":\"ListItem\",\"position\":2,\"name\":\"Conhe\u00e7a Alguns dos nossos Projetos\",\"item\":\"https:\\\/\\\/sitenovo.wingsltda.com.br\\\/pt\\\/projetos-clientes-moegas-despoeiramento-meio-ambiente-2\\\/\"},{\"@type\":\"ListItem\",\"position\":3,\"name\":\"ALIAN\u00c7A \u2013 S\u00c3O JOAQUIM DA BARRA (SP)\"}]},{\"@type\":\"WebSite\",\"@id\":\"https:\\\/\\\/sitenovo.wingsltda.com.br\\\/en\\\/#website\",\"url\":\"https:\\\/\\\/sitenovo.wingsltda.com.br\\\/en\\\/\",\"name\":\"Wings Ltda |\",\"description\":\"Transformando sua opera\u00e7\u00e3o no agro.\",\"publisher\":{\"@id\":\"https:\\\/\\\/sitenovo.wingsltda.com.br\\\/en\\\/#organization\"},\"potentialAction\":[{\"@type\":\"SearchAction\",\"target\":{\"@type\":\"EntryPoint\",\"urlTemplate\":\"https:\\\/\\\/sitenovo.wingsltda.com.br\\\/en\\\/?s={search_term_string}\"},\"query-input\":{\"@type\":\"PropertyValueSpecification\",\"valueRequired\":true,\"valueName\":\"search_term_string\"}}],\"inLanguage\":\"pt-BR\"},{\"@type\":\"Organization\",\"@id\":\"https:\\\/\\\/sitenovo.wingsltda.com.br\\\/en\\\/#organization\",\"name\":\"Wings Ltda\",\"url\":\"https:\\\/\\\/sitenovo.wingsltda.com.br\\\/en\\\/\",\"logo\":{\"@type\":\"ImageObject\",\"inLanguage\":\"pt-BR\",\"@id\":\"https:\\\/\\\/sitenovo.wingsltda.com.br\\\/en\\\/#\\\/schema\\\/logo\\\/image\\\/\",\"url\":\"https:\\\/\\\/sitenovo.wingsltda.com.br\\\/wp-content\\\/uploads\\\/2024\\\/03\\\/Wings-Logo-Novo-DustControl.png\",\"contentUrl\":\"https:\\\/\\\/sitenovo.wingsltda.com.br\\\/wp-content\\\/uploads\\\/2024\\\/03\\\/Wings-Logo-Novo-DustControl.png\",\"width\":1090,\"height\":410,\"caption\":\"Wings Ltda\"},\"image\":{\"@id\":\"https:\\\/\\\/sitenovo.wingsltda.com.br\\\/en\\\/#\\\/schema\\\/logo\\\/image\\\/\"},\"sameAs\":[\"https:\\\/\\\/www.facebook.com\\\/wingsltda\\\/\",\"https:\\\/\\\/www.linkedin.com\\\/company\\\/wingsltda\\\/\",\"https:\\\/\\\/www.youtube.com\\\/channel\\\/UC2XSL5EljSgDh-pwalcPLLA\"]}]}<\/script>\n<!-- \/ Yoast SEO plugin. -->","yoast_head_json":{"title":"ALIAN\u00c7A \u2013 S\u00c3O JOAQUIM DA BARRA (SP) - Wings Ltda |","description":"Cliente Wings, produtor de \u00f3leos e gorduras, instalou o produto DustControl Plus para eliminar o problema com a poeira dispersa no momento da descarga de gr\u00e3os.","robots":{"index":"index","follow":"follow","max-snippet":"max-snippet:-1","max-image-preview":"max-image-preview:large","max-video-preview":"max-video-preview:-1"},"canonical":"https:\/\/sitenovo.wingsltda.com.br\/pt\/projetos-clientes-moegas-despoeiramento-meio-ambiente-2\/alianca-sao-joaquim-da-barra-sp\/","og_locale":"pt_BR","og_type":"article","og_title":"ALIAN\u00c7A \u2013 S\u00c3O JOAQUIM DA BARRA (SP) - Wings Ltda |","og_description":"Cliente Wings, produtor de \u00f3leos e gorduras, instalou o produto DustControl Plus para eliminar o problema com a poeira dispersa no momento da descarga de gr\u00e3os.","og_url":"https:\/\/sitenovo.wingsltda.com.br\/pt\/projetos-clientes-moegas-despoeiramento-meio-ambiente-2\/alianca-sao-joaquim-da-barra-sp\/","og_site_name":"Wings Ltda |","article_publisher":"https:\/\/www.facebook.com\/wingsltda\/","article_modified_time":"2024-05-19T15:26:31+00:00","og_image":[{"url":"https:\/\/sitenovo.wingsltda.com.br\/wp-content\/uploads\/2024\/03\/alianca-agricola-800x800-1-150x150.webp","type":"","width":"","height":""}],"twitter_card":"summary_large_image","twitter_misc":{"Est. tempo de leitura":"2 minutos"},"schema":{"@context":"https:\/\/schema.org","@graph":[{"@type":"WebPage","@id":"https:\/\/sitenovo.wingsltda.com.br\/pt\/projetos-clientes-moegas-despoeiramento-meio-ambiente-2\/alianca-sao-joaquim-da-barra-sp\/","url":"https:\/\/sitenovo.wingsltda.com.br\/pt\/projetos-clientes-moegas-despoeiramento-meio-ambiente-2\/alianca-sao-joaquim-da-barra-sp\/","name":"ALIAN\u00c7A \u2013 S\u00c3O JOAQUIM DA BARRA (SP) - Wings Ltda |","isPartOf":{"@id":"https:\/\/sitenovo.wingsltda.com.br\/en\/#website"},"primaryImageOfPage":{"@id":"https:\/\/sitenovo.wingsltda.com.br\/pt\/projetos-clientes-moegas-despoeiramento-meio-ambiente-2\/alianca-sao-joaquim-da-barra-sp\/#primaryimage"},"image":{"@id":"https:\/\/sitenovo.wingsltda.com.br\/pt\/projetos-clientes-moegas-despoeiramento-meio-ambiente-2\/alianca-sao-joaquim-da-barra-sp\/#primaryimage"},"thumbnailUrl":"https:\/\/sitenovo.wingsltda.com.br\/wp-content\/uploads\/2024\/03\/alianca-agricola-800x800-1-150x150.webp","datePublished":"2024-03-05T14:52:53+00:00","dateModified":"2024-05-19T15:26:31+00:00","description":"Cliente Wings, produtor de \u00f3leos e gorduras, instalou o produto DustControl Plus para eliminar o problema com a poeira dispersa no momento da descarga de gr\u00e3os.","breadcrumb":{"@id":"https:\/\/sitenovo.wingsltda.com.br\/pt\/projetos-clientes-moegas-despoeiramento-meio-ambiente-2\/alianca-sao-joaquim-da-barra-sp\/#breadcrumb"},"inLanguage":"pt-BR","potentialAction":[{"@type":"ReadAction","target":["https:\/\/sitenovo.wingsltda.com.br\/pt\/projetos-clientes-moegas-despoeiramento-meio-ambiente-2\/alianca-sao-joaquim-da-barra-sp\/"]}]},{"@type":"ImageObject","inLanguage":"pt-BR","@id":"https:\/\/sitenovo.wingsltda.com.br\/pt\/projetos-clientes-moegas-despoeiramento-meio-ambiente-2\/alianca-sao-joaquim-da-barra-sp\/#primaryimage","url":"https:\/\/sitenovo.wingsltda.com.br\/wp-content\/uploads\/2024\/03\/alianca-agricola-800x800-1-150x150.webp","contentUrl":"https:\/\/sitenovo.wingsltda.com.br\/wp-content\/uploads\/2024\/03\/alianca-agricola-800x800-1-150x150.webp"},{"@type":"BreadcrumbList","@id":"https:\/\/sitenovo.wingsltda.com.br\/pt\/projetos-clientes-moegas-despoeiramento-meio-ambiente-2\/alianca-sao-joaquim-da-barra-sp\/#breadcrumb","itemListElement":[{"@type":"ListItem","position":1,"name":"In\u00edcio","item":"https:\/\/sitenovo.wingsltda.com.br\/"},{"@type":"ListItem","position":2,"name":"Conhe\u00e7a Alguns dos nossos Projetos","item":"https:\/\/sitenovo.wingsltda.com.br\/pt\/projetos-clientes-moegas-despoeiramento-meio-ambiente-2\/"},{"@type":"ListItem","position":3,"name":"ALIAN\u00c7A \u2013 S\u00c3O JOAQUIM DA BARRA (SP)"}]},{"@type":"WebSite","@id":"https:\/\/sitenovo.wingsltda.com.br\/en\/#website","url":"https:\/\/sitenovo.wingsltda.com.br\/en\/","name":"Wings Ltda |","description":"Transformando sua opera\u00e7\u00e3o no agro.","publisher":{"@id":"https:\/\/sitenovo.wingsltda.com.br\/en\/#organization"},"potentialAction":[{"@type":"SearchAction","target":{"@type":"EntryPoint","urlTemplate":"https:\/\/sitenovo.wingsltda.com.br\/en\/?s={search_term_string}"},"query-input":{"@type":"PropertyValueSpecification","valueRequired":true,"valueName":"search_term_string"}}],"inLanguage":"pt-BR"},{"@type":"Organization","@id":"https:\/\/sitenovo.wingsltda.com.br\/en\/#organization","name":"Wings Ltda","url":"https:\/\/sitenovo.wingsltda.com.br\/en\/","logo":{"@type":"ImageObject","inLanguage":"pt-BR","@id":"https:\/\/sitenovo.wingsltda.com.br\/en\/#\/schema\/logo\/image\/","url":"https:\/\/sitenovo.wingsltda.com.br\/wp-content\/uploads\/2024\/03\/Wings-Logo-Novo-DustControl.png","contentUrl":"https:\/\/sitenovo.wingsltda.com.br\/wp-content\/uploads\/2024\/03\/Wings-Logo-Novo-DustControl.png","width":1090,"height":410,"caption":"Wings Ltda"},"image":{"@id":"https:\/\/sitenovo.wingsltda.com.br\/en\/#\/schema\/logo\/image\/"},"sameAs":["https:\/\/www.facebook.com\/wingsltda\/","https:\/\/www.linkedin.com\/company\/wingsltda\/","https:\/\/www.youtube.com\/channel\/UC2XSL5EljSgDh-pwalcPLLA"]}]}},"_links":{"self":[{"href":"https:\/\/sitenovo.wingsltda.com.br\/pt\/wp-json\/wp\/v2\/pages\/23882","targetHints":{"allow":["GET"]}}],"collection":[{"href":"https:\/\/sitenovo.wingsltda.com.br\/pt\/wp-json\/wp\/v2\/pages"}],"about":[{"href":"https:\/\/sitenovo.wingsltda.com.br\/pt\/wp-json\/wp\/v2\/types\/page"}],"author":[{"embeddable":true,"href":"https:\/\/sitenovo.wingsltda.com.br\/pt\/wp-json\/wp\/v2\/users\/1"}],"replies":[{"embeddable":true,"href":"https:\/\/sitenovo.wingsltda.com.br\/pt\/wp-json\/wp\/v2\/comments?post=23882"}],"version-history":[{"count":6,"href":"https:\/\/sitenovo.wingsltda.com.br\/pt\/wp-json\/wp\/v2\/pages\/23882\/revisions"}],"predecessor-version":[{"id":24923,"href":"https:\/\/sitenovo.wingsltda.com.br\/pt\/wp-json\/wp\/v2\/pages\/23882\/revisions\/24923"}],"up":[{"embeddable":true,"href":"https:\/\/sitenovo.wingsltda.com.br\/pt\/wp-json\/wp\/v2\/pages\/55"}],"wp:attachment":[{"href":"https:\/\/sitenovo.wingsltda.com.br\/pt\/wp-json\/wp\/v2\/media?parent=23882"}],"curies":[{"name":"wp","href":"https:\/\/api.w.org\/{rel}","templated":true}]}}