{"id":23913,"date":"2024-03-05T13:35:08","date_gmt":"2024-03-05T16:35:08","guid":{"rendered":"https:\/\/sitenovo.wingsltda.com.br\/?page_id=23913"},"modified":"2024-05-19T15:26:19","modified_gmt":"2024-05-19T18:26:19","slug":"pif-paf-palmeiras-de-goias-go","status":"publish","type":"page","link":"https:\/\/sitenovo.wingsltda.com.br\/pt\/projetos-clientes-moegas-despoeiramento-meio-ambiente-2\/pif-paf-palmeiras-de-goias-go\/","title":{"rendered":"PIF PAF \u2013 PALMEIRAS DE GOI\u00c1S (GO)"},"content":{"rendered":"\t\t<div data-elementor-type=\"wp-page\" data-elementor-id=\"23913\" class=\"elementor elementor-23913\">\n\t\t\t\t<div class=\"elementor-element elementor-element-e8e02c3 e-flex e-con-boxed e-con e-parent\" data-id=\"e8e02c3\" data-element_type=\"container\" data-e-type=\"container\">\n\t\t\t\t\t<div class=\"e-con-inner\">\n\t\t<div class=\"elementor-element elementor-element-d2c0373 e-con-full e-flex e-con e-child\" data-id=\"d2c0373\" data-element_type=\"container\" data-e-type=\"container\">\n\t\t\t\t<div class=\"elementor-element elementor-element-e63d1f7 elementor-widget elementor-widget-heading\" data-id=\"e63d1f7\" data-element_type=\"widget\" data-e-type=\"widget\" data-widget_type=\"heading.default\">\n\t\t\t\t<div class=\"elementor-widget-container\">\n\t\t\t\t\t<h2 class=\"elementor-heading-title elementor-size-default\">PIF PAF \u2013 PALMEIRAS DE GOI\u00c1S (GO) | DUSTCONTROL MEC\u00c2NICO INSTALA\u00c7\u00d5ES 2008<\/h2>\t\t\t\t<\/div>\n\t\t\t\t<\/div>\n\t\t\t\t<div class=\"elementor-element elementor-element-39f92be elementor-widget elementor-widget-image\" data-id=\"39f92be\" data-element_type=\"widget\" data-e-type=\"widget\" data-widget_type=\"image.default\">\n\t\t\t\t<div class=\"elementor-widget-container\">\n\t\t\t\t\t\t\t\t\t\t\t\t\t\t\t\t<a href=\"https:\/\/www.pifpaf.com.br\/\" target=\"_blank\">\n\t\t\t\t\t\t\t<img decoding=\"async\" width=\"260\" height=\"120\" src=\"https:\/\/sitenovo.wingsltda.com.br\/wp-content\/uploads\/2024\/02\/pifpaf-jpg.webp\" class=\"attachment-large size-large wp-image-24041\" alt=\"\" srcset=\"https:\/\/sitenovo.wingsltda.com.br\/wp-content\/uploads\/2024\/02\/pifpaf-jpg.webp 260w, https:\/\/sitenovo.wingsltda.com.br\/wp-content\/uploads\/2024\/02\/pifpaf-150x69.webp 150w, https:\/\/sitenovo.wingsltda.com.br\/wp-content\/uploads\/2024\/02\/pifpaf-18x8.webp 18w\" sizes=\"(max-width: 260px) 100vw, 260px\" \/>\t\t\t\t\t\t\t\t<\/a>\n\t\t\t\t\t\t\t\t\t\t\t\t\t\t\t<\/div>\n\t\t\t\t<\/div>\n\t\t\t\t<\/div>\n\t\t<div class=\"elementor-element elementor-element-7c8dfc8 e-con-full e-flex e-con e-child\" data-id=\"7c8dfc8\" data-element_type=\"container\" data-e-type=\"container\">\n\t\t\t\t<div class=\"elementor-element elementor-element-698b834 elementor-widget elementor-widget-text-editor\" data-id=\"698b834\" data-element_type=\"widget\" data-e-type=\"widget\" data-widget_type=\"text-editor.default\">\n\t\t\t\t<div class=\"elementor-widget-container\">\n\t\t\t\t\t\t\t\t\t<p style=\"text-align: justify;\"><em>Em 2008 realizamos a instala\u00e7\u00e3o do sistema DustControl em duas unidades do cliente, uma em Palmeira de Goi\u00e1s e a outra unidade livre de poeira \u00e9 a de Patroc\u00ednio (MG).<\/em><\/p>\t\t\t\t\t\t\t\t<\/div>\n\t\t\t\t<\/div>\n\t\t\t\t<div class=\"elementor-element elementor-element-abbc8ad elementor-widget elementor-widget-text-editor\" data-id=\"abbc8ad\" data-element_type=\"widget\" data-e-type=\"widget\" data-widget_type=\"text-editor.default\">\n\t\t\t\t<div class=\"elementor-widget-container\">\n\t\t\t\t\t\t\t\t\t<p style=\"text-align: justify;\">Reduzir o p\u00f3 ao redor da moega de recebimento \u00e9 vital para ajudar n\u00e3o expor os funcion\u00e1rios a n\u00edveis potencialmente perigosos de contaminantes. A coleta adequada de p\u00f3 pode significar maior visibilidade e custos reduzidos para a limpeza e manuten\u00e7\u00e3o de suas instala\u00e7\u00f5es. Tamb\u00e9m o ajuda a cumprir os padr\u00f5es de sa\u00fade e emiss\u00f5es atmosf\u00e9ricas e reduz a possibilidade de incomodar seus vizinhos<\/p>\t\t\t\t\t\t\t\t<\/div>\n\t\t\t\t<\/div>\n\t\t\t\t<\/div>\n\t\t\t\t\t<\/div>\n\t\t\t\t<\/div>\n\t\t<div class=\"elementor-element elementor-element-f738812 e-flex e-con-boxed e-con e-parent\" data-id=\"f738812\" data-element_type=\"container\" data-e-type=\"container\">\n\t\t\t\t\t<div class=\"e-con-inner\">\n\t\t<div class=\"elementor-element elementor-element-f15a892 e-con-full e-flex e-con e-child\" data-id=\"f15a892\" data-element_type=\"container\" data-e-type=\"container\">\n\t\t\t\t<\/div>\n\t\t<div class=\"elementor-element elementor-element-8dc5911 e-con-full e-flex e-con e-child\" data-id=\"8dc5911\" data-element_type=\"container\" data-e-type=\"container\">\n\t\t\t\t<div class=\"elementor-element elementor-element-7c20b18 elementor-widget elementor-widget-image\" data-id=\"7c20b18\" data-element_type=\"widget\" data-e-type=\"widget\" data-widget_type=\"image.default\">\n\t\t\t\t<div class=\"elementor-widget-container\">\n\t\t\t\t\t\t\t\t\t\t\t\t<figure class=\"wp-caption\">\n\t\t\t\t\t\t\t\t\t\t<img fetchpriority=\"high\" decoding=\"async\" width=\"533\" height=\"400\" src=\"https:\/\/sitenovo.wingsltda.com.br\/wp-content\/uploads\/2024\/03\/instalacoes-DusControl-PifPaf-Palmeiras-de-Goias-jpg.webp\" class=\"attachment-large size-large wp-image-24195\" alt=\"\" srcset=\"https:\/\/sitenovo.wingsltda.com.br\/wp-content\/uploads\/2024\/03\/instalacoes-DusControl-PifPaf-Palmeiras-de-Goias-jpg.webp 533w, https:\/\/sitenovo.wingsltda.com.br\/wp-content\/uploads\/2024\/03\/instalacoes-DusControl-PifPaf-Palmeiras-de-Goias-150x113.webp 150w, https:\/\/sitenovo.wingsltda.com.br\/wp-content\/uploads\/2024\/03\/instalacoes-DusControl-PifPaf-Palmeiras-de-Goias-16x12.webp 16w, https:\/\/sitenovo.wingsltda.com.br\/wp-content\/uploads\/2024\/03\/instalacoes-DusControl-PifPaf-Palmeiras-de-Goias-510x383.webp 510w\" sizes=\"(max-width: 533px) 100vw, 533px\" \/>\t\t\t\t\t\t\t\t\t\t\t<figcaption class=\"widget-image-caption wp-caption-text\">Imagens da nossa instala\u00e7\u00e3o na unidade do cliente. Nossos t\u00e9cnicos altamente treinados e certificados, deixando as moegas de recebimento dentro das normativas, protegendo os operadores e o meio ambiente.<\/figcaption>\n\t\t\t\t\t\t\t\t\t\t<\/figure>\n\t\t\t\t\t\t\t\t\t<\/div>\n\t\t\t\t<\/div>\n\t\t\t\t<\/div>\n\t\t<div class=\"elementor-element elementor-element-d1cf135 e-con-full e-flex e-con e-child\" data-id=\"d1cf135\" data-element_type=\"container\" data-e-type=\"container\">\n\t\t\t\t<\/div>\n\t\t\t\t\t<\/div>\n\t\t\t\t<\/div>\n\t\t<div class=\"elementor-element elementor-element-5d50488 e-flex e-con-boxed e-con e-parent\" data-id=\"5d50488\" data-element_type=\"container\" data-e-type=\"container\">\n\t\t\t\t\t<div class=\"e-con-inner\">\n\t\t<div class=\"elementor-element elementor-element-da258fb e-con-full e-flex e-con e-child\" data-id=\"da258fb\" data-element_type=\"container\" data-e-type=\"container\">\n\t\t\t\t<div class=\"elementor-element elementor-element-2a4dea0 elementor-widget elementor-widget-image\" data-id=\"2a4dea0\" data-element_type=\"widget\" data-e-type=\"widget\" data-widget_type=\"image.default\">\n\t\t\t\t<div class=\"elementor-widget-container\">\n\t\t\t\t\t\t\t\t\t\t\t\t<figure class=\"wp-caption\">\n\t\t\t\t\t\t\t\t\t\t<img decoding=\"async\" width=\"533\" height=\"400\" src=\"https:\/\/sitenovo.wingsltda.com.br\/wp-content\/uploads\/2024\/03\/05-08-08_1153-533x400-1-jpg.webp\" class=\"attachment-large size-large wp-image-24196\" alt=\"\" srcset=\"https:\/\/sitenovo.wingsltda.com.br\/wp-content\/uploads\/2024\/03\/05-08-08_1153-533x400-1-jpg.webp 533w, https:\/\/sitenovo.wingsltda.com.br\/wp-content\/uploads\/2024\/03\/05-08-08_1153-533x400-1-150x113.webp 150w, https:\/\/sitenovo.wingsltda.com.br\/wp-content\/uploads\/2024\/03\/05-08-08_1153-533x400-1-16x12.webp 16w, https:\/\/sitenovo.wingsltda.com.br\/wp-content\/uploads\/2024\/03\/05-08-08_1153-533x400-1-510x383.webp 510w\" sizes=\"(max-width: 533px) 100vw, 533px\" \/>\t\t\t\t\t\t\t\t\t\t\t<figcaption class=\"widget-image-caption wp-caption-text\">Instala\u00e7\u00f5es DustControl em uma moega de recebimento pela empresa Wings Ltda<\/figcaption>\n\t\t\t\t\t\t\t\t\t\t<\/figure>\n\t\t\t\t\t\t\t\t\t<\/div>\n\t\t\t\t<\/div>\n\t\t\t\t<\/div>\n\t\t<div class=\"elementor-element elementor-element-30ac4f6 e-con-full e-flex e-con e-child\" data-id=\"30ac4f6\" data-element_type=\"container\" data-e-type=\"container\">\n\t\t\t\t<div class=\"elementor-element elementor-element-e6623d2 elementor-widget elementor-widget-image\" data-id=\"e6623d2\" data-element_type=\"widget\" data-e-type=\"widget\" data-widget_type=\"image.default\">\n\t\t\t\t<div class=\"elementor-widget-container\">\n\t\t\t\t\t\t\t\t\t\t\t\t<figure class=\"wp-caption\">\n\t\t\t\t\t\t\t\t\t\t<img loading=\"lazy\" decoding=\"async\" width=\"533\" height=\"400\" src=\"https:\/\/sitenovo.wingsltda.com.br\/wp-content\/uploads\/2024\/03\/30-07-08_1627-533x400-1-jpg.webp\" class=\"attachment-large size-large wp-image-24197\" alt=\"\" srcset=\"https:\/\/sitenovo.wingsltda.com.br\/wp-content\/uploads\/2024\/03\/30-07-08_1627-533x400-1-jpg.webp 533w, https:\/\/sitenovo.wingsltda.com.br\/wp-content\/uploads\/2024\/03\/30-07-08_1627-533x400-1-150x113.webp 150w, https:\/\/sitenovo.wingsltda.com.br\/wp-content\/uploads\/2024\/03\/30-07-08_1627-533x400-1-16x12.webp 16w, https:\/\/sitenovo.wingsltda.com.br\/wp-content\/uploads\/2024\/03\/30-07-08_1627-533x400-1-510x383.webp 510w\" sizes=\"(max-width: 533px) 100vw, 533px\" \/>\t\t\t\t\t\t\t\t\t\t\t<figcaption class=\"widget-image-caption wp-caption-text\">Instala\u00e7\u00f5es DustControl em uma moega de recebimento pela empresa Wings Ltda<\/figcaption>\n\t\t\t\t\t\t\t\t\t\t<\/figure>\n\t\t\t\t\t\t\t\t\t<\/div>\n\t\t\t\t<\/div>\n\t\t\t\t<\/div>\n\t\t<div class=\"elementor-element elementor-element-3e47ad0 e-con-full e-flex e-con e-child\" data-id=\"3e47ad0\" data-element_type=\"container\" data-e-type=\"container\">\n\t\t\t\t<div class=\"elementor-element elementor-element-41c897c elementor-widget elementor-widget-image\" data-id=\"41c897c\" data-element_type=\"widget\" data-e-type=\"widget\" data-widget_type=\"image.default\">\n\t\t\t\t<div class=\"elementor-widget-container\">\n\t\t\t\t\t\t\t\t\t\t\t\t<figure class=\"wp-caption\">\n\t\t\t\t\t\t\t\t\t\t<img loading=\"lazy\" decoding=\"async\" width=\"533\" height=\"400\" src=\"https:\/\/sitenovo.wingsltda.com.br\/wp-content\/uploads\/2024\/03\/30-07-08_1628-533x400-1-jpg.webp\" class=\"attachment-large size-large wp-image-24198\" alt=\"\" srcset=\"https:\/\/sitenovo.wingsltda.com.br\/wp-content\/uploads\/2024\/03\/30-07-08_1628-533x400-1-jpg.webp 533w, https:\/\/sitenovo.wingsltda.com.br\/wp-content\/uploads\/2024\/03\/30-07-08_1628-533x400-1-150x113.webp 150w, https:\/\/sitenovo.wingsltda.com.br\/wp-content\/uploads\/2024\/03\/30-07-08_1628-533x400-1-16x12.webp 16w, https:\/\/sitenovo.wingsltda.com.br\/wp-content\/uploads\/2024\/03\/30-07-08_1628-533x400-1-510x383.webp 510w\" sizes=\"(max-width: 533px) 100vw, 533px\" \/>\t\t\t\t\t\t\t\t\t\t\t<figcaption class=\"widget-image-caption wp-caption-text\">Instala\u00e7\u00f5es DustControl em uma moega de recebimento pela empresa Wings Ltda<\/figcaption>\n\t\t\t\t\t\t\t\t\t\t<\/figure>\n\t\t\t\t\t\t\t\t\t<\/div>\n\t\t\t\t<\/div>\n\t\t\t\t<\/div>\n\t\t\t\t\t<\/div>\n\t\t\t\t<\/div>\n\t\t\t\t<\/div>\n\t\t","protected":false},"excerpt":{"rendered":"<p>PIF PAF \u2013 PALMEIRAS DE GOI\u00c1S (GO) | DUSTCONTROL MEC\u00c2NICO INSTALA\u00c7\u00d5ES 2008 Em 2008 realizamos a instala\u00e7\u00e3o do sistema DustControl em duas unidades do cliente, uma em Palmeira de Goi\u00e1s e a outra unidade livre de poeira \u00e9 a de Patroc\u00ednio (MG). Reduzir o p\u00f3 ao redor da moega de recebimento \u00e9 vital para ajudar [&hellip;]<\/p>\n","protected":false},"author":1,"featured_media":24195,"parent":55,"menu_order":0,"comment_status":"open","ping_status":"closed","template":"","meta":{"footnotes":""},"class_list":["post-23913","page","type-page","status-publish","has-post-thumbnail","hentry"],"yoast_head":"<!-- This site is optimized with the Yoast SEO plugin v27.3 - https:\/\/yoast.com\/product\/yoast-seo-wordpress\/ -->\n<title>PIF PAF \u2013 PALMEIRAS DE GOI\u00c1S (GO) - Wings Ltda |<\/title>\n<meta name=\"description\" content=\"DUSTCONTROL MEC\u00c2NICO INSTALA\u00c7\u00d5ES 2008Em 2008 realizamos a instala\u00e7\u00e3o do sistema DustControl em duas unidades do cliente, uma em Palmeira de Goi\u00e1s e a outra unidade livre de poeira \u00e9 a de Patroc\u00ednio (MG).\" \/>\n<meta name=\"robots\" content=\"index, follow, max-snippet:-1, max-image-preview:large, max-video-preview:-1\" \/>\n<link rel=\"canonical\" href=\"https:\/\/sitenovo.wingsltda.com.br\/pt\/projetos-clientes-moegas-despoeiramento-meio-ambiente-2\/pif-paf-palmeiras-de-goias-go\/\" \/>\n<meta property=\"og:locale\" content=\"pt_BR\" \/>\n<meta property=\"og:type\" content=\"article\" \/>\n<meta property=\"og:title\" content=\"PIF PAF \u2013 PALMEIRAS DE GOI\u00c1S (GO) - Wings Ltda |\" \/>\n<meta property=\"og:description\" content=\"DUSTCONTROL MEC\u00c2NICO INSTALA\u00c7\u00d5ES 2008Em 2008 realizamos a instala\u00e7\u00e3o do sistema DustControl em duas unidades do cliente, uma em Palmeira de Goi\u00e1s e a outra unidade livre de poeira \u00e9 a de Patroc\u00ednio (MG).\" \/>\n<meta property=\"og:url\" content=\"https:\/\/sitenovo.wingsltda.com.br\/pt\/projetos-clientes-moegas-despoeiramento-meio-ambiente-2\/pif-paf-palmeiras-de-goias-go\/\" \/>\n<meta property=\"og:site_name\" content=\"Wings Ltda |\" \/>\n<meta property=\"article:publisher\" content=\"https:\/\/www.facebook.com\/wingsltda\/\" \/>\n<meta property=\"article:modified_time\" content=\"2024-05-19T18:26:19+00:00\" \/>\n<meta property=\"og:image\" content=\"https:\/\/sitenovo.wingsltda.com.br\/wp-content\/uploads\/2024\/03\/instalacoes-DusControl-PifPaf-Palmeiras-de-Goias-jpg.webp\" \/>\n\t<meta property=\"og:image:width\" content=\"533\" \/>\n\t<meta property=\"og:image:height\" content=\"400\" \/>\n\t<meta property=\"og:image:type\" content=\"image\/jpeg\" \/>\n<meta name=\"twitter:card\" content=\"summary_large_image\" \/>\n<meta name=\"twitter:label1\" content=\"Est. tempo de leitura\" \/>\n\t<meta name=\"twitter:data1\" content=\"1 minuto\" \/>\n<script type=\"application\/ld+json\" class=\"yoast-schema-graph\">{\"@context\":\"https:\\\/\\\/schema.org\",\"@graph\":[{\"@type\":\"WebPage\",\"@id\":\"https:\\\/\\\/sitenovo.wingsltda.com.br\\\/pt\\\/projetos-clientes-moegas-despoeiramento-meio-ambiente-2\\\/pif-paf-palmeiras-de-goias-go\\\/\",\"url\":\"https:\\\/\\\/sitenovo.wingsltda.com.br\\\/pt\\\/projetos-clientes-moegas-despoeiramento-meio-ambiente-2\\\/pif-paf-palmeiras-de-goias-go\\\/\",\"name\":\"PIF PAF \u2013 PALMEIRAS DE GOI\u00c1S (GO) - Wings Ltda |\",\"isPartOf\":{\"@id\":\"https:\\\/\\\/sitenovo.wingsltda.com.br\\\/en\\\/#website\"},\"primaryImageOfPage\":{\"@id\":\"https:\\\/\\\/sitenovo.wingsltda.com.br\\\/pt\\\/projetos-clientes-moegas-despoeiramento-meio-ambiente-2\\\/pif-paf-palmeiras-de-goias-go\\\/#primaryimage\"},\"image\":{\"@id\":\"https:\\\/\\\/sitenovo.wingsltda.com.br\\\/pt\\\/projetos-clientes-moegas-despoeiramento-meio-ambiente-2\\\/pif-paf-palmeiras-de-goias-go\\\/#primaryimage\"},\"thumbnailUrl\":\"https:\\\/\\\/sitenovo.wingsltda.com.br\\\/wp-content\\\/uploads\\\/2024\\\/03\\\/instalacoes-DusControl-PifPaf-Palmeiras-de-Goias-jpg.webp\",\"datePublished\":\"2024-03-05T16:35:08+00:00\",\"dateModified\":\"2024-05-19T18:26:19+00:00\",\"description\":\"DUSTCONTROL MEC\u00c2NICO INSTALA\u00c7\u00d5ES 2008Em 2008 realizamos a instala\u00e7\u00e3o do sistema DustControl em duas unidades do cliente, uma em Palmeira de Goi\u00e1s e a outra unidade livre de poeira \u00e9 a de Patroc\u00ednio (MG).\",\"breadcrumb\":{\"@id\":\"https:\\\/\\\/sitenovo.wingsltda.com.br\\\/pt\\\/projetos-clientes-moegas-despoeiramento-meio-ambiente-2\\\/pif-paf-palmeiras-de-goias-go\\\/#breadcrumb\"},\"inLanguage\":\"pt-BR\",\"potentialAction\":[{\"@type\":\"ReadAction\",\"target\":[\"https:\\\/\\\/sitenovo.wingsltda.com.br\\\/pt\\\/projetos-clientes-moegas-despoeiramento-meio-ambiente-2\\\/pif-paf-palmeiras-de-goias-go\\\/\"]}]},{\"@type\":\"ImageObject\",\"inLanguage\":\"pt-BR\",\"@id\":\"https:\\\/\\\/sitenovo.wingsltda.com.br\\\/pt\\\/projetos-clientes-moegas-despoeiramento-meio-ambiente-2\\\/pif-paf-palmeiras-de-goias-go\\\/#primaryimage\",\"url\":\"https:\\\/\\\/sitenovo.wingsltda.com.br\\\/wp-content\\\/uploads\\\/2024\\\/03\\\/instalacoes-DusControl-PifPaf-Palmeiras-de-Goias-jpg.webp\",\"contentUrl\":\"https:\\\/\\\/sitenovo.wingsltda.com.br\\\/wp-content\\\/uploads\\\/2024\\\/03\\\/instalacoes-DusControl-PifPaf-Palmeiras-de-Goias-jpg.webp\",\"width\":533,\"height\":400},{\"@type\":\"BreadcrumbList\",\"@id\":\"https:\\\/\\\/sitenovo.wingsltda.com.br\\\/pt\\\/projetos-clientes-moegas-despoeiramento-meio-ambiente-2\\\/pif-paf-palmeiras-de-goias-go\\\/#breadcrumb\",\"itemListElement\":[{\"@type\":\"ListItem\",\"position\":1,\"name\":\"In\u00edcio\",\"item\":\"https:\\\/\\\/sitenovo.wingsltda.com.br\\\/\"},{\"@type\":\"ListItem\",\"position\":2,\"name\":\"Conhe\u00e7a Alguns dos nossos Projetos\",\"item\":\"https:\\\/\\\/sitenovo.wingsltda.com.br\\\/pt\\\/projetos-clientes-moegas-despoeiramento-meio-ambiente-2\\\/\"},{\"@type\":\"ListItem\",\"position\":3,\"name\":\"PIF PAF \u2013 PALMEIRAS DE GOI\u00c1S (GO)\"}]},{\"@type\":\"WebSite\",\"@id\":\"https:\\\/\\\/sitenovo.wingsltda.com.br\\\/en\\\/#website\",\"url\":\"https:\\\/\\\/sitenovo.wingsltda.com.br\\\/en\\\/\",\"name\":\"Wings Ltda |\",\"description\":\"Transformando sua opera\u00e7\u00e3o no agro.\",\"publisher\":{\"@id\":\"https:\\\/\\\/sitenovo.wingsltda.com.br\\\/en\\\/#organization\"},\"potentialAction\":[{\"@type\":\"SearchAction\",\"target\":{\"@type\":\"EntryPoint\",\"urlTemplate\":\"https:\\\/\\\/sitenovo.wingsltda.com.br\\\/en\\\/?s={search_term_string}\"},\"query-input\":{\"@type\":\"PropertyValueSpecification\",\"valueRequired\":true,\"valueName\":\"search_term_string\"}}],\"inLanguage\":\"pt-BR\"},{\"@type\":\"Organization\",\"@id\":\"https:\\\/\\\/sitenovo.wingsltda.com.br\\\/en\\\/#organization\",\"name\":\"Wings Ltda\",\"url\":\"https:\\\/\\\/sitenovo.wingsltda.com.br\\\/en\\\/\",\"logo\":{\"@type\":\"ImageObject\",\"inLanguage\":\"pt-BR\",\"@id\":\"https:\\\/\\\/sitenovo.wingsltda.com.br\\\/en\\\/#\\\/schema\\\/logo\\\/image\\\/\",\"url\":\"https:\\\/\\\/sitenovo.wingsltda.com.br\\\/wp-content\\\/uploads\\\/2024\\\/03\\\/Wings-Logo-Novo-DustControl.png\",\"contentUrl\":\"https:\\\/\\\/sitenovo.wingsltda.com.br\\\/wp-content\\\/uploads\\\/2024\\\/03\\\/Wings-Logo-Novo-DustControl.png\",\"width\":1090,\"height\":410,\"caption\":\"Wings Ltda\"},\"image\":{\"@id\":\"https:\\\/\\\/sitenovo.wingsltda.com.br\\\/en\\\/#\\\/schema\\\/logo\\\/image\\\/\"},\"sameAs\":[\"https:\\\/\\\/www.facebook.com\\\/wingsltda\\\/\",\"https:\\\/\\\/www.linkedin.com\\\/company\\\/wingsltda\\\/\",\"https:\\\/\\\/www.youtube.com\\\/channel\\\/UC2XSL5EljSgDh-pwalcPLLA\"]}]}<\/script>\n<!-- \/ Yoast SEO plugin. -->","yoast_head_json":{"title":"PIF PAF \u2013 PALMEIRAS DE GOI\u00c1S (GO) - Wings Ltda |","description":"DUSTCONTROL MEC\u00c2NICO INSTALA\u00c7\u00d5ES 2008Em 2008 realizamos a instala\u00e7\u00e3o do sistema DustControl em duas unidades do cliente, uma em Palmeira de Goi\u00e1s e a outra unidade livre de poeira \u00e9 a de Patroc\u00ednio (MG).","robots":{"index":"index","follow":"follow","max-snippet":"max-snippet:-1","max-image-preview":"max-image-preview:large","max-video-preview":"max-video-preview:-1"},"canonical":"https:\/\/sitenovo.wingsltda.com.br\/pt\/projetos-clientes-moegas-despoeiramento-meio-ambiente-2\/pif-paf-palmeiras-de-goias-go\/","og_locale":"pt_BR","og_type":"article","og_title":"PIF PAF \u2013 PALMEIRAS DE GOI\u00c1S (GO) - Wings Ltda |","og_description":"DUSTCONTROL MEC\u00c2NICO INSTALA\u00c7\u00d5ES 2008Em 2008 realizamos a instala\u00e7\u00e3o do sistema DustControl em duas unidades do cliente, uma em Palmeira de Goi\u00e1s e a outra unidade livre de poeira \u00e9 a de Patroc\u00ednio (MG).","og_url":"https:\/\/sitenovo.wingsltda.com.br\/pt\/projetos-clientes-moegas-despoeiramento-meio-ambiente-2\/pif-paf-palmeiras-de-goias-go\/","og_site_name":"Wings Ltda |","article_publisher":"https:\/\/www.facebook.com\/wingsltda\/","article_modified_time":"2024-05-19T18:26:19+00:00","og_image":[{"width":533,"height":400,"url":"https:\/\/sitenovo.wingsltda.com.br\/wp-content\/uploads\/2024\/03\/instalacoes-DusControl-PifPaf-Palmeiras-de-Goias-jpg.webp","type":"image\/jpeg"}],"twitter_card":"summary_large_image","twitter_misc":{"Est. tempo de leitura":"1 minuto"},"schema":{"@context":"https:\/\/schema.org","@graph":[{"@type":"WebPage","@id":"https:\/\/sitenovo.wingsltda.com.br\/pt\/projetos-clientes-moegas-despoeiramento-meio-ambiente-2\/pif-paf-palmeiras-de-goias-go\/","url":"https:\/\/sitenovo.wingsltda.com.br\/pt\/projetos-clientes-moegas-despoeiramento-meio-ambiente-2\/pif-paf-palmeiras-de-goias-go\/","name":"PIF PAF \u2013 PALMEIRAS DE GOI\u00c1S (GO) - Wings Ltda |","isPartOf":{"@id":"https:\/\/sitenovo.wingsltda.com.br\/en\/#website"},"primaryImageOfPage":{"@id":"https:\/\/sitenovo.wingsltda.com.br\/pt\/projetos-clientes-moegas-despoeiramento-meio-ambiente-2\/pif-paf-palmeiras-de-goias-go\/#primaryimage"},"image":{"@id":"https:\/\/sitenovo.wingsltda.com.br\/pt\/projetos-clientes-moegas-despoeiramento-meio-ambiente-2\/pif-paf-palmeiras-de-goias-go\/#primaryimage"},"thumbnailUrl":"https:\/\/sitenovo.wingsltda.com.br\/wp-content\/uploads\/2024\/03\/instalacoes-DusControl-PifPaf-Palmeiras-de-Goias-jpg.webp","datePublished":"2024-03-05T16:35:08+00:00","dateModified":"2024-05-19T18:26:19+00:00","description":"DUSTCONTROL MEC\u00c2NICO INSTALA\u00c7\u00d5ES 2008Em 2008 realizamos a instala\u00e7\u00e3o do sistema DustControl em duas unidades do cliente, uma em Palmeira de Goi\u00e1s e a outra unidade livre de poeira \u00e9 a de Patroc\u00ednio (MG).","breadcrumb":{"@id":"https:\/\/sitenovo.wingsltda.com.br\/pt\/projetos-clientes-moegas-despoeiramento-meio-ambiente-2\/pif-paf-palmeiras-de-goias-go\/#breadcrumb"},"inLanguage":"pt-BR","potentialAction":[{"@type":"ReadAction","target":["https:\/\/sitenovo.wingsltda.com.br\/pt\/projetos-clientes-moegas-despoeiramento-meio-ambiente-2\/pif-paf-palmeiras-de-goias-go\/"]}]},{"@type":"ImageObject","inLanguage":"pt-BR","@id":"https:\/\/sitenovo.wingsltda.com.br\/pt\/projetos-clientes-moegas-despoeiramento-meio-ambiente-2\/pif-paf-palmeiras-de-goias-go\/#primaryimage","url":"https:\/\/sitenovo.wingsltda.com.br\/wp-content\/uploads\/2024\/03\/instalacoes-DusControl-PifPaf-Palmeiras-de-Goias-jpg.webp","contentUrl":"https:\/\/sitenovo.wingsltda.com.br\/wp-content\/uploads\/2024\/03\/instalacoes-DusControl-PifPaf-Palmeiras-de-Goias-jpg.webp","width":533,"height":400},{"@type":"BreadcrumbList","@id":"https:\/\/sitenovo.wingsltda.com.br\/pt\/projetos-clientes-moegas-despoeiramento-meio-ambiente-2\/pif-paf-palmeiras-de-goias-go\/#breadcrumb","itemListElement":[{"@type":"ListItem","position":1,"name":"In\u00edcio","item":"https:\/\/sitenovo.wingsltda.com.br\/"},{"@type":"ListItem","position":2,"name":"Conhe\u00e7a Alguns dos nossos Projetos","item":"https:\/\/sitenovo.wingsltda.com.br\/pt\/projetos-clientes-moegas-despoeiramento-meio-ambiente-2\/"},{"@type":"ListItem","position":3,"name":"PIF PAF \u2013 PALMEIRAS DE GOI\u00c1S (GO)"}]},{"@type":"WebSite","@id":"https:\/\/sitenovo.wingsltda.com.br\/en\/#website","url":"https:\/\/sitenovo.wingsltda.com.br\/en\/","name":"Wings Ltda |","description":"Transformando sua opera\u00e7\u00e3o no agro.","publisher":{"@id":"https:\/\/sitenovo.wingsltda.com.br\/en\/#organization"},"potentialAction":[{"@type":"SearchAction","target":{"@type":"EntryPoint","urlTemplate":"https:\/\/sitenovo.wingsltda.com.br\/en\/?s={search_term_string}"},"query-input":{"@type":"PropertyValueSpecification","valueRequired":true,"valueName":"search_term_string"}}],"inLanguage":"pt-BR"},{"@type":"Organization","@id":"https:\/\/sitenovo.wingsltda.com.br\/en\/#organization","name":"Wings Ltda","url":"https:\/\/sitenovo.wingsltda.com.br\/en\/","logo":{"@type":"ImageObject","inLanguage":"pt-BR","@id":"https:\/\/sitenovo.wingsltda.com.br\/en\/#\/schema\/logo\/image\/","url":"https:\/\/sitenovo.wingsltda.com.br\/wp-content\/uploads\/2024\/03\/Wings-Logo-Novo-DustControl.png","contentUrl":"https:\/\/sitenovo.wingsltda.com.br\/wp-content\/uploads\/2024\/03\/Wings-Logo-Novo-DustControl.png","width":1090,"height":410,"caption":"Wings Ltda"},"image":{"@id":"https:\/\/sitenovo.wingsltda.com.br\/en\/#\/schema\/logo\/image\/"},"sameAs":["https:\/\/www.facebook.com\/wingsltda\/","https:\/\/www.linkedin.com\/company\/wingsltda\/","https:\/\/www.youtube.com\/channel\/UC2XSL5EljSgDh-pwalcPLLA"]}]}},"_links":{"self":[{"href":"https:\/\/sitenovo.wingsltda.com.br\/pt\/wp-json\/wp\/v2\/pages\/23913","targetHints":{"allow":["GET"]}}],"collection":[{"href":"https:\/\/sitenovo.wingsltda.com.br\/pt\/wp-json\/wp\/v2\/pages"}],"about":[{"href":"https:\/\/sitenovo.wingsltda.com.br\/pt\/wp-json\/wp\/v2\/types\/page"}],"author":[{"embeddable":true,"href":"https:\/\/sitenovo.wingsltda.com.br\/pt\/wp-json\/wp\/v2\/users\/1"}],"replies":[{"embeddable":true,"href":"https:\/\/sitenovo.wingsltda.com.br\/pt\/wp-json\/wp\/v2\/comments?post=23913"}],"version-history":[{"count":9,"href":"https:\/\/sitenovo.wingsltda.com.br\/pt\/wp-json\/wp\/v2\/pages\/23913\/revisions"}],"predecessor-version":[{"id":24977,"href":"https:\/\/sitenovo.wingsltda.com.br\/pt\/wp-json\/wp\/v2\/pages\/23913\/revisions\/24977"}],"up":[{"embeddable":true,"href":"https:\/\/sitenovo.wingsltda.com.br\/pt\/wp-json\/wp\/v2\/pages\/55"}],"wp:featuredmedia":[{"embeddable":true,"href":"https:\/\/sitenovo.wingsltda.com.br\/pt\/wp-json\/wp\/v2\/media\/24195"}],"wp:attachment":[{"href":"https:\/\/sitenovo.wingsltda.com.br\/pt\/wp-json\/wp\/v2\/media?parent=23913"}],"curies":[{"name":"wp","href":"https:\/\/api.w.org\/{rel}","templated":true}]}}