{"id":23918,"date":"2024-03-05T13:45:39","date_gmt":"2024-03-05T16:45:39","guid":{"rendered":"https:\/\/sitenovo.wingsltda.com.br\/?page_id=23918"},"modified":"2024-05-19T15:37:59","modified_gmt":"2024-05-19T18:37:59","slug":"adram-s-a-industria-e-comercio-faxinal-pr","status":"publish","type":"page","link":"https:\/\/sitenovo.wingsltda.com.br\/pt\/projetos-clientes-moegas-despoeiramento-meio-ambiente-2\/adram-s-a-industria-e-comercio-faxinal-pr\/","title":{"rendered":"ADRAM S.A. IND\u00daSTRIA E COM\u00c9RCIO \u2013 FAXINAL (PR)"},"content":{"rendered":"\t\t<div data-elementor-type=\"wp-page\" data-elementor-id=\"23918\" class=\"elementor elementor-23918\">\n\t\t\t\t<div class=\"elementor-element elementor-element-7324c1c e-flex e-con-boxed e-con e-parent\" data-id=\"7324c1c\" data-element_type=\"container\" data-e-type=\"container\">\n\t\t\t\t\t<div class=\"e-con-inner\">\n\t\t<div class=\"elementor-element elementor-element-15bbc8e e-con-full e-flex e-con e-child\" data-id=\"15bbc8e\" data-element_type=\"container\" data-e-type=\"container\">\n\t\t\t\t<div class=\"elementor-element elementor-element-e85d093 elementor-widget elementor-widget-heading\" data-id=\"e85d093\" data-element_type=\"widget\" data-e-type=\"widget\" data-widget_type=\"heading.default\">\n\t\t\t\t<div class=\"elementor-widget-container\">\n\t\t\t\t\t<h2 class=\"elementor-heading-title elementor-size-default\">ADRAM S.A. IND\u00daSTRIA E COM\u00c9RCIO \u2013 FAXINAL (PR) | DUSTCONTROL MEC\u00c2NICO INSTALA\u00c7\u00c3O 2014<\/h2>\t\t\t\t<\/div>\n\t\t\t\t<\/div>\n\t\t\t\t<div class=\"elementor-element elementor-element-ab667ab elementor-widget elementor-widget-image\" data-id=\"ab667ab\" data-element_type=\"widget\" data-e-type=\"widget\" data-widget_type=\"image.default\">\n\t\t\t\t<div class=\"elementor-widget-container\">\n\t\t\t\t\t\t\t\t\t\t\t\t\t\t\t\t<a href=\"https:\/\/www.adram.com.br\/institucional\/\" target=\"_blank\">\n\t\t\t\t\t\t\t<img decoding=\"async\" width=\"260\" height=\"120\" src=\"https:\/\/sitenovo.wingsltda.com.br\/wp-content\/uploads\/2024\/02\/adram-jpg.webp\" class=\"attachment-large size-large wp-image-24029\" alt=\"\" srcset=\"https:\/\/sitenovo.wingsltda.com.br\/wp-content\/uploads\/2024\/02\/adram-jpg.webp 260w, https:\/\/sitenovo.wingsltda.com.br\/wp-content\/uploads\/2024\/02\/adram-150x69.webp 150w, https:\/\/sitenovo.wingsltda.com.br\/wp-content\/uploads\/2024\/02\/adram-18x8.webp 18w\" sizes=\"(max-width: 260px) 100vw, 260px\" \/>\t\t\t\t\t\t\t\t<\/a>\n\t\t\t\t\t\t\t\t\t\t\t\t\t\t\t<\/div>\n\t\t\t\t<\/div>\n\t\t\t\t<\/div>\n\t\t<div class=\"elementor-element elementor-element-e186ed0 e-con-full e-flex e-con e-child\" data-id=\"e186ed0\" data-element_type=\"container\" data-e-type=\"container\">\n\t\t\t\t<div class=\"elementor-element elementor-element-8575c7d elementor-widget elementor-widget-text-editor\" data-id=\"8575c7d\" data-element_type=\"widget\" data-e-type=\"widget\" data-widget_type=\"text-editor.default\">\n\t\t\t\t<div class=\"elementor-widget-container\">\n\t\t\t\t\t\t\t\t\t<p style=\"text-align: justify;\"><em>Cliente que opera h\u00e1 mais de 40 anos com flocos de milho, alimentando milhares de fam\u00edlias. Resolvemos definitivamente com o problema da poeira dispersa no momento do recebimento dos gr\u00e3os.<\/em><\/p>\t\t\t\t\t\t\t\t<\/div>\n\t\t\t\t<\/div>\n\t\t\t\t<\/div>\n\t\t\t\t\t<\/div>\n\t\t\t\t<\/div>\n\t\t<div class=\"elementor-element elementor-element-c77e77a e-flex e-con-boxed e-con e-parent\" data-id=\"c77e77a\" data-element_type=\"container\" data-e-type=\"container\">\n\t\t\t\t\t<div class=\"e-con-inner\">\n\t\t<div class=\"elementor-element elementor-element-e38a25d e-con-full e-flex e-con e-child\" data-id=\"e38a25d\" data-element_type=\"container\" data-e-type=\"container\">\n\t\t\t\t<div class=\"elementor-element elementor-element-5c9fdff elementor-widget elementor-widget-image\" data-id=\"5c9fdff\" data-element_type=\"widget\" data-e-type=\"widget\" data-widget_type=\"image.default\">\n\t\t\t\t<div class=\"elementor-widget-container\">\n\t\t\t\t\t\t\t\t\t\t\t\t\t\t\t<img fetchpriority=\"high\" decoding=\"async\" width=\"800\" height=\"369\" src=\"https:\/\/sitenovo.wingsltda.com.br\/wp-content\/uploads\/2024\/03\/adram1.png\" class=\"attachment-large size-large wp-image-24225\" alt=\"\" srcset=\"https:\/\/sitenovo.wingsltda.com.br\/wp-content\/uploads\/2024\/03\/adram1.png 938w, https:\/\/sitenovo.wingsltda.com.br\/wp-content\/uploads\/2024\/03\/adram1-800x369.png 800w, https:\/\/sitenovo.wingsltda.com.br\/wp-content\/uploads\/2024\/03\/adram1-150x69.png 150w, https:\/\/sitenovo.wingsltda.com.br\/wp-content\/uploads\/2024\/03\/adram1-768x355.png 768w, https:\/\/sitenovo.wingsltda.com.br\/wp-content\/uploads\/2024\/03\/adram1-18x8.png 18w, https:\/\/sitenovo.wingsltda.com.br\/wp-content\/uploads\/2024\/03\/adram1-510x235.png 510w\" sizes=\"(max-width: 800px) 100vw, 800px\" \/>\t\t\t\t\t\t\t\t\t\t\t\t\t\t\t<\/div>\n\t\t\t\t<\/div>\n\t\t\t\t<\/div>\n\t\t<div class=\"elementor-element elementor-element-eafa079 e-con-full e-flex e-con e-child\" data-id=\"eafa079\" data-element_type=\"container\" data-e-type=\"container\">\n\t\t\t\t<div class=\"elementor-element elementor-element-0772bb9 elementor-widget elementor-widget-text-editor\" data-id=\"0772bb9\" data-element_type=\"widget\" data-e-type=\"widget\" data-widget_type=\"text-editor.default\">\n\t\t\t\t<div class=\"elementor-widget-container\">\n\t\t\t\t\t\t\t\t\t<p style=\"text-align: justify;\">Este nosso cliente est\u00e1 h\u00e1 mais de 40 anos no mercado e presente nas mesas das fam\u00edlias brasileiras. Por se tratar de uma empresa com tradi\u00e7\u00e3o e compromisso, sempre com muito respeito n\u00e3o s\u00f3 ao nosso consumidor, como tamb\u00e9m aos seus colaboradores. Optou por trazer mais sa\u00fade e bem estar para suas moegas, instalando nosso sistema de controle de poeiras no momento da descarga de gr\u00e3os, o DustControl. Desta forma, todos os envolvidos em suas moegas, inclusive os vizinhos, podem conviver de maneira saud\u00e1vel e agrad\u00e1vel.<\/p>\n<p style=\"text-align: justify;\">O\u00a0DustControl\u00a0n\u00e3o \u00e9 um sistema flaps.\u00a0 O\u00a0DustControl\u00a0\u00e9 composto por m\u00f3dulos que cobrem toda a moega abaixo da grade. Esses m\u00f3dulos t\u00eam 40 a 50 cm de profundidade e bicas que reduzem ligeiramente a velocidade do produto que entra na moega, mantendo as bicas cheias de produto para que o ar deslocado da moega passe pela coluna de produto nas bicas. Durante a passagem pelo m\u00f3dulo, o ar carregado de p\u00f3 perde velocidade e n\u00e3o \u00e9 mais capaz de carregar a poeira, que permanece junto com o produto. O ar sai limpo do m\u00f3dulo.<\/p>\t\t\t\t\t\t\t\t<\/div>\n\t\t\t\t<\/div>\n\t\t\t\t<\/div>\n\t\t\t\t\t<\/div>\n\t\t\t\t<\/div>\n\t\t\t\t<\/div>\n\t\t","protected":false},"excerpt":{"rendered":"<p>ADRAM S.A. IND\u00daSTRIA E COM\u00c9RCIO \u2013 FAXINAL (PR) | DUSTCONTROL MEC\u00c2NICO INSTALA\u00c7\u00c3O 2014 Cliente que opera h\u00e1 mais de 40 anos com flocos de milho, alimentando milhares de fam\u00edlias. Resolvemos definitivamente com o problema da poeira dispersa no momento do recebimento dos gr\u00e3os. Este nosso cliente est\u00e1 h\u00e1 mais de 40 anos no mercado e [&hellip;]<\/p>\n","protected":false},"author":1,"featured_media":24225,"parent":55,"menu_order":0,"comment_status":"open","ping_status":"closed","template":"","meta":{"footnotes":""},"class_list":["post-23918","page","type-page","status-publish","has-post-thumbnail","hentry"],"yoast_head":"<!-- This site is optimized with the Yoast SEO plugin v27.3 - https:\/\/yoast.com\/product\/yoast-seo-wordpress\/ -->\n<title>ADRAM S.A. IND\u00daSTRIA E COM\u00c9RCIO \u2013 FAXINAL (PR) - Wings Ltda |<\/title>\n<meta name=\"description\" content=\"Cliente que opera h\u00e1 mais de 40 anos com flocos de milho, alimentando milhares de fam\u00edlias. Resolvemos definitivamente com o problema da poeira dispersa no momento do recebimento dos gr\u00e3os.\" \/>\n<meta name=\"robots\" content=\"index, follow, max-snippet:-1, max-image-preview:large, max-video-preview:-1\" \/>\n<link rel=\"canonical\" href=\"https:\/\/sitenovo.wingsltda.com.br\/pt\/projetos-clientes-moegas-despoeiramento-meio-ambiente-2\/adram-s-a-industria-e-comercio-faxinal-pr\/\" \/>\n<meta property=\"og:locale\" content=\"pt_BR\" \/>\n<meta property=\"og:type\" content=\"article\" \/>\n<meta property=\"og:title\" content=\"ADRAM S.A. IND\u00daSTRIA E COM\u00c9RCIO \u2013 FAXINAL (PR) - Wings Ltda |\" \/>\n<meta property=\"og:description\" content=\"Cliente que opera h\u00e1 mais de 40 anos com flocos de milho, alimentando milhares de fam\u00edlias. Resolvemos definitivamente com o problema da poeira dispersa no momento do recebimento dos gr\u00e3os.\" \/>\n<meta property=\"og:url\" content=\"https:\/\/sitenovo.wingsltda.com.br\/pt\/projetos-clientes-moegas-despoeiramento-meio-ambiente-2\/adram-s-a-industria-e-comercio-faxinal-pr\/\" \/>\n<meta property=\"og:site_name\" content=\"Wings Ltda |\" \/>\n<meta property=\"article:publisher\" content=\"https:\/\/www.facebook.com\/wingsltda\/\" \/>\n<meta property=\"article:modified_time\" content=\"2024-05-19T18:37:59+00:00\" \/>\n<meta property=\"og:image\" content=\"https:\/\/sitenovo.wingsltda.com.br\/wp-content\/uploads\/2024\/03\/adram1.png\" \/>\n\t<meta property=\"og:image:width\" content=\"938\" \/>\n\t<meta property=\"og:image:height\" content=\"433\" \/>\n\t<meta property=\"og:image:type\" content=\"image\/png\" \/>\n<meta name=\"twitter:card\" content=\"summary_large_image\" \/>\n<meta name=\"twitter:label1\" content=\"Est. tempo de leitura\" \/>\n\t<meta name=\"twitter:data1\" content=\"1 minuto\" \/>\n<script type=\"application\/ld+json\" class=\"yoast-schema-graph\">{\"@context\":\"https:\\\/\\\/schema.org\",\"@graph\":[{\"@type\":\"WebPage\",\"@id\":\"https:\\\/\\\/sitenovo.wingsltda.com.br\\\/pt\\\/projetos-clientes-moegas-despoeiramento-meio-ambiente-2\\\/adram-s-a-industria-e-comercio-faxinal-pr\\\/\",\"url\":\"https:\\\/\\\/sitenovo.wingsltda.com.br\\\/pt\\\/projetos-clientes-moegas-despoeiramento-meio-ambiente-2\\\/adram-s-a-industria-e-comercio-faxinal-pr\\\/\",\"name\":\"ADRAM S.A. IND\u00daSTRIA E COM\u00c9RCIO \u2013 FAXINAL (PR) - Wings Ltda |\",\"isPartOf\":{\"@id\":\"https:\\\/\\\/sitenovo.wingsltda.com.br\\\/en\\\/#website\"},\"primaryImageOfPage\":{\"@id\":\"https:\\\/\\\/sitenovo.wingsltda.com.br\\\/pt\\\/projetos-clientes-moegas-despoeiramento-meio-ambiente-2\\\/adram-s-a-industria-e-comercio-faxinal-pr\\\/#primaryimage\"},\"image\":{\"@id\":\"https:\\\/\\\/sitenovo.wingsltda.com.br\\\/pt\\\/projetos-clientes-moegas-despoeiramento-meio-ambiente-2\\\/adram-s-a-industria-e-comercio-faxinal-pr\\\/#primaryimage\"},\"thumbnailUrl\":\"https:\\\/\\\/sitenovo.wingsltda.com.br\\\/wp-content\\\/uploads\\\/2024\\\/03\\\/adram1.png\",\"datePublished\":\"2024-03-05T16:45:39+00:00\",\"dateModified\":\"2024-05-19T18:37:59+00:00\",\"description\":\"Cliente que opera h\u00e1 mais de 40 anos com flocos de milho, alimentando milhares de fam\u00edlias. Resolvemos definitivamente com o problema da poeira dispersa no momento do recebimento dos gr\u00e3os.\",\"breadcrumb\":{\"@id\":\"https:\\\/\\\/sitenovo.wingsltda.com.br\\\/pt\\\/projetos-clientes-moegas-despoeiramento-meio-ambiente-2\\\/adram-s-a-industria-e-comercio-faxinal-pr\\\/#breadcrumb\"},\"inLanguage\":\"pt-BR\",\"potentialAction\":[{\"@type\":\"ReadAction\",\"target\":[\"https:\\\/\\\/sitenovo.wingsltda.com.br\\\/pt\\\/projetos-clientes-moegas-despoeiramento-meio-ambiente-2\\\/adram-s-a-industria-e-comercio-faxinal-pr\\\/\"]}]},{\"@type\":\"ImageObject\",\"inLanguage\":\"pt-BR\",\"@id\":\"https:\\\/\\\/sitenovo.wingsltda.com.br\\\/pt\\\/projetos-clientes-moegas-despoeiramento-meio-ambiente-2\\\/adram-s-a-industria-e-comercio-faxinal-pr\\\/#primaryimage\",\"url\":\"https:\\\/\\\/sitenovo.wingsltda.com.br\\\/wp-content\\\/uploads\\\/2024\\\/03\\\/adram1.png\",\"contentUrl\":\"https:\\\/\\\/sitenovo.wingsltda.com.br\\\/wp-content\\\/uploads\\\/2024\\\/03\\\/adram1.png\",\"width\":938,\"height\":433},{\"@type\":\"BreadcrumbList\",\"@id\":\"https:\\\/\\\/sitenovo.wingsltda.com.br\\\/pt\\\/projetos-clientes-moegas-despoeiramento-meio-ambiente-2\\\/adram-s-a-industria-e-comercio-faxinal-pr\\\/#breadcrumb\",\"itemListElement\":[{\"@type\":\"ListItem\",\"position\":1,\"name\":\"In\u00edcio\",\"item\":\"https:\\\/\\\/sitenovo.wingsltda.com.br\\\/\"},{\"@type\":\"ListItem\",\"position\":2,\"name\":\"Conhe\u00e7a Alguns dos nossos Projetos\",\"item\":\"https:\\\/\\\/sitenovo.wingsltda.com.br\\\/pt\\\/projetos-clientes-moegas-despoeiramento-meio-ambiente-2\\\/\"},{\"@type\":\"ListItem\",\"position\":3,\"name\":\"ADRAM S.A. IND\u00daSTRIA E COM\u00c9RCIO \u2013 FAXINAL (PR)\"}]},{\"@type\":\"WebSite\",\"@id\":\"https:\\\/\\\/sitenovo.wingsltda.com.br\\\/en\\\/#website\",\"url\":\"https:\\\/\\\/sitenovo.wingsltda.com.br\\\/en\\\/\",\"name\":\"Wings Ltda |\",\"description\":\"Transformando sua opera\u00e7\u00e3o no agro.\",\"publisher\":{\"@id\":\"https:\\\/\\\/sitenovo.wingsltda.com.br\\\/en\\\/#organization\"},\"potentialAction\":[{\"@type\":\"SearchAction\",\"target\":{\"@type\":\"EntryPoint\",\"urlTemplate\":\"https:\\\/\\\/sitenovo.wingsltda.com.br\\\/en\\\/?s={search_term_string}\"},\"query-input\":{\"@type\":\"PropertyValueSpecification\",\"valueRequired\":true,\"valueName\":\"search_term_string\"}}],\"inLanguage\":\"pt-BR\"},{\"@type\":\"Organization\",\"@id\":\"https:\\\/\\\/sitenovo.wingsltda.com.br\\\/en\\\/#organization\",\"name\":\"Wings Ltda\",\"url\":\"https:\\\/\\\/sitenovo.wingsltda.com.br\\\/en\\\/\",\"logo\":{\"@type\":\"ImageObject\",\"inLanguage\":\"pt-BR\",\"@id\":\"https:\\\/\\\/sitenovo.wingsltda.com.br\\\/en\\\/#\\\/schema\\\/logo\\\/image\\\/\",\"url\":\"https:\\\/\\\/sitenovo.wingsltda.com.br\\\/wp-content\\\/uploads\\\/2024\\\/03\\\/Wings-Logo-Novo-DustControl.png\",\"contentUrl\":\"https:\\\/\\\/sitenovo.wingsltda.com.br\\\/wp-content\\\/uploads\\\/2024\\\/03\\\/Wings-Logo-Novo-DustControl.png\",\"width\":1090,\"height\":410,\"caption\":\"Wings Ltda\"},\"image\":{\"@id\":\"https:\\\/\\\/sitenovo.wingsltda.com.br\\\/en\\\/#\\\/schema\\\/logo\\\/image\\\/\"},\"sameAs\":[\"https:\\\/\\\/www.facebook.com\\\/wingsltda\\\/\",\"https:\\\/\\\/www.linkedin.com\\\/company\\\/wingsltda\\\/\",\"https:\\\/\\\/www.youtube.com\\\/channel\\\/UC2XSL5EljSgDh-pwalcPLLA\"]}]}<\/script>\n<!-- \/ Yoast SEO plugin. -->","yoast_head_json":{"title":"ADRAM S.A. IND\u00daSTRIA E COM\u00c9RCIO \u2013 FAXINAL (PR) - Wings Ltda |","description":"Cliente que opera h\u00e1 mais de 40 anos com flocos de milho, alimentando milhares de fam\u00edlias. Resolvemos definitivamente com o problema da poeira dispersa no momento do recebimento dos gr\u00e3os.","robots":{"index":"index","follow":"follow","max-snippet":"max-snippet:-1","max-image-preview":"max-image-preview:large","max-video-preview":"max-video-preview:-1"},"canonical":"https:\/\/sitenovo.wingsltda.com.br\/pt\/projetos-clientes-moegas-despoeiramento-meio-ambiente-2\/adram-s-a-industria-e-comercio-faxinal-pr\/","og_locale":"pt_BR","og_type":"article","og_title":"ADRAM S.A. IND\u00daSTRIA E COM\u00c9RCIO \u2013 FAXINAL (PR) - Wings Ltda |","og_description":"Cliente que opera h\u00e1 mais de 40 anos com flocos de milho, alimentando milhares de fam\u00edlias. Resolvemos definitivamente com o problema da poeira dispersa no momento do recebimento dos gr\u00e3os.","og_url":"https:\/\/sitenovo.wingsltda.com.br\/pt\/projetos-clientes-moegas-despoeiramento-meio-ambiente-2\/adram-s-a-industria-e-comercio-faxinal-pr\/","og_site_name":"Wings Ltda |","article_publisher":"https:\/\/www.facebook.com\/wingsltda\/","article_modified_time":"2024-05-19T18:37:59+00:00","og_image":[{"width":938,"height":433,"url":"https:\/\/sitenovo.wingsltda.com.br\/wp-content\/uploads\/2024\/03\/adram1.png","type":"image\/png"}],"twitter_card":"summary_large_image","twitter_misc":{"Est. tempo de leitura":"1 minuto"},"schema":{"@context":"https:\/\/schema.org","@graph":[{"@type":"WebPage","@id":"https:\/\/sitenovo.wingsltda.com.br\/pt\/projetos-clientes-moegas-despoeiramento-meio-ambiente-2\/adram-s-a-industria-e-comercio-faxinal-pr\/","url":"https:\/\/sitenovo.wingsltda.com.br\/pt\/projetos-clientes-moegas-despoeiramento-meio-ambiente-2\/adram-s-a-industria-e-comercio-faxinal-pr\/","name":"ADRAM S.A. IND\u00daSTRIA E COM\u00c9RCIO \u2013 FAXINAL (PR) - Wings Ltda |","isPartOf":{"@id":"https:\/\/sitenovo.wingsltda.com.br\/en\/#website"},"primaryImageOfPage":{"@id":"https:\/\/sitenovo.wingsltda.com.br\/pt\/projetos-clientes-moegas-despoeiramento-meio-ambiente-2\/adram-s-a-industria-e-comercio-faxinal-pr\/#primaryimage"},"image":{"@id":"https:\/\/sitenovo.wingsltda.com.br\/pt\/projetos-clientes-moegas-despoeiramento-meio-ambiente-2\/adram-s-a-industria-e-comercio-faxinal-pr\/#primaryimage"},"thumbnailUrl":"https:\/\/sitenovo.wingsltda.com.br\/wp-content\/uploads\/2024\/03\/adram1.png","datePublished":"2024-03-05T16:45:39+00:00","dateModified":"2024-05-19T18:37:59+00:00","description":"Cliente que opera h\u00e1 mais de 40 anos com flocos de milho, alimentando milhares de fam\u00edlias. Resolvemos definitivamente com o problema da poeira dispersa no momento do recebimento dos gr\u00e3os.","breadcrumb":{"@id":"https:\/\/sitenovo.wingsltda.com.br\/pt\/projetos-clientes-moegas-despoeiramento-meio-ambiente-2\/adram-s-a-industria-e-comercio-faxinal-pr\/#breadcrumb"},"inLanguage":"pt-BR","potentialAction":[{"@type":"ReadAction","target":["https:\/\/sitenovo.wingsltda.com.br\/pt\/projetos-clientes-moegas-despoeiramento-meio-ambiente-2\/adram-s-a-industria-e-comercio-faxinal-pr\/"]}]},{"@type":"ImageObject","inLanguage":"pt-BR","@id":"https:\/\/sitenovo.wingsltda.com.br\/pt\/projetos-clientes-moegas-despoeiramento-meio-ambiente-2\/adram-s-a-industria-e-comercio-faxinal-pr\/#primaryimage","url":"https:\/\/sitenovo.wingsltda.com.br\/wp-content\/uploads\/2024\/03\/adram1.png","contentUrl":"https:\/\/sitenovo.wingsltda.com.br\/wp-content\/uploads\/2024\/03\/adram1.png","width":938,"height":433},{"@type":"BreadcrumbList","@id":"https:\/\/sitenovo.wingsltda.com.br\/pt\/projetos-clientes-moegas-despoeiramento-meio-ambiente-2\/adram-s-a-industria-e-comercio-faxinal-pr\/#breadcrumb","itemListElement":[{"@type":"ListItem","position":1,"name":"In\u00edcio","item":"https:\/\/sitenovo.wingsltda.com.br\/"},{"@type":"ListItem","position":2,"name":"Conhe\u00e7a Alguns dos nossos Projetos","item":"https:\/\/sitenovo.wingsltda.com.br\/pt\/projetos-clientes-moegas-despoeiramento-meio-ambiente-2\/"},{"@type":"ListItem","position":3,"name":"ADRAM S.A. IND\u00daSTRIA E COM\u00c9RCIO \u2013 FAXINAL (PR)"}]},{"@type":"WebSite","@id":"https:\/\/sitenovo.wingsltda.com.br\/en\/#website","url":"https:\/\/sitenovo.wingsltda.com.br\/en\/","name":"Wings Ltda |","description":"Transformando sua opera\u00e7\u00e3o no agro.","publisher":{"@id":"https:\/\/sitenovo.wingsltda.com.br\/en\/#organization"},"potentialAction":[{"@type":"SearchAction","target":{"@type":"EntryPoint","urlTemplate":"https:\/\/sitenovo.wingsltda.com.br\/en\/?s={search_term_string}"},"query-input":{"@type":"PropertyValueSpecification","valueRequired":true,"valueName":"search_term_string"}}],"inLanguage":"pt-BR"},{"@type":"Organization","@id":"https:\/\/sitenovo.wingsltda.com.br\/en\/#organization","name":"Wings Ltda","url":"https:\/\/sitenovo.wingsltda.com.br\/en\/","logo":{"@type":"ImageObject","inLanguage":"pt-BR","@id":"https:\/\/sitenovo.wingsltda.com.br\/en\/#\/schema\/logo\/image\/","url":"https:\/\/sitenovo.wingsltda.com.br\/wp-content\/uploads\/2024\/03\/Wings-Logo-Novo-DustControl.png","contentUrl":"https:\/\/sitenovo.wingsltda.com.br\/wp-content\/uploads\/2024\/03\/Wings-Logo-Novo-DustControl.png","width":1090,"height":410,"caption":"Wings Ltda"},"image":{"@id":"https:\/\/sitenovo.wingsltda.com.br\/en\/#\/schema\/logo\/image\/"},"sameAs":["https:\/\/www.facebook.com\/wingsltda\/","https:\/\/www.linkedin.com\/company\/wingsltda\/","https:\/\/www.youtube.com\/channel\/UC2XSL5EljSgDh-pwalcPLLA"]}]}},"_links":{"self":[{"href":"https:\/\/sitenovo.wingsltda.com.br\/pt\/wp-json\/wp\/v2\/pages\/23918","targetHints":{"allow":["GET"]}}],"collection":[{"href":"https:\/\/sitenovo.wingsltda.com.br\/pt\/wp-json\/wp\/v2\/pages"}],"about":[{"href":"https:\/\/sitenovo.wingsltda.com.br\/pt\/wp-json\/wp\/v2\/types\/page"}],"author":[{"embeddable":true,"href":"https:\/\/sitenovo.wingsltda.com.br\/pt\/wp-json\/wp\/v2\/users\/1"}],"replies":[{"embeddable":true,"href":"https:\/\/sitenovo.wingsltda.com.br\/pt\/wp-json\/wp\/v2\/comments?post=23918"}],"version-history":[{"count":9,"href":"https:\/\/sitenovo.wingsltda.com.br\/pt\/wp-json\/wp\/v2\/pages\/23918\/revisions"}],"predecessor-version":[{"id":24984,"href":"https:\/\/sitenovo.wingsltda.com.br\/pt\/wp-json\/wp\/v2\/pages\/23918\/revisions\/24984"}],"up":[{"embeddable":true,"href":"https:\/\/sitenovo.wingsltda.com.br\/pt\/wp-json\/wp\/v2\/pages\/55"}],"wp:featuredmedia":[{"embeddable":true,"href":"https:\/\/sitenovo.wingsltda.com.br\/pt\/wp-json\/wp\/v2\/media\/24225"}],"wp:attachment":[{"href":"https:\/\/sitenovo.wingsltda.com.br\/pt\/wp-json\/wp\/v2\/media?parent=23918"}],"curies":[{"name":"wp","href":"https:\/\/api.w.org\/{rel}","templated":true}]}}