{"id":3424,"date":"2021-03-25T08:21:00","date_gmt":"2021-03-25T08:21:00","guid":{"rendered":"https:\/\/sitenovo.wingsltda.com.br\/?page_id=3424"},"modified":"2024-05-16T12:54:59","modified_gmt":"2024-05-16T15:54:59","slug":"como-e-porque-se-deve-fazer-o-despoeiramento-em-sua-moega","status":"publish","type":"page","link":"https:\/\/sitenovo.wingsltda.com.br\/pt\/como-e-porque-se-deve-fazer-o-despoeiramento-em-sua-moega\/","title":{"rendered":"DustControl Mec\u00e2nico"},"content":{"rendered":"\t\t<div data-elementor-type=\"wp-page\" data-elementor-id=\"3424\" class=\"elementor elementor-3424\">\n\t\t\t\t<div class=\"elementor-element elementor-element-a6cb175 e-flex e-con-boxed e-con e-parent\" data-id=\"a6cb175\" data-element_type=\"container\" data-e-type=\"container\">\n\t\t\t\t\t<div class=\"e-con-inner\">\n\t\t\t\t<div class=\"elementor-element elementor-element-a4dfc4e elementor-widget elementor-widget-text-editor\" data-id=\"a4dfc4e\" data-element_type=\"widget\" data-e-type=\"widget\" data-widget_type=\"text-editor.default\">\n\t\t\t\t<div class=\"elementor-widget-container\">\n\t\t\t\t\t\t\t\t\t<p>Como e porque se deve fazer o despoeiramento em sua moega<\/p>\t\t\t\t\t\t\t\t<\/div>\n\t\t\t\t<\/div>\n\t\t\t\t\t<\/div>\n\t\t\t\t<\/div>\n\t\t<div class=\"elementor-element elementor-element-12a3e93 e-flex e-con-boxed e-con e-parent\" data-id=\"12a3e93\" data-element_type=\"container\" data-e-type=\"container\">\n\t\t\t\t\t<div class=\"e-con-inner\">\n\t\t\t\t<div class=\"elementor-element elementor-element-d546bbe elementor-widget__width-initial elementor-widget elementor-widget-heading\" data-id=\"d546bbe\" data-element_type=\"widget\" data-e-type=\"widget\" data-widget_type=\"heading.default\">\n\t\t\t\t<div class=\"elementor-widget-container\">\n\t\t\t\t\t<h2 class=\"elementor-heading-title elementor-size-default\">Protege seus Funcion\u00e1rios e Meio Ambiente<\/h2>\t\t\t\t<\/div>\n\t\t\t\t<\/div>\n\t\t\t\t\t<\/div>\n\t\t\t\t<\/div>\n\t\t<div class=\"elementor-element elementor-element-434b5fd e-flex e-con-boxed e-con e-parent\" data-id=\"434b5fd\" data-element_type=\"container\" data-e-type=\"container\">\n\t\t\t\t\t<div class=\"e-con-inner\">\n\t\t<div class=\"elementor-element elementor-element-41307a1 e-con-full e-flex e-con e-child\" data-id=\"41307a1\" data-element_type=\"container\" data-e-type=\"container\">\n\t\t\t\t<div class=\"elementor-element elementor-element-352bd94 elementor-widget elementor-widget-heading\" data-id=\"352bd94\" data-element_type=\"widget\" data-e-type=\"widget\" data-widget_type=\"heading.default\">\n\t\t\t\t<div class=\"elementor-widget-container\">\n\t\t\t\t\t<h2 class=\"elementor-heading-title elementor-size-default\">Sistema autom\u00e1tico para controlar p\u00f3 em moegas<\/h2>\t\t\t\t<\/div>\n\t\t\t\t<\/div>\n\t\t\t\t<div class=\"elementor-element elementor-element-379b512 elementor-widget elementor-widget-text-editor\" data-id=\"379b512\" data-element_type=\"widget\" data-e-type=\"widget\" data-widget_type=\"text-editor.default\">\n\t\t\t\t<div class=\"elementor-widget-container\">\n\t\t\t\t\t\t\t\t\t<p>Principais vantagens do sistema:<\/p>\n<ul>\n<li>Completamente autom\u00e1tico<\/li>\n<li>Sem consumo el\u00e9trico<\/li>\n<li>N\u00e3o necessita de manuten\u00e7\u00e3o<\/li>\n<li>Tempo de vida indeterminado<\/li>\n<li>Aprovado em 100% das fiscaliza\u00e7\u00f5es<\/li>\n<li>Projeto sob medida para cada moega<\/li>\n<li>N\u00e3o ocupa espa\u00e7o acima da grade<\/li>\n<li>Sistema de limpeza pneum\u00e1tica (opcional)<\/li>\n<li>N\u00e3o precisa de enclausuramento<\/li>\n<\/ul>\t\t\t\t\t\t\t\t<\/div>\n\t\t\t\t<\/div>\n\t\t\t\t<div class=\"elementor-element elementor-element-458bc91 elementor-widget elementor-widget-heading\" data-id=\"458bc91\" data-element_type=\"widget\" data-e-type=\"widget\" data-widget_type=\"heading.default\">\n\t\t\t\t<div class=\"elementor-widget-container\">\n\t\t\t\t\t<h2 class=\"elementor-heading-title elementor-size-default\">Problemas relacionados com dispers\u00e3o de poeira no momento do recebimento de produtos a granel?<\/h2>\t\t\t\t<\/div>\n\t\t\t\t<\/div>\n\t\t\t\t<div class=\"elementor-element elementor-element-18240bb elementor-widget elementor-widget-text-editor\" data-id=\"18240bb\" data-element_type=\"widget\" data-e-type=\"widget\" data-widget_type=\"text-editor.default\">\n\t\t\t\t<div class=\"elementor-widget-container\">\n\t\t\t\t\t\t\t\t\t<p style=\"text-align: justify;\">O DustControl Mec\u00e2nico utiliza m\u00f3dulos met\u00e1licos compactos, posicionados abaixo da grade da moega, para capturar e filtrar a poeira emitida durante o processo de descarga. Esses m\u00f3dulos s\u00e3o projetados para controlar o fluxo do produto, permitindo que o ar passe pelo material, retendo a poeira antes que ela seja liberada.<\/p>\n<p style=\"text-align: justify;\">Para f\u00e1bricas de ra\u00e7\u00e3o e outras instala\u00e7\u00f5es que lidam com trocas frequentes de produtos, oferecemos um sistema de limpeza pneum\u00e1tica eficiente.<\/p>\n<p style=\"text-align: justify;\">O DustControl Mec\u00e2nico \u00e9 uma solu\u00e7\u00e3o confi\u00e1vel e duradoura que funciona com diversos produtos a granel, como milho, soja, a\u00e7\u00facar, arroz e fertilizantes.<\/p>\n<p style=\"text-align: justify;\">Junte-se \u00e0s mais de 250 empresas que j\u00e1 confiaram na Wings Ltda para implementar o DustControl Mec\u00e2nico nos EUA e Brasil. Proteja seu ambiente de trabalho, evite problemas legais e contribua para um planeta mais limpo.<\/p>\t\t\t\t\t\t\t\t<\/div>\n\t\t\t\t<\/div>\n\t\t\t\t<\/div>\n\t\t\t\t<div class=\"elementor-element elementor-element-9580ccf elementor-widget elementor-widget-image\" data-id=\"9580ccf\" data-element_type=\"widget\" data-e-type=\"widget\" data-widget_type=\"image.default\">\n\t\t\t\t<div class=\"elementor-widget-container\">\n\t\t\t\t\t\t\t\t\t\t\t\t\t\t\t\t<a href=\"https:\/\/sitenovo.wingsltda.com.br\/sera-que-os-flaps-sao-a-melhor-opcao-para-despoeiramento-em-moegas-de-graos\/\">\n\t\t\t\t\t\t\t<img fetchpriority=\"high\" decoding=\"async\" width=\"400\" height=\"250\" src=\"https:\/\/sitenovo.wingsltda.com.br\/wp-content\/uploads\/2024\/05\/E-o-Flap-Sera-que-funciona-400-\u00d7-250-px-1.png\" class=\"attachment-large size-large wp-image-24647\" alt=\"\" srcset=\"https:\/\/sitenovo.wingsltda.com.br\/wp-content\/uploads\/2024\/05\/E-o-Flap-Sera-que-funciona-400-\u00d7-250-px-1.png 400w, https:\/\/sitenovo.wingsltda.com.br\/wp-content\/uploads\/2024\/05\/E-o-Flap-Sera-que-funciona-400-\u00d7-250-px-1-150x94.png 150w, https:\/\/sitenovo.wingsltda.com.br\/wp-content\/uploads\/2024\/05\/E-o-Flap-Sera-que-funciona-400-\u00d7-250-px-1-18x12.png 18w\" sizes=\"(max-width: 400px) 100vw, 400px\" \/>\t\t\t\t\t\t\t\t<\/a>\n\t\t\t\t\t\t\t\t\t\t\t\t\t\t\t<\/div>\n\t\t\t\t<\/div>\n\t\t<div class=\"elementor-element elementor-element-dcd177b e-con-full e-flex e-con e-child\" data-id=\"dcd177b\" data-element_type=\"container\" data-e-type=\"container\">\n\t\t<div class=\"elementor-element elementor-element-bb32b84 e-flex e-con-boxed e-con e-child\" data-id=\"bb32b84\" data-element_type=\"container\" data-e-type=\"container\">\n\t\t\t\t\t<div class=\"e-con-inner\">\n\t\t\t\t<div class=\"elementor-element elementor-element-dff8b4d elementor-widget elementor-widget-text-editor\" data-id=\"dff8b4d\" data-element_type=\"widget\" data-e-type=\"widget\" data-widget_type=\"text-editor.default\">\n\t\t\t\t<div class=\"elementor-widget-container\">\n\t\t\t\t\t\t\t\t\t<p><strong>Como Funciona<\/strong><\/p>\t\t\t\t\t\t\t\t<\/div>\n\t\t\t\t<\/div>\n\t\t\t\t<div class=\"elementor-element elementor-element-1542828 elementor-widget elementor-widget-video\" data-id=\"1542828\" data-element_type=\"widget\" data-e-type=\"widget\" data-settings=\"{&quot;youtube_url&quot;:&quot;https:\\\/\\\/youtu.be\\\/1nxIRLwmv4Y&quot;,&quot;video_type&quot;:&quot;youtube&quot;,&quot;controls&quot;:&quot;yes&quot;}\" data-widget_type=\"video.default\">\n\t\t\t\t<div class=\"elementor-widget-container\">\n\t\t\t\t\t\t\t<div class=\"elementor-wrapper elementor-open-inline\">\n\t\t\t<div class=\"elementor-video\"><\/div>\t\t<\/div>\n\t\t\t\t\t\t<\/div>\n\t\t\t\t<\/div>\n\t\t\t\t\t<\/div>\n\t\t\t\t<\/div>\n\t\t<div class=\"elementor-element elementor-element-32f888a e-flex e-con-boxed e-con e-child\" data-id=\"32f888a\" data-element_type=\"container\" data-e-type=\"container\">\n\t\t\t\t\t<div class=\"e-con-inner\">\n\t\t\t\t<div class=\"elementor-element elementor-element-2ceb48c elementor-widget elementor-widget-text-editor\" data-id=\"2ceb48c\" data-element_type=\"widget\" data-e-type=\"widget\" data-widget_type=\"text-editor.default\">\n\t\t\t\t<div class=\"elementor-widget-container\">\n\t\t\t\t\t\t\t\t\t<p><strong>Mais Seguran\u00e7a<\/strong><\/p>\t\t\t\t\t\t\t\t<\/div>\n\t\t\t\t<\/div>\n\t\t\t\t<div class=\"elementor-element elementor-element-f5b7f00 elementor-widget elementor-widget-video\" data-id=\"f5b7f00\" data-element_type=\"widget\" data-e-type=\"widget\" data-settings=\"{&quot;youtube_url&quot;:&quot;https:\\\/\\\/youtu.be\\\/EmRU1avMz84&quot;,&quot;video_type&quot;:&quot;youtube&quot;,&quot;controls&quot;:&quot;yes&quot;}\" data-widget_type=\"video.default\">\n\t\t\t\t<div class=\"elementor-widget-container\">\n\t\t\t\t\t\t\t<div class=\"elementor-wrapper elementor-open-inline\">\n\t\t\t<div class=\"elementor-video\"><\/div>\t\t<\/div>\n\t\t\t\t\t\t<\/div>\n\t\t\t\t<\/div>\n\t\t\t\t\t<\/div>\n\t\t\t\t<\/div>\n\t\t\t\t<\/div>\n\t\t\t\t\t<\/div>\n\t\t\t\t<\/div>\n\t\t<div class=\"elementor-element elementor-element-7b1d9e4 e-flex e-con-boxed e-con e-parent\" data-id=\"7b1d9e4\" data-element_type=\"container\" data-e-type=\"container\">\n\t\t\t\t\t<div class=\"e-con-inner\">\n\t\t<div class=\"elementor-element elementor-element-a6eecf1 e-flex e-con-boxed e-con e-child\" data-id=\"a6eecf1\" data-element_type=\"container\" data-e-type=\"container\">\n\t\t\t\t\t<div class=\"e-con-inner\">\n\t\t\t\t<div class=\"elementor-element elementor-element-10a6ed6 elementor-widget elementor-widget-spacer\" data-id=\"10a6ed6\" data-element_type=\"widget\" data-e-type=\"widget\" data-widget_type=\"spacer.default\">\n\t\t\t\t<div class=\"elementor-widget-container\">\n\t\t\t\t\t\t\t<div class=\"elementor-spacer\">\n\t\t\t<div class=\"elementor-spacer-inner\"><\/div>\n\t\t<\/div>\n\t\t\t\t\t\t<\/div>\n\t\t\t\t<\/div>\n\t\t\t\t\t<\/div>\n\t\t\t\t<\/div>\n\t\t\t\t\t<\/div>\n\t\t\t\t<\/div>\n\t\t<div class=\"elementor-element elementor-element-063c86c e-flex e-con-boxed e-con e-parent\" data-id=\"063c86c\" data-element_type=\"container\" data-e-type=\"container\" data-settings=\"{&quot;background_background&quot;:&quot;classic&quot;}\">\n\t\t\t\t\t<div class=\"e-con-inner\">\n\t\t\t\t<div class=\"elementor-element elementor-element-94f38e0 elementor-widget elementor-widget-heading\" data-id=\"94f38e0\" data-element_type=\"widget\" data-e-type=\"widget\" data-widget_type=\"heading.default\">\n\t\t\t\t<div class=\"elementor-widget-container\">\n\t\t\t\t\t<h2 class=\"elementor-heading-title elementor-size-default\">200+ sistemas instalados no Brasil\u00a0 e 50+ sistemas instalados nos EUA<\/h2>\t\t\t\t<\/div>\n\t\t\t\t<\/div>\n\t\t\t\t\t<\/div>\n\t\t\t\t<\/div>\n\t\t<div class=\"elementor-element elementor-element-85b9e23 e-flex e-con-boxed e-con e-parent\" data-id=\"85b9e23\" data-element_type=\"container\" data-e-type=\"container\">\n\t\t\t\t\t<div class=\"e-con-inner\">\n\t\t<div class=\"elementor-element elementor-element-f939721 e-con-full e-flex e-con e-child\" data-id=\"f939721\" data-element_type=\"container\" data-e-type=\"container\">\n\t\t\t\t<div class=\"elementor-element elementor-element-670ea1e elementor-widget elementor-widget-text-editor\" data-id=\"670ea1e\" data-element_type=\"widget\" data-e-type=\"widget\" data-widget_type=\"text-editor.default\">\n\t\t\t\t<div class=\"elementor-widget-container\">\n\t\t\t\t\t\t\t\t\t<p>Produtos Relacionados<\/p>\t\t\t\t\t\t\t\t<\/div>\n\t\t\t\t<\/div>\n\t\t\t\t<div class=\"elementor-element elementor-element-a2c92cd elementor-widget elementor-widget-heading\" data-id=\"a2c92cd\" data-element_type=\"widget\" data-e-type=\"widget\" data-widget_type=\"heading.default\">\n\t\t\t\t<div class=\"elementor-widget-container\">\n\t\t\t\t\t<h2 class=\"elementor-heading-title elementor-size-default\"><a href=\"https:\/\/sitenovo.wingsltda.com.br\/dustcontrol-plus-moega-tombador-despoeiramento-filtro-de-manga\/\">DustControl Plus<\/a><\/h2>\t\t\t\t<\/div>\n\t\t\t\t<\/div>\n\t\t\t\t<div class=\"elementor-element elementor-element-0306b56 elementor-widget elementor-widget-image\" data-id=\"0306b56\" data-element_type=\"widget\" data-e-type=\"widget\" data-widget_type=\"image.default\">\n\t\t\t\t<div class=\"elementor-widget-container\">\n\t\t\t\t\t\t\t\t\t\t\t\t\t\t\t\t<a href=\"https:\/\/sitenovo.wingsltda.com.br\/dustcontrol-plus-moega-tombador-despoeiramento-filtro-de-manga\/\">\n\t\t\t\t\t\t\t<img decoding=\"async\" width=\"300\" height=\"226\" src=\"https:\/\/sitenovo.wingsltda.com.br\/wp-content\/uploads\/2024\/05\/filtro-para-controle-de-poeira-em-uma-moega-com-tombador.jpg\" class=\"attachment-large size-large wp-image-24648\" alt=\"\" srcset=\"https:\/\/sitenovo.wingsltda.com.br\/wp-content\/uploads\/2024\/05\/filtro-para-controle-de-poeira-em-uma-moega-com-tombador.jpg 300w, https:\/\/sitenovo.wingsltda.com.br\/wp-content\/uploads\/2024\/05\/filtro-para-controle-de-poeira-em-uma-moega-com-tombador-150x113.jpg 150w, https:\/\/sitenovo.wingsltda.com.br\/wp-content\/uploads\/2024\/05\/filtro-para-controle-de-poeira-em-uma-moega-com-tombador-16x12.jpg 16w\" sizes=\"(max-width: 300px) 100vw, 300px\" \/>\t\t\t\t\t\t\t\t<\/a>\n\t\t\t\t\t\t\t\t\t\t\t\t\t\t\t<\/div>\n\t\t\t\t<\/div>\n\t\t\t\t<div class=\"elementor-element elementor-element-e4d0651 elementor-widget elementor-widget-text-editor\" data-id=\"e4d0651\" data-element_type=\"widget\" data-e-type=\"widget\" data-widget_type=\"text-editor.default\">\n\t\t\t\t<div class=\"elementor-widget-container\">\n\t\t\t\t\t\t\t\t\t<p>Dust Control Plus funcionando em conjunto com filtros<\/p>\t\t\t\t\t\t\t\t<\/div>\n\t\t\t\t<\/div>\n\t\t\t\t<\/div>\n\t\t<div class=\"elementor-element elementor-element-3fd8208 e-con-full e-flex e-con e-child\" data-id=\"3fd8208\" data-element_type=\"container\" data-e-type=\"container\">\n\t\t\t\t<\/div>\n\t\t\t\t\t<\/div>\n\t\t\t\t<\/div>\n\t\t\t\t<\/div>\n\t\t","protected":false},"excerpt":{"rendered":"<p>Como e porque se deve fazer o despoeiramento em sua moega Protege seus Funcion\u00e1rios e Meio Ambiente Sistema autom\u00e1tico para controlar p\u00f3 em moegas Principais vantagens do sistema: Completamente autom\u00e1tico Sem consumo el\u00e9trico N\u00e3o necessita de manuten\u00e7\u00e3o Tempo de vida indeterminado Aprovado em 100% das fiscaliza\u00e7\u00f5es Projeto sob medida para cada moega N\u00e3o ocupa espa\u00e7o [&hellip;]<\/p>\n","protected":false},"author":1,"featured_media":0,"parent":0,"menu_order":0,"comment_status":"closed","ping_status":"closed","template":"","meta":{"footnotes":""},"class_list":["post-3424","page","type-page","status-publish","hentry"],"yoast_head":"<!-- This site is optimized with the Yoast SEO plugin v27.3 - https:\/\/yoast.com\/product\/yoast-seo-wordpress\/ -->\n<title>DustControl Mec\u00e2nico - Wings Ltda |<\/title>\n<meta name=\"description\" content=\"Protege seus funcion\u00e1rios e o meio ambiente. Sistema autom\u00e1tico para controlar poeira em moegas de recebimento.\" \/>\n<meta name=\"robots\" content=\"index, follow, max-snippet:-1, max-image-preview:large, max-video-preview:-1\" \/>\n<link rel=\"canonical\" href=\"https:\/\/sitenovo.wingsltda.com.br\/pt\/como-e-porque-se-deve-fazer-o-despoeiramento-em-sua-moega\/\" \/>\n<meta property=\"og:locale\" content=\"pt_BR\" \/>\n<meta property=\"og:type\" content=\"article\" \/>\n<meta property=\"og:title\" content=\"DustControl Mec\u00e2nico - Wings Ltda |\" \/>\n<meta property=\"og:description\" content=\"Protege seus funcion\u00e1rios e o meio ambiente. Sistema autom\u00e1tico para controlar poeira em moegas de recebimento.\" \/>\n<meta property=\"og:url\" content=\"https:\/\/sitenovo.wingsltda.com.br\/pt\/como-e-porque-se-deve-fazer-o-despoeiramento-em-sua-moega\/\" \/>\n<meta property=\"og:site_name\" content=\"Wings Ltda |\" \/>\n<meta property=\"article:publisher\" content=\"https:\/\/www.facebook.com\/wingsltda\/\" \/>\n<meta property=\"article:modified_time\" content=\"2024-05-16T15:54:59+00:00\" \/>\n<meta property=\"og:image\" content=\"https:\/\/sitenovo.wingsltda.com.br\/wp-content\/uploads\/2024\/05\/filtro-para-controle-de-poeira-em-uma-moega-com-tombador.jpg\" \/>\n<meta name=\"twitter:card\" content=\"summary_large_image\" \/>\n<meta name=\"twitter:label1\" content=\"Est. tempo de leitura\" \/>\n\t<meta name=\"twitter:data1\" content=\"1 minuto\" \/>\n<script type=\"application\/ld+json\" class=\"yoast-schema-graph\">{\"@context\":\"https:\\\/\\\/schema.org\",\"@graph\":[{\"@type\":\"WebPage\",\"@id\":\"https:\\\/\\\/sitenovo.wingsltda.com.br\\\/pt\\\/como-e-porque-se-deve-fazer-o-despoeiramento-em-sua-moega\\\/\",\"url\":\"https:\\\/\\\/sitenovo.wingsltda.com.br\\\/pt\\\/como-e-porque-se-deve-fazer-o-despoeiramento-em-sua-moega\\\/\",\"name\":\"DustControl Mec\u00e2nico - Wings Ltda |\",\"isPartOf\":{\"@id\":\"https:\\\/\\\/sitenovo.wingsltda.com.br\\\/en\\\/#website\"},\"primaryImageOfPage\":{\"@id\":\"https:\\\/\\\/sitenovo.wingsltda.com.br\\\/pt\\\/como-e-porque-se-deve-fazer-o-despoeiramento-em-sua-moega\\\/#primaryimage\"},\"image\":{\"@id\":\"https:\\\/\\\/sitenovo.wingsltda.com.br\\\/pt\\\/como-e-porque-se-deve-fazer-o-despoeiramento-em-sua-moega\\\/#primaryimage\"},\"thumbnailUrl\":\"https:\\\/\\\/sitenovo.wingsltda.com.br\\\/wp-content\\\/uploads\\\/2024\\\/05\\\/filtro-para-controle-de-poeira-em-uma-moega-com-tombador.jpg\",\"datePublished\":\"2021-03-25T08:21:00+00:00\",\"dateModified\":\"2024-05-16T15:54:59+00:00\",\"description\":\"Protege seus funcion\u00e1rios e o meio ambiente. Sistema autom\u00e1tico para controlar poeira em moegas de recebimento.\",\"breadcrumb\":{\"@id\":\"https:\\\/\\\/sitenovo.wingsltda.com.br\\\/pt\\\/como-e-porque-se-deve-fazer-o-despoeiramento-em-sua-moega\\\/#breadcrumb\"},\"inLanguage\":\"pt-BR\",\"potentialAction\":[{\"@type\":\"ReadAction\",\"target\":[\"https:\\\/\\\/sitenovo.wingsltda.com.br\\\/pt\\\/como-e-porque-se-deve-fazer-o-despoeiramento-em-sua-moega\\\/\"]}]},{\"@type\":\"ImageObject\",\"inLanguage\":\"pt-BR\",\"@id\":\"https:\\\/\\\/sitenovo.wingsltda.com.br\\\/pt\\\/como-e-porque-se-deve-fazer-o-despoeiramento-em-sua-moega\\\/#primaryimage\",\"url\":\"https:\\\/\\\/sitenovo.wingsltda.com.br\\\/wp-content\\\/uploads\\\/2024\\\/05\\\/filtro-para-controle-de-poeira-em-uma-moega-com-tombador.jpg\",\"contentUrl\":\"https:\\\/\\\/sitenovo.wingsltda.com.br\\\/wp-content\\\/uploads\\\/2024\\\/05\\\/filtro-para-controle-de-poeira-em-uma-moega-com-tombador.jpg\"},{\"@type\":\"BreadcrumbList\",\"@id\":\"https:\\\/\\\/sitenovo.wingsltda.com.br\\\/pt\\\/como-e-porque-se-deve-fazer-o-despoeiramento-em-sua-moega\\\/#breadcrumb\",\"itemListElement\":[{\"@type\":\"ListItem\",\"position\":1,\"name\":\"In\u00edcio\",\"item\":\"https:\\\/\\\/sitenovo.wingsltda.com.br\\\/\"},{\"@type\":\"ListItem\",\"position\":2,\"name\":\"DustControl Mec\u00e2nico\"}]},{\"@type\":\"WebSite\",\"@id\":\"https:\\\/\\\/sitenovo.wingsltda.com.br\\\/en\\\/#website\",\"url\":\"https:\\\/\\\/sitenovo.wingsltda.com.br\\\/en\\\/\",\"name\":\"Wings Ltda |\",\"description\":\"Transformando sua opera\u00e7\u00e3o no agro.\",\"publisher\":{\"@id\":\"https:\\\/\\\/sitenovo.wingsltda.com.br\\\/en\\\/#organization\"},\"potentialAction\":[{\"@type\":\"SearchAction\",\"target\":{\"@type\":\"EntryPoint\",\"urlTemplate\":\"https:\\\/\\\/sitenovo.wingsltda.com.br\\\/en\\\/?s={search_term_string}\"},\"query-input\":{\"@type\":\"PropertyValueSpecification\",\"valueRequired\":true,\"valueName\":\"search_term_string\"}}],\"inLanguage\":\"pt-BR\"},{\"@type\":\"Organization\",\"@id\":\"https:\\\/\\\/sitenovo.wingsltda.com.br\\\/en\\\/#organization\",\"name\":\"Wings Ltda\",\"url\":\"https:\\\/\\\/sitenovo.wingsltda.com.br\\\/en\\\/\",\"logo\":{\"@type\":\"ImageObject\",\"inLanguage\":\"pt-BR\",\"@id\":\"https:\\\/\\\/sitenovo.wingsltda.com.br\\\/en\\\/#\\\/schema\\\/logo\\\/image\\\/\",\"url\":\"https:\\\/\\\/sitenovo.wingsltda.com.br\\\/wp-content\\\/uploads\\\/2024\\\/03\\\/Wings-Logo-Novo-DustControl.png\",\"contentUrl\":\"https:\\\/\\\/sitenovo.wingsltda.com.br\\\/wp-content\\\/uploads\\\/2024\\\/03\\\/Wings-Logo-Novo-DustControl.png\",\"width\":1090,\"height\":410,\"caption\":\"Wings Ltda\"},\"image\":{\"@id\":\"https:\\\/\\\/sitenovo.wingsltda.com.br\\\/en\\\/#\\\/schema\\\/logo\\\/image\\\/\"},\"sameAs\":[\"https:\\\/\\\/www.facebook.com\\\/wingsltda\\\/\",\"https:\\\/\\\/www.linkedin.com\\\/company\\\/wingsltda\\\/\",\"https:\\\/\\\/www.youtube.com\\\/channel\\\/UC2XSL5EljSgDh-pwalcPLLA\"]}]}<\/script>\n<!-- \/ Yoast SEO plugin. -->","yoast_head_json":{"title":"DustControl Mec\u00e2nico - Wings Ltda |","description":"Protege seus funcion\u00e1rios e o meio ambiente. Sistema autom\u00e1tico para controlar poeira em moegas de recebimento.","robots":{"index":"index","follow":"follow","max-snippet":"max-snippet:-1","max-image-preview":"max-image-preview:large","max-video-preview":"max-video-preview:-1"},"canonical":"https:\/\/sitenovo.wingsltda.com.br\/pt\/como-e-porque-se-deve-fazer-o-despoeiramento-em-sua-moega\/","og_locale":"pt_BR","og_type":"article","og_title":"DustControl Mec\u00e2nico - Wings Ltda |","og_description":"Protege seus funcion\u00e1rios e o meio ambiente. Sistema autom\u00e1tico para controlar poeira em moegas de recebimento.","og_url":"https:\/\/sitenovo.wingsltda.com.br\/pt\/como-e-porque-se-deve-fazer-o-despoeiramento-em-sua-moega\/","og_site_name":"Wings Ltda |","article_publisher":"https:\/\/www.facebook.com\/wingsltda\/","article_modified_time":"2024-05-16T15:54:59+00:00","og_image":[{"url":"https:\/\/sitenovo.wingsltda.com.br\/wp-content\/uploads\/2024\/05\/filtro-para-controle-de-poeira-em-uma-moega-com-tombador.jpg","type":"","width":"","height":""}],"twitter_card":"summary_large_image","twitter_misc":{"Est. tempo de leitura":"1 minuto"},"schema":{"@context":"https:\/\/schema.org","@graph":[{"@type":"WebPage","@id":"https:\/\/sitenovo.wingsltda.com.br\/pt\/como-e-porque-se-deve-fazer-o-despoeiramento-em-sua-moega\/","url":"https:\/\/sitenovo.wingsltda.com.br\/pt\/como-e-porque-se-deve-fazer-o-despoeiramento-em-sua-moega\/","name":"DustControl Mec\u00e2nico - Wings Ltda |","isPartOf":{"@id":"https:\/\/sitenovo.wingsltda.com.br\/en\/#website"},"primaryImageOfPage":{"@id":"https:\/\/sitenovo.wingsltda.com.br\/pt\/como-e-porque-se-deve-fazer-o-despoeiramento-em-sua-moega\/#primaryimage"},"image":{"@id":"https:\/\/sitenovo.wingsltda.com.br\/pt\/como-e-porque-se-deve-fazer-o-despoeiramento-em-sua-moega\/#primaryimage"},"thumbnailUrl":"https:\/\/sitenovo.wingsltda.com.br\/wp-content\/uploads\/2024\/05\/filtro-para-controle-de-poeira-em-uma-moega-com-tombador.jpg","datePublished":"2021-03-25T08:21:00+00:00","dateModified":"2024-05-16T15:54:59+00:00","description":"Protege seus funcion\u00e1rios e o meio ambiente. Sistema autom\u00e1tico para controlar poeira em moegas de recebimento.","breadcrumb":{"@id":"https:\/\/sitenovo.wingsltda.com.br\/pt\/como-e-porque-se-deve-fazer-o-despoeiramento-em-sua-moega\/#breadcrumb"},"inLanguage":"pt-BR","potentialAction":[{"@type":"ReadAction","target":["https:\/\/sitenovo.wingsltda.com.br\/pt\/como-e-porque-se-deve-fazer-o-despoeiramento-em-sua-moega\/"]}]},{"@type":"ImageObject","inLanguage":"pt-BR","@id":"https:\/\/sitenovo.wingsltda.com.br\/pt\/como-e-porque-se-deve-fazer-o-despoeiramento-em-sua-moega\/#primaryimage","url":"https:\/\/sitenovo.wingsltda.com.br\/wp-content\/uploads\/2024\/05\/filtro-para-controle-de-poeira-em-uma-moega-com-tombador.jpg","contentUrl":"https:\/\/sitenovo.wingsltda.com.br\/wp-content\/uploads\/2024\/05\/filtro-para-controle-de-poeira-em-uma-moega-com-tombador.jpg"},{"@type":"BreadcrumbList","@id":"https:\/\/sitenovo.wingsltda.com.br\/pt\/como-e-porque-se-deve-fazer-o-despoeiramento-em-sua-moega\/#breadcrumb","itemListElement":[{"@type":"ListItem","position":1,"name":"In\u00edcio","item":"https:\/\/sitenovo.wingsltda.com.br\/"},{"@type":"ListItem","position":2,"name":"DustControl Mec\u00e2nico"}]},{"@type":"WebSite","@id":"https:\/\/sitenovo.wingsltda.com.br\/en\/#website","url":"https:\/\/sitenovo.wingsltda.com.br\/en\/","name":"Wings Ltda |","description":"Transformando sua opera\u00e7\u00e3o no agro.","publisher":{"@id":"https:\/\/sitenovo.wingsltda.com.br\/en\/#organization"},"potentialAction":[{"@type":"SearchAction","target":{"@type":"EntryPoint","urlTemplate":"https:\/\/sitenovo.wingsltda.com.br\/en\/?s={search_term_string}"},"query-input":{"@type":"PropertyValueSpecification","valueRequired":true,"valueName":"search_term_string"}}],"inLanguage":"pt-BR"},{"@type":"Organization","@id":"https:\/\/sitenovo.wingsltda.com.br\/en\/#organization","name":"Wings Ltda","url":"https:\/\/sitenovo.wingsltda.com.br\/en\/","logo":{"@type":"ImageObject","inLanguage":"pt-BR","@id":"https:\/\/sitenovo.wingsltda.com.br\/en\/#\/schema\/logo\/image\/","url":"https:\/\/sitenovo.wingsltda.com.br\/wp-content\/uploads\/2024\/03\/Wings-Logo-Novo-DustControl.png","contentUrl":"https:\/\/sitenovo.wingsltda.com.br\/wp-content\/uploads\/2024\/03\/Wings-Logo-Novo-DustControl.png","width":1090,"height":410,"caption":"Wings Ltda"},"image":{"@id":"https:\/\/sitenovo.wingsltda.com.br\/en\/#\/schema\/logo\/image\/"},"sameAs":["https:\/\/www.facebook.com\/wingsltda\/","https:\/\/www.linkedin.com\/company\/wingsltda\/","https:\/\/www.youtube.com\/channel\/UC2XSL5EljSgDh-pwalcPLLA"]}]}},"_links":{"self":[{"href":"https:\/\/sitenovo.wingsltda.com.br\/pt\/wp-json\/wp\/v2\/pages\/3424","targetHints":{"allow":["GET"]}}],"collection":[{"href":"https:\/\/sitenovo.wingsltda.com.br\/pt\/wp-json\/wp\/v2\/pages"}],"about":[{"href":"https:\/\/sitenovo.wingsltda.com.br\/pt\/wp-json\/wp\/v2\/types\/page"}],"author":[{"embeddable":true,"href":"https:\/\/sitenovo.wingsltda.com.br\/pt\/wp-json\/wp\/v2\/users\/1"}],"replies":[{"embeddable":true,"href":"https:\/\/sitenovo.wingsltda.com.br\/pt\/wp-json\/wp\/v2\/comments?post=3424"}],"version-history":[{"count":128,"href":"https:\/\/sitenovo.wingsltda.com.br\/pt\/wp-json\/wp\/v2\/pages\/3424\/revisions"}],"predecessor-version":[{"id":24663,"href":"https:\/\/sitenovo.wingsltda.com.br\/pt\/wp-json\/wp\/v2\/pages\/3424\/revisions\/24663"}],"wp:attachment":[{"href":"https:\/\/sitenovo.wingsltda.com.br\/pt\/wp-json\/wp\/v2\/media?parent=3424"}],"curies":[{"name":"wp","href":"https:\/\/api.w.org\/{rel}","templated":true}]}}