{"id":3433,"date":"2021-03-25T09:44:57","date_gmt":"2021-03-25T09:44:57","guid":{"rendered":"https:\/\/sitenovo.wingsltda.com.br\/?page_id=3433"},"modified":"2024-05-16T13:21:37","modified_gmt":"2024-05-16T16:21:37","slug":"dustcontrol-plus-moega-tombador-despoeiramento-filtro-de-manga","status":"publish","type":"page","link":"https:\/\/sitenovo.wingsltda.com.br\/pt\/dustcontrol-plus-moega-tombador-despoeiramento-filtro-de-manga\/","title":{"rendered":"DUSTCONTROL PLUS"},"content":{"rendered":"\t\t<div data-elementor-type=\"wp-page\" data-elementor-id=\"3433\" class=\"elementor elementor-3433\">\n\t\t\t\t<div class=\"elementor-element elementor-element-b29ec96 e-flex e-con-boxed e-con e-parent\" data-id=\"b29ec96\" data-element_type=\"container\" data-e-type=\"container\">\n\t\t\t\t\t<div class=\"e-con-inner\">\n\t\t\t\t<div class=\"elementor-element elementor-element-9329c17 elementor-widget elementor-widget-heading\" data-id=\"9329c17\" data-element_type=\"widget\" data-e-type=\"widget\" data-widget_type=\"heading.default\">\n\t\t\t\t<div class=\"elementor-widget-container\">\n\t\t\t\t\t<h2 class=\"elementor-heading-title elementor-size-default\">DESPOEIRAMENTO EM MOEGAS COM EMISS\u00c3O EXCESSIVA DE P\u00d3<\/h2>\t\t\t\t<\/div>\n\t\t\t\t<\/div>\n\t\t\t\t\t<\/div>\n\t\t\t\t<\/div>\n\t\t<div class=\"elementor-element elementor-element-d1ea5de e-flex e-con-boxed e-con e-parent\" data-id=\"d1ea5de\" data-element_type=\"container\" data-e-type=\"container\">\n\t\t\t\t\t<div class=\"e-con-inner\">\n\t\t\t\t<div class=\"elementor-element elementor-element-e678b97 elementor-widget elementor-widget-text-editor\" data-id=\"e678b97\" data-element_type=\"widget\" data-e-type=\"widget\" data-widget_type=\"text-editor.default\">\n\t\t\t\t<div class=\"elementor-widget-container\">\n\t\t\t\t\t\t\t\t\t<p><cite><strong>DustControl Mec\u00e2nico + Um filtro de baixo consumo energ\u00e9tico<\/strong><\/cite><\/p>\t\t\t\t\t\t\t\t<\/div>\n\t\t\t\t<\/div>\n\t\t\t\t\t<\/div>\n\t\t\t\t<\/div>\n\t\t<div class=\"elementor-element elementor-element-f712e3e e-flex e-con-boxed e-con e-parent\" data-id=\"f712e3e\" data-element_type=\"container\" data-e-type=\"container\">\n\t\t\t\t\t<div class=\"e-con-inner\">\n\t\t<div class=\"elementor-element elementor-element-0c93f5b e-con-full e-flex e-con e-child\" data-id=\"0c93f5b\" data-element_type=\"container\" data-e-type=\"container\">\n\t\t\t\t<div class=\"elementor-element elementor-element-c24d193 elementor-widget elementor-widget-text-editor\" data-id=\"c24d193\" data-element_type=\"widget\" data-e-type=\"widget\" data-widget_type=\"text-editor.default\">\n\t\t\t\t<div class=\"elementor-widget-container\">\n\t\t\t\t\t\t\t\t\t<h5 style=\"text-align: left;\">\u2022 Todos os benef\u00edcios do DustControl Mec\u00e2nico com um filtro para captar o p\u00f3 acima da grade;<\/h5>\n<h3><\/h3><\/div><\/div><\/div><\/div><\/div><\/div> <a href=\"https:\/\/sitenovo.wingsltda.com.br\/pt\/dustcontrol-plus-moega-tombador-despoeiramento-filtro-de-manga\/#more-3433\" class=\"more-link elementor-more-link\"><span aria-label=\"Continuar lendo DUSTCONTROL PLUS\">(mais&hellip;)<\/span><\/a>","protected":false},"excerpt":{"rendered":"<p>DESPOEIRAMENTO EM MOEGAS COM EMISS\u00c3O EXCESSIVA DE P\u00d3 DustControl Mec\u00e2nico + Um filtro de baixo consumo energ\u00e9tico \u2022 Todos os benef\u00edcios do DustControl Mec\u00e2nico com um filtro para captar o p\u00f3 acima da grade;<\/p>\n","protected":false},"author":1,"featured_media":24215,"parent":0,"menu_order":0,"comment_status":"closed","ping_status":"closed","template":"","meta":{"footnotes":""},"class_list":["post-3433","page","type-page","status-publish","has-post-thumbnail","hentry"],"yoast_head":"<!-- This site is optimized with the Yoast SEO plugin v27.3 - https:\/\/yoast.com\/product\/yoast-seo-wordpress\/ -->\n<title>DUSTCONTROL PLUS - Wings Ltda |<\/title>\n<meta name=\"description\" content=\"Sistema autom\u00e1tico para controlar poeira em moegas de recebimento c tombador. Quando a moega tem um excesso de p\u00f3, um pq filtro de manga + DustControl a poeira ser\u00e1 impedida de sair para cima da moega.\" \/>\n<meta name=\"robots\" content=\"index, follow, max-snippet:-1, max-image-preview:large, max-video-preview:-1\" \/>\n<link rel=\"canonical\" href=\"https:\/\/sitenovo.wingsltda.com.br\/pt\/dustcontrol-plus-moega-tombador-despoeiramento-filtro-de-manga\/\" \/>\n<meta property=\"og:locale\" content=\"pt_BR\" \/>\n<meta property=\"og:type\" content=\"article\" \/>\n<meta property=\"og:title\" content=\"DUSTCONTROL PLUS - Wings Ltda |\" \/>\n<meta property=\"og:description\" content=\"Sistema autom\u00e1tico para controlar poeira em moegas de recebimento c tombador. Quando a moega tem um excesso de p\u00f3, um pq filtro de manga + DustControl a poeira ser\u00e1 impedida de sair para cima da moega.\" \/>\n<meta property=\"og:url\" content=\"https:\/\/sitenovo.wingsltda.com.br\/pt\/dustcontrol-plus-moega-tombador-despoeiramento-filtro-de-manga\/\" \/>\n<meta property=\"og:site_name\" content=\"Wings Ltda |\" \/>\n<meta property=\"article:publisher\" content=\"https:\/\/www.facebook.com\/wingsltda\/\" \/>\n<meta property=\"article:modified_time\" content=\"2024-05-16T16:21:37+00:00\" \/>\n<meta property=\"og:image\" content=\"https:\/\/sitenovo.wingsltda.com.br\/wp-content\/uploads\/2024\/03\/C.Vale-Palotina-1-jpg.webp\" \/>\n\t<meta property=\"og:image:width\" content=\"1024\" \/>\n\t<meta property=\"og:image:height\" content=\"768\" \/>\n\t<meta property=\"og:image:type\" content=\"image\/jpeg\" \/>\n<meta name=\"twitter:card\" content=\"summary_large_image\" \/>\n<meta name=\"twitter:label1\" content=\"Est. tempo de leitura\" \/>\n\t<meta name=\"twitter:data1\" content=\"1 minuto\" \/>\n<script type=\"application\/ld+json\" class=\"yoast-schema-graph\">{\"@context\":\"https:\\\/\\\/schema.org\",\"@graph\":[{\"@type\":\"WebPage\",\"@id\":\"https:\\\/\\\/sitenovo.wingsltda.com.br\\\/pt\\\/dustcontrol-plus-moega-tombador-despoeiramento-filtro-de-manga\\\/\",\"url\":\"https:\\\/\\\/sitenovo.wingsltda.com.br\\\/pt\\\/dustcontrol-plus-moega-tombador-despoeiramento-filtro-de-manga\\\/\",\"name\":\"DUSTCONTROL PLUS - Wings Ltda |\",\"isPartOf\":{\"@id\":\"https:\\\/\\\/sitenovo.wingsltda.com.br\\\/en\\\/#website\"},\"primaryImageOfPage\":{\"@id\":\"https:\\\/\\\/sitenovo.wingsltda.com.br\\\/pt\\\/dustcontrol-plus-moega-tombador-despoeiramento-filtro-de-manga\\\/#primaryimage\"},\"image\":{\"@id\":\"https:\\\/\\\/sitenovo.wingsltda.com.br\\\/pt\\\/dustcontrol-plus-moega-tombador-despoeiramento-filtro-de-manga\\\/#primaryimage\"},\"thumbnailUrl\":\"https:\\\/\\\/sitenovo.wingsltda.com.br\\\/wp-content\\\/uploads\\\/2024\\\/03\\\/C.Vale-Palotina-1-jpg.webp\",\"datePublished\":\"2021-03-25T09:44:57+00:00\",\"dateModified\":\"2024-05-16T16:21:37+00:00\",\"description\":\"Sistema autom\u00e1tico para controlar poeira em moegas de recebimento c tombador. Quando a moega tem um excesso de p\u00f3, um pq filtro de manga + DustControl a poeira ser\u00e1 impedida de sair para cima da moega.\",\"breadcrumb\":{\"@id\":\"https:\\\/\\\/sitenovo.wingsltda.com.br\\\/pt\\\/dustcontrol-plus-moega-tombador-despoeiramento-filtro-de-manga\\\/#breadcrumb\"},\"inLanguage\":\"pt-BR\",\"potentialAction\":[{\"@type\":\"ReadAction\",\"target\":[\"https:\\\/\\\/sitenovo.wingsltda.com.br\\\/pt\\\/dustcontrol-plus-moega-tombador-despoeiramento-filtro-de-manga\\\/\"]}]},{\"@type\":\"ImageObject\",\"inLanguage\":\"pt-BR\",\"@id\":\"https:\\\/\\\/sitenovo.wingsltda.com.br\\\/pt\\\/dustcontrol-plus-moega-tombador-despoeiramento-filtro-de-manga\\\/#primaryimage\",\"url\":\"https:\\\/\\\/sitenovo.wingsltda.com.br\\\/wp-content\\\/uploads\\\/2024\\\/03\\\/C.Vale-Palotina-1-jpg.webp\",\"contentUrl\":\"https:\\\/\\\/sitenovo.wingsltda.com.br\\\/wp-content\\\/uploads\\\/2024\\\/03\\\/C.Vale-Palotina-1-jpg.webp\",\"width\":1024,\"height\":768},{\"@type\":\"BreadcrumbList\",\"@id\":\"https:\\\/\\\/sitenovo.wingsltda.com.br\\\/pt\\\/dustcontrol-plus-moega-tombador-despoeiramento-filtro-de-manga\\\/#breadcrumb\",\"itemListElement\":[{\"@type\":\"ListItem\",\"position\":1,\"name\":\"In\u00edcio\",\"item\":\"https:\\\/\\\/sitenovo.wingsltda.com.br\\\/\"},{\"@type\":\"ListItem\",\"position\":2,\"name\":\"DUSTCONTROL PLUS\"}]},{\"@type\":\"WebSite\",\"@id\":\"https:\\\/\\\/sitenovo.wingsltda.com.br\\\/en\\\/#website\",\"url\":\"https:\\\/\\\/sitenovo.wingsltda.com.br\\\/en\\\/\",\"name\":\"Wings Ltda |\",\"description\":\"Transformando sua opera\u00e7\u00e3o no agro.\",\"publisher\":{\"@id\":\"https:\\\/\\\/sitenovo.wingsltda.com.br\\\/en\\\/#organization\"},\"potentialAction\":[{\"@type\":\"SearchAction\",\"target\":{\"@type\":\"EntryPoint\",\"urlTemplate\":\"https:\\\/\\\/sitenovo.wingsltda.com.br\\\/en\\\/?s={search_term_string}\"},\"query-input\":{\"@type\":\"PropertyValueSpecification\",\"valueRequired\":true,\"valueName\":\"search_term_string\"}}],\"inLanguage\":\"pt-BR\"},{\"@type\":\"Organization\",\"@id\":\"https:\\\/\\\/sitenovo.wingsltda.com.br\\\/en\\\/#organization\",\"name\":\"Wings Ltda\",\"url\":\"https:\\\/\\\/sitenovo.wingsltda.com.br\\\/en\\\/\",\"logo\":{\"@type\":\"ImageObject\",\"inLanguage\":\"pt-BR\",\"@id\":\"https:\\\/\\\/sitenovo.wingsltda.com.br\\\/en\\\/#\\\/schema\\\/logo\\\/image\\\/\",\"url\":\"https:\\\/\\\/sitenovo.wingsltda.com.br\\\/wp-content\\\/uploads\\\/2024\\\/03\\\/Wings-Logo-Novo-DustControl.png\",\"contentUrl\":\"https:\\\/\\\/sitenovo.wingsltda.com.br\\\/wp-content\\\/uploads\\\/2024\\\/03\\\/Wings-Logo-Novo-DustControl.png\",\"width\":1090,\"height\":410,\"caption\":\"Wings Ltda\"},\"image\":{\"@id\":\"https:\\\/\\\/sitenovo.wingsltda.com.br\\\/en\\\/#\\\/schema\\\/logo\\\/image\\\/\"},\"sameAs\":[\"https:\\\/\\\/www.facebook.com\\\/wingsltda\\\/\",\"https:\\\/\\\/www.linkedin.com\\\/company\\\/wingsltda\\\/\",\"https:\\\/\\\/www.youtube.com\\\/channel\\\/UC2XSL5EljSgDh-pwalcPLLA\"]}]}<\/script>\n<!-- \/ Yoast SEO plugin. -->","yoast_head_json":{"title":"DUSTCONTROL PLUS - Wings Ltda |","description":"Sistema autom\u00e1tico para controlar poeira em moegas de recebimento c tombador. Quando a moega tem um excesso de p\u00f3, um pq filtro de manga + DustControl a poeira ser\u00e1 impedida de sair para cima da moega.","robots":{"index":"index","follow":"follow","max-snippet":"max-snippet:-1","max-image-preview":"max-image-preview:large","max-video-preview":"max-video-preview:-1"},"canonical":"https:\/\/sitenovo.wingsltda.com.br\/pt\/dustcontrol-plus-moega-tombador-despoeiramento-filtro-de-manga\/","og_locale":"pt_BR","og_type":"article","og_title":"DUSTCONTROL PLUS - Wings Ltda |","og_description":"Sistema autom\u00e1tico para controlar poeira em moegas de recebimento c tombador. Quando a moega tem um excesso de p\u00f3, um pq filtro de manga + DustControl a poeira ser\u00e1 impedida de sair para cima da moega.","og_url":"https:\/\/sitenovo.wingsltda.com.br\/pt\/dustcontrol-plus-moega-tombador-despoeiramento-filtro-de-manga\/","og_site_name":"Wings Ltda |","article_publisher":"https:\/\/www.facebook.com\/wingsltda\/","article_modified_time":"2024-05-16T16:21:37+00:00","og_image":[{"width":1024,"height":768,"url":"https:\/\/sitenovo.wingsltda.com.br\/wp-content\/uploads\/2024\/03\/C.Vale-Palotina-1-jpg.webp","type":"image\/jpeg"}],"twitter_card":"summary_large_image","twitter_misc":{"Est. tempo de leitura":"1 minuto"},"schema":{"@context":"https:\/\/schema.org","@graph":[{"@type":"WebPage","@id":"https:\/\/sitenovo.wingsltda.com.br\/pt\/dustcontrol-plus-moega-tombador-despoeiramento-filtro-de-manga\/","url":"https:\/\/sitenovo.wingsltda.com.br\/pt\/dustcontrol-plus-moega-tombador-despoeiramento-filtro-de-manga\/","name":"DUSTCONTROL PLUS - Wings Ltda |","isPartOf":{"@id":"https:\/\/sitenovo.wingsltda.com.br\/en\/#website"},"primaryImageOfPage":{"@id":"https:\/\/sitenovo.wingsltda.com.br\/pt\/dustcontrol-plus-moega-tombador-despoeiramento-filtro-de-manga\/#primaryimage"},"image":{"@id":"https:\/\/sitenovo.wingsltda.com.br\/pt\/dustcontrol-plus-moega-tombador-despoeiramento-filtro-de-manga\/#primaryimage"},"thumbnailUrl":"https:\/\/sitenovo.wingsltda.com.br\/wp-content\/uploads\/2024\/03\/C.Vale-Palotina-1-jpg.webp","datePublished":"2021-03-25T09:44:57+00:00","dateModified":"2024-05-16T16:21:37+00:00","description":"Sistema autom\u00e1tico para controlar poeira em moegas de recebimento c tombador. Quando a moega tem um excesso de p\u00f3, um pq filtro de manga + DustControl a poeira ser\u00e1 impedida de sair para cima da moega.","breadcrumb":{"@id":"https:\/\/sitenovo.wingsltda.com.br\/pt\/dustcontrol-plus-moega-tombador-despoeiramento-filtro-de-manga\/#breadcrumb"},"inLanguage":"pt-BR","potentialAction":[{"@type":"ReadAction","target":["https:\/\/sitenovo.wingsltda.com.br\/pt\/dustcontrol-plus-moega-tombador-despoeiramento-filtro-de-manga\/"]}]},{"@type":"ImageObject","inLanguage":"pt-BR","@id":"https:\/\/sitenovo.wingsltda.com.br\/pt\/dustcontrol-plus-moega-tombador-despoeiramento-filtro-de-manga\/#primaryimage","url":"https:\/\/sitenovo.wingsltda.com.br\/wp-content\/uploads\/2024\/03\/C.Vale-Palotina-1-jpg.webp","contentUrl":"https:\/\/sitenovo.wingsltda.com.br\/wp-content\/uploads\/2024\/03\/C.Vale-Palotina-1-jpg.webp","width":1024,"height":768},{"@type":"BreadcrumbList","@id":"https:\/\/sitenovo.wingsltda.com.br\/pt\/dustcontrol-plus-moega-tombador-despoeiramento-filtro-de-manga\/#breadcrumb","itemListElement":[{"@type":"ListItem","position":1,"name":"In\u00edcio","item":"https:\/\/sitenovo.wingsltda.com.br\/"},{"@type":"ListItem","position":2,"name":"DUSTCONTROL PLUS"}]},{"@type":"WebSite","@id":"https:\/\/sitenovo.wingsltda.com.br\/en\/#website","url":"https:\/\/sitenovo.wingsltda.com.br\/en\/","name":"Wings Ltda |","description":"Transformando sua opera\u00e7\u00e3o no agro.","publisher":{"@id":"https:\/\/sitenovo.wingsltda.com.br\/en\/#organization"},"potentialAction":[{"@type":"SearchAction","target":{"@type":"EntryPoint","urlTemplate":"https:\/\/sitenovo.wingsltda.com.br\/en\/?s={search_term_string}"},"query-input":{"@type":"PropertyValueSpecification","valueRequired":true,"valueName":"search_term_string"}}],"inLanguage":"pt-BR"},{"@type":"Organization","@id":"https:\/\/sitenovo.wingsltda.com.br\/en\/#organization","name":"Wings Ltda","url":"https:\/\/sitenovo.wingsltda.com.br\/en\/","logo":{"@type":"ImageObject","inLanguage":"pt-BR","@id":"https:\/\/sitenovo.wingsltda.com.br\/en\/#\/schema\/logo\/image\/","url":"https:\/\/sitenovo.wingsltda.com.br\/wp-content\/uploads\/2024\/03\/Wings-Logo-Novo-DustControl.png","contentUrl":"https:\/\/sitenovo.wingsltda.com.br\/wp-content\/uploads\/2024\/03\/Wings-Logo-Novo-DustControl.png","width":1090,"height":410,"caption":"Wings Ltda"},"image":{"@id":"https:\/\/sitenovo.wingsltda.com.br\/en\/#\/schema\/logo\/image\/"},"sameAs":["https:\/\/www.facebook.com\/wingsltda\/","https:\/\/www.linkedin.com\/company\/wingsltda\/","https:\/\/www.youtube.com\/channel\/UC2XSL5EljSgDh-pwalcPLLA"]}]}},"_links":{"self":[{"href":"https:\/\/sitenovo.wingsltda.com.br\/pt\/wp-json\/wp\/v2\/pages\/3433","targetHints":{"allow":["GET"]}}],"collection":[{"href":"https:\/\/sitenovo.wingsltda.com.br\/pt\/wp-json\/wp\/v2\/pages"}],"about":[{"href":"https:\/\/sitenovo.wingsltda.com.br\/pt\/wp-json\/wp\/v2\/types\/page"}],"author":[{"embeddable":true,"href":"https:\/\/sitenovo.wingsltda.com.br\/pt\/wp-json\/wp\/v2\/users\/1"}],"replies":[{"embeddable":true,"href":"https:\/\/sitenovo.wingsltda.com.br\/pt\/wp-json\/wp\/v2\/comments?post=3433"}],"version-history":[{"count":56,"href":"https:\/\/sitenovo.wingsltda.com.br\/pt\/wp-json\/wp\/v2\/pages\/3433\/revisions"}],"predecessor-version":[{"id":24667,"href":"https:\/\/sitenovo.wingsltda.com.br\/pt\/wp-json\/wp\/v2\/pages\/3433\/revisions\/24667"}],"wp:featuredmedia":[{"embeddable":true,"href":"https:\/\/sitenovo.wingsltda.com.br\/pt\/wp-json\/wp\/v2\/media\/24215"}],"wp:attachment":[{"href":"https:\/\/sitenovo.wingsltda.com.br\/pt\/wp-json\/wp\/v2\/media?parent=3433"}],"curies":[{"name":"wp","href":"https:\/\/api.w.org\/{rel}","templated":true}]}}