{"id":3482,"date":"2021-03-25T12:25:07","date_gmt":"2021-03-25T12:25:07","guid":{"rendered":"https:\/\/sitenovo.wingsltda.com.br\/?page_id=3482"},"modified":"2024-05-16T13:43:14","modified_gmt":"2024-05-16T16:43:14","slug":"avi-jector-injecao-dupla-vacina-oleo-aquosa-pintinhos-aves","status":"publish","type":"page","link":"https:\/\/sitenovo.wingsltda.com.br\/pt\/avicultura-debicadores-vacinadoras-equipamento-aves-pintinhos\/avi-jector-injecao-dupla-vacina-oleo-aquosa-pintinhos-aves\/","title":{"rendered":"AVI JECTOR INJE\u00c7\u00c3O DUPLA para qualquer tipo de ave"},"content":{"rendered":"\t\t<div data-elementor-type=\"wp-page\" data-elementor-id=\"3482\" class=\"elementor elementor-3482\">\n\t\t\t\t<div class=\"elementor-element elementor-element-15581e2 e-flex e-con-boxed e-con e-parent\" data-id=\"15581e2\" data-element_type=\"container\" data-e-type=\"container\">\n\t\t\t\t\t<div class=\"e-con-inner\">\n\t\t\t\t<div class=\"elementor-element elementor-element-7bbef488 elementor-widget elementor-widget-text-editor\" data-id=\"7bbef488\" data-element_type=\"widget\" data-e-type=\"widget\" data-widget_type=\"text-editor.default\">\n\t\t\t\t<div class=\"elementor-widget-container\">\n\t\t\t\t\t\t\t\t\t\n<figure class=\"wp-block-image aligncenter size-full is-resized\"><img fetchpriority=\"high\" decoding=\"async\" width=\"300\" height=\"198\" class=\"wp-image-24366\" style=\"width: 596px; height: auto;\" src=\"https:\/\/sitenovo.wingsltda.com.br\/wp-content\/uploads\/2024\/03\/wings-avi-jector-double-injector-for-oil-and-water-soluble-vaccines-jpg.webp\" alt=\"\" srcset=\"https:\/\/sitenovo.wingsltda.com.br\/wp-content\/uploads\/2024\/03\/wings-avi-jector-double-injector-for-oil-and-water-soluble-vaccines-jpg.webp 300w, https:\/\/sitenovo.wingsltda.com.br\/wp-content\/uploads\/2024\/03\/wings-avi-jector-double-injector-for-oil-and-water-soluble-vaccines-150x99.webp 150w, https:\/\/sitenovo.wingsltda.com.br\/wp-content\/uploads\/2024\/03\/wings-avi-jector-double-injector-for-oil-and-water-soluble-vaccines-18x12.webp 18w\" sizes=\"(max-width: 300px) 100vw, 300px\" \/><\/figure>\n\n<p style=\"text-align: justify;\">A\u00a0<strong>Avi-Jector Inje\u00e7\u00e3o Dupla<\/strong>, foi desenvolvida com a finalidade evitar stress as aves e diminuir a m\u00e3o de obra e o tempo de execu\u00e7\u00e3o, j\u00e1 que s\u00e3o vacinadas em um \u00fanico processo.<\/p>\n\n<div class=\"wp-block-buttons is-content-justification-center is-layout-flex wp-container-core-buttons-is-layout-a89b3969 wp-block-buttons-is-layout-flex\">\n<div class=\"wp-block-button\"><a class=\"wp-block-button__link has-text-align-center wp-element-button\" href=\"https:\/\/wingsltda.com.br\/contato\/\">Solicitar uma proposta<\/a><\/div>\n<\/div>\n\n<ul class=\"wp-block-social-links is-layout-flex wp-block-social-links-is-layout-flex\"><li class=\"wp-social-link wp-social-link-facebook  wp-block-social-link\"><a href=\"https:\/\/www.facebook.com\/wingsltda\" class=\"wp-block-social-link-anchor\"><svg width=\"24\" height=\"24\" viewBox=\"0 0 24 24\" version=\"1.1\" xmlns=\"http:\/\/www.w3.org\/2000\/svg\" aria-hidden=\"true\" focusable=\"false\"><path d=\"M12 2C6.5 2 2 6.5 2 12c0 5 3.7 9.1 8.4 9.9v-7H7.9V12h2.5V9.8c0-2.5 1.5-3.9 3.8-3.9 1.1 0 2.2.2 2.2.2v2.5h-1.3c-1.2 0-1.6.8-1.6 1.6V12h2.8l-.4 2.9h-2.3v7C18.3 21.1 22 17 22 12c0-5.5-4.5-10-10-10z\"><\/path><\/svg><span class=\"wp-block-social-link-label screen-reader-text\">Facebook<\/span><\/a><\/li><li class=\"wp-social-link wp-social-link-linkedin  wp-block-social-link\"><a href=\"https:\/\/www.linkedin.com\/company\/wingsltda\/\" class=\"wp-block-social-link-anchor\"><svg width=\"24\" height=\"24\" viewBox=\"0 0 24 24\" version=\"1.1\" xmlns=\"http:\/\/www.w3.org\/2000\/svg\" aria-hidden=\"true\" focusable=\"false\"><path d=\"M19.7,3H4.3C3.582,3,3,3.582,3,4.3v15.4C3,20.418,3.582,21,4.3,21h15.4c0.718,0,1.3-0.582,1.3-1.3V4.3 C21,3.582,20.418,3,19.7,3z M8.339,18.338H5.667v-8.59h2.672V18.338z M7.004,8.574c-0.857,0-1.549-0.694-1.549-1.548 c0-0.855,0.691-1.548,1.549-1.548c0.854,0,1.547,0.694,1.547,1.548C8.551,7.881,7.858,8.574,7.004,8.574z M18.339,18.338h-2.669 v-4.177c0-0.996-0.017-2.278-1.387-2.278c-1.389,0-1.601,1.086-1.601,2.206v4.249h-2.667v-8.59h2.559v1.174h0.037 c0.356-0.675,1.227-1.387,2.526-1.387c2.703,0,3.203,1.779,3.203,4.092V18.338z\"><\/path><\/svg><span class=\"wp-block-social-link-label screen-reader-text\">LinkedIn<\/span><\/a><\/li><li class=\"wp-social-link wp-social-link-mail  wp-block-social-link\"><a href=\"mailto:contato@wingsltda.com.br\" class=\"wp-block-social-link-anchor\"><svg width=\"24\" height=\"24\" viewBox=\"0 0 24 24\" version=\"1.1\" xmlns=\"http:\/\/www.w3.org\/2000\/svg\" aria-hidden=\"true\" focusable=\"false\"><path d=\"M19,5H5c-1.1,0-2,.9-2,2v10c0,1.1.9,2,2,2h14c1.1,0,2-.9,2-2V7c0-1.1-.9-2-2-2zm.5,12c0,.3-.2.5-.5.5H5c-.3,0-.5-.2-.5-.5V9.8l7.5,5.6,7.5-5.6V17zm0-9.1L12,13.6,4.5,7.9V7c0-.3.2-.5.5-.5h14c.3,0,.5.2.5.5v.9z\"><\/path><\/svg><span class=\"wp-block-social-link-label screen-reader-text\">E-mail<\/span><\/a><\/li><\/ul>\n\n<p class=\"has-text-align-center\"><strong>Produtos Relacionados<\/strong><\/p>\n\n<div class=\"wp-block-columns is-layout-flex wp-container-core-columns-is-layout-28f84493 wp-block-columns-is-layout-flex\">\n<div class=\"wp-block-column is-layout-flow wp-block-column-is-layout-flow\">\n<figure class=\"wp-block-image size-full is-resized\"><a href=\"https:\/\/sitenovo.wingsltda.com.br\/pt\/avicultura-debicadores-vacinadoras-equipamento-aves-pintinhos\/avi-beaker-debicador-automatico-aves-pintinhos\/\"><img decoding=\"async\" width=\"400\" height=\"247\" class=\"wp-image-24359\" style=\"width: 312px; height: auto;\" src=\"https:\/\/sitenovo.wingsltda.com.br\/wp-content\/uploads\/2021\/03\/avi-beaker-automatico-debicagem-wings-jpg.webp\" alt=\"\" srcset=\"https:\/\/sitenovo.wingsltda.com.br\/wp-content\/uploads\/2021\/03\/avi-beaker-automatico-debicagem-wings-jpg.webp 400w, https:\/\/sitenovo.wingsltda.com.br\/wp-content\/uploads\/2021\/03\/avi-beaker-automatico-debicagem-wings-150x93.webp 150w, https:\/\/sitenovo.wingsltda.com.br\/wp-content\/uploads\/2021\/03\/avi-beaker-automatico-debicagem-wings-18x12.webp 18w\" sizes=\"(max-width: 400px) 100vw, 400px\" \/><\/a>\n<figcaption class=\"wp-element-caption\">Avi beaker debicador automatico aves pintinhos<\/figcaption>\n<\/figure>\n\n<p class=\"has-text-align-center\">AVI BEAKER<\/p>\n<\/div>\n\n<div class=\"wp-block-column is-layout-flow wp-block-column-is-layout-flow\">\n<figure class=\"wp-block-image aligncenter size-full is-resized\"><a href=\"https:\/\/sitenovo.wingsltda.com.br\/pt\/avicultura-debicadores-vacinadoras-equipamento-aves-pintinhos\/avi-jector-vacinadora-injecao-pintinhos-aves\/\"><img decoding=\"async\" width=\"750\" height=\"500\" class=\"wp-image-24367\" style=\"width: 284px; height: auto;\" src=\"https:\/\/sitenovo.wingsltda.com.br\/wp-content\/uploads\/2024\/03\/wings-pneumatic-avi-jector-vaccinating-day-old-chicks-edited.webp\" alt=\"\" srcset=\"https:\/\/sitenovo.wingsltda.com.br\/wp-content\/uploads\/2024\/03\/wings-pneumatic-avi-jector-vaccinating-day-old-chicks-edited.webp 750w, https:\/\/sitenovo.wingsltda.com.br\/wp-content\/uploads\/2024\/03\/wings-pneumatic-avi-jector-vaccinating-day-old-chicks-edited-600x400.webp 600w, https:\/\/sitenovo.wingsltda.com.br\/wp-content\/uploads\/2024\/03\/wings-pneumatic-avi-jector-vaccinating-day-old-chicks-edited-150x100.webp 150w, https:\/\/sitenovo.wingsltda.com.br\/wp-content\/uploads\/2024\/03\/wings-pneumatic-avi-jector-vaccinating-day-old-chicks-edited-18x12.webp 18w, https:\/\/sitenovo.wingsltda.com.br\/wp-content\/uploads\/2024\/03\/wings-pneumatic-avi-jector-vaccinating-day-old-chicks-edited-510x340.webp 510w\" sizes=\"(max-width: 750px) 100vw, 750px\" \/><\/a>\n<figcaption class=\"wp-element-caption\">Avi-Jector para vacinas sol\u00faveis em \u00f3leo e \u00e1gua<\/figcaption>\n<\/figure>\n\n<p class=\"has-text-align-center\">AVI JECTOR<\/p>\n<\/div>\n\n<div class=\"wp-block-column is-layout-flow wp-block-column-is-layout-flow\">\n<figure class=\"wp-block-image aligncenter size-full is-resized\"><a href=\"https:\/\/sitenovo.wingsltda.com.br\/pt\/avicultura-debicadores-vacinadoras-equipamento-aves-pintinhos\/avi-spray-vacinacao-ocular-gotinhas-aves-pintinhos\/\"><img loading=\"lazy\" decoding=\"async\" width=\"320\" height=\"250\" class=\"wp-image-24368\" style=\"width: 249px; height: auto;\" src=\"https:\/\/sitenovo.wingsltda.com.br\/wp-content\/uploads\/2024\/03\/spray3-jpg.webp\" alt=\"\" srcset=\"https:\/\/sitenovo.wingsltda.com.br\/wp-content\/uploads\/2024\/03\/spray3-jpg.webp 320w, https:\/\/sitenovo.wingsltda.com.br\/wp-content\/uploads\/2024\/03\/spray3-150x117.webp 150w, https:\/\/sitenovo.wingsltda.com.br\/wp-content\/uploads\/2024\/03\/spray3-15x12.webp 15w\" sizes=\"(max-width: 320px) 100vw, 320px\" \/><\/a>\n<figcaption class=\"wp-element-caption\">Vacinador ocular Wings Avi-Spray para pintinhos<\/figcaption>\n<\/figure>\n\n<p class=\"has-text-align-center\">AVI-SPRAY<\/p>\n<\/div>\n<\/div>\n\t\t\t\t\t\t\t\t<\/div>\n\t\t\t\t<\/div>\n\t\t\t\t\t<\/div>\n\t\t\t\t<\/div>\n\t\t\t\t<\/div>\n\t\t","protected":false},"excerpt":{"rendered":"<p>A\u00a0Avi-Jector Inje\u00e7\u00e3o Dupla, foi desenvolvida com a finalidade evitar stress as aves e diminuir a m\u00e3o de obra e o tempo de execu\u00e7\u00e3o, j\u00e1 que s\u00e3o vacinadas em um \u00fanico processo. Produtos Relacionados AVI BEAKER AVI JECTOR AVI-SPRAY<\/p>\n","protected":false},"author":1,"featured_media":0,"parent":3460,"menu_order":0,"comment_status":"closed","ping_status":"closed","template":"","meta":{"footnotes":""},"class_list":["post-3482","page","type-page","status-publish","hentry"],"yoast_head":"<!-- This site is optimized with the Yoast SEO plugin v27.3 - https:\/\/yoast.com\/product\/yoast-seo-wordpress\/ -->\n<title>AVI JECTOR INJE\u00c7\u00c3O DUPLA para qualquer tipo de ave - Wings Ltda |<\/title>\n<meta name=\"description\" content=\"A Avi-Jector Injetor Dupla, foi desenvolvida com a finalidade de evitar stress nas aves e diminuir a m\u00e3o de obra e o tempo de execu\u00e7\u00e3o, j\u00e1 que os pintinhos s\u00e3o vacinadas com duas vacinas em um \u00fanico processo.\" \/>\n<meta name=\"robots\" content=\"index, follow, max-snippet:-1, max-image-preview:large, max-video-preview:-1\" \/>\n<link rel=\"canonical\" href=\"https:\/\/sitenovo.wingsltda.com.br\/pt\/avicultura-debicadores-vacinadoras-equipamento-aves-pintinhos\/avi-jector-injecao-dupla-vacina-oleo-aquosa-pintinhos-aves\/\" \/>\n<meta property=\"og:locale\" content=\"pt_BR\" \/>\n<meta property=\"og:type\" content=\"article\" \/>\n<meta property=\"og:title\" content=\"AVI JECTOR INJE\u00c7\u00c3O DUPLA para qualquer tipo de ave - Wings Ltda |\" \/>\n<meta property=\"og:description\" content=\"A Avi-Jector Injetor Dupla, foi desenvolvida com a finalidade de evitar stress nas aves e diminuir a m\u00e3o de obra e o tempo de execu\u00e7\u00e3o, j\u00e1 que os pintinhos s\u00e3o vacinadas com duas vacinas em um \u00fanico processo.\" \/>\n<meta property=\"og:url\" content=\"https:\/\/sitenovo.wingsltda.com.br\/pt\/avicultura-debicadores-vacinadoras-equipamento-aves-pintinhos\/avi-jector-injecao-dupla-vacina-oleo-aquosa-pintinhos-aves\/\" \/>\n<meta property=\"og:site_name\" content=\"Wings Ltda |\" \/>\n<meta property=\"article:publisher\" content=\"https:\/\/www.facebook.com\/wingsltda\/\" \/>\n<meta property=\"article:modified_time\" content=\"2024-05-16T16:43:14+00:00\" \/>\n<meta property=\"og:image\" content=\"https:\/\/sitenovo.wingsltda.com.br\/wp-content\/uploads\/2024\/03\/wings-avi-jector-double-injector-for-oil-and-water-soluble-vaccines-jpg.webp\" \/>\n<meta name=\"twitter:card\" content=\"summary_large_image\" \/>\n<meta name=\"twitter:label1\" content=\"Est. tempo de leitura\" \/>\n\t<meta name=\"twitter:data1\" content=\"1 minuto\" \/>\n<script type=\"application\/ld+json\" class=\"yoast-schema-graph\">{\"@context\":\"https:\\\/\\\/schema.org\",\"@graph\":[{\"@type\":\"WebPage\",\"@id\":\"https:\\\/\\\/sitenovo.wingsltda.com.br\\\/avicultura-debicadores-vacinadoras-equipamento-aves-pintinhos\\\/avi-jector-injecao-dupla-vacina-oleo-aquosa-pintinhos-aves\\\/\",\"url\":\"https:\\\/\\\/sitenovo.wingsltda.com.br\\\/avicultura-debicadores-vacinadoras-equipamento-aves-pintinhos\\\/avi-jector-injecao-dupla-vacina-oleo-aquosa-pintinhos-aves\\\/\",\"name\":\"AVI JECTOR INJE\u00c7\u00c3O DUPLA para qualquer tipo de ave - Wings Ltda |\",\"isPartOf\":{\"@id\":\"https:\\\/\\\/sitenovo.wingsltda.com.br\\\/en\\\/#website\"},\"primaryImageOfPage\":{\"@id\":\"https:\\\/\\\/sitenovo.wingsltda.com.br\\\/avicultura-debicadores-vacinadoras-equipamento-aves-pintinhos\\\/avi-jector-injecao-dupla-vacina-oleo-aquosa-pintinhos-aves\\\/#primaryimage\"},\"image\":{\"@id\":\"https:\\\/\\\/sitenovo.wingsltda.com.br\\\/avicultura-debicadores-vacinadoras-equipamento-aves-pintinhos\\\/avi-jector-injecao-dupla-vacina-oleo-aquosa-pintinhos-aves\\\/#primaryimage\"},\"thumbnailUrl\":\"https:\\\/\\\/sitenovo.wingsltda.com.br\\\/wp-content\\\/uploads\\\/2024\\\/03\\\/wings-avi-jector-double-injector-for-oil-and-water-soluble-vaccines-jpg.webp\",\"datePublished\":\"2021-03-25T12:25:07+00:00\",\"dateModified\":\"2024-05-16T16:43:14+00:00\",\"description\":\"A Avi-Jector Injetor Dupla, foi desenvolvida com a finalidade de evitar stress nas aves e diminuir a m\u00e3o de obra e o tempo de execu\u00e7\u00e3o, j\u00e1 que os pintinhos s\u00e3o vacinadas com duas vacinas em um \u00fanico processo.\",\"breadcrumb\":{\"@id\":\"https:\\\/\\\/sitenovo.wingsltda.com.br\\\/avicultura-debicadores-vacinadoras-equipamento-aves-pintinhos\\\/avi-jector-injecao-dupla-vacina-oleo-aquosa-pintinhos-aves\\\/#breadcrumb\"},\"inLanguage\":\"pt-BR\",\"potentialAction\":[{\"@type\":\"ReadAction\",\"target\":[\"https:\\\/\\\/sitenovo.wingsltda.com.br\\\/avicultura-debicadores-vacinadoras-equipamento-aves-pintinhos\\\/avi-jector-injecao-dupla-vacina-oleo-aquosa-pintinhos-aves\\\/\"]}]},{\"@type\":\"ImageObject\",\"inLanguage\":\"pt-BR\",\"@id\":\"https:\\\/\\\/sitenovo.wingsltda.com.br\\\/avicultura-debicadores-vacinadoras-equipamento-aves-pintinhos\\\/avi-jector-injecao-dupla-vacina-oleo-aquosa-pintinhos-aves\\\/#primaryimage\",\"url\":\"https:\\\/\\\/sitenovo.wingsltda.com.br\\\/wp-content\\\/uploads\\\/2024\\\/03\\\/wings-avi-jector-double-injector-for-oil-and-water-soluble-vaccines-jpg.webp\",\"contentUrl\":\"https:\\\/\\\/sitenovo.wingsltda.com.br\\\/wp-content\\\/uploads\\\/2024\\\/03\\\/wings-avi-jector-double-injector-for-oil-and-water-soluble-vaccines-jpg.webp\"},{\"@type\":\"BreadcrumbList\",\"@id\":\"https:\\\/\\\/sitenovo.wingsltda.com.br\\\/avicultura-debicadores-vacinadoras-equipamento-aves-pintinhos\\\/avi-jector-injecao-dupla-vacina-oleo-aquosa-pintinhos-aves\\\/#breadcrumb\",\"itemListElement\":[{\"@type\":\"ListItem\",\"position\":1,\"name\":\"In\u00edcio\",\"item\":\"https:\\\/\\\/sitenovo.wingsltda.com.br\\\/\"},{\"@type\":\"ListItem\",\"position\":2,\"name\":\"AVICULTURA\",\"item\":\"https:\\\/\\\/sitenovo.wingsltda.com.br\\\/avicultura-debicadores-vacinadoras-equipamento-aves-pintinhos\\\/\"},{\"@type\":\"ListItem\",\"position\":3,\"name\":\"AVI JECTOR INJE\u00c7\u00c3O DUPLA para qualquer tipo de ave\"}]},{\"@type\":\"WebSite\",\"@id\":\"https:\\\/\\\/sitenovo.wingsltda.com.br\\\/en\\\/#website\",\"url\":\"https:\\\/\\\/sitenovo.wingsltda.com.br\\\/en\\\/\",\"name\":\"Wings Ltda |\",\"description\":\"Transformando sua opera\u00e7\u00e3o no agro.\",\"publisher\":{\"@id\":\"https:\\\/\\\/sitenovo.wingsltda.com.br\\\/en\\\/#organization\"},\"potentialAction\":[{\"@type\":\"SearchAction\",\"target\":{\"@type\":\"EntryPoint\",\"urlTemplate\":\"https:\\\/\\\/sitenovo.wingsltda.com.br\\\/en\\\/?s={search_term_string}\"},\"query-input\":{\"@type\":\"PropertyValueSpecification\",\"valueRequired\":true,\"valueName\":\"search_term_string\"}}],\"inLanguage\":\"pt-BR\"},{\"@type\":\"Organization\",\"@id\":\"https:\\\/\\\/sitenovo.wingsltda.com.br\\\/en\\\/#organization\",\"name\":\"Wings Ltda\",\"url\":\"https:\\\/\\\/sitenovo.wingsltda.com.br\\\/en\\\/\",\"logo\":{\"@type\":\"ImageObject\",\"inLanguage\":\"pt-BR\",\"@id\":\"https:\\\/\\\/sitenovo.wingsltda.com.br\\\/en\\\/#\\\/schema\\\/logo\\\/image\\\/\",\"url\":\"https:\\\/\\\/sitenovo.wingsltda.com.br\\\/wp-content\\\/uploads\\\/2024\\\/03\\\/Wings-Logo-Novo-DustControl.png\",\"contentUrl\":\"https:\\\/\\\/sitenovo.wingsltda.com.br\\\/wp-content\\\/uploads\\\/2024\\\/03\\\/Wings-Logo-Novo-DustControl.png\",\"width\":1090,\"height\":410,\"caption\":\"Wings Ltda\"},\"image\":{\"@id\":\"https:\\\/\\\/sitenovo.wingsltda.com.br\\\/en\\\/#\\\/schema\\\/logo\\\/image\\\/\"},\"sameAs\":[\"https:\\\/\\\/www.facebook.com\\\/wingsltda\\\/\",\"https:\\\/\\\/www.linkedin.com\\\/company\\\/wingsltda\\\/\",\"https:\\\/\\\/www.youtube.com\\\/channel\\\/UC2XSL5EljSgDh-pwalcPLLA\"]}]}<\/script>\n<!-- \/ Yoast SEO plugin. -->","yoast_head_json":{"title":"AVI JECTOR INJE\u00c7\u00c3O DUPLA para qualquer tipo de ave - Wings Ltda |","description":"A Avi-Jector Injetor Dupla, foi desenvolvida com a finalidade de evitar stress nas aves e diminuir a m\u00e3o de obra e o tempo de execu\u00e7\u00e3o, j\u00e1 que os pintinhos s\u00e3o vacinadas com duas vacinas em um \u00fanico processo.","robots":{"index":"index","follow":"follow","max-snippet":"max-snippet:-1","max-image-preview":"max-image-preview:large","max-video-preview":"max-video-preview:-1"},"canonical":"https:\/\/sitenovo.wingsltda.com.br\/pt\/avicultura-debicadores-vacinadoras-equipamento-aves-pintinhos\/avi-jector-injecao-dupla-vacina-oleo-aquosa-pintinhos-aves\/","og_locale":"pt_BR","og_type":"article","og_title":"AVI JECTOR INJE\u00c7\u00c3O DUPLA para qualquer tipo de ave - Wings Ltda |","og_description":"A Avi-Jector Injetor Dupla, foi desenvolvida com a finalidade de evitar stress nas aves e diminuir a m\u00e3o de obra e o tempo de execu\u00e7\u00e3o, j\u00e1 que os pintinhos s\u00e3o vacinadas com duas vacinas em um \u00fanico processo.","og_url":"https:\/\/sitenovo.wingsltda.com.br\/pt\/avicultura-debicadores-vacinadoras-equipamento-aves-pintinhos\/avi-jector-injecao-dupla-vacina-oleo-aquosa-pintinhos-aves\/","og_site_name":"Wings Ltda |","article_publisher":"https:\/\/www.facebook.com\/wingsltda\/","article_modified_time":"2024-05-16T16:43:14+00:00","og_image":[{"url":"https:\/\/sitenovo.wingsltda.com.br\/wp-content\/uploads\/2024\/03\/wings-avi-jector-double-injector-for-oil-and-water-soluble-vaccines-jpg.webp","type":"","width":"","height":""}],"twitter_card":"summary_large_image","twitter_misc":{"Est. tempo de leitura":"1 minuto"},"schema":{"@context":"https:\/\/schema.org","@graph":[{"@type":"WebPage","@id":"https:\/\/sitenovo.wingsltda.com.br\/avicultura-debicadores-vacinadoras-equipamento-aves-pintinhos\/avi-jector-injecao-dupla-vacina-oleo-aquosa-pintinhos-aves\/","url":"https:\/\/sitenovo.wingsltda.com.br\/avicultura-debicadores-vacinadoras-equipamento-aves-pintinhos\/avi-jector-injecao-dupla-vacina-oleo-aquosa-pintinhos-aves\/","name":"AVI JECTOR INJE\u00c7\u00c3O DUPLA para qualquer tipo de ave - Wings Ltda |","isPartOf":{"@id":"https:\/\/sitenovo.wingsltda.com.br\/en\/#website"},"primaryImageOfPage":{"@id":"https:\/\/sitenovo.wingsltda.com.br\/avicultura-debicadores-vacinadoras-equipamento-aves-pintinhos\/avi-jector-injecao-dupla-vacina-oleo-aquosa-pintinhos-aves\/#primaryimage"},"image":{"@id":"https:\/\/sitenovo.wingsltda.com.br\/avicultura-debicadores-vacinadoras-equipamento-aves-pintinhos\/avi-jector-injecao-dupla-vacina-oleo-aquosa-pintinhos-aves\/#primaryimage"},"thumbnailUrl":"https:\/\/sitenovo.wingsltda.com.br\/wp-content\/uploads\/2024\/03\/wings-avi-jector-double-injector-for-oil-and-water-soluble-vaccines-jpg.webp","datePublished":"2021-03-25T12:25:07+00:00","dateModified":"2024-05-16T16:43:14+00:00","description":"A Avi-Jector Injetor Dupla, foi desenvolvida com a finalidade de evitar stress nas aves e diminuir a m\u00e3o de obra e o tempo de execu\u00e7\u00e3o, j\u00e1 que os pintinhos s\u00e3o vacinadas com duas vacinas em um \u00fanico processo.","breadcrumb":{"@id":"https:\/\/sitenovo.wingsltda.com.br\/avicultura-debicadores-vacinadoras-equipamento-aves-pintinhos\/avi-jector-injecao-dupla-vacina-oleo-aquosa-pintinhos-aves\/#breadcrumb"},"inLanguage":"pt-BR","potentialAction":[{"@type":"ReadAction","target":["https:\/\/sitenovo.wingsltda.com.br\/avicultura-debicadores-vacinadoras-equipamento-aves-pintinhos\/avi-jector-injecao-dupla-vacina-oleo-aquosa-pintinhos-aves\/"]}]},{"@type":"ImageObject","inLanguage":"pt-BR","@id":"https:\/\/sitenovo.wingsltda.com.br\/avicultura-debicadores-vacinadoras-equipamento-aves-pintinhos\/avi-jector-injecao-dupla-vacina-oleo-aquosa-pintinhos-aves\/#primaryimage","url":"https:\/\/sitenovo.wingsltda.com.br\/wp-content\/uploads\/2024\/03\/wings-avi-jector-double-injector-for-oil-and-water-soluble-vaccines-jpg.webp","contentUrl":"https:\/\/sitenovo.wingsltda.com.br\/wp-content\/uploads\/2024\/03\/wings-avi-jector-double-injector-for-oil-and-water-soluble-vaccines-jpg.webp"},{"@type":"BreadcrumbList","@id":"https:\/\/sitenovo.wingsltda.com.br\/avicultura-debicadores-vacinadoras-equipamento-aves-pintinhos\/avi-jector-injecao-dupla-vacina-oleo-aquosa-pintinhos-aves\/#breadcrumb","itemListElement":[{"@type":"ListItem","position":1,"name":"In\u00edcio","item":"https:\/\/sitenovo.wingsltda.com.br\/"},{"@type":"ListItem","position":2,"name":"AVICULTURA","item":"https:\/\/sitenovo.wingsltda.com.br\/avicultura-debicadores-vacinadoras-equipamento-aves-pintinhos\/"},{"@type":"ListItem","position":3,"name":"AVI JECTOR INJE\u00c7\u00c3O DUPLA para qualquer tipo de ave"}]},{"@type":"WebSite","@id":"https:\/\/sitenovo.wingsltda.com.br\/en\/#website","url":"https:\/\/sitenovo.wingsltda.com.br\/en\/","name":"Wings Ltda |","description":"Transformando sua opera\u00e7\u00e3o no agro.","publisher":{"@id":"https:\/\/sitenovo.wingsltda.com.br\/en\/#organization"},"potentialAction":[{"@type":"SearchAction","target":{"@type":"EntryPoint","urlTemplate":"https:\/\/sitenovo.wingsltda.com.br\/en\/?s={search_term_string}"},"query-input":{"@type":"PropertyValueSpecification","valueRequired":true,"valueName":"search_term_string"}}],"inLanguage":"pt-BR"},{"@type":"Organization","@id":"https:\/\/sitenovo.wingsltda.com.br\/en\/#organization","name":"Wings Ltda","url":"https:\/\/sitenovo.wingsltda.com.br\/en\/","logo":{"@type":"ImageObject","inLanguage":"pt-BR","@id":"https:\/\/sitenovo.wingsltda.com.br\/en\/#\/schema\/logo\/image\/","url":"https:\/\/sitenovo.wingsltda.com.br\/wp-content\/uploads\/2024\/03\/Wings-Logo-Novo-DustControl.png","contentUrl":"https:\/\/sitenovo.wingsltda.com.br\/wp-content\/uploads\/2024\/03\/Wings-Logo-Novo-DustControl.png","width":1090,"height":410,"caption":"Wings Ltda"},"image":{"@id":"https:\/\/sitenovo.wingsltda.com.br\/en\/#\/schema\/logo\/image\/"},"sameAs":["https:\/\/www.facebook.com\/wingsltda\/","https:\/\/www.linkedin.com\/company\/wingsltda\/","https:\/\/www.youtube.com\/channel\/UC2XSL5EljSgDh-pwalcPLLA"]}]}},"_links":{"self":[{"href":"https:\/\/sitenovo.wingsltda.com.br\/pt\/wp-json\/wp\/v2\/pages\/3482","targetHints":{"allow":["GET"]}}],"collection":[{"href":"https:\/\/sitenovo.wingsltda.com.br\/pt\/wp-json\/wp\/v2\/pages"}],"about":[{"href":"https:\/\/sitenovo.wingsltda.com.br\/pt\/wp-json\/wp\/v2\/types\/page"}],"author":[{"embeddable":true,"href":"https:\/\/sitenovo.wingsltda.com.br\/pt\/wp-json\/wp\/v2\/users\/1"}],"replies":[{"embeddable":true,"href":"https:\/\/sitenovo.wingsltda.com.br\/pt\/wp-json\/wp\/v2\/comments?post=3482"}],"version-history":[{"count":16,"href":"https:\/\/sitenovo.wingsltda.com.br\/pt\/wp-json\/wp\/v2\/pages\/3482\/revisions"}],"predecessor-version":[{"id":24683,"href":"https:\/\/sitenovo.wingsltda.com.br\/pt\/wp-json\/wp\/v2\/pages\/3482\/revisions\/24683"}],"up":[{"embeddable":true,"href":"https:\/\/sitenovo.wingsltda.com.br\/pt\/wp-json\/wp\/v2\/pages\/3460"}],"wp:attachment":[{"href":"https:\/\/sitenovo.wingsltda.com.br\/pt\/wp-json\/wp\/v2\/media?parent=3482"}],"curies":[{"name":"wp","href":"https:\/\/api.w.org\/{rel}","templated":true}]}}